{"id":35989,"date":"2024-04-14T14:19:25","date_gmt":"2024-04-14T14:19:25","guid":{"rendered":"https:\/\/cheveuxluxe.com\/?post_type=product&#038;p=35989"},"modified":"2024-04-14T14:21:18","modified_gmt":"2024-04-14T14:21:18","slug":"paul-mitchell-coloration-temporaire-inworks-125ml-2","status":"publish","type":"product","link":"https:\/\/cheveuxluxe.com\/index.php\/product\/paul-mitchell-coloration-temporaire-inworks-125ml-2\/","title":{"rendered":"Paul Mitchell Coloration Temporaire Inworks 125ml"},"content":{"rendered":"<div class=\"product-content_bottom\">\n<div class=\"pdp-info\">\n<div class=\"pdp-tabs tab-container\">\n<div class=\"tab js-tab\">\n<h3 class=\"tab-title pdp-tabs_title js-tab-mobile-title open\"><span>Points cl\u00e9s<\/span><\/h3>\n<div class=\"tab-description pdp-tabs_description js-tab-description open\" itemprop=\"description\">\n<ul>\n<li> Nuances pop<\/li>\n<li>Nuances pastel<\/li>\n<li>Colorations intenses<\/li>\n<li>Tenue 10 shampooings <\/li>\n<\/ul>\n<\/div>\n<\/div>\n<div class=\"tab js-tab\">\n<h3 class=\"tab-title pdp-tabs_title js-tab-mobile-title\"><span>Description<\/span><\/h3>\n<div class=\"tab-description pdp-tabs_description js-tab-description\" itemprop=\"description\">Riches en pigments, la coloration directe Inkworks offre un vaste choix de nuances, des plus classiques aux plus audacieuses. Hot pink, white, blue, yellow, red ou purple, mixez les couleurs au gr\u00e9 de vos envies et obtenez des colorations flashy ou pastel !<\/p>\n<p>Son secret ? Ses agents actifs colorants se fixent \u00e0 la surface du cheveu, pour une couleur intense. Formul\u00e9es \u00e0 base de prot\u00e9ines et sans eau oxyg\u00e9n\u00e9e, les colorations semi-permanentes Inkworks de Paul Mitchell apportent brillance et douceur aux cheveux color\u00e9s.<\/p><\/div>\n<\/div>\n<div class=\"tab js-tab\">\n<h3 class=\"tab-title pdp-tabs_title js-tab-mobile-title\"><span>Mode d&#8217;emploi<\/span><\/h3>\n<div class=\"tab-description pdp-tabs_description js-tab-description\">Appliquez votre coloration Inkworks \u00e0 l\u2019aide d\u2019un pinceau.<br \/>Malaxez les cheveux pour r\u00e9partir le produit et laissez poser le temps indiqu\u00e9.<br \/>Puis, rincez abondamment \u00e0 l\u2019eau claire avant de proc\u00e9der au coiffage. <\/p>\n<p>Le conseil de pro : d\u00e9colorez les cheveux au pr\u00e9alable pour obtenir une couleur encore plus intense.<\/p><\/div>\n<\/div>\n<div class=\"tab js-tab\">\n<h3 class=\"tab-title pdp-tabs_title js-tab-mobile-title\"><span>Ingr\u00e9dients<\/span><\/h3>\n<div class=\"tab-description pdp-tabs_description js-tab-description\">Aqua (Water, Eau), Propylene Glycol, Cetyl Alcohol, Stearyl Alcohol, Ceteareth-20, Acetic Acid, Alcohol, Arachidyl Alcohol, Basic Red 51, Basic Violet 2, Cetearyl Alcohol, Guar Hydroxypropyltrimonium Chloride, Magnesium Chloride, Magnesium Nitrate, Myristyl Alcohol, Oleyl Alcohol, Stearalkonium Chloride, Methylchloroisothiazolinone, Methylisothiazolinone<\/div>\n<\/div>\n<div class=\"tab js-tab\">\n<h3 class=\"tab-title pdp-tabs_title js-tab-mobile-title\"><span>Livraison et stock<\/span><\/h3>\n<div class=\"tab-description pdp-tabs_description js-tab-description\">\n<div class=\"pdp-delivery_info\">\n<div class=\"content-asset\"><a class=\"pdp-delivery_link\" href=\"\/livraison-delais\/\">Livraison et d\u00e9lais<\/a><a class=\"pdp-delivery_link\" href=\"\/retours-remboursements\/\">Retours et remboursements<\/a><\/div>\n<\/div>\n<\/div>\n<\/div>\n<\/div>\n<\/div>\n<\/div>\n","protected":false},"excerpt":{"rendered":"<p>Points cl\u00e9s Nuances pop Nuances pastel Colorations intenses Tenue 10 shampooings Description Riches en pigments,&hellip;<\/p>\n","protected":false},"featured_media":35775,"comment_status":"open","ping_status":"closed","template":"","meta":[],"pwb-brand":[660],"product_cat":[343],"product_tag":[317,226,373],"class_list":{"0":"post-35989","1":"product","2":"type-product","3":"status-publish","4":"has-post-thumbnail","6":"pwb-brand-paul-mitchell","7":"product_cat-coloration-temporaire-coloration-9","8":"product_tag-coloration","9":"product_tag-coloration-temporaire","10":"product_tag-paul-mitchell","12":"first","13":"instock","14":"taxable","15":"shipping-taxable","16":"purchasable","17":"product-type-variable","18":"layout-style-3","19":"col-md-4 col-sm-4 col-xs-6","20":"col-lg-3","21":"product-style-default"},"aioseo_notices":[],"brands":[{"id":660,"name":"Paul Mitchell","slug":"paul-mitchell"}],"_links":{"self":[{"href":"https:\/\/cheveuxluxe.com\/index.php\/wp-json\/wp\/v2\/product\/35989","targetHints":{"allow":["GET"]}}],"collection":[{"href":"https:\/\/cheveuxluxe.com\/index.php\/wp-json\/wp\/v2\/product"}],"about":[{"href":"https:\/\/cheveuxluxe.com\/index.php\/wp-json\/wp\/v2\/types\/product"}],"replies":[{"embeddable":true,"href":"https:\/\/cheveuxluxe.com\/index.php\/wp-json\/wp\/v2\/comments?post=35989"}],"version-history":[{"count":0,"href":"https:\/\/cheveuxluxe.com\/index.php\/wp-json\/wp\/v2\/product\/35989\/revisions"}],"wp:featuredmedia":[{"embeddable":true,"href":"https:\/\/cheveuxluxe.com\/index.php\/wp-json\/wp\/v2\/media\/35775"}],"wp:attachment":[{"href":"https:\/\/cheveuxluxe.com\/index.php\/wp-json\/wp\/v2\/media?parent=35989"}],"wp:term":[{"taxonomy":"pwb-brand","embeddable":true,"href":"https:\/\/cheveuxluxe.com\/index.php\/wp-json\/wp\/v2\/pwb-brand?post=35989"},{"taxonomy":"product_cat","embeddable":true,"href":"https:\/\/cheveuxluxe.com\/index.php\/wp-json\/wp\/v2\/product_cat?post=35989"},{"taxonomy":"product_tag","embeddable":true,"href":"https:\/\/cheveuxluxe.com\/index.php\/wp-json\/wp\/v2\/product_tag?post=35989"}],"curies":[{"name":"wp","href":"https:\/\/api.w.org\/{rel}","templated":true}]}}