{"id":35999,"date":"2024-04-14T14:20:08","date_gmt":"2024-04-14T14:20:08","guid":{"rendered":"https:\/\/cheveuxluxe.com\/?post_type=product&#038;p=35999"},"modified":"2024-04-14T14:21:19","modified_gmt":"2024-04-14T14:21:19","slug":"eugene-perma-coloration-semi-permanente-sans-ammoniaque-2","status":"publish","type":"product","link":"https:\/\/cheveuxluxe.com\/index.php\/product\/eugene-perma-coloration-semi-permanente-sans-ammoniaque-2\/","title":{"rendered":"Eugene Perma Coloration semi-permanente sans ammoniaque"},"content":{"rendered":"<div class=\"product-content_bottom\">\n<div class=\"pdp-info\">\n<div class=\"pdp-tabs tab-container\">\n<div class=\"tab js-tab\">\n<h3 class=\"tab-title pdp-tabs_title js-tab-mobile-title open\"><span>Points cl\u00e9s<\/span><\/h3>\n<div class=\"tab-description pdp-tabs_description js-tab-description open\" itemprop=\"description\">\n<ul>\n<li> Pastels<\/li>\n<li>Coloris infinis<\/li>\n<li>Pose rapide<\/li>\n<li>Sans amoniaque<\/li>\n<li>Sans peroxyde <\/li>\n<\/ul>\n<\/div>\n<\/div>\n<div class=\"tab js-tab\">\n<h3 class=\"tab-title pdp-tabs_title js-tab-mobile-title\"><span>Description<\/span><\/h3>\n<div class=\"tab-description pdp-tabs_description js-tab-description\" itemprop=\"description\">Lib\u00e8rez votre cr\u00e9ativit\u00e9 avec Blush Flashy Mix, la gamme de coloration directe d\u2019Eug\u00e8ne Perma, qui permet d\u2019exprimer toute sa cr\u00e9ativit\u00e9 avec pour seule limite votre imagination.Cr\u00e9ez les combinaisons de couleurs en fonction des personnalit\u00e9s, le choix est infini \u2026 Avec ses 8 couleurs ultra-flashy miscibles entre elles, Blush Flashy Mix offre un \u00e9ventail garantissant d\u2019autant plus de perspectives qu\u2019il s\u2019accompagne d\u2019un Clear qui permet de moduler l\u2019intensit\u00e9 des couleurs afin notamment de travailler de tr\u00e8s jolis pastels.En t\u00eate enti\u00e8re, en m\u00e8ches ou en tye and dye, les couleurs pastel s\u2019adaptent \u00e0 toutes les envies pour les fashionistas qui souhaitent une couleur douce et crazy \u00e0 la fois.On appr\u00e9ciera son confort d\u2019application et sa pose rapide durant laquelle on se d\u00e9lecte de son parfum gourmand et enivrant. On en ressort avec un cheveu ultra-brillant et respect\u00e9 gr\u00e2ce \u00e0 une formule sans ammoniaque et sans peroxyde.<\/div>\n<\/div>\n<div class=\"tab js-tab\">\n<h3 class=\"tab-title pdp-tabs_title js-tab-mobile-title\"><span>Mode d&#8217;emploi<\/span><\/h3>\n<div class=\"tab-description pdp-tabs_description js-tab-description\">Pour obtenir les r\u00e9sultats les plus vifs, il est recommand\u00e9 d\u2019\u00e9claircir les cheveux avec la gamme SOLARIS jusqu\u2019\u00e0 un fond de d\u00e9coloration jaune (8), jaune p\u00e2le ou jaune tr\u00e8s p\u00e2le (9-10).Puis sur cheveux lav\u00e9s et essor\u00e9s, appliquez la nuance pure ou en m\u00e9lange.Laisser poser de 10 \u00e0 20 minutes selon l\u2019intensit\u00e9 de couleur souhait\u00e9 ou la tenueRincer abondamment.<\/div>\n<\/div>\n<div class=\"tab js-tab\">\n<h3 class=\"tab-title pdp-tabs_title js-tab-mobile-title\"><span>Ingr\u00e9dients<\/span><\/h3>\n<div class=\"tab-description pdp-tabs_description js-tab-description\">BLUSH FLASHY MIX coloration directe flashy MAGENTA, WATER, EAU, PROPYLENE GLYCOL, CETEARYL ALCOHOL, CETEARETH-20, PHENOXYETHANOL, PEG-40 HYDROGENATED CASTOR OIL, HYDROXYETHYLCELLULOSE, PARFUM (FRAGRANCE), ETHYLHEXYLGLYCERIN, BASIC RED 51, PEG-40 CASTOR OIL, BENZYL SALICYLATE, LIMONENE, LACTIC ACID, BASIC BLUE 124.<\/div>\n<\/div>\n<div class=\"tab js-tab\">\n<h3 class=\"tab-title pdp-tabs_title js-tab-mobile-title\"><span>Livraison et stock<\/span><\/h3>\n<div class=\"tab-description pdp-tabs_description js-tab-description\">\n<div class=\"pdp-delivery_info\">\n<div class=\"content-asset\"><a class=\"pdp-delivery_link\" href=\"\/livraison-delais\/\">Livraison et d\u00e9lais<\/a><a class=\"pdp-delivery_link\" href=\"\/retours-remboursements\/\">Retours et remboursements<\/a><\/div>\n<\/div>\n<\/div>\n<\/div>\n<\/div>\n<\/div>\n<\/div>\n","protected":false},"excerpt":{"rendered":"<p>Points cl\u00e9s Pastels Coloris infinis Pose rapide Sans amoniaque Sans peroxyde Description Lib\u00e8rez votre cr\u00e9ativit\u00e9&hellip;<\/p>\n","protected":false},"featured_media":35815,"comment_status":"open","ping_status":"closed","template":"","meta":[],"pwb-brand":[650],"product_cat":[343],"product_tag":[317,226,331],"class_list":{"0":"post-35999","1":"product","2":"type-product","3":"status-publish","4":"has-post-thumbnail","6":"pwb-brand-eugene-perma-professionnel","7":"product_cat-coloration-temporaire-coloration-9","8":"product_tag-coloration","9":"product_tag-coloration-temporaire","10":"product_tag-eugene-perma-professionnel","12":"first","13":"instock","14":"taxable","15":"shipping-taxable","16":"purchasable","17":"product-type-variable","18":"layout-style-3","19":"col-md-4 col-sm-4 col-xs-6","20":"col-lg-3","21":"product-has-gallery","22":"product-style-default"},"aioseo_notices":[],"brands":[{"id":650,"name":"Eugene Perma Professionnel","slug":"eugene-perma-professionnel"}],"_links":{"self":[{"href":"https:\/\/cheveuxluxe.com\/index.php\/wp-json\/wp\/v2\/product\/35999","targetHints":{"allow":["GET"]}}],"collection":[{"href":"https:\/\/cheveuxluxe.com\/index.php\/wp-json\/wp\/v2\/product"}],"about":[{"href":"https:\/\/cheveuxluxe.com\/index.php\/wp-json\/wp\/v2\/types\/product"}],"replies":[{"embeddable":true,"href":"https:\/\/cheveuxluxe.com\/index.php\/wp-json\/wp\/v2\/comments?post=35999"}],"version-history":[{"count":0,"href":"https:\/\/cheveuxluxe.com\/index.php\/wp-json\/wp\/v2\/product\/35999\/revisions"}],"wp:featuredmedia":[{"embeddable":true,"href":"https:\/\/cheveuxluxe.com\/index.php\/wp-json\/wp\/v2\/media\/35815"}],"wp:attachment":[{"href":"https:\/\/cheveuxluxe.com\/index.php\/wp-json\/wp\/v2\/media?parent=35999"}],"wp:term":[{"taxonomy":"pwb-brand","embeddable":true,"href":"https:\/\/cheveuxluxe.com\/index.php\/wp-json\/wp\/v2\/pwb-brand?post=35999"},{"taxonomy":"product_cat","embeddable":true,"href":"https:\/\/cheveuxluxe.com\/index.php\/wp-json\/wp\/v2\/product_cat?post=35999"},{"taxonomy":"product_tag","embeddable":true,"href":"https:\/\/cheveuxluxe.com\/index.php\/wp-json\/wp\/v2\/product_tag?post=35999"}],"curies":[{"name":"wp","href":"https:\/\/api.w.org\/{rel}","templated":true}]}}