{"id":36015,"date":"2024-04-14T14:20:31","date_gmt":"2024-04-14T14:20:31","guid":{"rendered":"https:\/\/cheveuxluxe.com\/?post_type=product&#038;p=36015"},"modified":"2024-04-14T14:21:55","modified_gmt":"2024-04-14T14:21:55","slug":"wella-professionals-blondorplex-cream-toner-60ml","status":"publish","type":"product","link":"https:\/\/cheveuxluxe.com\/index.php\/product\/wella-professionals-blondorplex-cream-toner-60ml\/","title":{"rendered":"Wella Professionals Blondorplex Cream Toner 60ml"},"content":{"rendered":"<div class=\"product-content_bottom\">\n<div class=\"pdp-info\">\n<div class=\"pdp-tabs tab-container\">\n<div class=\"tab js-tab\">\n<h3 class=\"tab-title pdp-tabs_title js-tab-mobile-title open\"><span>Points cl\u00e9s<\/span><\/h3>\n<div class=\"tab-description pdp-tabs_description js-tab-description open\" itemprop=\"description\">\n<ul>\n<li>Jusqu&rsquo;\u00e0 90% de casse en moins*<\/li>\n<li>En 5 minutes, BlondorPlex\u2122 Cream Toner offre des r\u00e9sultats fiables et pr\u00e9cis.<\/li>\n<li>Un toucher soyeux et un fini brillant.<\/li>\n<li>R\u00e9duit la casse lors du d\u00e9m\u00ealage.<\/li>\n<li>Pour tous types de cheveux et textures.<\/li>\n<\/ul>\n<p>\u00a0<\/p>\n<\/div>\n<\/div>\n<div class=\"tab js-tab\">\n<h3 class=\"tab-title pdp-tabs_title js-tab-mobile-title\"><span>Description<\/span><\/h3>\n<div class=\"tab-description pdp-tabs_description js-tab-description\" itemprop=\"description\">\n<p>BlondorPlex\u2122 Cream Toner sublime le blond et permet de r\u00e9aliser une patine rapide et fiable. La technologie Plex est int\u00e9gr\u00e9e \u00e0 BlondorPlex Cream Toner pour reconstruire les ponts de la fibre capillaire et obternir le blond parfait en 5 minutes.<\/p>\n<p>*Test instrumental mesurant la r\u00e9sistance au d\u00e9m\u00ealage de BlondorPlex + BlondorPlex Cream Toner par rapport \u00e0 BlondorPlex seul.<\/p>\n<\/div>\n<\/div>\n<div class=\"tab js-tab\">\n<h3 class=\"tab-title pdp-tabs_title js-tab-mobile-title\"><span>Ingr\u00e9dients<\/span><\/h3>\n<div class=\"tab-description pdp-tabs_description js-tab-description\">Aqua\/Water\/Eau, Propylene Glycol, Cetearyl Alcohol, Trisodium Ethylenediamine Disuccinate, Sodium Sulfate, Ammonium Sulfate, Ammonia, Malic Acid, Dicetyl Phosphate, Parfum\/Fragrance, Ceteth-10 Phosphate, Steareth-200, Sodium Sulfite, Ascorbic Acid, Sodium Hydroxide, Toluene-2,5-Diamine Sulfate, Xanthan Gum, Disodium EDTA, Resorcinol, 2-Amino-4-Hydroxyethylaminoanisole Sulfate, Hydroxyethyl-3,4-Methylenedioxyaniline HCl, m-Aminophenol<\/div>\n<\/div>\n<div class=\"tab js-tab\">\n<h3 class=\"tab-title pdp-tabs_title js-tab-mobile-title\"><span>Livraison et stock<\/span><\/h3>\n<div class=\"tab-description pdp-tabs_description js-tab-description\">\n<div class=\"pdp-delivery_info\">\n<div class=\"content-asset\"><a class=\"pdp-delivery_link\" href=\"\/livraison-delais\/\">Livraison et d\u00e9lais<\/a><a class=\"pdp-delivery_link\" href=\"\/retours-remboursements\/\">Retours et remboursements<\/a><\/div>\n<\/div>\n<\/div>\n<\/div>\n<div class=\"tab js-tab\">\n<h3 class=\"tab-title pdp-tabs_title js-tab-mobile-title\"><span>Pr\u00e9cautions d&#8217;emploi<\/span><\/h3>\n<div class=\"tab-description pdp-tabs_description js-tab-description\">R\u00e9serv\u00e9 \u00e0 un usage professionnel. Peut causer une r\u00e9action allergique. Ne pas utiliser le produit sur un cuir chevelu sensible, irrit\u00e9 ou ab\u00eem\u00e9. Ne pas utiliser pour d\u00e9colorer les cils et les sourcils. Eviter tout contact avec les yeux. Rincer imm\u00e9diatement si du produit entre en contact avec les yeux. Garder hors de port\u00e9e des enfants. Suivre les instructions. Porter des gants adapt\u00e9s. Pour conserver les propri\u00e9t\u00e9s du produit, bien refermer le contenant apr\u00e8s chaque utilisation. Ne pas permanenter les cheveux imm\u00e9diatement avant ou apr\u00e8s le service. Ne pas utiliser si le cheveu a \u00e9t\u00e9 pr\u00e9alablement color\u00e9 avec une coloration \u00e0 base de sels m\u00e9talliques. Ne pas utiliser de bol ou fouet m\u00e9tallique pour le m\u00e9lange. Ne pas utiliser d&rsquo;objets m\u00e9talliques pendant l&rsquo;application. Utiliser le m\u00e9lange imm\u00e9diatement. Ne pas d\u00e9passer le temps de pause maximal indiqu\u00e9. Rincer les cheveux abondamment apr\u00e8s l&rsquo;application. Rincer imm\u00e9diatement toute \u00e9claboussure du m\u00e9lange sur la peau et les v\u00eatements. Le contenant doit \u00eatre int\u00e9gralement vide avant d&rsquo;\u00eatre jet\u00e9. Stocker dans un endroit sec et frais. Lire et suivre les indications et pr\u00e9cautions sur Welloxon Perfect.<\/div>\n<\/div>\n<\/div>\n<\/div>\n<\/div>\n","protected":false},"excerpt":{"rendered":"<p>Points cl\u00e9s Jusqu&rsquo;\u00e0 90% de casse en moins* En 5 minutes, BlondorPlex\u2122 Cream Toner offre&hellip;<\/p>\n","protected":false},"featured_media":36043,"comment_status":"open","ping_status":"closed","template":"","meta":[],"pwb-brand":[648],"product_cat":[382],"product_tag":[317,220,323],"class_list":{"0":"post-36015","1":"product","2":"type-product","3":"status-publish","4":"has-post-thumbnail","6":"pwb-brand-wella-professionals","7":"product_cat-decoloration","8":"product_tag-coloration","9":"product_tag-decoloration","10":"product_tag-wella-professionals","12":"first","13":"instock","14":"taxable","15":"shipping-taxable","16":"purchasable","17":"product-type-variable","18":"layout-style-3","19":"col-md-4 col-sm-4 col-xs-6","20":"col-lg-3","21":"product-has-gallery","22":"product-style-default"},"aioseo_notices":[],"brands":[{"id":648,"name":"Wella Professionals","slug":"wella-professionals"}],"_links":{"self":[{"href":"https:\/\/cheveuxluxe.com\/index.php\/wp-json\/wp\/v2\/product\/36015","targetHints":{"allow":["GET"]}}],"collection":[{"href":"https:\/\/cheveuxluxe.com\/index.php\/wp-json\/wp\/v2\/product"}],"about":[{"href":"https:\/\/cheveuxluxe.com\/index.php\/wp-json\/wp\/v2\/types\/product"}],"replies":[{"embeddable":true,"href":"https:\/\/cheveuxluxe.com\/index.php\/wp-json\/wp\/v2\/comments?post=36015"}],"version-history":[{"count":0,"href":"https:\/\/cheveuxluxe.com\/index.php\/wp-json\/wp\/v2\/product\/36015\/revisions"}],"wp:featuredmedia":[{"embeddable":true,"href":"https:\/\/cheveuxluxe.com\/index.php\/wp-json\/wp\/v2\/media\/36043"}],"wp:attachment":[{"href":"https:\/\/cheveuxluxe.com\/index.php\/wp-json\/wp\/v2\/media?parent=36015"}],"wp:term":[{"taxonomy":"pwb-brand","embeddable":true,"href":"https:\/\/cheveuxluxe.com\/index.php\/wp-json\/wp\/v2\/pwb-brand?post=36015"},{"taxonomy":"product_cat","embeddable":true,"href":"https:\/\/cheveuxluxe.com\/index.php\/wp-json\/wp\/v2\/product_cat?post=36015"},{"taxonomy":"product_tag","embeddable":true,"href":"https:\/\/cheveuxluxe.com\/index.php\/wp-json\/wp\/v2\/product_tag?post=36015"}],"curies":[{"name":"wp","href":"https:\/\/api.w.org\/{rel}","templated":true}]}}