{"id":36050,"date":"2024-04-14T14:21:25","date_gmt":"2024-04-14T14:21:25","guid":{"rendered":"https:\/\/cheveuxluxe.com\/?post_type=product&#038;p=36050"},"modified":"2024-04-14T14:21:56","modified_gmt":"2024-04-14T14:21:56","slug":"schwarzkopf-professional-blond-me-creme-cendreur-additif-60ml-2","status":"publish","type":"product","link":"https:\/\/cheveuxluxe.com\/index.php\/product\/schwarzkopf-professional-blond-me-creme-cendreur-additif-60ml-2\/","title":{"rendered":"Schwarzkopf Professional Blond Me Cr\u00e8me Cendreur Additif 60ml"},"content":{"rendered":"<div class=\"product-content_bottom\">\n<div class=\"pdp-info\">\n<div class=\"pdp-tabs tab-container\">\n<div class=\"tab js-tab\">\n<h3 class=\"tab-title pdp-tabs_title js-tab-mobile-title open\"><span>Points cl\u00e9s<\/span><\/h3>\n<div class=\"tab-description pdp-tabs_description js-tab-description open\" itemprop=\"description\">\n<ul>\n<li>La Cr\u00e8me Additif Cendreur Blond Me neutralise les reflets jaunes et dor\u00e9s pouvant appara\u00eetre, m\u00eame sur cheveux fonc\u00e9s<\/li>\n<\/ul>\n<\/div>\n<\/div>\n<div class=\"tab js-tab\">\n<h3 class=\"tab-title pdp-tabs_title js-tab-mobile-title\"><span>Mode d&#8217;emploi<\/span><\/h3>\n<div class=\"tab-description pdp-tabs_description js-tab-description\">\n<p>Toujours m\u00e9langer les 3 produits suivants : Blond Me Bleach &amp; Tone + Blonde Me Poudres D\u00e9colorantes + Blond Me R\u00e9v\u00e9lateur Premium<br \/>Ratio de m\u00e9lange : En fonction de la profondeur de couleur existante<\/p>\n<p>Appliquer uniform\u00e9ment et g\u00e9n\u00e9reusement sur cheveux secs et non lav\u00e9s pour obtenir un \u00e9claircissement maximal<br \/>Adapt\u00e9 \u00e0 une utilisation sur et hors du cuir chevelu. Ne pas appliquer sur les cheveux blonds clairs ou pr\u00e9c\u00e9demment d\u00e9color\u00e9s. Ne pas appliquer sur les cheveux d\u00e9licats et\/ou fragiles, abim\u00e9s ou les cuir chevelus irrit\u00e9s.<\/p>\n<\/div>\n<\/div>\n<div class=\"tab js-tab\">\n<h3 class=\"tab-title pdp-tabs_title js-tab-mobile-title\"><span>Ingr\u00e9dients<\/span><\/h3>\n<div class=\"tab-description pdp-tabs_description js-tab-description\">Aqua (Water, Eau),Cetearyl Alcohol,Ceteareth-20,Prunus Armeniaca (Apricot) Kernel Oil,Phenoxyethanol,Steareth-100,Glyceryl Stearate,Parfum (Fragrance),Potassium Phosphate,Tetrabromophenol Blue,Glycine,Arginine,Lysine HCl,Succinic Acid,Ethanolamine,Trisodium Dicarboxymethyl Alaninate,Potassium Hydroxide,Acid Red 92,Geraniol,HC Yellow No. 13,Benzyl Alcohol<\/div>\n<\/div>\n<div class=\"tab js-tab\">\n<h3 class=\"tab-title pdp-tabs_title js-tab-mobile-title\"><span>Livraison et stock<\/span><\/h3>\n<div class=\"tab-description pdp-tabs_description js-tab-description\">\n<div class=\"pdp-delivery_info\">\n<div class=\"content-asset\"><a class=\"pdp-delivery_link\" href=\"\/livraison-delais\/\">Livraison et d\u00e9lais<\/a><a class=\"pdp-delivery_link\" href=\"\/retours-remboursements\/\">Retours et remboursements<\/a><\/div>\n<\/div>\n<\/div>\n<\/div>\n<div class=\"tab js-tab\">\n<h3 class=\"tab-title pdp-tabs_title js-tab-mobile-title\"><span>Pr\u00e9cautions d&#8217;emploi<\/span><\/h3>\n<div class=\"tab-description pdp-tabs_description js-tab-description\">Pour usage professionnel seulement. Les colorants pour les cheveux peuvent entra\u00eener des r\u00e9actions allergiques graves. Lire et suivre les consignes. Ce produit n&rsquo;est pas pr\u00e9vu pour \u00eatre utilis\u00e9 sur des personnes \u00e2g\u00e9es de moins de 16 ans. Les tatouages temporaires au henn\u00e9 noir peuvent augmenter le risque d&rsquo;allergie. Ne colorez pas vos cheveux si\u00a0:<br \/>\u2013 vous avez des rougeurs sur le visage, un cuir chevelu sensible, irrit\u00e9 ou ab\u00eem\u00e9,<br \/>\u2013 vous avez d\u00e9j\u00e0 eu une r\u00e9action apr\u00e8s avoir color\u00e9 vos cheveux,<br \/>\u2013 vous avez eu une r\u00e9action \u00e0 un tatouage temporaire au henn\u00e9 noir par le pass\u00e9.<\/p>\n<p>Tenir hors de port\u00e9e des enfants. \u00c9viter tout contact avec les yeux. En cas de contact du produit avec les yeux, rincer imm\u00e9diatement. Ne pas utiliser pour colorer vos cils ou sourcils. Bien rincer les cheveux apr\u00e8s application. Porter des gants appropri\u00e9s.<\/p><\/div>\n<\/div>\n<\/div>\n<\/div>\n<\/div>\n","protected":false},"excerpt":{"rendered":"<p>Points cl\u00e9s La Cr\u00e8me Additif Cendreur Blond Me neutralise les reflets jaunes et dor\u00e9s pouvant&hellip;<\/p>\n","protected":false},"featured_media":34167,"comment_status":"open","ping_status":"closed","template":"","meta":[],"pwb-brand":[646],"product_cat":[382],"product_tag":[317,220,319],"class_list":{"0":"post-36050","1":"product","2":"type-product","3":"status-publish","4":"has-post-thumbnail","6":"pwb-brand-schwarzkopf-professional","7":"product_cat-decoloration","8":"product_tag-coloration","9":"product_tag-decoloration","10":"product_tag-schwarzkopf-professional","12":"first","13":"instock","14":"taxable","15":"shipping-taxable","16":"purchasable","17":"product-type-variable","18":"layout-style-3","19":"col-md-4 col-sm-4 col-xs-6","20":"col-lg-3","21":"product-has-gallery","22":"product-style-default"},"aioseo_notices":[],"brands":[{"id":646,"name":"Schwarzkopf Professional","slug":"schwarzkopf-professional"}],"_links":{"self":[{"href":"https:\/\/cheveuxluxe.com\/index.php\/wp-json\/wp\/v2\/product\/36050","targetHints":{"allow":["GET"]}}],"collection":[{"href":"https:\/\/cheveuxluxe.com\/index.php\/wp-json\/wp\/v2\/product"}],"about":[{"href":"https:\/\/cheveuxluxe.com\/index.php\/wp-json\/wp\/v2\/types\/product"}],"replies":[{"embeddable":true,"href":"https:\/\/cheveuxluxe.com\/index.php\/wp-json\/wp\/v2\/comments?post=36050"}],"version-history":[{"count":0,"href":"https:\/\/cheveuxluxe.com\/index.php\/wp-json\/wp\/v2\/product\/36050\/revisions"}],"wp:featuredmedia":[{"embeddable":true,"href":"https:\/\/cheveuxluxe.com\/index.php\/wp-json\/wp\/v2\/media\/34167"}],"wp:attachment":[{"href":"https:\/\/cheveuxluxe.com\/index.php\/wp-json\/wp\/v2\/media?parent=36050"}],"wp:term":[{"taxonomy":"pwb-brand","embeddable":true,"href":"https:\/\/cheveuxluxe.com\/index.php\/wp-json\/wp\/v2\/pwb-brand?post=36050"},{"taxonomy":"product_cat","embeddable":true,"href":"https:\/\/cheveuxluxe.com\/index.php\/wp-json\/wp\/v2\/product_cat?post=36050"},{"taxonomy":"product_tag","embeddable":true,"href":"https:\/\/cheveuxluxe.com\/index.php\/wp-json\/wp\/v2\/product_tag?post=36050"}],"curies":[{"name":"wp","href":"https:\/\/api.w.org\/{rel}","templated":true}]}}