{"id":36616,"date":"2024-04-14T14:26:22","date_gmt":"2024-04-14T14:26:22","guid":{"rendered":"https:\/\/cheveuxluxe.com\/?post_type=product&#038;p=36616"},"modified":"2024-04-14T14:27:32","modified_gmt":"2024-04-14T14:27:32","slug":"vitalitys-coloration-permanente-art-absolute-100ml-2","status":"publish","type":"product","link":"https:\/\/cheveuxluxe.com\/index.php\/product\/vitalitys-coloration-permanente-art-absolute-100ml-2\/","title":{"rendered":"Vitality&rsquo;s Coloration permanente Art Absolute 100ml"},"content":{"rendered":"<div class=\"product-content_bottom\">\n<div class=\"pdp-info\">\n<div class=\"pdp-tabs tab-container\">\n<div class=\"tab js-tab\">\n<h3 class=\"tab-title pdp-tabs_title js-tab-mobile-title open\"><span>Points cl\u00e9s<\/span><\/h3>\n<div class=\"tab-description pdp-tabs_description js-tab-description open\" itemprop=\"description\">\n<ul>\n<li> Sans ammoniaque<\/li>\n<li>Sans br\u00fblure ni irritation<\/li>\n<li>Extraits naturels<\/li>\n<li>Protection capillaire et cutan\u00e9e <\/li>\n<\/ul>\n<\/div>\n<\/div>\n<div class=\"tab js-tab\">\n<h3 class=\"tab-title pdp-tabs_title js-tab-mobile-title\"><span>Description<\/span><\/h3>\n<div class=\"tab-description pdp-tabs_description js-tab-description\" itemprop=\"description\">La technologie innovante \u00ab?effet bin\u00f4me?\u00bb combine la formulation exclusive de l\u2019huile protectrice Protector oil et la cr\u00e8me colorante Absolute.\u00ab?Protector oil?\u00bb, c\u2019est la puissance de l\u2019huile de jojoba, de riz et d\u2019olive au service de cheveux soyeux et visiblement plus forts. Les extraits naturels de camomille, de mauve, de tilleul et de calendula assurent la protection du cuir chevelu et de la peau, ainsi qu\u2019une fragrance l\u00e9g\u00e8re et agr\u00e9able qui ravira vos clientes?! En p\u00e9n\u00e9trant de fa\u00e7on progressive, la couleur Art Absolute teint la m\u00e9lanine sans attaquer la chevelure, pour un effet brillant et uniforme.Affichant un pourcentage d\u2019ammoniaque faible et une alcalinit\u00e9 contr\u00f4l\u00e9e, Art Absolute pr\u00e9serve le cuir chevelu, sans br\u00fblure et ni irritation cutan\u00e9e lors de la pause?! Le r\u00e9sultat?? Des cheveux plus sains et une coloration intense qui r\u00e9siste aux shampooings.Son action anti-inflammatoire, hydratante et l\u00e9nitive r\u00e9g\u00e9n\u00e8re la k\u00e9ratine et reconstruit la fibre, Art Absolute de Vitality\u2019s\u00ae offre une protection capillaire et cutan\u00e9e hors pair.<\/div>\n<\/div>\n<div class=\"tab js-tab\">\n<h3 class=\"tab-title pdp-tabs_title js-tab-mobile-title\"><span>Mode d&#8217;emploi<\/span><\/h3>\n<div class=\"tab-description pdp-tabs_description js-tab-description\">Appliquez la coloration sur des cheveux secs non lav\u00e9s. Respectez le temps de pause indiqu\u00e9 pour la teinte souhait\u00e9e, puis rincez abondamment.Pour un r\u00e9sultat qui dure, nous vous conseillons de combiner la cr\u00e8me colorante Absolute et la \u00ab?Protector Oil?\u00bb de la m\u00eame gamme.<\/div>\n<\/div>\n<div class=\"tab js-tab\">\n<h3 class=\"tab-title pdp-tabs_title js-tab-mobile-title\"><span>Ingr\u00e9dients<\/span><\/h3>\n<div class=\"tab-description pdp-tabs_description js-tab-description\">INGREDIENTS: Aqua (Water), Cetearyl alcohol, Oleamide DEA, Oleic acid, PEG-40 castor oil, Ammonia, Sodium cetearyl sulfate, Chamomilla recutita (Matricaria) extract, Malva sylvestris (Mallow) extract, Tilia cordata (Linden) extract, m-Aminophenol, 2-Amino-4-hydroxyethylaminoanisole sulfate, p-Phenylenediamine, p-Aminophenol, Resorcinol, Oleyl alcohol, Ethanolamine, Sodium bisulfite, Tetrasodium EDTA, Erythorbic acid, Acrylates copolymer, Parfum (Fragrance). Cont. 1-2-4<\/div>\n<\/div>\n<div class=\"tab js-tab\">\n<h3 class=\"tab-title pdp-tabs_title js-tab-mobile-title\"><span>Livraison et stock<\/span><\/h3>\n<div class=\"tab-description pdp-tabs_description js-tab-description\">\n<div class=\"pdp-delivery_info\">\n<div class=\"content-asset\"><a class=\"pdp-delivery_link\" href=\"\/livraison-delais\/\">Livraison et d\u00e9lais<\/a><a class=\"pdp-delivery_link\" href=\"\/retours-remboursements\/\">Retours et remboursements<\/a><\/div>\n<\/div>\n<\/div>\n<\/div>\n<\/div>\n<\/div>\n<\/div>\n","protected":false},"excerpt":{"rendered":"<p>Points cl\u00e9s Sans ammoniaque Sans br\u00fblure ni irritation Extraits naturels Protection capillaire et cutan\u00e9e Description&hellip;<\/p>\n","protected":false},"featured_media":18145,"comment_status":"open","ping_status":"closed","template":"","meta":[],"pwb-brand":[651],"product_cat":[386],"product_tag":[317,210,333],"class_list":{"0":"post-36616","1":"product","2":"type-product","3":"status-publish","4":"has-post-thumbnail","6":"pwb-brand-vitalitys","7":"product_cat-coloration-avec-ammoniaque","8":"product_tag-coloration","9":"product_tag-coloration-avec-ammoniaque","10":"product_tag-vitalitys","12":"first","13":"instock","14":"taxable","15":"shipping-taxable","16":"purchasable","17":"product-type-variable","18":"layout-style-3","19":"col-md-4 col-sm-4 col-xs-6","20":"col-lg-3","21":"product-has-gallery","22":"product-style-default"},"aioseo_notices":[],"brands":[{"id":651,"name":"Vitality's","slug":"vitalitys"}],"_links":{"self":[{"href":"https:\/\/cheveuxluxe.com\/index.php\/wp-json\/wp\/v2\/product\/36616","targetHints":{"allow":["GET"]}}],"collection":[{"href":"https:\/\/cheveuxluxe.com\/index.php\/wp-json\/wp\/v2\/product"}],"about":[{"href":"https:\/\/cheveuxluxe.com\/index.php\/wp-json\/wp\/v2\/types\/product"}],"replies":[{"embeddable":true,"href":"https:\/\/cheveuxluxe.com\/index.php\/wp-json\/wp\/v2\/comments?post=36616"}],"version-history":[{"count":0,"href":"https:\/\/cheveuxluxe.com\/index.php\/wp-json\/wp\/v2\/product\/36616\/revisions"}],"wp:featuredmedia":[{"embeddable":true,"href":"https:\/\/cheveuxluxe.com\/index.php\/wp-json\/wp\/v2\/media\/18145"}],"wp:attachment":[{"href":"https:\/\/cheveuxluxe.com\/index.php\/wp-json\/wp\/v2\/media?parent=36616"}],"wp:term":[{"taxonomy":"pwb-brand","embeddable":true,"href":"https:\/\/cheveuxluxe.com\/index.php\/wp-json\/wp\/v2\/pwb-brand?post=36616"},{"taxonomy":"product_cat","embeddable":true,"href":"https:\/\/cheveuxluxe.com\/index.php\/wp-json\/wp\/v2\/product_cat?post=36616"},{"taxonomy":"product_tag","embeddable":true,"href":"https:\/\/cheveuxluxe.com\/index.php\/wp-json\/wp\/v2\/product_tag?post=36616"}],"curies":[{"name":"wp","href":"https:\/\/api.w.org\/{rel}","templated":true}]}}