{"id":37126,"date":"2024-04-14T14:30:30","date_gmt":"2024-04-14T14:30:30","guid":{"rendered":"https:\/\/cheveuxluxe.com\/?post_type=product&#038;p=37126"},"modified":"2024-04-14T14:31:11","modified_gmt":"2024-04-14T14:31:11","slug":"wella-professionals-illumina-color-coloration-permanente-60ml-2","status":"publish","type":"product","link":"https:\/\/cheveuxluxe.com\/index.php\/product\/wella-professionals-illumina-color-coloration-permanente-60ml-2\/","title":{"rendered":"Wella Professionals Illumina Color Coloration Permanente 60ml"},"content":{"rendered":"<div class=\"product-content_bottom\">\n<div class=\"pdp-info\">\n<div class=\"pdp-tabs tab-container\">\n<div class=\"tab js-tab\">\n<h3 class=\"tab-title pdp-tabs_title js-tab-mobile-title open\"><span>Points cl\u00e9s<\/span><\/h3>\n<div class=\"tab-description pdp-tabs_description js-tab-description open\" itemprop=\"description\">\n<ul>\n<li> Coloration naturelle <\/li>\n<li>Reflets intenses <\/li>\n<li>Jusqu\u2019\u00e0 100 % des cheveux blancs <\/li>\n<li>R\u00e9v\u00e9lateur de potentiel <\/li>\n<\/ul>\n<\/div>\n<\/div>\n<div class=\"tab js-tab\">\n<h3 class=\"tab-title pdp-tabs_title js-tab-mobile-title\"><span>Description<\/span><\/h3>\n<div class=\"tab-description pdp-tabs_description js-tab-description\" itemprop=\"description\">ILLUMINA COLOR capture la lumi\u00e8re dans toute sa splendeur et r\u00e9v\u00e8le la beaut\u00e9 des cheveux. Avec cette formule sans composants d\u2019origine animale, vous pouvez d\u00e9sormais vous approprier la lumi\u00e8re et cr\u00e9er de nouvelles expressions de couleurs qui mettent les sens et les \u00e9motions de chaque cliente en \u00e9veil.<\/p>\n<p>Depuis son lancement, ILLUMINA COLOR est devenu un ph\u00e9nom\u00e8ne de beaut\u00e9 mondial et s\u2019impose comme une nouvelle r\u00e9f\u00e9rence dans l\u2019univers de la coloration premium.<br \/>En plus d\u2019offrir des reflets splendides et une protection incroyable, ILLUMINA COLOR apporte une qualit\u00e9 de cheveu irr\u00e9sistible.<\/div>\n<\/div>\n<div class=\"tab js-tab\">\n<h3 class=\"tab-title pdp-tabs_title js-tab-mobile-title\"><span>Mode d&#8217;emploi<\/span><\/h3>\n<div class=\"tab-description pdp-tabs_description js-tab-description\">Illumina Color s\u2019utilise avec Welloxon Perfect en proportion 1 : 1. Pour trois tons d\u2019\u00e9claircissement, choisissez l\u2019oxydant 12 %. Pour deux tons, l\u2019oxydation 9 %, et pour un ton, la couverture des cheveux blancs ou pour foncer, faites appel \u00e0 Welloxon Perfect 6 %.Pour un ton sur ton ou pour foncer, le temps de pause indiqu\u00e9 est de 30 \u00e0 40 minutes sans chaleur, 15 \u00e0 25 minutes avec. Pour un \u00e9claircissement des longueurs et des pointes, le temps conseill\u00e9 est de 20 minutes sans chaleur, et de 10 avec.<\/div>\n<\/div>\n<div class=\"tab js-tab\">\n<h3 class=\"tab-title pdp-tabs_title js-tab-mobile-title\"><span>Ingr\u00e9dients<\/span><\/h3>\n<div class=\"tab-description pdp-tabs_description js-tab-description\">1, 2, 3 p-Aminophenol,Geraniol, Linalool, 2-Methyl-5-Hydroxyethylaminophenol, BHT,m-Aminophenol, Hydroxyethyl-3,4-Methylenedioxyaniline HCl,N,N-Bis(2-Hydroxyethyl)-p-Phenylenediamine Sulfate,Resorcinol, Xanthan Gum, Disodium EDTA,Sulfate, Sodium Hydroxide, Sodium Sulfite, Ascorbic Acid, Parfum,Phosphate, Sodium Sulfate, Steareth-200, Toluene-2,5-Diamine Dicetyl Phosphate, Trisodium Ethylenediamine Disuccinate, Ceteth-10,Aqua, Cetearyl Alcohol, Propylene Glycol, Ammonium Hydroxide<\/div>\n<\/div>\n<div class=\"tab js-tab\">\n<h3 class=\"tab-title pdp-tabs_title js-tab-mobile-title\"><span>Livraison et stock<\/span><\/h3>\n<div class=\"tab-description pdp-tabs_description js-tab-description\">\n<div class=\"pdp-delivery_info\">\n<div class=\"content-asset\"><a class=\"pdp-delivery_link\" href=\"\/livraison-delais\/\">Livraison et d\u00e9lais<\/a><a class=\"pdp-delivery_link\" href=\"\/retours-remboursements\/\">Retours et remboursements<\/a><\/div>\n<\/div>\n<\/div>\n<\/div>\n<\/div>\n<\/div>\n<\/div>\n","protected":false},"excerpt":{"rendered":"<p>Points cl\u00e9s Coloration naturelle Reflets intenses Jusqu\u2019\u00e0 100 % des cheveux blancs R\u00e9v\u00e9lateur de potentiel&hellip;<\/p>\n","protected":false},"featured_media":32803,"comment_status":"open","ping_status":"closed","template":"","meta":[],"pwb-brand":[648],"product_cat":[386],"product_tag":[317,210,323],"class_list":{"0":"post-37126","1":"product","2":"type-product","3":"status-publish","4":"has-post-thumbnail","6":"pwb-brand-wella-professionals","7":"product_cat-coloration-avec-ammoniaque","8":"product_tag-coloration","9":"product_tag-coloration-avec-ammoniaque","10":"product_tag-wella-professionals","12":"first","13":"instock","14":"taxable","15":"shipping-taxable","16":"purchasable","17":"product-type-variable","18":"layout-style-3","19":"col-md-4 col-sm-4 col-xs-6","20":"col-lg-3","21":"product-has-gallery","22":"product-style-default"},"aioseo_notices":[],"brands":[{"id":648,"name":"Wella Professionals","slug":"wella-professionals"}],"_links":{"self":[{"href":"https:\/\/cheveuxluxe.com\/index.php\/wp-json\/wp\/v2\/product\/37126","targetHints":{"allow":["GET"]}}],"collection":[{"href":"https:\/\/cheveuxluxe.com\/index.php\/wp-json\/wp\/v2\/product"}],"about":[{"href":"https:\/\/cheveuxluxe.com\/index.php\/wp-json\/wp\/v2\/types\/product"}],"replies":[{"embeddable":true,"href":"https:\/\/cheveuxluxe.com\/index.php\/wp-json\/wp\/v2\/comments?post=37126"}],"version-history":[{"count":0,"href":"https:\/\/cheveuxluxe.com\/index.php\/wp-json\/wp\/v2\/product\/37126\/revisions"}],"wp:featuredmedia":[{"embeddable":true,"href":"https:\/\/cheveuxluxe.com\/index.php\/wp-json\/wp\/v2\/media\/32803"}],"wp:attachment":[{"href":"https:\/\/cheveuxluxe.com\/index.php\/wp-json\/wp\/v2\/media?parent=37126"}],"wp:term":[{"taxonomy":"pwb-brand","embeddable":true,"href":"https:\/\/cheveuxluxe.com\/index.php\/wp-json\/wp\/v2\/pwb-brand?post=37126"},{"taxonomy":"product_cat","embeddable":true,"href":"https:\/\/cheveuxluxe.com\/index.php\/wp-json\/wp\/v2\/product_cat?post=37126"},{"taxonomy":"product_tag","embeddable":true,"href":"https:\/\/cheveuxluxe.com\/index.php\/wp-json\/wp\/v2\/product_tag?post=37126"}],"curies":[{"name":"wp","href":"https:\/\/api.w.org\/{rel}","templated":true}]}}