{"id":37247,"date":"2024-04-14T14:31:28","date_gmt":"2024-04-14T14:31:28","guid":{"rendered":"https:\/\/cheveuxluxe.com\/?post_type=product&#038;p=37247"},"modified":"2024-04-14T14:31:42","modified_gmt":"2024-04-14T14:31:42","slug":"loreal-majirel-cool-cover-coloration-permanente-50ml-2","status":"publish","type":"product","link":"https:\/\/cheveuxluxe.com\/index.php\/product\/loreal-majirel-cool-cover-coloration-permanente-50ml-2\/","title":{"rendered":"L&rsquo;Or\u00e9al Majirel Cool Cover Coloration permanente 50ml"},"content":{"rendered":"<div class=\"product-content_bottom\">\n<div class=\"pdp-info\">\n<div class=\"pdp-tabs tab-container\">\n<div class=\"tab js-tab\">\n<h3 class=\"tab-title pdp-tabs_title js-tab-mobile-title open\"><span>Points cl\u00e9s<\/span><\/h3>\n<div class=\"tab-description pdp-tabs_description js-tab-description open\" itemprop=\"description\">\n<ul>\n<li> Tous types de cheveux <\/li>\n<li>Couleurs froides et profondes <\/li>\n<li>Coloration d\u2019oxydation permanente <\/li>\n<\/ul>\n<\/div>\n<\/div>\n<div class=\"tab js-tab\">\n<h3 class=\"tab-title pdp-tabs_title js-tab-mobile-title\"><span>Description<\/span><\/h3>\n<div class=\"tab-description pdp-tabs_description js-tab-description\" itemprop=\"description\">Vos clientes r\u00eavent d\u2019une chevelure blonde ou marron glac\u00e9 ? Compl\u00e9tez votre palette de colorations d\u2019oxydation permanente avec la gamme Majirel Cool-Cover de L\u2019Or\u00e9al Professionnel\u00ae ! Son nuancier de 24 couleurs associ\u00e9 \u00e0 son pouvoir \u00e9claircissant jusqu\u2019\u00e0 3 tons laissent libre cours \u00e0 toutes les envies, pour des chevelures aux reflets chrom\u00e9s \u00e9clatants et des cheveux blancs couverts jusqu\u2019\u00e0 100%.Les colorations Majirel Cool-Cover de L\u2019Or\u00e9al Professionnel\u00ae durent longtemps : elles r\u00e9sistent \u00e0 l\u2019eau de mer (y compris \u00e0 concentration \u00e9lev\u00e9e en sel !), \u00e0 une temp\u00e9rature de 39\u00b0, ainsi qu\u2019aux rayons UV et aux shampooings.Son plus ? Ses deux actifs de soin int\u00e9gr\u00e9s, Iog\u00e8ne G + et Incell, prot\u00e8gent les trois zones des cheveux, de la racine aux pointes. R\u00e9sultat : une couleur \u00e9poustouflante, des reflets scintillants\u2026 et pour longtemps !<\/div>\n<\/div>\n<div class=\"tab js-tab\">\n<h3 class=\"tab-title pdp-tabs_title js-tab-mobile-title\"><span>Mode d&#8217;emploi<\/span><\/h3>\n<div class=\"tab-description pdp-tabs_description js-tab-description\">Dans un r\u00e9cipient non m\u00e9tallique, m\u00e9langez un tube de 50 ml de Majirel Cool-Cover de L\u2019Or\u00e9al Professionnel\u00ae avec 75 ml d\u2019oxydant. Laissez le m\u00e9lange obtenu reposer 20 minutes avant d\u2019appliquer sur cheveux secs et non lav\u00e9s.Le temps de pause de 35 minutes peut varier selon la technique utilis\u00e9e.Humidifiez les cheveux avec un peu d\u2019eau chaude puis \u00e9mulsionnez la chevelure. Rincez abondamment.<\/div>\n<\/div>\n<div class=\"tab js-tab\">\n<h3 class=\"tab-title pdp-tabs_title js-tab-mobile-title\"><span>Ingr\u00e9dients<\/span><\/h3>\n<div class=\"tab-description pdp-tabs_description js-tab-description\">Aqua, cetearyl alcohol, ammonium hydroxide, oleth-30, hexadimethrine chloride, oleic acid, oleyl alcohol, 2, 4-Diaminophenoxyethanol HCl, m-Aminophenol, Sodium metabisulfite, ethanolamine, pentasodium pentetate, N, N-BIS(2-Hydroxyethyl)-p-Phenylenediamine Sulfate, benzyl alcohol, 2-Oleamido-1, 3-Octadecanediol, p-PhenylEnediamine, Resorcinol, Parfum C160234, 3<\/div>\n<\/div>\n<div class=\"tab js-tab\">\n<h3 class=\"tab-title pdp-tabs_title js-tab-mobile-title\"><span>Livraison et stock<\/span><\/h3>\n<div class=\"tab-description pdp-tabs_description js-tab-description\">\n<div class=\"pdp-delivery_info\">\n<div class=\"content-asset\"><a class=\"pdp-delivery_link\" href=\"\/livraison-delais\/\">Livraison et d\u00e9lais<\/a><a class=\"pdp-delivery_link\" href=\"\/retours-remboursements\/\">Retours et remboursements<\/a><\/div>\n<\/div>\n<\/div>\n<\/div>\n<\/div>\n<\/div>\n<\/div>\n","protected":false},"excerpt":{"rendered":"<p>Points cl\u00e9s Tous types de cheveux Couleurs froides et profondes Coloration d\u2019oxydation permanente Description Vos&hellip;<\/p>\n","protected":false},"featured_media":33334,"comment_status":"open","ping_status":"closed","template":"","meta":[],"pwb-brand":[649],"product_cat":[386],"product_tag":[317,210,325],"class_list":{"0":"post-37247","1":"product","2":"type-product","3":"status-publish","4":"has-post-thumbnail","6":"pwb-brand-loreal-professionnel","7":"product_cat-coloration-avec-ammoniaque","8":"product_tag-coloration","9":"product_tag-coloration-avec-ammoniaque","10":"product_tag-loreal-professionnel","12":"first","13":"instock","14":"taxable","15":"shipping-taxable","16":"purchasable","17":"product-type-variable","18":"layout-style-3","19":"col-md-4 col-sm-4 col-xs-6","20":"col-lg-3","21":"product-has-gallery","22":"product-style-default"},"aioseo_notices":[],"brands":[{"id":649,"name":"L'Or\u00e9al Professionnel","slug":"loreal-professionnel"}],"_links":{"self":[{"href":"https:\/\/cheveuxluxe.com\/index.php\/wp-json\/wp\/v2\/product\/37247","targetHints":{"allow":["GET"]}}],"collection":[{"href":"https:\/\/cheveuxluxe.com\/index.php\/wp-json\/wp\/v2\/product"}],"about":[{"href":"https:\/\/cheveuxluxe.com\/index.php\/wp-json\/wp\/v2\/types\/product"}],"replies":[{"embeddable":true,"href":"https:\/\/cheveuxluxe.com\/index.php\/wp-json\/wp\/v2\/comments?post=37247"}],"version-history":[{"count":0,"href":"https:\/\/cheveuxluxe.com\/index.php\/wp-json\/wp\/v2\/product\/37247\/revisions"}],"wp:featuredmedia":[{"embeddable":true,"href":"https:\/\/cheveuxluxe.com\/index.php\/wp-json\/wp\/v2\/media\/33334"}],"wp:attachment":[{"href":"https:\/\/cheveuxluxe.com\/index.php\/wp-json\/wp\/v2\/media?parent=37247"}],"wp:term":[{"taxonomy":"pwb-brand","embeddable":true,"href":"https:\/\/cheveuxluxe.com\/index.php\/wp-json\/wp\/v2\/pwb-brand?post=37247"},{"taxonomy":"product_cat","embeddable":true,"href":"https:\/\/cheveuxluxe.com\/index.php\/wp-json\/wp\/v2\/product_cat?post=37247"},{"taxonomy":"product_tag","embeddable":true,"href":"https:\/\/cheveuxluxe.com\/index.php\/wp-json\/wp\/v2\/product_tag?post=37247"}],"curies":[{"name":"wp","href":"https:\/\/api.w.org\/{rel}","templated":true}]}}