{"id":37278,"date":"2024-04-14T14:31:45","date_gmt":"2024-04-14T14:31:45","guid":{"rendered":"https:\/\/cheveuxluxe.com\/?post_type=product&#038;p=37278"},"modified":"2024-04-14T14:32:43","modified_gmt":"2024-04-14T14:32:43","slug":"kemon-cramer-coloration-cheveux-100ml-2","status":"publish","type":"product","link":"https:\/\/cheveuxluxe.com\/index.php\/product\/kemon-cramer-coloration-cheveux-100ml-2\/","title":{"rendered":"Kemon Cramer Coloration Cheveux 100ml"},"content":{"rendered":"<div class=\"product-content_bottom\">\n<div class=\"pdp-info\">\n<div class=\"pdp-tabs tab-container\">\n<div class=\"tab js-tab\">\n<h3 class=\"tab-title pdp-tabs_title js-tab-mobile-title open\"><span>Points cl\u00e9s<\/span><\/h3>\n<div class=\"tab-description pdp-tabs_description js-tab-description open\" itemprop=\"description\">\n<ul>\n<li>Couverture 100% m\u00eame des cheveux blancs particuli\u00e8rement difficiles, r\u00e9fractaires<\/li>\n<li>Des couleurs uniformes de la racine aux pointes<\/li>\n<li>Tenue extraordinaire dans le temps<\/li>\n<li>Brillance maximum<\/li>\n<li>R\u00e9sultats s\u00fbrs<\/li>\n<li>\u00c9claircissement jusqu\u2019\u00e0 4\/5 tons gr\u00e2ce aux super\u00e9claircissants<\/li>\n<\/ul>\n<\/div>\n<\/div>\n<div class=\"tab js-tab\">\n<h3 class=\"tab-title pdp-tabs_title js-tab-mobile-title\"><span>Description<\/span><\/h3>\n<div class=\"tab-description pdp-tabs_description js-tab-description\" itemprop=\"description\">\n<p>Avec Velian Complex &#8211; un melange brevet\u00e9 d&rsquo;extraits v\u00e9g\u00e9taux de :<\/p>\n<ul>\n<li>Mol\u00e8ne (Verbascum densiflorum) : au pouvoir apaisant<\/li>\n<li>H\u00e9lichryse (Helichrysum italicum) : au pouvoir calmant et rafra\u00eechissant<\/li>\n<li>Lin (Linum usitatissimum) : au pouvoir protecteur et \u00e9mollient<\/li>\n<li>Camomille tinctoriale (Anthemis tinctoria) : au pouvoir antioxydant<\/li>\n<\/ul>\n<p><\/p>\n<\/div>\n<\/div>\n<div class=\"tab js-tab\">\n<h3 class=\"tab-title pdp-tabs_title js-tab-mobile-title\"><span>Mode d&#8217;emploi<\/span><\/h3>\n<div class=\"tab-description pdp-tabs_description js-tab-description\">\n<p>M\u00e9lange 1:1 avec Uni.Color Oxi \u00e0 10, 20, 30 et 40 volumes, \u00e0 l\u2019exception des Super Naturels, Super \u00c9claircissants et Ultra \u00c9claircissants.<\/p>\n<p>Super Naturels (.000 et .008) &#8211; M\u00e9lange 1:1 uniquement avec Uni.Color Oxi \u00e0 30 volumes.<br \/>Super \u00c9claircissants &#8211; M\u00e9lange 1:1,5 uniquement avec Uni.Color Oxi \u00e0 40 volumes.<br \/>Ultra \u00c9claircissants &#8211; M\u00e9lange 1:2 uniquement avec Uni.Color Oxi \u00e0 40 volumes.<\/p>\n<\/div>\n<\/div>\n<div class=\"tab js-tab\">\n<h3 class=\"tab-title pdp-tabs_title js-tab-mobile-title\"><span>Ingr\u00e9dients<\/span><\/h3>\n<div class=\"tab-description pdp-tabs_description js-tab-description\">INGREDIENTS: AQUA (WATER\/EAU), CETEARYL ALCOHOL, LAURETH-3, PETROLATUM, POLYSORBATE 60, PROPYLENE GLYCOL, SORBITAN STEARATE, AMMONIA, OLEIC ACID, COCAMIDOPROPYL BETAINE, GLYCERYL ISOSTEARATE, COCOS NUCIFERA OIL (COCOS NUCIFERA (COCONUT) OIL), SORBITAN OLEATE, POLYQUATERNIUM-22, CERA ALBA (BEESWAX\/CIRE D&rsquo;ABEILLE), CETEARETH-20, HYDROGENATED CASTOR OIL, GLYCERIN, VERBASCUM DENSIFLORUM FLOWER\/STEM EXTRACT, HELICHRYSUM ITALICUM EXTRACT, COTA TINCTORIA FLOWER\/LEAF\/STEM EXTRACT, LINUM USITATISSIMUM SEED EXTRACT (LINUM USITATISSIMUM (LINSEED) SEED EXTRACT), CITRIC ACID, PALMITIC ACID, STEARIC ACID, SODIUM SULFITE, SODIUM HYDROSULFITE, BISABOLOL, ETIDRONIC ACID, ERYTHORBIC ACID, SIMETHICONE, TETRASODIUM EDTA, SODIUM BENZOATE, BENZYL ALCOHOL, POTASSIUM SORBATE, PARFUM (FRAGRANCE), LINALOOL, RESORCINOL, p-PHENYLENEDIAMINE, PHENYL METHYL PYRAZOLONE, p-METHYLAMINOPHENOL SULFATE, p-AMINOPHENOL, 2,4-DIAMINOPHENOXYETHANOL SULFATE<\/div>\n<\/div>\n<div class=\"tab js-tab\">\n<h3 class=\"tab-title pdp-tabs_title js-tab-mobile-title\"><span>Livraison et stock<\/span><\/h3>\n<div class=\"tab-description pdp-tabs_description js-tab-description\">\n<div class=\"pdp-delivery_info\">\n<div class=\"content-asset\"><a class=\"pdp-delivery_link\" href=\"\/livraison-delais\/\">Livraison et d\u00e9lais<\/a><a class=\"pdp-delivery_link\" href=\"\/retours-remboursements\/\">Retours et remboursements<\/a><\/div>\n<\/div>\n<\/div>\n<\/div>\n<div class=\"tab js-tab\">\n<h3 class=\"tab-title pdp-tabs_title js-tab-mobile-title\"><span>Pr\u00e9cautions d&#8217;emploi<\/span><\/h3>\n<div class=\"tab-description pdp-tabs_description js-tab-description\">ATTENTION : il est conseill\u00e9, avant chaque application, de lire attentivement et de suivre rigoureusement les avertissements et instructions d\u2019emploi pour \u00e9viter ou minimiser les risques d\u2019exposition. Ne pas utiliser le produit en cas d\u2019intol\u00e9rance aux substances mentionn\u00e9es dans la liste des ingr\u00e9dients. Lire, \u00e0 cette fin, la description sur l\u2019\u00e9tui et sur le tube. R\u00e9serv\u00e9 aux seuls professionnels. IMPORTANT : les colorants capillaires peuvent provoquer des r\u00e9actions allergiques s\u00e9v\u00e8res. Les tatouages temporaires noirs \u00e0 base de henn\u00e9 peuvent augmenter le risque d\u2019allergie. Ce produit n\u2019est pas destin\u00e9 \u00e0 \u00eatre utilis\u00e9 sur les personnes de moins de 16 ans. Le coi eur a pour obligation d\u2019informer le consommateur sur le contenu de ces \u00ab Avertissements \u00bb, sur les \u00e9ventuelles contre-indications \u00e0 l\u2019application et sur le risque d\u2019\u00e9ventuelles r\u00e9actions allergiques. CONSEILS D\u2019UTILISATION : porter des gants de protection appropri\u00e9s jetables lors de toutes les phases de pr\u00e9paration, d\u2019application et de rin\u00e7age final du produit. \u00c9viter le contact avec la peau et les yeux. Rincer imm\u00e9diatement et abondamment la peau et les yeux \u00e0 l\u2019eau si le produit entre accidentellement en contact avec ceux-ci. Ne pas employer pour la coloration des cils et des sourcils ; en ce faisant, on pourrait provoquer la c\u00e9cit\u00e9. Bien rincer les cheveux apr\u00e8s application. Ne pas d\u00e9passer les temps de pose conseill\u00e9s. INSTRUCTIONS DE S\u00c9CURIT\u00c9 : NE VOUS COLOREZ PAS LES CHEVEUX SI : \u2013 vous pr\u00e9sentez une \u00e9ruption cutan\u00e9e sur le visage ou si votre cuir chevelu est sensible, irrit\u00e9 ou ab\u00eem\u00e9, \u2013 vous avez d\u00e9j\u00e0 fait une r\u00e9action apr\u00e8s avoir color\u00e9 vos cheveux, \u2013 vous avez fait par le pass\u00e9 une r\u00e9action \u00e0 un tatouage noir \u00e0 base de henn\u00e9. Dans ces cas, il est conseill\u00e9 de consulter un m\u00e9decin avant d\u2019utiliser tout colorant capillaire. UN TEST PR\u00c9LIMINAIRE DE SENSIBILIT\u00c9 CUTAN\u00c9E (TOUCHE D\u2019ESSAI) DOIT \u00caTRE OBLIGATOIREMENT EFFECTU\u00c9 48 HEURES AVANT CHAQUE APPLICATION, m\u00eame pour les clients ayant d\u00e9j\u00e0 utilis\u00e9 des produits de coloration. Mode d\u2019ex\u00e9cution de la touche d\u2019essai : \u2013 but du test : v\u00e9rifier la tol\u00e9rance cutan\u00e9e individuelle au produit ; \u2013 bien nettoyer \u00e0 l\u2019alcool une petite zone derri\u00e8re l\u2019oreille ou sur l\u2019avant-bras (1 cm carr\u00e9) ; \u2013 m\u00e9langer environ 5 g de produit avec environ 5 g d\u2019oxydant ; &#8211; appliquer le m\u00e9lange avec un coton ou une spatule sur la zone pr\u00e9par\u00e9e ; \u2013 r\u00e9p\u00e9ter l\u2019application 2 ou 3 fois en laissant s\u00e9cher dans l\u2019intervalle ; \u2013 laisser agir pendant 48 heures sans laver, puis rincer d\u00e9licatement ; \u2013 si, au cours de cette p\u00e9riode, des r\u00e9actions anormales surviennent telles que des irritations, des inflammations ou d\u00e9mangeaisons, ne pas appliquer le produit. L\u2019absence de r\u00e9action \u00e0 ce test ne garantit pas qu\u2019aucune r\u00e9action allergique ne surviendra au cours de colorations ult\u00e9rieures. SI UNE D\u00c9MANGEAISON, UNE SENSATION DE BR\u00dbLURE ET\/OU UNE IRRITATION CUTAN\u00c9E SE MANIFESTENT DURANT LA COLORATION, RINCER IMM\u00c9DIATEMENT ET INTERROMPRE L\u2019APPLICATION. En cas d\u2019irritation cutan\u00e9e \u00e0 di usion rapide, de sensation d\u2019\u00e9vanouissement ou de vertige, de di cult\u00e9s respiratoires et\/ou de gonflement du visage\/des yeux, rincer imm\u00e9diatement et consulter promptement un m\u00e9decin. Si apr\u00e8s la coloration ou les jours suivants apparaissent des d\u00e9mangeaisons, une irritation, un gonflement ou une pr\u00e9sence d\u2019ampoules, consulter imm\u00e9diatement un m\u00e9decin. Conserver l\u2019emballage vide quelques jours au cas o\u00f9 des r\u00e9actions surviendraient. PR\u00c9CAUTIONS : conserver hors de port\u00e9e des enfants. Ce produit contient des ingr\u00e9dients pouvant provoquer une irritation oculaire s\u00e9v\u00e8re et un dommage permanent aux yeux. Si l\u2019oxydant ou le m\u00e9lange colorant entrent en contact avec les yeux, laver imm\u00e9diatement et abondamment \u00e0 l\u2019eau. En cas de port de lentilles de contact, les enlever avant de rincer les yeux \u00e0 l&rsquo;eau si le produit entre en contact avec ceux-ci. Si l\u2019irritation oculaire persiste, consulter un sp\u00e9cialiste. Utiliser uniquement avec les oxydants conseill\u00e9s, en respectant les proportions indiqu\u00e9es. Ne pas inhaler ou ing\u00e9rer le produit. Ne pas e ectuer une permanente ou un lissage imm\u00e9diatement avant ou apr\u00e8s la coloration. Ne pas utiliser si les cheveux ont \u00e9t\u00e9 pr\u00e9c\u00e9demment color\u00e9s au henn\u00e9 ou aux colorants m\u00e9talliques. Enlever tous les objets en m\u00e9tal des cheveux avant de proc\u00e9der \u00e0 la coloration. Ne pas utiliser d\u2019instruments m\u00e9talliques (pinces, peigne, r\u00e9cipient, etc.). Pr\u00e9parer et appliquer le produit dans des locaux bien ventil\u00e9s. En cas d\u2019utilisation d\u2019un shaker, ne jamais laisser le m\u00e9lange dans l\u2019applicateur ferm\u00e9. Utiliser imm\u00e9diatement apr\u00e8s le m\u00e9lange. Les restes de m\u00e9lange ne peuvent \u00eatre r\u00e9utilis\u00e9s et doivent \u00eatre \u00e9limin\u00e9s. Le produit peut tacher la peau de fa\u00e7on temporaire et il peut tacher d\u00e9finitivement les tissus, murs et autres surfaces. Rincer imm\u00e9diatement les \u00e9ventuelles \u00e9claboussures sur les v\u00eatements et les surfaces. Ne pas utiliser le produit autrement que comme indiqu\u00e9.<\/div>\n<\/div>\n<\/div>\n<\/div>\n<\/div>\n","protected":false},"excerpt":{"rendered":"<p>Points cl\u00e9s Couverture 100% m\u00eame des cheveux blancs particuli\u00e8rement difficiles, r\u00e9fractaires Des couleurs uniformes de&hellip;<\/p>\n","protected":false},"featured_media":33362,"comment_status":"open","ping_status":"closed","template":"","meta":[],"pwb-brand":[658],"product_cat":[386],"product_tag":[317,210,371],"class_list":{"0":"post-37278","1":"product","2":"type-product","3":"status-publish","4":"has-post-thumbnail","6":"pwb-brand-kemon","7":"product_cat-coloration-avec-ammoniaque","8":"product_tag-coloration","9":"product_tag-coloration-avec-ammoniaque","10":"product_tag-kemon","12":"first","13":"instock","14":"taxable","15":"shipping-taxable","16":"purchasable","17":"product-type-variable","18":"layout-style-3","19":"col-md-4 col-sm-4 col-xs-6","20":"col-lg-3","21":"product-has-gallery","22":"product-style-default"},"aioseo_notices":[],"brands":[{"id":658,"name":"Kemon","slug":"kemon"}],"_links":{"self":[{"href":"https:\/\/cheveuxluxe.com\/index.php\/wp-json\/wp\/v2\/product\/37278","targetHints":{"allow":["GET"]}}],"collection":[{"href":"https:\/\/cheveuxluxe.com\/index.php\/wp-json\/wp\/v2\/product"}],"about":[{"href":"https:\/\/cheveuxluxe.com\/index.php\/wp-json\/wp\/v2\/types\/product"}],"replies":[{"embeddable":true,"href":"https:\/\/cheveuxluxe.com\/index.php\/wp-json\/wp\/v2\/comments?post=37278"}],"version-history":[{"count":0,"href":"https:\/\/cheveuxluxe.com\/index.php\/wp-json\/wp\/v2\/product\/37278\/revisions"}],"wp:featuredmedia":[{"embeddable":true,"href":"https:\/\/cheveuxluxe.com\/index.php\/wp-json\/wp\/v2\/media\/33362"}],"wp:attachment":[{"href":"https:\/\/cheveuxluxe.com\/index.php\/wp-json\/wp\/v2\/media?parent=37278"}],"wp:term":[{"taxonomy":"pwb-brand","embeddable":true,"href":"https:\/\/cheveuxluxe.com\/index.php\/wp-json\/wp\/v2\/pwb-brand?post=37278"},{"taxonomy":"product_cat","embeddable":true,"href":"https:\/\/cheveuxluxe.com\/index.php\/wp-json\/wp\/v2\/product_cat?post=37278"},{"taxonomy":"product_tag","embeddable":true,"href":"https:\/\/cheveuxluxe.com\/index.php\/wp-json\/wp\/v2\/product_tag?post=37278"}],"curies":[{"name":"wp","href":"https:\/\/api.w.org\/{rel}","templated":true}]}}