{"id":37366,"date":"2024-04-14T14:32:30","date_gmt":"2024-04-14T14:32:30","guid":{"rendered":"https:\/\/cheveuxluxe.com\/?post_type=product&#038;p=37366"},"modified":"2024-04-14T14:32:43","modified_gmt":"2024-04-14T14:32:43","slug":"loreal-majirel-high-lift-coloration-creme-super-eclaircissante-50ml-2","status":"publish","type":"product","link":"https:\/\/cheveuxluxe.com\/index.php\/product\/loreal-majirel-high-lift-coloration-creme-super-eclaircissante-50ml-2\/","title":{"rendered":"L&rsquo;Or\u00e9al Majirel High Lift Coloration cr\u00e8me Super-\u00e9claircissante 50ml"},"content":{"rendered":"<div class=\"product-content_bottom\">\n<div class=\"pdp-info\">\n<div class=\"pdp-tabs tab-container\">\n<div class=\"tab js-tab\">\n<h3 class=\"tab-title pdp-tabs_title js-tab-mobile-title open\"><span>Points cl\u00e9s<\/span><\/h3>\n<div class=\"tab-description pdp-tabs_description js-tab-description open\" itemprop=\"description\">\n<ul>\n<li> Blonds intenses <\/li>\n<li>\u00c9claircissement jusqu\u2019\u00e0 4,5 tons <\/li>\n<li>Cheveux nourris <\/li>\n<li>Une seule application <\/li>\n<\/ul>\n<\/div>\n<\/div>\n<div class=\"tab js-tab\">\n<h3 class=\"tab-title pdp-tabs_title js-tab-mobile-title\"><span>Description<\/span><\/h3>\n<div class=\"tab-description pdp-tabs_description js-tab-description\" itemprop=\"description\">Envie de r\u00e9aliser des blonds froids et neutralis\u00e9s en respectant le cheveu ? Invitez dans votre salon la coloration d\u2019oxydation Majirel High Lift ! Gr\u00e2ce \u00e0 sa technologie innovante associant deux actifs de soins, les cheveux sont prot\u00e9g\u00e9s, et s\u2019\u00e9claircissent jusqu\u2019\u00e0 quatre tons et demi. Le Ion\u00e8ne G contenu dans Majirel lutte contre la fragilisation du cheveu lors des services de coloration, tout en r\u00e9parant et en lissant la fibre capillaire. L\u2019Incell, quant \u00e0 lui, consolide la cuticule, pour des cheveux encore plus r\u00e9sistants.Avec Majirel High Lift de L\u2019Or\u00e9al Professionnel\u00ae, r\u00e9alisez un \u00e9claircissement en une seule application. Couvrir les cheveux blancs, c\u2019est aussi possible avec Majirel High Lift \u00e0 condition que ces derniers soient r\u00e9partis uniform\u00e9ment, et ne d\u00e9passent pas 30 % de la chevelure.Gr\u00e2ce \u00e0 cette coloration, vos clientes aux chevelures ch\u00e2tain peuvent d\u00e9sormais acc\u00e9der au blond en toute simplicit\u00e9 !<\/div>\n<\/div>\n<div class=\"tab js-tab\">\n<h3 class=\"tab-title pdp-tabs_title js-tab-mobile-title\"><span>Mode d&#8217;emploi<\/span><\/h3>\n<div class=\"tab-description pdp-tabs_description js-tab-description\">M\u00e9langez un tube de Majirel High Lift avec de la cr\u00e8me oxydante 30 \u00e0 40 volumes, en proportion 1:2. Appliquez sur les cheveux, avant de compter un temps de pause allant jusqu\u2019\u00e0 50 minutes selon la technique. Rincez abondamment.Le conseil de pro : pour des reflets encore plus \u00e9clatants, ajoutez un peu d\u2019eau chaude \u00e0 votre m\u00e9lange, puis appliquez des mi-longueurs jusqu\u2019aux pointes 5 minutes avant la fin du temps de pose.<\/div>\n<\/div>\n<div class=\"tab js-tab\">\n<h3 class=\"tab-title pdp-tabs_title js-tab-mobile-title\"><span>Ingr\u00e9dients<\/span><\/h3>\n<div class=\"tab-description pdp-tabs_description js-tab-description\">Aqua , Water, Cetearyl Alcohol, Oleth-30, Hexadimethrine Chloride, Ammonium Hydroxide, Oleic Acid, Oleyl Alcohol, 2, 4-Diaminophenoxyethanol Hcl, P-Aminophenol, M-Aminophenol, Sodium Metabisulfite, Ethanolamine, 6-Hydroxyindole, Thioglycerin, 2, 5-Diamine, Ammonium Thiolactate, 2-Methyl-5-Hydroxyethylaminophenol, Pentasodium Pentetate Benzyl Alcohol, 2-Oleamido-1, 3-Octadecanediol, Resorcinol<\/div>\n<\/div>\n<div class=\"tab js-tab\">\n<h3 class=\"tab-title pdp-tabs_title js-tab-mobile-title\"><span>Livraison et stock<\/span><\/h3>\n<div class=\"tab-description pdp-tabs_description js-tab-description\">\n<div class=\"pdp-delivery_info\">\n<div class=\"content-asset\"><a class=\"pdp-delivery_link\" href=\"\/livraison-delais\/\">Livraison et d\u00e9lais<\/a><a class=\"pdp-delivery_link\" href=\"\/retours-remboursements\/\">Retours et remboursements<\/a><\/div>\n<\/div>\n<\/div>\n<\/div>\n<\/div>\n<\/div>\n<\/div>\n","protected":false},"excerpt":{"rendered":"<p>Points cl\u00e9s Blonds intenses \u00c9claircissement jusqu\u2019\u00e0 4,5 tons Cheveux nourris Une seule application Description Envie&hellip;<\/p>\n","protected":false},"featured_media":33583,"comment_status":"open","ping_status":"closed","template":"","meta":[],"pwb-brand":[649],"product_cat":[386],"product_tag":[317,210,325],"class_list":{"0":"post-37366","1":"product","2":"type-product","3":"status-publish","4":"has-post-thumbnail","6":"pwb-brand-loreal-professionnel","7":"product_cat-coloration-avec-ammoniaque","8":"product_tag-coloration","9":"product_tag-coloration-avec-ammoniaque","10":"product_tag-loreal-professionnel","12":"first","13":"instock","14":"taxable","15":"shipping-taxable","16":"purchasable","17":"product-type-variable","18":"layout-style-3","19":"col-md-4 col-sm-4 col-xs-6","20":"col-lg-3","21":"product-has-gallery","22":"product-style-default"},"aioseo_notices":[],"brands":[{"id":649,"name":"L'Or\u00e9al Professionnel","slug":"loreal-professionnel"}],"_links":{"self":[{"href":"https:\/\/cheveuxluxe.com\/index.php\/wp-json\/wp\/v2\/product\/37366","targetHints":{"allow":["GET"]}}],"collection":[{"href":"https:\/\/cheveuxluxe.com\/index.php\/wp-json\/wp\/v2\/product"}],"about":[{"href":"https:\/\/cheveuxluxe.com\/index.php\/wp-json\/wp\/v2\/types\/product"}],"replies":[{"embeddable":true,"href":"https:\/\/cheveuxluxe.com\/index.php\/wp-json\/wp\/v2\/comments?post=37366"}],"version-history":[{"count":0,"href":"https:\/\/cheveuxluxe.com\/index.php\/wp-json\/wp\/v2\/product\/37366\/revisions"}],"wp:featuredmedia":[{"embeddable":true,"href":"https:\/\/cheveuxluxe.com\/index.php\/wp-json\/wp\/v2\/media\/33583"}],"wp:attachment":[{"href":"https:\/\/cheveuxluxe.com\/index.php\/wp-json\/wp\/v2\/media?parent=37366"}],"wp:term":[{"taxonomy":"pwb-brand","embeddable":true,"href":"https:\/\/cheveuxluxe.com\/index.php\/wp-json\/wp\/v2\/pwb-brand?post=37366"},{"taxonomy":"product_cat","embeddable":true,"href":"https:\/\/cheveuxluxe.com\/index.php\/wp-json\/wp\/v2\/product_cat?post=37366"},{"taxonomy":"product_tag","embeddable":true,"href":"https:\/\/cheveuxluxe.com\/index.php\/wp-json\/wp\/v2\/product_tag?post=37366"}],"curies":[{"name":"wp","href":"https:\/\/api.w.org\/{rel}","templated":true}]}}