{"id":37520,"date":"2024-04-14T14:33:51","date_gmt":"2024-04-14T14:33:51","guid":{"rendered":"https:\/\/cheveuxluxe.com\/?post_type=product&#038;p=37520"},"modified":"2024-04-14T14:34:25","modified_gmt":"2024-04-14T14:34:25","slug":"redken-color-gel-lacquers-10-minutes-coloration-permanente-60ml-2","status":"publish","type":"product","link":"https:\/\/cheveuxluxe.com\/index.php\/product\/redken-color-gel-lacquers-10-minutes-coloration-permanente-60ml-2\/","title":{"rendered":"Redken Color Gel Lacquers 10 Minutes Coloration Permanente 60ml"},"content":{"rendered":"<div class=\"product-content_bottom\">\n<div class=\"pdp-info\">\n<div class=\"pdp-tabs tab-container\">\n<div class=\"tab js-tab\">\n<h3 class=\"tab-title pdp-tabs_title js-tab-mobile-title open\"><span>Points cl\u00e9s<\/span><\/h3>\n<div class=\"tab-description pdp-tabs_description js-tab-description open\" itemprop=\"description\">\n<ul>\n<li>Brillance miroir<\/li>\n<li>Reflets vibrants<\/li>\n<li>Couverture infaillible des cheveux blancs<\/li>\n<li>Un temps de pause record : 10 Minutes<\/li>\n<\/ul>\n<\/div>\n<\/div>\n<div class=\"tab js-tab\">\n<h3 class=\"tab-title pdp-tabs_title js-tab-mobile-title\"><span>Description<\/span><\/h3>\n<div class=\"tab-description pdp-tabs_description js-tab-description\" itemprop=\"description\">Color Gels Lacquers 10 Min est une coloration permanente liquide faiblement concentr\u00e9e en ammoniaque, qui offre la couverture d&rsquo;une coloration permanente et la brillance d&rsquo;un gloss.<\/p>\n<p>Ce formulaire peut \u00e9claircir jusqu&rsquo;\u00e0 1 tons et couvre jusqu&rsquo;\u00e0 100% de cheveux blancs.<\/p><\/div>\n<\/div>\n<div class=\"tab js-tab\">\n<h3 class=\"tab-title pdp-tabs_title js-tab-mobile-title\"><span>Mode d&#8217;emploi<\/span><\/h3>\n<div class=\"tab-description pdp-tabs_description js-tab-description\">Appliquer sur cheveux secs.<br \/>Dosage 1:1 (60ml de produit pour 60ml d&rsquo;Oxydant)<br \/>Oxydant : Pro-Oxide 20 vol, pour de meilleurs r\u00e9sultats.<br \/>Temps de pause : 10 min. Smart Pause Technology.<\/div>\n<\/div>\n<div class=\"tab js-tab\">\n<h3 class=\"tab-title pdp-tabs_title js-tab-mobile-title\"><span>Ingr\u00e9dients<\/span><\/h3>\n<div class=\"tab-description pdp-tabs_description js-tab-description\">AQUA \/ WATER,ALCOHOL DENAT.,PEG-4 RAPESEEDAMIDE,GLYCERYL LAURYL ETHER,DECETH-3,PROPYLENE GLYCOL,LAURETH-5 CARBOXYLIC ACID,AMMONIUM HYDROXIDE,DIPROPYLENE GLYCOL,HEXYLENE GLYCOL,POLOXAMER 338,AMMONIUM BICARBONATE,OLEYL ALCOHOL,ETHANOLAMINE,PARFUM \/ FRAGRANCE,HYDROXYBENZOMORPHOLINE,AMMONIUM THIOLACTATE,TOLUENE-2,5-DIAMINE,EDTA,ERYTHORBIC ACID,m-AMINOPHENOL,p-AMINOPHENOL,4-AMINO-2-HYDROXYTOLUENE,2-AMINO-3-HYDROXYPYRIDINE,6-HYDROXYINDOLE,THIOGLYCERIN,SODIUM METABISULFITE<\/div>\n<\/div>\n<div class=\"tab js-tab\">\n<h3 class=\"tab-title pdp-tabs_title js-tab-mobile-title\"><span>Livraison et stock<\/span><\/h3>\n<div class=\"tab-description pdp-tabs_description js-tab-description\">\n<div class=\"pdp-delivery_info\">\n<div class=\"content-asset\"><a class=\"pdp-delivery_link\" href=\"\/livraison-delais\/\">Livraison et d\u00e9lais<\/a><a class=\"pdp-delivery_link\" href=\"\/retours-remboursements\/\">Retours et remboursements<\/a><\/div>\n<\/div>\n<\/div>\n<\/div>\n<\/div>\n<\/div>\n<\/div>\n","protected":false},"excerpt":{"rendered":"<p>Points cl\u00e9s Brillance miroir Reflets vibrants Couverture infaillible des cheveux blancs Un temps de pause&hellip;<\/p>\n","protected":false},"featured_media":34069,"comment_status":"open","ping_status":"closed","template":"","meta":[],"pwb-brand":[647],"product_cat":[386],"product_tag":[317,210,321],"class_list":{"0":"post-37520","1":"product","2":"type-product","3":"status-publish","4":"has-post-thumbnail","6":"pwb-brand-redken","7":"product_cat-coloration-avec-ammoniaque","8":"product_tag-coloration","9":"product_tag-coloration-avec-ammoniaque","10":"product_tag-redken","12":"first","13":"instock","14":"taxable","15":"shipping-taxable","16":"purchasable","17":"product-type-variable","18":"layout-style-3","19":"col-md-4 col-sm-4 col-xs-6","20":"col-lg-3","21":"product-has-gallery","22":"product-style-default"},"aioseo_notices":[],"brands":[{"id":647,"name":"Redken","slug":"redken"}],"_links":{"self":[{"href":"https:\/\/cheveuxluxe.com\/index.php\/wp-json\/wp\/v2\/product\/37520","targetHints":{"allow":["GET"]}}],"collection":[{"href":"https:\/\/cheveuxluxe.com\/index.php\/wp-json\/wp\/v2\/product"}],"about":[{"href":"https:\/\/cheveuxluxe.com\/index.php\/wp-json\/wp\/v2\/types\/product"}],"replies":[{"embeddable":true,"href":"https:\/\/cheveuxluxe.com\/index.php\/wp-json\/wp\/v2\/comments?post=37520"}],"version-history":[{"count":0,"href":"https:\/\/cheveuxluxe.com\/index.php\/wp-json\/wp\/v2\/product\/37520\/revisions"}],"wp:featuredmedia":[{"embeddable":true,"href":"https:\/\/cheveuxluxe.com\/index.php\/wp-json\/wp\/v2\/media\/34069"}],"wp:attachment":[{"href":"https:\/\/cheveuxluxe.com\/index.php\/wp-json\/wp\/v2\/media?parent=37520"}],"wp:term":[{"taxonomy":"pwb-brand","embeddable":true,"href":"https:\/\/cheveuxluxe.com\/index.php\/wp-json\/wp\/v2\/pwb-brand?post=37520"},{"taxonomy":"product_cat","embeddable":true,"href":"https:\/\/cheveuxluxe.com\/index.php\/wp-json\/wp\/v2\/product_cat?post=37520"},{"taxonomy":"product_tag","embeddable":true,"href":"https:\/\/cheveuxluxe.com\/index.php\/wp-json\/wp\/v2\/product_tag?post=37520"}],"curies":[{"name":"wp","href":"https:\/\/api.w.org\/{rel}","templated":true}]}}