{"id":37610,"date":"2024-04-14T14:34:47","date_gmt":"2024-04-14T14:34:47","guid":{"rendered":"https:\/\/cheveuxluxe.com\/?post_type=product&#038;p=37610"},"modified":"2024-04-14T14:35:33","modified_gmt":"2024-04-14T14:35:33","slug":"lome-paris-coloration-creme-permanente-contrast-50ml-2","status":"publish","type":"product","link":"https:\/\/cheveuxluxe.com\/index.php\/product\/lome-paris-coloration-creme-permanente-contrast-50ml-2\/","title":{"rendered":"L\u00f4m\u00e9 Paris Coloration cr\u00e8me permanente Contrast 50ml"},"content":{"rendered":"<div class=\"product-content_bottom\">\n<div class=\"pdp-info\">\n<div class=\"pdp-delivery_information\"><span class=\"pdp-delivery_label\">Information importante :<\/span> <\/p>\n<p>Combinez cette coloration avec un des <a href=\"https:\/\/www.pro-duo.fr\/oxydant-avec-ammoniaque\/PI000179.html\">oxydants L\u00f4m\u00e9 Paris<\/a>.<\/p>\n<p>D\u00e9couvrez le mode d&#8217;emploi ci-dessous pour plus de d\u00e9tails.<\/p>\n<\/div>\n<div class=\"pdp-tabs tab-container\">\n<div class=\"tab js-tab\">\n<h3 class=\"tab-title pdp-tabs_title js-tab-mobile-title open\"><span>Points cl\u00e9s<\/span><\/h3>\n<div class=\"tab-description pdp-tabs_description js-tab-description open\" itemprop=\"description\">\n<ul>\n<li> 3 tons au choix<\/li>\n<li>Balayages ultralumineux en un seul proc\u00e9d\u00e9 d\u2019\u00e9claircissement et de coloration<\/li>\n<li>Sans d\u00e9coloration pr\u00e9alable, m\u00eame sur une base fonc\u00e9e<\/li>\n<li>Eclaircissement jusqu\u2019\u00e0 4,5 niveaux<\/li>\n<li>R\u00e9sultat durable avec un \u00e9tat optimal des cheveux<\/li>\n<li>Couleur naturelle avec une brillance intense. <\/li>\n<\/ul>\n<\/div>\n<\/div>\n<div class=\"tab js-tab\">\n<h3 class=\"tab-title pdp-tabs_title js-tab-mobile-title\"><span>Description<\/span><\/h3>\n<div class=\"tab-description pdp-tabs_description js-tab-description\" itemprop=\"description\">Cr\u00e8me colorante permanente inspir\u00e9e par le style parisien. Les nuances CONTRAST offrent des balayages ultralumineux en un seul proc\u00e9d\u00e9 d&rsquo;\u00e9claircissement et de coloration. Sans d\u00e9coloration pr\u00e9alable, m\u00eame sur une base fonc\u00e9e!Pour un r\u00e9sultat longue dur\u00e9e, tout en prot\u00e9geant la fibre capillaire. Sa formule unique donne aux cheveux une couleur intense et flamboyante. Retrouv\u00e9 qu\u2019un \u00e9clat naturel multi-tons.Notre derni\u00e8re g\u00e9n\u00e9ration de colorations permanentes est enrichie de trois ingr\u00e9dients protecteurs et nourrissants :\u2022 Glyc\u00e9rine &#8211; pour l\u2019hydratation et l\u2019\u00e9lasticit\u00e9\u2022 Pro-Vitamine B5 &#8211; pour nourrir et prot\u00e9ger la structure capillaire\u2022 Prot\u00e9ines de bl\u00e9 &#8211; pour la r\u00e9paration et la brillance<\/div>\n<\/div>\n<div class=\"tab js-tab\">\n<h3 class=\"tab-title pdp-tabs_title js-tab-mobile-title\"><span>Mode d&#8217;emploi<\/span><\/h3>\n<div class=\"tab-description pdp-tabs_description js-tab-description\">M\u00c9LANGE 1:1Les nuances CONTRAST sont m\u00e9lang\u00e9s dans un rapport 1:1 avec la Cr\u00e8me Oxydante 30 Vol. (9%) ou 40 Vol. (12 %) selon l\u2019intensit\u00e9\/le r\u00e9sultat d\u00e9sir\u00e9(e).APPLICATIONSur cheveux secs et propresTEMPS DE PAUSEJusqu&rsquo;\u00e0 35 minutes<\/div>\n<\/div>\n<div class=\"tab js-tab\">\n<h3 class=\"tab-title pdp-tabs_title js-tab-mobile-title\"><span>Ingr\u00e9dients<\/span><\/h3>\n<div class=\"tab-description pdp-tabs_description js-tab-description\">Aqua (Water\/Eau), Cetearyl Alcohol, Laureth-3, Petrolatum, Polysorbate 60, Ethanolamine, Ammonia, Propylene Glycol, Sorbitan Stearate, Oleic Acid, Cocamidopropyl Betaine, Glyceryl Isostearate, Cocos Nucifera Oil (Cocos Nucifera(Coconut) Oil), Sorbitan Oleate, Parfum (Fragrance), Cera Alba (Beeswax\/Cire d&rsquo;Abeille), Ceteareth-20, Simethicone, Etidronic Acid, Hydrogenated Castor Oil, Polyquaternium-22, Stearic Acid, Bisabolol, Tetrasodium EDTA, Palmitic Acid, Glycerin, Panthenol, Linalool, Citronellol, Hydrolyzed Wheat Protein, Basic Red 51, Basic Orange 31, Basic Yellow 87.<\/div>\n<\/div>\n<div class=\"tab js-tab\">\n<h3 class=\"tab-title pdp-tabs_title js-tab-mobile-title\"><span>Livraison et stock<\/span><\/h3>\n<div class=\"tab-description pdp-tabs_description js-tab-description\">\n<div class=\"pdp-delivery_info\">\n<div class=\"content-asset\"><a class=\"pdp-delivery_link\" href=\"\/livraison-delais\/\">Livraison et d\u00e9lais<\/a><a class=\"pdp-delivery_link\" href=\"\/retours-remboursements\/\">Retours et remboursements<\/a><\/div>\n<\/div>\n<\/div>\n<\/div>\n<\/div>\n<\/div>\n<\/div>\n","protected":false},"excerpt":{"rendered":"<p>Information importante : Combinez cette coloration avec un des oxydants L\u00f4m\u00e9 Paris. D\u00e9couvrez le mode&hellip;<\/p>\n","protected":false},"featured_media":19137,"comment_status":"open","ping_status":"closed","template":"","meta":[],"pwb-brand":[656],"product_cat":[386],"product_tag":[317,210,355],"class_list":{"0":"post-37610","1":"product","2":"type-product","3":"status-publish","4":"has-post-thumbnail","6":"pwb-brand-lome-paris","7":"product_cat-coloration-avec-ammoniaque","8":"product_tag-coloration","9":"product_tag-coloration-avec-ammoniaque","10":"product_tag-lome-paris","12":"first","13":"instock","14":"taxable","15":"shipping-taxable","16":"purchasable","17":"product-type-variable","18":"layout-style-3","19":"col-md-4 col-sm-4 col-xs-6","20":"col-lg-3","21":"product-has-gallery","22":"product-style-default"},"aioseo_notices":[],"brands":[{"id":656,"name":"L\u00f4m\u00e9 Paris","slug":"lome-paris"}],"_links":{"self":[{"href":"https:\/\/cheveuxluxe.com\/index.php\/wp-json\/wp\/v2\/product\/37610","targetHints":{"allow":["GET"]}}],"collection":[{"href":"https:\/\/cheveuxluxe.com\/index.php\/wp-json\/wp\/v2\/product"}],"about":[{"href":"https:\/\/cheveuxluxe.com\/index.php\/wp-json\/wp\/v2\/types\/product"}],"replies":[{"embeddable":true,"href":"https:\/\/cheveuxluxe.com\/index.php\/wp-json\/wp\/v2\/comments?post=37610"}],"version-history":[{"count":0,"href":"https:\/\/cheveuxluxe.com\/index.php\/wp-json\/wp\/v2\/product\/37610\/revisions"}],"wp:featuredmedia":[{"embeddable":true,"href":"https:\/\/cheveuxluxe.com\/index.php\/wp-json\/wp\/v2\/media\/19137"}],"wp:attachment":[{"href":"https:\/\/cheveuxluxe.com\/index.php\/wp-json\/wp\/v2\/media?parent=37610"}],"wp:term":[{"taxonomy":"pwb-brand","embeddable":true,"href":"https:\/\/cheveuxluxe.com\/index.php\/wp-json\/wp\/v2\/pwb-brand?post=37610"},{"taxonomy":"product_cat","embeddable":true,"href":"https:\/\/cheveuxluxe.com\/index.php\/wp-json\/wp\/v2\/product_cat?post=37610"},{"taxonomy":"product_tag","embeddable":true,"href":"https:\/\/cheveuxluxe.com\/index.php\/wp-json\/wp\/v2\/product_tag?post=37610"}],"curies":[{"name":"wp","href":"https:\/\/api.w.org\/{rel}","templated":true}]}}