{"id":37611,"date":"2024-04-14T14:34:47","date_gmt":"2024-04-14T14:34:47","guid":{"rendered":"https:\/\/cheveuxluxe.com\/?post_type=product&#038;p=37611"},"modified":"2024-04-14T14:36:15","modified_gmt":"2024-04-14T14:36:15","slug":"wella-professionals-koleston-perfect-coloration-permanente-80ml","status":"publish","type":"product","link":"https:\/\/cheveuxluxe.com\/index.php\/product\/wella-professionals-koleston-perfect-coloration-permanente-80ml\/","title":{"rendered":"Wella Professionals Koleston Perfect Coloration Permanente 80ml"},"content":{"rendered":"<div class=\"product-content_bottom\">\n<div class=\"pdp-info\">\n<div class=\"pdp-tabs tab-container\">\n<div class=\"tab js-tab\">\n<h3 class=\"tab-title pdp-tabs_title js-tab-mobile-title open\"><span>Points cl\u00e9s<\/span><\/h3>\n<div class=\"tab-description pdp-tabs_description js-tab-description open\" itemprop=\"description\">\n<ul>\n<li>Couleur intense<\/li>\n<li>Couverture uniforme<\/li>\n<li>Protection renforc\u00e9e<\/li>\n<li>Agents hydratants<\/li>\n<\/ul>\n<\/div>\n<\/div>\n<div class=\"tab js-tab\">\n<h3 class=\"tab-title pdp-tabs_title js-tab-mobile-title\"><span>Description<\/span><\/h3>\n<div class=\"tab-description pdp-tabs_description js-tab-description\" itemprop=\"description\">\n<p>Koleston Perfect renouvelle sa gamme de colorations permanentes \u00e0 utiliser avec un oxydant Welloxon Perfect ou Welloxon Perfect Pastel pour des pastellisations. Koleston Perfect ME+ est la premi\u00e8re marque de coloration capillaire professionnelle \u00e0 avoir d\u00e9velopp\u00e9 la technologie Pure Balance et la mol\u00e9cule ME+. Gr\u00e2ce \u00e0 la technologie Pure Balance, des r\u00e9sultats de couleur pure, intense et brillantes et des dommages significativement r\u00e9duits couleur apr\u00e8s couleur.**<\/p>\n<p>La technologie ME+ est une avanc\u00e9e technologique qui remplace les mol\u00e9cules PPD\/PPD, les mol\u00e9cules les plus utilis\u00e9es en coloration permanente, permettant ainsi de r\u00e9duire de 60X les risques de d\u00e9velopper une nouvelle allergie \u00e0 la coloration.* Le nouveau Koleston Perfect ME+ ne requiert aucun changement d&rsquo;habitude, uniquement des am\u00e9liorations: m\u00eame ratio de m\u00e9lange, m\u00eame temps de pose et m\u00eame couverture des cheveux blancs que l&rsquo;ancien Koleston Perfect, le tout avec un m\u00e9lange facilit\u00e9 et une application plus pr\u00e9cise.<\/p>\n<p>La gamme de soin INVIGO par Wella Professionals est recommand\u00e9e comme gamme post-traitement. M\u00eame si le risque de d\u00e9velopper de nouvelles allergies est r\u00e9duit il subsiste un risque de r\u00e9action allergique, qui peut s\u2019av\u00e9rer s\u00e9v\u00e8re. Si vous avez d\u00e9j\u00e0 pr\u00e9sent\u00e9 des r\u00e9actions allergiques \u00e0 des colorants capillaires, y compris \u00e0 la pPD et pTD, ne colorez pas vos cheveux.<\/p>\n<p>Toujours r\u00e9aliser un Test d\u2019Alerte d\u2019Allergie 48h avant chaque service couleur. Suivre scrupuleusement les consignes de s\u00e9curit\u00e9 et consulter www.wella.com\/fr. Si vous avez d\u00e9j\u00e0 eu une r\u00e9action allergique \u00e0 des colorants capillaires, ne colorez pas vos cheveux. ME+ est pr\u00e9sent dans des nuances des familles Pure Naturals, Rich Naturals, Vibrant Reds, Special Blonde et Deep Browns de la marque Koleston Perfect.<\/p>\n<p>\u00a0<\/p>\n<p>Pour consulter le nuancier,\u00a0<a href=\"https:\/\/www.pro-duo.fr\/on\/demandware.static\/-\/Sites-ProDuo_Retail_FR-Library\/default\/dwf980435f\/pdf\/KPME_Color_Chart_Poster.pdf\">cliquez ici<\/a>.<\/p>\n<p>\u00a0<\/p>\n<p>* POUR LES PERSONNES NON ALLERGIQUES \u00c0 DES COLORANTS CAPILLAIRES.<\/p>\n<p>** Par rapport \u00e0 Koleston Perfect actuel. Valable pour les nuances Koleston Perfect avec la Technologie Pure Balance.<\/p>\n<\/div>\n<\/div>\n<div class=\"tab js-tab\">\n<h3 class=\"tab-title pdp-tabs_title js-tab-mobile-title\"><span>Mode d&#8217;emploi<\/span><\/h3>\n<div class=\"tab-description pdp-tabs_description js-tab-description\">Notre conseil : associer Koleston Perfect \u00e0 Welloxon Perfect, pour un r\u00e9sultat hors pair?!<\/p>\n<p>Pour 3 tons d\u2019\u00e9claircissements : 1 part de Koleston, 1 part de Welloxon Perfect 12 %<br \/>Pour 2 tons d\u2019\u00e9claircissements : 1 part de Koleston, 1 part de Welloxon Perfect 9 %<br \/>Pour 1 ton d\u2019\u00e9claircissement, la couverture cheveux blancs, du ton sur ton ou pour foncer votre teinte : 1 part de Koleston Perfect,1 part de Welloxon Perfect 6%<br \/>Pour une coloration sp\u00e9ciale blonde : 1 part de Koleston Perfect, 2 parts de Welloxon Perfect 9 % ou 12 %<\/p>\n<p>Pour un ton sur ton ou pour foncer : humidifiez les cheveux, r\u00e9partissez et peignez de fa\u00e7on uniforme. Laissez reposer pendant 30 \u00e0 40 minutes sans chaleur, ou 15 \u00e0 25 avec.<\/p>\n<p>Pour un \u00e9claircissement : s\u2019il s\u2019agit d\u2019une t\u00eate enti\u00e8re, d\u2019une premi\u00e8re application, de mi-longueur ou des pointes, laissez reposer 20 minutes, avec ou sans chaleur. Pour une repousse, appliquez sur les racines, et comptez un temps de pause de 30 \u00e0 40 minutes sans chaleur (15 \u00e0 25 avec).<\/p><\/div>\n<\/div>\n<div class=\"tab js-tab\">\n<h3 class=\"tab-title pdp-tabs_title js-tab-mobile-title\"><span>Ingr\u00e9dients<\/span><\/h3>\n<div class=\"tab-description pdp-tabs_description js-tab-description\">Aqua, Water, Eau, Cetearyl Alcohol, Propylene Glycol, 2-Methoxymethyl-p-Phenylenediamine, Ammonia, Dicetyl Phosphate, Trisodium Ethylenediamine Disuccinate, Ceteth-10 Phosphate, Steareth-200, Resorcinol, Ammonium Sulfate, Sodium Sulfate, Xanthan Gum, Sodium Hydroxide, Sodium Sulfite, 2-Methylresorcinol, Ascorbic Acid, Parfum, Fragrance, 2-Methyl-5-Hydroxyethylaminophenol, Hydroxyethyl-3, 4-Methylenedioxyaniline HCl, CI 77891, Titanium Dioxide, Disodium EDTA, 2-Amino-6-Chloro-4-Nitrophenol, 1-Hexyl 4, 5-Diamino Pyrazole Sulfate<\/div>\n<\/div>\n<div class=\"tab js-tab\">\n<h3 class=\"tab-title pdp-tabs_title js-tab-mobile-title\"><span>Livraison et stock<\/span><\/h3>\n<div class=\"tab-description pdp-tabs_description js-tab-description\">\n<div class=\"pdp-delivery_info\">\n<div class=\"content-asset\"><a class=\"pdp-delivery_link\" href=\"\/livraison-delais\/\">Livraison et d\u00e9lais<\/a><a class=\"pdp-delivery_link\" href=\"\/retours-remboursements\/\">Retours et remboursements<\/a><\/div>\n<\/div>\n<\/div>\n<\/div>\n<div class=\"tab js-tab\">\n<h3 class=\"tab-title pdp-tabs_title js-tab-mobile-title\"><span>Pr\u00e9cautions d&#8217;emploi<\/span><\/h3>\n<div class=\"tab-description pdp-tabs_description js-tab-description\">A usage professionnel uniquement.<br \/>Ce produit de soin ou de cosm\u00e9tique est utilisable par les consommateurs et les autres utilisateurs sous r\u00e9serve d&rsquo;une utilisation raisonnable et respectueuse de la notice d&rsquo;utilisation.<br \/>Des informations suppl\u00e9mentaires sur les effets toxicologiques sont disponibles aupr\u00e8s du fabricant sur demande. Yeux: Eviter le contact avec les yeux.<br \/>Ce produit contient des ingr\u00e9dients qui peuvent provoquer des irritations oculaires s\u00e9v\u00e8res avec des risques de l\u00e9sions permanentes.<br \/>Peau: Peut causer des irritations cutan\u00e9es.<br \/>Selon la nature des exp\u00e9riences ant\u00e9rieures, une r\u00e9action identique peut-\u00eatre provoqu\u00e9e par l&rsquo;utilisation de ce produit de coloration. Inhalation: Eviter une inhalation prolong\u00e9e du produit. Ingestion: Le produit n&rsquo;est pas cens\u00e9 causer d&rsquo;irritation gastrointestinale.<br \/>Toutefois, le fait d&rsquo;ing\u00e9rer accidentellement le produit non dilu\u00e9 peut causer des irritations gastrointestinales l\u00e9g\u00e8res mais aussi des naus\u00e9es, des vomissants et la diarrh\u00e9e.<\/div>\n<\/div>\n<\/div>\n<\/div>\n<\/div>\n","protected":false},"excerpt":{"rendered":"<p>Points cl\u00e9s Couleur intense Couverture uniforme Protection renforc\u00e9e Agents hydratants Description Koleston Perfect renouvelle sa&hellip;<\/p>\n","protected":false},"featured_media":37627,"comment_status":"open","ping_status":"closed","template":"","meta":[],"pwb-brand":[648],"product_cat":[386],"product_tag":[317,210,323],"class_list":{"0":"post-37611","1":"product","2":"type-product","3":"status-publish","4":"has-post-thumbnail","6":"pwb-brand-wella-professionals","7":"product_cat-coloration-avec-ammoniaque","8":"product_tag-coloration","9":"product_tag-coloration-avec-ammoniaque","10":"product_tag-wella-professionals","12":"first","13":"instock","14":"taxable","15":"shipping-taxable","16":"purchasable","17":"product-type-variable","18":"layout-style-3","19":"col-md-4 col-sm-4 col-xs-6","20":"col-lg-3","21":"product-has-gallery","22":"product-style-default"},"aioseo_notices":[],"brands":[{"id":648,"name":"Wella Professionals","slug":"wella-professionals"}],"_links":{"self":[{"href":"https:\/\/cheveuxluxe.com\/index.php\/wp-json\/wp\/v2\/product\/37611","targetHints":{"allow":["GET"]}}],"collection":[{"href":"https:\/\/cheveuxluxe.com\/index.php\/wp-json\/wp\/v2\/product"}],"about":[{"href":"https:\/\/cheveuxluxe.com\/index.php\/wp-json\/wp\/v2\/types\/product"}],"replies":[{"embeddable":true,"href":"https:\/\/cheveuxluxe.com\/index.php\/wp-json\/wp\/v2\/comments?post=37611"}],"version-history":[{"count":0,"href":"https:\/\/cheveuxluxe.com\/index.php\/wp-json\/wp\/v2\/product\/37611\/revisions"}],"wp:featuredmedia":[{"embeddable":true,"href":"https:\/\/cheveuxluxe.com\/index.php\/wp-json\/wp\/v2\/media\/37627"}],"wp:attachment":[{"href":"https:\/\/cheveuxluxe.com\/index.php\/wp-json\/wp\/v2\/media?parent=37611"}],"wp:term":[{"taxonomy":"pwb-brand","embeddable":true,"href":"https:\/\/cheveuxluxe.com\/index.php\/wp-json\/wp\/v2\/pwb-brand?post=37611"},{"taxonomy":"product_cat","embeddable":true,"href":"https:\/\/cheveuxluxe.com\/index.php\/wp-json\/wp\/v2\/product_cat?post=37611"},{"taxonomy":"product_tag","embeddable":true,"href":"https:\/\/cheveuxluxe.com\/index.php\/wp-json\/wp\/v2\/product_tag?post=37611"}],"curies":[{"name":"wp","href":"https:\/\/api.w.org\/{rel}","templated":true}]}}