{"id":37916,"date":"2024-04-14T14:38:24","date_gmt":"2024-04-14T14:38:24","guid":{"rendered":"https:\/\/cheveuxluxe.com\/?post_type=product&#038;p=37916"},"modified":"2024-04-14T14:38:54","modified_gmt":"2024-04-14T14:38:54","slug":"loreal-professionnel-dia-color-4-60ml-2","status":"publish","type":"product","link":"https:\/\/cheveuxluxe.com\/index.php\/product\/loreal-professionnel-dia-color-4-60ml-2\/","title":{"rendered":"L&rsquo;Or\u00e9al Professionnel\u00a0Dia Color 4 60ml"},"content":{"rendered":"<div class=\"product-content_bottom\">\n<div class=\"pdp-info\">\n<div class=\"pdp-tabs tab-container\">\n<div class=\"tab js-tab\">\n<h3 class=\"tab-title pdp-tabs_title js-tab-mobile-title open\"><span>Points cl\u00e9s<\/span><\/h3>\n<div class=\"tab-description pdp-tabs_description js-tab-description open\" itemprop=\"description\">\n<ul>\n<li>Coloration gloss ton sur ton<\/li>\n<li>Jusqu&rsquo;\u00e0 92 % d&rsquo;origine naturelle.*<\/li>\n<li>Sans ammoniaque<\/li>\n<li>6 semaines de coloration gloss.**<\/li>\n<li>Jusqu\u2019\u00e0 70 % de couverture des cheveux blancs<\/li>\n<li>Produit destin\u00e9 \u00e0 un usage professionnel uniquement<\/li>\n<\/ul>\n<p>\u00a0<\/p>\n<\/div>\n<\/div>\n<div class=\"tab js-tab\">\n<h3 class=\"tab-title pdp-tabs_title js-tab-mobile-title\"><span>Description<\/span><\/h3>\n<div class=\"tab-description pdp-tabs_description js-tab-description\" itemprop=\"description\">\n<p>Coloration gloss ton-sur-ton. Jusqu&rsquo;\u00e0 92 % d&rsquo;origine naturelle.<\/p>\n<p>* Sans ammoniaque. 6 semaines de coloration gloss.<\/p>\n<p>** Jusqu\u2019\u00e0 70 % de couverture des cheveux blancs. Produit destin\u00e9 \u00e0 un usage professionnel uniquement. *% maximum d&rsquo;origine naturelle sur l&rsquo;ensemble des nuances de la gamme, avec un minimum de 84 %. Les autres ingr\u00e9dients sont importants pour la performance et la tenue de la coloration.<\/p>\n<p>**test instrumental et consommateurs<\/p>\n<\/div>\n<\/div>\n<div class=\"tab js-tab\">\n<h3 class=\"tab-title pdp-tabs_title js-tab-mobile-title\"><span>Mode d&#8217;emploi<\/span><\/h3>\n<div class=\"tab-description pdp-tabs_description js-tab-description\">\n<p>\u00c0 utiliser uniquement avec le r\u00e9v\u00e9lateur Dia. Avant chaque application, m\u00e9langer la coloration cr\u00e8me Dia color et le Diactivateur (m\u00e9lange 1:1,5). M\u00e9langer \u00e0 l&rsquo;aide d&rsquo;un fouet ou d&rsquo;un shaker jusqu&rsquo;\u00e0 l&rsquo;obtention d&rsquo;une texture homog\u00e8ne. Porter des gants jetables adapt\u00e9s. Ne pas utiliser d&rsquo;objets m\u00e9talliques (pinces, pinceaux&#8230;).<\/p>\n<p><strong><u>1\u00e8re application <\/u><\/strong>: appliquer sur cheveux secs et non lav\u00e9s \u00e0 l&rsquo;aide d&rsquo;un pinceau ou d&rsquo;un flacon applicateur sur les racines, les longueurs et les pointes.<\/p>\n<p><u><strong>Temps de pause :<\/strong><\/u> 20 minutes.<\/p>\n<p><strong><u>Applications ult\u00e9rieures :<\/u><\/strong> appliquer le m\u00e9lange uniquement sur les racines et laisser poser pendant 15 minutes. Appliquer ensuite sur les longueurs et les pointes et laisser pauser pendant 5 minutes. Dans certains cas, un rafra\u00eechissement avec une simple \u00e9mulsion suffit. \u00c9mulsionner et rincer. Apr\u00e8s le temps de pause, \u00e9mulsionner d\u00e9licatement pendant quelques minutes. Rincer abondamment jusqu&rsquo;\u00e0 ce que l&rsquo;eau soit claire. Terminer avec le shampoing Metal Detox sp\u00e9cifique pour cheveux color\u00e9s.<\/p>\n<\/div>\n<\/div>\n<div class=\"tab js-tab\">\n<h3 class=\"tab-title pdp-tabs_title js-tab-mobile-title\"><span>Ingr\u00e9dients<\/span><\/h3>\n<div class=\"tab-description pdp-tabs_description js-tab-description\">AQUA \/ WATER \/ EAU \u2022 CETEARYL ALCOHOL \u2022 ETHANOLAMINE \u2022 GLYCERIN \u2022 PROPANEDIOL \u2022 BUTYROSPERMUM PARKII BUTTER \/ SHEA BUTTER \u2022 OLEIC ACID \u2022 OLEYL ALCOHOL \u2022 TOLUENE-2,5-DIAMINE \u2022 COCO-GLUCOSIDE \u2022 m-AMINOPHENOL \u2022 HYDROXYBENZOMORPHOLINE \u2022 N,N-BIS(2-HYDROXYETHYL)-p-PHENYLENEDIAMINE SULFATE \u2022 SODIUM METABISULFITE \u2022 2,4-DIAMINOPHENOXYETHANOL HCL \u2022 PARFUM \/ FRAGRANCE \u2022 HYDROXYETHYL-3,4-METHYLENEDIOXYANILINE HCL \u2022 ASCORBIC ACID \u2022 TETRASODIUM GLUTAMATE DIACETATE \u2022 XANTHAN GUM \u2022 THIOGLYCERIN \u2022 SODIUM HYALURONATE \u2022 CITRIC ACID<\/div>\n<\/div>\n<div class=\"tab js-tab\">\n<h3 class=\"tab-title pdp-tabs_title js-tab-mobile-title\"><span>Livraison et stock<\/span><\/h3>\n<div class=\"tab-description pdp-tabs_description js-tab-description\">\n<div class=\"pdp-delivery_info\">\n<div class=\"content-asset\"><a class=\"pdp-delivery_link\" href=\"\/livraison-delais\/\">Livraison et d\u00e9lais<\/a><a class=\"pdp-delivery_link\" href=\"\/retours-remboursements\/\">Retours et remboursements<\/a><\/div>\n<\/div>\n<\/div>\n<\/div>\n<div class=\"tab js-tab\">\n<h3 class=\"tab-title pdp-tabs_title js-tab-mobile-title\"><span>Pr\u00e9cautions d&#8217;emploi<\/span><\/h3>\n<div class=\"tab-description pdp-tabs_description js-tab-description\">\n<p>CE PRODUIT N&rsquo;EST PAS DESTIN\u00c9 \u00c0 \u00caTRE UTILIS\u00c9 PAR DES PERSONNES DE MOINS DE 16 ANS. IL EST N\u00c9CESSAIRE DE FAIRE UN TEST D&rsquo;ALLERGIE 48 HEURES AVANT TOUT SERVICE DE COLORATION, LES ALLERGIES POUVANT SURVENIR SOUDAINEMENT M\u00caME SI VOUS AVEZ D\u00c9J\u00c0 UTILIS\u00c9 CE PRODUIT OU UN AUTRE PRODUIT DE COLORATION SUR VOTRE CLIENTE. IMPORTANT : LES COLORANTS CAPILLAIRES PEUVENT PROVOQUER DES R\u00c9ACTIONS ALLERGIQUES GRAVES. IL EST DONC N\u00c9CESSAIRE QUE VOUS ET VOTRE CLIENTE RESPECTIEZ LES PR\u00c9CAUTIONS SUIVANTES AFIN DE R\u00c9DUIRE LE RISQUE DE R\u00c9ACTION ALLERGIQUE : \u2022 PORTER DES GANTS JETABLES ADAPT\u00c9S<\/p>\n<p>Lors de la pr\u00e9paration, de l&rsquo;application et du rin\u00e7age du produit. \u2022 Les tatouages temporaires au henn\u00e9 noir peuvent entra\u00eener un risque accru de r\u00e9action allergique. \u2022 Ne colorez pas les cheveux si : &#8211; Votre cliente souffre d&rsquo;une \u00e9ruption cutan\u00e9e sur le visage ou d&rsquo;un cuir chevelu hypersensible, irrit\u00e9 ou ab\u00eem\u00e9 ; &#8211; Votre cliente a d\u00e9j\u00e0 eu une r\u00e9action apr\u00e8s une coloration ; &#8211; Votre cliente a d\u00e9j\u00e0 eu une r\u00e9action apr\u00e8s un tatouage temporaire au henn\u00e9 noir.<\/p>\n<p>COMMENT FAIRE LE TEST D&rsquo;ALLERGIE : Voir A. Conditions requises pour r\u00e9aliser le test : coton-tige, plaque (ne pas utiliser de version m\u00e9tallique). Pr\u00e9parer le m\u00e9lange test : \u00e0 l&rsquo;aide d&rsquo;un coton-tige, m\u00e9langer une petite quantit\u00e9 de produit colorant (1) et d&rsquo;oxydant (2) dans une proportion de 1:1 sur une petite plaque. Ne pas utiliser d&rsquo;objets m\u00e9talliques. Fermer soigneusement le produit de coloration et l&rsquo;oxydant. \u00c0 l&rsquo;aide du coton-tige, appliquer uniform\u00e9ment une quantit\u00e9 du m\u00e9lange test de la taille d&rsquo;un petit pois sur un morceau de peau de 2 cm sur 2 cm \u00e0 l&rsquo;int\u00e9rieur de l&rsquo;avant-bras. Laisser pauser le m\u00e9lange de test pendant 45 minutes sans laver ni toucher la zone ; \u00e9viter tout contact avec les v\u00eatements ; laver la zone de test avec de l&rsquo;eau apr\u00e8s 45 minutes et s\u00e9cher avec un kleenex propre. Si votre cliente remarque des r\u00e9actions cutan\u00e9es anormales lors de l&rsquo;application ou au cours des 48 heures suivantes, telles que des d\u00e9mangeaisons, des taches rouges, un gonflement sur ou autour de la zone de test, rincer imm\u00e9diatement la peau. Ne pas utiliser ce produit et conseiller \u00e0 vos clientes de consulter un m\u00e9decin avant d&rsquo;utiliser \u00e0 nouveau un produit de coloration.<\/p>\n<p>EN CAS DE R\u00c9ACTION LORS DE L&rsquo;APPLICATION, telle qu&rsquo;une forte sensation de picotement, une irritation cutan\u00e9e, une \u00e9ruption cutan\u00e9e ou une sensation de br\u00fblure sur le cuir chevelu, rincer imm\u00e9diatement et cesser l&rsquo;utilisation. En cas de difficult\u00e9s respiratoires, consulter imm\u00e9diatement un m\u00e9decin. Conseiller \u00e0 vos clientes de consulter un m\u00e9decin avant d&rsquo;utiliser \u00e0 nouveau un produit de coloration. Pr\u00e9venez votre cliente que si des d\u00e9mangeaisons, des rougeurs ou des \u00e9ruptions cutan\u00e9es sur la peau (de la t\u00eate), un gonflement autour des yeux et\/ou du visage, des cloques ou de l&rsquo;humidit\u00e9 sur la peau (de la t\u00eate) apparaissent<\/p>\n<p>DANS LES JOURS SUIVANT LE SERVICE DE COLORATION, il est recommand\u00e9 de consulter un m\u00e9decin. \u2022 Tenir hors de port\u00e9e des enfants. \u2022 N&rsquo;utiliser que l&rsquo;oxydant recommand\u00e9 : 6 volumes (1,8 %), 9 volumes (2,7 %), 15 volumes (4,5 %) maximum. \/ Ne pas utiliser avec du peroxyde d&rsquo;hydrog\u00e8ne \u00e0 plus de 15 volumes (4,5 %). \u2022 Respecter les proportions sp\u00e9cifi\u00e9es. \u2022 \u00c9viter tout contact du produit avec la peau et les yeux. Ne pas utiliser pour la coloration de la barbe ou de l<\/p>\n<\/div>\n<\/div>\n<\/div>\n<\/div>\n<\/div>\n","protected":false},"excerpt":{"rendered":"<p>Points cl\u00e9s Coloration gloss ton sur ton Jusqu&rsquo;\u00e0 92 % d&rsquo;origine naturelle.* Sans ammoniaque 6&hellip;<\/p>\n","protected":false},"featured_media":34735,"comment_status":"open","ping_status":"closed","template":"","meta":[],"pwb-brand":[649],"product_cat":[387],"product_tag":[317,216,325],"class_list":{"0":"post-37916","1":"product","2":"type-product","3":"status-publish","4":"has-post-thumbnail","6":"pwb-brand-loreal-professionnel","7":"product_cat-coloration-sans-ammoniaque","8":"product_tag-coloration","9":"product_tag-coloration-sans-ammoniaque","10":"product_tag-loreal-professionnel","12":"first","13":"instock","14":"taxable","15":"shipping-taxable","16":"purchasable","17":"product-type-variable","18":"layout-style-3","19":"col-md-4 col-sm-4 col-xs-6","20":"col-lg-3","21":"product-has-gallery","22":"product-style-default"},"aioseo_notices":[],"brands":[{"id":649,"name":"L'Or\u00e9al Professionnel","slug":"loreal-professionnel"}],"_links":{"self":[{"href":"https:\/\/cheveuxluxe.com\/index.php\/wp-json\/wp\/v2\/product\/37916","targetHints":{"allow":["GET"]}}],"collection":[{"href":"https:\/\/cheveuxluxe.com\/index.php\/wp-json\/wp\/v2\/product"}],"about":[{"href":"https:\/\/cheveuxluxe.com\/index.php\/wp-json\/wp\/v2\/types\/product"}],"replies":[{"embeddable":true,"href":"https:\/\/cheveuxluxe.com\/index.php\/wp-json\/wp\/v2\/comments?post=37916"}],"version-history":[{"count":0,"href":"https:\/\/cheveuxluxe.com\/index.php\/wp-json\/wp\/v2\/product\/37916\/revisions"}],"wp:featuredmedia":[{"embeddable":true,"href":"https:\/\/cheveuxluxe.com\/index.php\/wp-json\/wp\/v2\/media\/34735"}],"wp:attachment":[{"href":"https:\/\/cheveuxluxe.com\/index.php\/wp-json\/wp\/v2\/media?parent=37916"}],"wp:term":[{"taxonomy":"pwb-brand","embeddable":true,"href":"https:\/\/cheveuxluxe.com\/index.php\/wp-json\/wp\/v2\/pwb-brand?post=37916"},{"taxonomy":"product_cat","embeddable":true,"href":"https:\/\/cheveuxluxe.com\/index.php\/wp-json\/wp\/v2\/product_cat?post=37916"},{"taxonomy":"product_tag","embeddable":true,"href":"https:\/\/cheveuxluxe.com\/index.php\/wp-json\/wp\/v2\/product_tag?post=37916"}],"curies":[{"name":"wp","href":"https:\/\/api.w.org\/{rel}","templated":true}]}}