{"id":38156,"date":"2024-04-14T14:40:26","date_gmt":"2024-04-14T14:40:26","guid":{"rendered":"https:\/\/cheveuxluxe.com\/?post_type=product&#038;p=38156"},"modified":"2024-04-14T14:40:55","modified_gmt":"2024-04-14T14:40:55","slug":"vitalitys-zero-vegan-100ml-2","status":"publish","type":"product","link":"https:\/\/cheveuxluxe.com\/index.php\/product\/vitalitys-zero-vegan-100ml-2\/","title":{"rendered":"Vitality&rsquo;s Zero Vegan 100ml"},"content":{"rendered":"<div class=\"product-content_bottom\">\n<div class=\"pdp-info\">\n<div class=\"pdp-delivery_information\"><span class=\"pdp-delivery_label\">Information importante :<\/span> <\/p>\n<p>Combinez cette coloration avec un des oxydant Zero Vegan.<\/p>\n<ul>\n<li><a href=\"https:\/\/www.pro-duo.fr\/coiffure\/coloration-technique\/oxydant\/oxydant-sans-ammoniaque\/vitality%27s-zero-vegan-activateur-5.4%25-18vol-1l\/VR051751.html\">Vitality&rsquo;s Zero Vegan Activateur 5.4%-18Vol 1L<\/a><\/li>\n<li><a href=\"https:\/\/www.pro-duo.fr\/coiffure\/coloration-technique\/oxydant\/oxydant-sans-ammoniaque\/vitality%27s-zero-vegan-activateur-7.5%25-25vol-1l\/VR051752.html\">Vitality&rsquo;s Zero Vegan Activateur 7.5%-25Vol 1L<\/a><\/li>\n<li><a href=\"https:\/\/www.pro-duo.fr\/coiffure\/coloration-technique\/oxydant\/oxydant-sans-ammoniaque\/vitality%27s-zero-vegan-activateur-11.4%25-38vol-1l\/VR051753.html\">Vitality&rsquo;s Zero Vegan Activateur 11.4%-38Vol 1L<\/a><\/li>\n<\/ul>\n<p>D\u00e9couvrez le Mode d&#8217;emploi ci-dessous pour plus de d\u00e9tails.<\/p>\n<\/div>\n<div class=\"pdp-tabs tab-container\">\n<div class=\"tab js-tab\">\n<h3 class=\"tab-title pdp-tabs_title js-tab-mobile-title open\"><span>Points cl\u00e9s<\/span><\/h3>\n<div class=\"tab-description pdp-tabs_description js-tab-description open\" itemprop=\"description\">\n<ul>\n<li>Shine complex : couleur nuanc\u00e9e, pleine et lumineuse<\/li>\n<li>Sweet protection : restructure en douceur<\/li>\n<li>Limite les risques d\u2019irritations et d\u2019allergies<\/li>\n<li>Sans ammoniaque<\/li>\n<li>Avec PTD<\/li>\n<li>L\u00e9ger et parfum\u00e9<\/li>\n<\/ul>\n<\/div>\n<\/div>\n<div class=\"tab js-tab\">\n<h3 class=\"tab-title pdp-tabs_title js-tab-mobile-title\"><span>Description<\/span><\/h3>\n<div class=\"tab-description pdp-tabs_description js-tab-description\" itemprop=\"description\">Zero Colour &#8211; Ammonia Free, Vegan, Organic Extracts<\/p>\n<p>3 piliers de la technologie zero colour diamond skin protection<br \/>-Limite les risques d\u2019irritations et d\u2019allergies : Le DSP, compos\u00e9 organique aux propri\u00e9t\u00e9s hydratantes, contribue \u00e0 prot\u00e9ger le cuir chevelu de l\u2019agression des colorants sans alt\u00e9rer leur efficacit\u00e9.<br \/>-Shine complex : couleur nuanc\u00e9e, pleine et lumineuse. Cocktail de principes actifs qui apporte aux cheveux une brillance et une tenue de la couleur sans \u00e9gal.<br \/>-Sweet protection : restructure en douceur. M\u00e9lange de prot\u00e9ines v\u00e9g\u00e9tales aux propri\u00e9t\u00e9s restructurantes et de tensioactifs doux qui gainent et lissent le cheveu.<\/p>\n<p>3 cl\u00e9s de la douceur zero colour<br \/>-Sans ammoniaque : Jusqu\u2019\u00e0 4 tons d\u2019\u00e9claircissement en toute s\u00e9curit\u00e9 pour le cheveu.<br \/>-Avec PTD : Zero Colour a remplac\u00e9 la PPD par la PTD, beaucoup mieux tol\u00e9r\u00e9e y compris par les personnes sensibles.<br \/>-L\u00e9ger et parfum\u00e9 : Une texture douce et cr\u00e9meuse d\u00e9licatement parfum\u00e9e avec des notes fleuries de violettes et d\u2019ilangilang.<\/div>\n<\/div>\n<div class=\"tab js-tab\">\n<h3 class=\"tab-title pdp-tabs_title js-tab-mobile-title\"><span>Mode d&#8217;emploi<\/span><\/h3>\n<div class=\"tab-description pdp-tabs_description js-tab-description\">PREPARATION :<br \/>Pour la s\u00e9rie de 1 \u00e0 10, m\u00e9langer dans un r\u00e9cipient non m\u00e9tallique, 50 ml de cr\u00e8me colorante Zero avec 50 ml d\u2019Activateur sp\u00e9cifique Zero choisi en fonction du r\u00e9sultat d\u00e9sir\u00e9.<br \/>M\u00e9langer jusqu\u2019\u00e0 l\u2019obtention d\u2019une cr\u00e8me homog\u00e8ne.<\/p>\n<p>APPLICATION :<br \/>Premi\u00e8re coloration. Appliquer en commen\u00e7ant par la partie post\u00e9rieure de la t\u00eate \u00e0 deux centim\u00e8tres de la base, sur les longueurs et sur les points, pause 15 minutes.<br \/>Passer successivement \u00e0 la base. Pause de 20 minutes.<\/p>\n<p>Applications suivantes : appliquer en commen\u00e7ant par les racines et laisser en pause pendant 25 minutes.<br \/>Allonger en \u00e9mulsion sur les longueurs et points pendant 5 \u2013 10 minutes.<\/div>\n<\/div>\n<div class=\"tab js-tab\">\n<h3 class=\"tab-title pdp-tabs_title js-tab-mobile-title\"><span>Ingr\u00e9dients<\/span><\/h3>\n<div class=\"tab-description pdp-tabs_description js-tab-description\">Aqua (Water), Cetearyl alcohol, Ethanolamine, Oleamide DEA, PEG-40 castor oil, Sodium cetearyl sulfate, C12-13 alkyl lactate, Isostearyl isostearate, Bisabolol, Sodium cocoyl hydrolyzed wheat protein, Aloe barbadensis leaf extract, Thymus vulgaris extract, Equisetum arvense extract, Camellia sinensis (Green tea) leaf extract, Sodium PCA, Glycerin, Althaea officinalis root extract, Oleyl alcohol, Sodium bisulfite, Erythorbic acid, Tetrasodium EDTA, TEA lauryl sulfate, Sodium laureth sulfate, Acrylates copolymer, Ceteareth-30, Parfum (Fragrance). +\/- : 2-Amino-3-hydroxypyridine, m-Aminophenol, 4-Chlororesorcinol, 2-Amino-4-hydroxyethylaminoanisole sulfate, Toluene-2,5-diamine sulfate, 4-Amino-2-hydroxytoluene, p-Aminophenol, Resorcinol, 2,4-Diaminophenoxyethanol HCL, 1-Naphthol, 2-Methyl-5-hydroxyethylaminophenol , N,N-bis(2-hydroxyethyl)-p-phenylenediamine sulfate, 2-Methylresorcinol, p-Methylaminophenol sulfate, 2,6-Dihydroxy-3,4-dimethylpyridine, 1-Hydroxyethyl 4,5-diamino pyrazole sulfate<\/div>\n<\/div>\n<div class=\"tab js-tab\">\n<h3 class=\"tab-title pdp-tabs_title js-tab-mobile-title\"><span>Livraison et stock<\/span><\/h3>\n<div class=\"tab-description pdp-tabs_description js-tab-description\">\n<div class=\"pdp-delivery_info\">\n<div class=\"content-asset\"><a class=\"pdp-delivery_link\" href=\"\/livraison-delais\/\">Livraison et d\u00e9lais<\/a><a class=\"pdp-delivery_link\" href=\"\/retours-remboursements\/\">Retours et remboursements<\/a><\/div>\n<\/div>\n<\/div>\n<\/div>\n<div class=\"tab js-tab\">\n<h3 class=\"tab-title pdp-tabs_title js-tab-mobile-title\"><span>Pr\u00e9cautions d&#8217;emploi<\/span><\/h3>\n<div class=\"tab-description pdp-tabs_description js-tab-description\">Coloration pour cheveux r\u00e9serv\u00e9e aux professionnels.<br \/>Les colorants capillaires peuvent provoquer des r\u00e9actions allergiques s\u00e9v\u00e8res.<br \/>Lire et suivre les instructions.<br \/>Ce produit n\u2019est pas destin\u00e9 \u00e0 \u00eatre utilis\u00e9 sur les personnes de moins de 16 ans.<br \/>Les tatouages temporaires noirs \u00e0 base de henn\u00e9 peuvent augmenter le risque d\u2019allergie.<br \/>Ne vous colorez pas les cheveux si: vous pr\u00e9sentez une \u00e9ruption cutan\u00e9e sur le visage ou si votre cuir chevelu est sensible, irrit\u00e9 ou ab\u00eem\u00e9, vous avez d\u00e9j\u00e0 fait une r\u00e9action apr\u00e8s avoir color\u00e9 vos cheveux, vous avez fait par le pass\u00e9 une r\u00e9action \u00e0 un tatouage temporaire noir \u00e0 base de henn\u00e9.<br \/>Porter des gants ad\u00e9quats.<br \/>Ne pas employer pour la coloration des cils et des sourcils.<br \/>Si le produit entre en contact avec les yeux, rincer imm\u00e9diatement.<br \/>Bien rincer les cheveux apr\u00e8s l\u2019application.<br \/>Tenir \u00e9loign\u00e9 de la port\u00e9e des enfants.<br \/>Avant l\u2019application, il est conseill\u00e9 de r\u00e9aliser un essai de sensibilit\u00e9.<\/div>\n<\/div>\n<\/div>\n<\/div>\n<\/div>\n","protected":false},"excerpt":{"rendered":"<p>Information importante : Combinez cette coloration avec un des oxydant Zero Vegan. Vitality&rsquo;s Zero Vegan&hellip;<\/p>\n","protected":false},"featured_media":18276,"comment_status":"open","ping_status":"closed","template":"","meta":[],"pwb-brand":[651],"product_cat":[387],"product_tag":[317,216,333],"class_list":{"0":"post-38156","1":"product","2":"type-product","3":"status-publish","4":"has-post-thumbnail","6":"pwb-brand-vitalitys","7":"product_cat-coloration-sans-ammoniaque","8":"product_tag-coloration","9":"product_tag-coloration-sans-ammoniaque","10":"product_tag-vitalitys","12":"first","13":"instock","14":"taxable","15":"shipping-taxable","16":"purchasable","17":"product-type-variable","18":"layout-style-3","19":"col-md-4 col-sm-4 col-xs-6","20":"col-lg-3","21":"product-has-gallery","22":"product-style-default"},"aioseo_notices":[],"brands":[{"id":651,"name":"Vitality's","slug":"vitalitys"}],"_links":{"self":[{"href":"https:\/\/cheveuxluxe.com\/index.php\/wp-json\/wp\/v2\/product\/38156","targetHints":{"allow":["GET"]}}],"collection":[{"href":"https:\/\/cheveuxluxe.com\/index.php\/wp-json\/wp\/v2\/product"}],"about":[{"href":"https:\/\/cheveuxluxe.com\/index.php\/wp-json\/wp\/v2\/types\/product"}],"replies":[{"embeddable":true,"href":"https:\/\/cheveuxluxe.com\/index.php\/wp-json\/wp\/v2\/comments?post=38156"}],"version-history":[{"count":0,"href":"https:\/\/cheveuxluxe.com\/index.php\/wp-json\/wp\/v2\/product\/38156\/revisions"}],"wp:featuredmedia":[{"embeddable":true,"href":"https:\/\/cheveuxluxe.com\/index.php\/wp-json\/wp\/v2\/media\/18276"}],"wp:attachment":[{"href":"https:\/\/cheveuxluxe.com\/index.php\/wp-json\/wp\/v2\/media?parent=38156"}],"wp:term":[{"taxonomy":"pwb-brand","embeddable":true,"href":"https:\/\/cheveuxluxe.com\/index.php\/wp-json\/wp\/v2\/pwb-brand?post=38156"},{"taxonomy":"product_cat","embeddable":true,"href":"https:\/\/cheveuxluxe.com\/index.php\/wp-json\/wp\/v2\/product_cat?post=38156"},{"taxonomy":"product_tag","embeddable":true,"href":"https:\/\/cheveuxluxe.com\/index.php\/wp-json\/wp\/v2\/product_tag?post=38156"}],"curies":[{"name":"wp","href":"https:\/\/api.w.org\/{rel}","templated":true}]}}