{"id":38186,"date":"2024-04-14T14:40:41","date_gmt":"2024-04-14T14:40:41","guid":{"rendered":"https:\/\/cheveuxluxe.com\/?post_type=product&#038;p=38186"},"modified":"2024-04-14T14:41:26","modified_gmt":"2024-04-14T14:41:26","slug":"wella-professionals-shinefinity-gloss-vernis-colore-longue-tenue-60-ml-2","status":"publish","type":"product","link":"https:\/\/cheveuxluxe.com\/index.php\/product\/wella-professionals-shinefinity-gloss-vernis-colore-longue-tenue-60-ml-2\/","title":{"rendered":"Wella Professionals Shinefinity Gloss Vernis Color\u00e9 Longue Tenue 60\u00a0ml"},"content":{"rendered":"<div class=\"product-content_bottom\">\n<div class=\"pdp-info\">\n<div class=\"pdp-tabs tab-container\">\n<div class=\"tab js-tab\">\n<h3 class=\"tab-title pdp-tabs_title js-tab-mobile-title open\"><span>Points cl\u00e9s<\/span><\/h3>\n<div class=\"tab-description pdp-tabs_description js-tab-description open\" itemprop=\"description\">\n<ul>\n<li>Shinefinity Z\u00e9ro Lift Glaze<\/li>\n<li>ZERO \u00c9claircissement<\/li>\n<li>ZERO Dommages aux cheveux<\/li>\n<li>Durabilit\u00e9 jusqu&rsquo;\u00e0 20 shampooings<\/li>\n<li>Exempt d&rsquo;ingr\u00e9dients d&rsquo;origine animale<\/li>\n<\/ul>\n<\/div>\n<\/div>\n<div class=\"tab js-tab\">\n<h3 class=\"tab-title pdp-tabs_title js-tab-mobile-title\"><span>Description<\/span><\/h3>\n<div class=\"tab-description pdp-tabs_description js-tab-description\" itemprop=\"description\">\n<p>Shinefinity par Wella Professionals, ressentez la brillance au bout de vos doigts. La nouvelle coloration semi-permanente translucide, pour z\u00e9ro \u00e9claircissement, z\u00e9ro dommages et une tenue jusqu\u2019\u00e0 6 semaines*. Offre un r\u00e9sultat de couleur homog\u00e8ne m\u00eame sur cheveux poreux gr\u00e2ce \u00e0 une formule clean et une technologie au pH \u00e9quilibr\u00e9 dans une texture gel cr\u00e8me qui ne coule pas. Packaging \u00e9coresponsable fabriqu\u00e9 \u00e0 partir d\u2019aluminium 100 % recycl\u00e9, de carton \u00e0 85 % recycl\u00e9 et de plastique 100 % recycl\u00e9. Utilisez les activateurs flacon applicateur ou bol &amp; pinceau pour une application optimis\u00e9e.<\/p>\n<p>Pour consulter le nuancier,\u00a0<a href=\"https:\/\/www.pro-duo.fr\/on\/demandware.static\/-\/Sites-ProDuo_Retail_FR-Library\/default\/dwcae74ec8\/pdf\/Shinefinity_Produo_Leaflet_A5_EN.PDF#page=3\">cliquez ici<\/a>.<\/p>\n<p>*Sur cheveux lav\u00e9s 3 fois\/semaine.<\/p>\n<\/div>\n<\/div>\n<div class=\"tab js-tab\">\n<h3 class=\"tab-title pdp-tabs_title js-tab-mobile-title\"><span>Mode d&#8217;emploi<\/span><\/h3>\n<div class=\"tab-description pdp-tabs_description js-tab-description\">RATIO DE MELANGE : M\u00e9langez en 1+1 avec les activateurs SHINEFINITY. N&rsquo;utilisez pas un autre oxydant, vous perdrez le b\u00e9n\u00e9fice de la technologie au pH \u00e9quilibr\u00e9 et les r\u00e9sultats couleur seront impr\u00e9visibles.<\/p>\n<p>APPLICATION\u00a0: Porter des gants adapt\u00e9s. Le m\u00e9lange peut \u00eatre appliqu\u00e9 \u00e0 l\u2019aide du flacon applicateur ou du bol &amp; pinceau. Appliquer SHINEFINITY uniform\u00e9ment sur cheveux lav\u00e9s et pr\u00e9-s\u00e9ch\u00e9s \u00e0 la serviette. Astuce\u00a0: pour encore plus d\u2019intensit\u00e9, appliquer le m\u00e9lange directement sur cheveux secs.<\/p>\n<p>TEMPS DE PAUSE\u00a0: Sans chaleur\u00a0: jusqu\u2019\u00e0 20\u00a0minutes. Pour un r\u00e9sultat plus intense, laisser pauser sous chaleur\u00a0: 15\u00a0minutes.<\/p>\n<p>EN REPOUSSE\u00a0: Sur la repousse visible, appliquer d\u2019abord sur le 1er cm de la repousse, pour un r\u00e9sultat fondu.<\/p>\n<p>SUR LES LONGUEURS ET POINTES\u00a0: Pour un r\u00e9sultat intense\u00a0: appliquer la nuance sur les mi-longueurs et les pointes. Laisser agir pendant la totalit\u00e9 du temps de pause. Pour un r\u00e9sultat plus doux\u00a0: apr\u00e8s 15\u00a0minutes, r\u00e9partir la coloration au peigne de la repousse jusqu\u2019aux mi-longueurs et pointes, puis laisser pauser pendant encore 5\u00a0minutes. Peut \u00eatre appliqu\u00e9 sur les longueurs et les pointes en allongement lors de l\u2019utilisation de Koleston Perfect ou Illumina Color sur les repousses si d\u00e9sir\u00e9.<\/p><\/div>\n<\/div>\n<div class=\"tab js-tab\">\n<h3 class=\"tab-title pdp-tabs_title js-tab-mobile-title\"><span>Ingr\u00e9dients<\/span><\/h3>\n<div class=\"tab-description pdp-tabs_description js-tab-description\">Aqua\/Water\/Eau, Propylene Glycol, Cetearyl Alcohol, Trisodium Ethylenediamine Disuccinate, Sodium Sulfate, Ethanolamine, Mica, Sodium Sulfite, Dicetyl Phosphate, Ascorbic Acid, Parfum\/Fragrance,Ceteth-10 Phosphate, Steareth-200, Citric Acid, Xanthan Gum, Sodium Hydroxide, Disodium EDTA,Titanium Dioxide<\/div>\n<\/div>\n<div class=\"tab js-tab\">\n<h3 class=\"tab-title pdp-tabs_title js-tab-mobile-title\"><span>Livraison et stock<\/span><\/h3>\n<div class=\"tab-description pdp-tabs_description js-tab-description\">\n<div class=\"pdp-delivery_info\">\n<div class=\"content-asset\"><a class=\"pdp-delivery_link\" href=\"\/livraison-delais\/\">Livraison et d\u00e9lais<\/a><a class=\"pdp-delivery_link\" href=\"\/retours-remboursements\/\">Retours et remboursements<\/a><\/div>\n<\/div>\n<\/div>\n<\/div>\n<div class=\"tab js-tab\">\n<h3 class=\"tab-title pdp-tabs_title js-tab-mobile-title\"><span>Pr\u00e9cautions d&#8217;emploi<\/span><\/h3>\n<div class=\"tab-description pdp-tabs_description js-tab-description\">Pour usage professionnel uniquement. Ce produit de soin ou de cosm\u00e9tique est utilisable par les consommateurs et les autres utilisateurs sous r\u00e9serve d&rsquo;une utilisation raisonnable et respectueuse de la notice d&rsquo;utilisation. Des informations suppl\u00e9mentaires sur les effets toxicologiques sont disponibles aupr\u00e8s du fabricant sur demande. Yeux: Eviter le contact avec les yeux. Ce produit contient des ingr\u00e9dients qui peuvent provoquer des irritations oculaires s\u00e9v\u00e8res avec des risques de l\u00e9sions permanentes. Peau: Peut causer des irritations cutan\u00e9es. Selon la nature des exp\u00e9riences ant\u00e9rieures, une r\u00e9action identique peut-\u00eatre provoqu\u00e9e par l&rsquo;utilisation de ce produit de coloration. Inhalation: Eviter une inhalation prolong\u00e9e du produit. Ingestion: Le produit n&rsquo;est pas cens\u00e9 causer d&rsquo;irritation gastrointestinale. Toutefois, le fait d&rsquo;ing\u00e9rer accidentellement le produit non dilu\u00e9 peut causer des irritations gastrointestinales l\u00e9g\u00e8res mais aussi des naus\u00e9es, des vomissants et la diarrh\u00e9e.<\/div>\n<\/div>\n<\/div>\n<\/div>\n<\/div>\n","protected":false},"excerpt":{"rendered":"<p>Points cl\u00e9s Shinefinity Z\u00e9ro Lift Glaze ZERO \u00c9claircissement ZERO Dommages aux cheveux Durabilit\u00e9 jusqu&rsquo;\u00e0 20&hellip;<\/p>\n","protected":false},"featured_media":35105,"comment_status":"open","ping_status":"closed","template":"","meta":[],"pwb-brand":[648],"product_cat":[387],"product_tag":[317,216,323],"class_list":{"0":"post-38186","1":"product","2":"type-product","3":"status-publish","4":"has-post-thumbnail","6":"pwb-brand-wella-professionals","7":"product_cat-coloration-sans-ammoniaque","8":"product_tag-coloration","9":"product_tag-coloration-sans-ammoniaque","10":"product_tag-wella-professionals","12":"first","13":"instock","14":"taxable","15":"shipping-taxable","16":"purchasable","17":"product-type-variable","18":"layout-style-3","19":"col-md-4 col-sm-4 col-xs-6","20":"col-lg-3","21":"product-has-gallery","22":"product-style-default"},"aioseo_notices":[],"brands":[{"id":648,"name":"Wella Professionals","slug":"wella-professionals"}],"_links":{"self":[{"href":"https:\/\/cheveuxluxe.com\/index.php\/wp-json\/wp\/v2\/product\/38186","targetHints":{"allow":["GET"]}}],"collection":[{"href":"https:\/\/cheveuxluxe.com\/index.php\/wp-json\/wp\/v2\/product"}],"about":[{"href":"https:\/\/cheveuxluxe.com\/index.php\/wp-json\/wp\/v2\/types\/product"}],"replies":[{"embeddable":true,"href":"https:\/\/cheveuxluxe.com\/index.php\/wp-json\/wp\/v2\/comments?post=38186"}],"version-history":[{"count":0,"href":"https:\/\/cheveuxluxe.com\/index.php\/wp-json\/wp\/v2\/product\/38186\/revisions"}],"wp:featuredmedia":[{"embeddable":true,"href":"https:\/\/cheveuxluxe.com\/index.php\/wp-json\/wp\/v2\/media\/35105"}],"wp:attachment":[{"href":"https:\/\/cheveuxluxe.com\/index.php\/wp-json\/wp\/v2\/media?parent=38186"}],"wp:term":[{"taxonomy":"pwb-brand","embeddable":true,"href":"https:\/\/cheveuxluxe.com\/index.php\/wp-json\/wp\/v2\/pwb-brand?post=38186"},{"taxonomy":"product_cat","embeddable":true,"href":"https:\/\/cheveuxluxe.com\/index.php\/wp-json\/wp\/v2\/product_cat?post=38186"},{"taxonomy":"product_tag","embeddable":true,"href":"https:\/\/cheveuxluxe.com\/index.php\/wp-json\/wp\/v2\/product_tag?post=38186"}],"curies":[{"name":"wp","href":"https:\/\/api.w.org\/{rel}","templated":true}]}}