{"id":38247,"date":"2024-04-14T14:41:12","date_gmt":"2024-04-14T14:41:12","guid":{"rendered":"https:\/\/cheveuxluxe.com\/?post_type=product&#038;p=38247"},"modified":"2024-04-14T14:41:41","modified_gmt":"2024-04-14T14:41:41","slug":"redken-shades-eq-bonder-inside-60ml-2","status":"publish","type":"product","link":"https:\/\/cheveuxluxe.com\/index.php\/product\/redken-shades-eq-bonder-inside-60ml-2\/","title":{"rendered":"Redken Shades EQ Bonder Inside 60ml"},"content":{"rendered":"<div class=\"product-content_bottom\">\n<div class=\"pdp-info\">\n<div class=\"pdp-tabs tab-container\">\n<div class=\"tab js-tab\">\n<h3 class=\"tab-title pdp-tabs_title js-tab-mobile-title open\"><span>Points cl\u00e9s<\/span><\/h3>\n<div class=\"tab-description pdp-tabs_description js-tab-description open\" itemprop=\"description\">\n<ul>\n<li>Coloration ton sur ton au pH acide enrichi en prot\u00e9ines de bl\u00e9, sans ammoniaque avec du Bonder int\u00e9gr\u00e9 pour un confort optimal<\/li>\n<li>Z\u00e9ro sensibilisation<\/li>\n<li>Id\u00e9al pour raviver une couleur ou apporter un effet ultra-glossy<\/li>\n<li>Parfait pour les blondes ultra sensibilis\u00e9es<\/li>\n<\/ul>\n<\/div>\n<\/div>\n<div class=\"tab js-tab\">\n<h3 class=\"tab-title pdp-tabs_title js-tab-mobile-title\"><span>Description<\/span><\/h3>\n<div class=\"tab-description pdp-tabs_description js-tab-description\" itemprop=\"description\">Shades EQ Bonder Inside est une coloration ton sur ton liquide au pH acide avec du Bonder int\u00e9gr\u00e9.<br \/>Shades EQ Bonder est pr\u00e9dos\u00e9 dans la formule pour une formulation rapide et sans compromis.<br \/>Enrichie en prot\u00e9ines de bl\u00e9, c&rsquo;est la coloration qui se prend pour un soin. Elle garantit un traitement en douceur pour un effet revitalisant et une brillance miroir.<\/p>\n<p>Z\u00e9ro sensibilisation, z\u00e9ro \u00e9claircissement, elle estompe jusqu&rsquo;\u00e0 30% des cheveux blancs.<br \/>Sans ammoniaque pour un confort optimal et une odeur agr\u00e9able. pH acide (pour refermer les \u00e9cailles du cheveu).<br \/>Shades EQ Gloss offre un r\u00e9sultat ultra-brillant et naturel qui s\u2019estompe comme un bronzage.<br \/>Visible sur cheveux naturels, m\u00e9ch\u00e9s et color\u00e9s.<\/p>\n<p>Neutralise les reflets ind\u00e9sirables, patine les cheveux blonds, permet d&rsquo;allonger les colorations permanentes Redken, rehausse ou modifie l&rsquo;intensit\u00e9 d&rsquo;une couleur naturelle ou ajoute un effet gloss.<\/p><\/div>\n<\/div>\n<div class=\"tab js-tab\">\n<h3 class=\"tab-title pdp-tabs_title js-tab-mobile-title\"><span>Mode d&#8217;emploi<\/span><\/h3>\n<div class=\"tab-description pdp-tabs_description js-tab-description\">Appliquer sur cheveux lav\u00e9s et essor\u00e9s.<br \/>Dosage 1:1 (60ml de produit pour 60ml d&rsquo;Oxydant) Oxydant : Processing Solution ou Processing Solution Gloss to Gel pour plus de pr\u00e9cision.<br \/>Conseil: le Crystal Clear peut \u00eatre utilis\u00e9e seul en m\u00e9lange avec le Processing \u00e0 la place de votre nuance Shades EQ Gloss pour un effet glossy ou en m\u00e9lange avec une nuance Shades EQ Gloss.<\/p>\n<p>Temps de pause : 20 minutes<\/p>\n<p>PRECAUTIONS LES COLORANTS CAPILLAIRES PEUVENT PROVOQUER DES REACTIONS ALLERGIQUES SEVERES. Il est obligatoire de faire un test d&rsquo;allergie imp\u00e9rativement 48h avant l&rsquo;utilisation du produit.<\/p>\n<p>Porter des gants appropri\u00e9s lors de la pr\u00e9paration, application et rincage du produit.<br \/>Ne pas utiliser d&rsquo;outils m\u00e9talliques (pince, peigne&#8230;)<\/p>\n<p>BIEN LIRE LES CONSIGNES D&rsquo;UTILISATION AU DOS DE L&rsquo;EMBALLAGE.<\/p><\/div>\n<\/div>\n<div class=\"tab js-tab\">\n<h3 class=\"tab-title pdp-tabs_title js-tab-mobile-title\"><span>Ingr\u00e9dients<\/span><\/h3>\n<div class=\"tab-description pdp-tabs_description js-tab-description\">aqua \/ water, alcohol denat., sodium c14-16 olefin sulfonate, deceth-3, propylene glycol, cocamide mipa, oleyl alcohol, ppg-2 butyl ether, lauryl alcohol, peg\/ppg-4\/12 dimethicone, ppg-5-ceteth-10 phosphate, ethanolamine, coco-betaine, myristyl alcohol, sodium sulfite, taurine, erythorbic acid, parfum \/ fragrance, sodium chloride, citric acid, cetyl alcohol, sodium citrate, wheat amino acids, benzoic acid, edta, toluene-2,5-diamine, m-aminophenol, tetrasodium edta, 2,4-diaminophenoxyethanol hcl, 4-amino-2-hydroxytoluene, phenoxyethanol, disodium edta, bht, potassium sorbate, thioglycerin, pentaerythrityl tetra-di-t-butyl hydroxyhydrocinnamate<\/div>\n<\/div>\n<div class=\"tab js-tab\">\n<h3 class=\"tab-title pdp-tabs_title js-tab-mobile-title\"><span>Livraison et stock<\/span><\/h3>\n<div class=\"tab-description pdp-tabs_description js-tab-description\">\n<div class=\"pdp-delivery_info\">\n<div class=\"content-asset\"><a class=\"pdp-delivery_link\" href=\"\/livraison-delais\/\">Livraison et d\u00e9lais<\/a><a class=\"pdp-delivery_link\" href=\"\/retours-remboursements\/\">Retours et remboursements<\/a><\/div>\n<\/div>\n<\/div>\n<\/div>\n<div class=\"tab js-tab\">\n<h3 class=\"tab-title pdp-tabs_title js-tab-mobile-title\"><span>Pr\u00e9cautions d&#8217;emploi<\/span><\/h3>\n<div class=\"tab-description pdp-tabs_description js-tab-description\">PRECAUTIONS LES COLORANTS CAPILLAIRES PEUVENT PROVOQUER DES REACTIONS ALLERGIQUES SEVERES.<br \/>Il est obligatoire de faire un test d&rsquo;allergie imp\u00e9rativement 48h avant l&rsquo;utilisation du produit.<\/div>\n<\/div>\n<\/div>\n<\/div>\n<\/div>\n","protected":false},"excerpt":{"rendered":"<p>Points cl\u00e9s Coloration ton sur ton au pH acide enrichi en prot\u00e9ines de bl\u00e9, sans&hellip;<\/p>\n","protected":false},"featured_media":35193,"comment_status":"open","ping_status":"closed","template":"","meta":[],"pwb-brand":[647],"product_cat":[387],"product_tag":[317,216,321],"class_list":{"0":"post-38247","1":"product","2":"type-product","3":"status-publish","4":"has-post-thumbnail","6":"pwb-brand-redken","7":"product_cat-coloration-sans-ammoniaque","8":"product_tag-coloration","9":"product_tag-coloration-sans-ammoniaque","10":"product_tag-redken","12":"first","13":"instock","14":"taxable","15":"shipping-taxable","16":"purchasable","17":"product-type-variable","18":"layout-style-3","19":"col-md-4 col-sm-4 col-xs-6","20":"col-lg-3","21":"product-has-gallery","22":"product-style-default"},"aioseo_notices":[],"brands":[{"id":647,"name":"Redken","slug":"redken"}],"_links":{"self":[{"href":"https:\/\/cheveuxluxe.com\/index.php\/wp-json\/wp\/v2\/product\/38247","targetHints":{"allow":["GET"]}}],"collection":[{"href":"https:\/\/cheveuxluxe.com\/index.php\/wp-json\/wp\/v2\/product"}],"about":[{"href":"https:\/\/cheveuxluxe.com\/index.php\/wp-json\/wp\/v2\/types\/product"}],"replies":[{"embeddable":true,"href":"https:\/\/cheveuxluxe.com\/index.php\/wp-json\/wp\/v2\/comments?post=38247"}],"version-history":[{"count":0,"href":"https:\/\/cheveuxluxe.com\/index.php\/wp-json\/wp\/v2\/product\/38247\/revisions"}],"wp:featuredmedia":[{"embeddable":true,"href":"https:\/\/cheveuxluxe.com\/index.php\/wp-json\/wp\/v2\/media\/35193"}],"wp:attachment":[{"href":"https:\/\/cheveuxluxe.com\/index.php\/wp-json\/wp\/v2\/media?parent=38247"}],"wp:term":[{"taxonomy":"pwb-brand","embeddable":true,"href":"https:\/\/cheveuxluxe.com\/index.php\/wp-json\/wp\/v2\/pwb-brand?post=38247"},{"taxonomy":"product_cat","embeddable":true,"href":"https:\/\/cheveuxluxe.com\/index.php\/wp-json\/wp\/v2\/product_cat?post=38247"},{"taxonomy":"product_tag","embeddable":true,"href":"https:\/\/cheveuxluxe.com\/index.php\/wp-json\/wp\/v2\/product_tag?post=38247"}],"curies":[{"name":"wp","href":"https:\/\/api.w.org\/{rel}","templated":true}]}}