{"id":38336,"date":"2024-04-14T14:41:58","date_gmt":"2024-04-14T14:41:58","guid":{"rendered":"https:\/\/cheveuxluxe.com\/?post_type=product&#038;p=38336"},"modified":"2024-04-14T14:42:12","modified_gmt":"2024-04-14T14:42:12","slug":"wunderbar-freestyle-color-intense-100ml-3","status":"publish","type":"product","link":"https:\/\/cheveuxluxe.com\/index.php\/product\/wunderbar-freestyle-color-intense-100ml-3\/","title":{"rendered":"Wunderbar Freestyle Color &#8211; Intense 100ml"},"content":{"rendered":"<div class=\"product-content_bottom\">\n<div class=\"pdp-info\">\n<div class=\"pdp-tabs tab-container\">\n<div class=\"tab js-tab\">\n<h3 class=\"tab-title pdp-tabs_title js-tab-mobile-title open\"><span>Points cl\u00e9s<\/span><\/h3>\n<div class=\"tab-description pdp-tabs_description js-tab-description open\" itemprop=\"description\">\n<ul>\n<li>Gamme compacte de coloration semi-permanente<\/li>\n<li>Toutes les teintes peuvent \u00eatre m\u00e9lang\u00e9es pour cr\u00e9er une infinit\u00e9 de couleurs<\/li>\n<li>\u00c0 pH acide<\/li>\n<li>Les agents soignants conditionnent et hydratent les cheveux pendant la coloration<\/li>\n<li>Les pigments de couleur haute performance \u00e0 action directe garantissent des r\u00e9sultats de couleurs brillants<\/li>\n<\/ul>\n<\/div>\n<\/div>\n<div class=\"tab js-tab\">\n<h3 class=\"tab-title pdp-tabs_title js-tab-mobile-title\"><span>Description<\/span><\/h3>\n<div class=\"tab-description pdp-tabs_description js-tab-description\" itemprop=\"description\">Wunderbar Freestyle Color est une s\u00e9rie de cr\u00e8mes colorantes \u00e0 action directe semi-permanentes \u00e0 pH acide. Les teintes peuvent \u00eatre m\u00e9lang\u00e9es entre elles pour obtenir des r\u00e9sultats parfaits et personnalis\u00e9s.<\/p>\n<p>Bas\u00e9e sur notre Triple Color Technology \u2122 au panth\u00e9nol et aux prot\u00e9ines v\u00e9g\u00e9tales. Conditionne et hydrate les cheveux. Reflets intenses ou pastels m\u00eame sur les cheveux d\u00e9color\u00e9es et poreux (niveau 9 ou plus clairs).<\/p><\/div>\n<\/div>\n<div class=\"tab js-tab\">\n<h3 class=\"tab-title pdp-tabs_title js-tab-mobile-title\"><span>Mode d&#8217;emploi<\/span><\/h3>\n<div class=\"tab-description pdp-tabs_description js-tab-description\">Toutes les nuances peuvent se m\u00e9langer entre elles et permettent des r\u00e9sultats parfaits et personnalis\u00e9s.<\/p>\n<p>Nuance Clair: est incolor\u00e9e. Associ\u00e9e aux autres nuances, elle module et att\u00e9nue l\u2019intensit\u00e9 du reflet. La quantit\u00e9 de la Nuance Clair utilis\u00e9e est en fonction du r\u00e9sultat souhait\u00e9.<\/p>\n<p>Application: Appliquer Wunderbar Freestyle Color directement sur cheveux lav\u00e9s et s\u00e9ch\u00e9s. R\u00e9partir la couleur uniform\u00e9ment en massant les cheveux, \u00e0 l\u2019aide d\u2019un peigne.<\/p>\n<p>Temps de pose: 15 min. Bien rincer sans faire de shampooing.<\/p><\/div>\n<\/div>\n<div class=\"tab js-tab\">\n<h3 class=\"tab-title pdp-tabs_title js-tab-mobile-title\"><span>Ingr\u00e9dients<\/span><\/h3>\n<div class=\"tab-description pdp-tabs_description js-tab-description\">Aqua (Water\/Eau), Propylene Glycol, Cetyl Alcohol, Cetearyl Alcohol, Dicetyldimonium Chloride, Stearamidopropyl Dimethylamine, Dimethicone, Cetrimonium Chloride, Citric Acid, Panthenol, Hydrolyzed Wheat Protein, Hydroxyethylcellulose, Dimethiconol, Imidazolidinyl Urea, Propylparaben, Ethylparaben, Methylparaben, Glycerin, Sodium Dehydroacetate, Sodium Methylparaben, Sorbic Acid, Tetrasodium EDTA, Phenoxyethanol, Potassium Sorbate, Parfum (Fragrance), Geraniol, Citronellol, Hexyl Cinnamal, Limonene, Linalool, Apha-Isomethyl Ionone, HC Blue No. 15.<\/div>\n<\/div>\n<div class=\"tab js-tab\">\n<h3 class=\"tab-title pdp-tabs_title js-tab-mobile-title\"><span>Livraison et stock<\/span><\/h3>\n<div class=\"tab-description pdp-tabs_description js-tab-description\">\n<div class=\"pdp-delivery_info\">\n<div class=\"content-asset\"><a class=\"pdp-delivery_link\" href=\"\/livraison-delais\/\">Livraison et d\u00e9lais<\/a><a class=\"pdp-delivery_link\" href=\"\/retours-remboursements\/\">Retours et remboursements<\/a><\/div>\n<\/div>\n<\/div>\n<\/div>\n<div class=\"tab js-tab\">\n<h3 class=\"tab-title pdp-tabs_title js-tab-mobile-title\"><span>Pr\u00e9cautions d&#8217;emploi<\/span><\/h3>\n<div class=\"tab-description pdp-tabs_description js-tab-description\">Les colorants capillaires peuvent provoquer des r\u00e9actions allergiques s\u00e9v\u00e8res. Lire et suivre les instructions mentionn\u00e9es sur la notice. Ce produit n\u2019est pas destin\u00e9 \u00e0 \u00eatre utilis\u00e9 sur les personnes de moins de 16 ans. Les tatouages temporaires noirs \u00e0 base de henn\u00e9 peuvent augmenter le risque d\u2019allergie. Ne vous colorez pas les cheveux si : &#8211; vous pr\u00e9sentez une \u00e9ruption cutan\u00e9e sur le visage ou si votre cuir chevelu est sensible, irrit\u00e9 ou ab\u00eem\u00e9, &#8211; vous avez d\u00e9j\u00e0 fait une r\u00e9action apr\u00e8s avoir color\u00e9 vos cheveux, &#8211; vous avez fait par le pass\u00e9 une r\u00e9action \u00e0 un tatouage temporaire noir \u00e0 base de henn\u00e9. Ne pas utiliser pour teindre les cils et les sourcils. Le faire peut provoquer la c\u00e9cit\u00e9. Porter des gants de protection appropri\u00e9s, de pr\u00e9f\u00e9rence jetables, lors de la manipulation du produit. \u00c9viter le contact avec la peau et les yeux. Rincer imm\u00e9diatement les yeux si le produit entre en contact avec ceux-ci. Bien rincer les cheveux apr\u00e8s application. Ce produit contient des ingr\u00e9dients pouvant provoquer une irritation cutan\u00e9e chez certaines personnes et il convient avant utilisation d\u2019effectuer un test pr\u00e9liminaire de sensibilit\u00e9 selon les instructions jointes. Conserver hors de port\u00e9e des enfants. R\u00e9serv\u00e9 aux professionnels.<\/div>\n<\/div>\n<\/div>\n<\/div>\n<\/div>\n","protected":false},"excerpt":{"rendered":"<p>Points cl\u00e9s Gamme compacte de coloration semi-permanente Toutes les teintes peuvent \u00eatre m\u00e9lang\u00e9es pour cr\u00e9er&hellip;<\/p>\n","protected":false},"featured_media":35243,"comment_status":"open","ping_status":"closed","template":"","meta":[],"pwb-brand":[655],"product_cat":[387],"product_tag":[317,216,352],"class_list":{"0":"post-38336","1":"product","2":"type-product","3":"status-publish","4":"has-post-thumbnail","6":"pwb-brand-wunderbar","7":"product_cat-coloration-sans-ammoniaque","8":"product_tag-coloration","9":"product_tag-coloration-sans-ammoniaque","10":"product_tag-wunderbar","12":"first","13":"instock","14":"taxable","15":"shipping-taxable","16":"purchasable","17":"product-type-variable","18":"layout-style-3","19":"col-md-4 col-sm-4 col-xs-6","20":"col-lg-3","21":"product-has-gallery","22":"product-style-default"},"aioseo_notices":[],"brands":[{"id":655,"name":"Wunderbar","slug":"wunderbar"}],"_links":{"self":[{"href":"https:\/\/cheveuxluxe.com\/index.php\/wp-json\/wp\/v2\/product\/38336","targetHints":{"allow":["GET"]}}],"collection":[{"href":"https:\/\/cheveuxluxe.com\/index.php\/wp-json\/wp\/v2\/product"}],"about":[{"href":"https:\/\/cheveuxluxe.com\/index.php\/wp-json\/wp\/v2\/types\/product"}],"replies":[{"embeddable":true,"href":"https:\/\/cheveuxluxe.com\/index.php\/wp-json\/wp\/v2\/comments?post=38336"}],"version-history":[{"count":0,"href":"https:\/\/cheveuxluxe.com\/index.php\/wp-json\/wp\/v2\/product\/38336\/revisions"}],"wp:featuredmedia":[{"embeddable":true,"href":"https:\/\/cheveuxluxe.com\/index.php\/wp-json\/wp\/v2\/media\/35243"}],"wp:attachment":[{"href":"https:\/\/cheveuxluxe.com\/index.php\/wp-json\/wp\/v2\/media?parent=38336"}],"wp:term":[{"taxonomy":"pwb-brand","embeddable":true,"href":"https:\/\/cheveuxluxe.com\/index.php\/wp-json\/wp\/v2\/pwb-brand?post=38336"},{"taxonomy":"product_cat","embeddable":true,"href":"https:\/\/cheveuxluxe.com\/index.php\/wp-json\/wp\/v2\/product_cat?post=38336"},{"taxonomy":"product_tag","embeddable":true,"href":"https:\/\/cheveuxluxe.com\/index.php\/wp-json\/wp\/v2\/product_tag?post=38336"}],"curies":[{"name":"wp","href":"https:\/\/api.w.org\/{rel}","templated":true}]}}