{"id":38577,"date":"2024-04-14T14:44:09","date_gmt":"2024-04-14T14:44:09","guid":{"rendered":"https:\/\/cheveuxluxe.com\/?post_type=product&#038;p=38577"},"modified":"2024-04-14T14:44:23","modified_gmt":"2024-04-14T14:44:23","slug":"vitalitys-creme-de-coloration-zero-60ml-2","status":"publish","type":"product","link":"https:\/\/cheveuxluxe.com\/index.php\/product\/vitalitys-creme-de-coloration-zero-60ml-2\/","title":{"rendered":"Vitality&rsquo;s Cr\u00e8me de coloration Zero 60ml"},"content":{"rendered":"<div class=\"product-content_bottom\">\n<div class=\"pdp-info\">\n<div class=\"pdp-tabs tab-container\">\n<div class=\"tab js-tab\">\n<h3 class=\"tab-title pdp-tabs_title js-tab-mobile-title open\"><span>Points cl\u00e9s<\/span><\/h3>\n<div class=\"tab-description pdp-tabs_description js-tab-description open\" itemprop=\"description\">\n<ul>\n<li> Sans amoniaque<\/li>\n<li> Sans paraph\u00e9nyl\u00e8nediamine (PPD) depuis janvier 2017<\/li>\n<li>100 % des cheveux blancs<\/li>\n<li>Lumineux<\/li>\n<li>Brillance <\/li>\n<\/ul>\n<\/div>\n<\/div>\n<div class=\"tab js-tab\">\n<h3 class=\"tab-title pdp-tabs_title js-tab-mobile-title\"><span>Description<\/span><\/h3>\n<div class=\"tab-description pdp-tabs_description js-tab-description\" itemprop=\"description\">Votre cliente a envie de r\u00e9veiller sa couleur, de donner de la brillance \u00e0 ses cheveux, ou bien carr\u00e9ment d\u2019opter pour une couleur totalement diff\u00e9rente de la sienne, alors proposez lui la Cr\u00e8me Colorante Z\u00e9ro de Vitality\u2019s. C\u2019est une coloration permanente sans amoniaque qui satisfera ses d\u00e9sirs.La coloration d\u2019oxydation Z\u00e9ro de Vitality\u2019s est formul\u00e9e pour limiter les risques d\u2019allergie et bien qu\u2019elle soit sans amoniaque elle couvre 100% des cheveux blancs. Des nuances lumineuses et brillantes sont propos\u00e9es, pour des cheveux pleins de vitalit\u00e9 et de ressort. Cette gamme de cr\u00e8me colorante de Vitality\u2019s va devenir votre meilleur alli\u00e9, pas de surprises, le r\u00e9sultat est parfaitement fid\u00e8le au nuancier quelques soit la condition de pose et le type de cheveux des clientes.<\/div>\n<\/div>\n<div class=\"tab js-tab\">\n<h3 class=\"tab-title pdp-tabs_title js-tab-mobile-title\"><span>Mode d&#8217;emploi<\/span><\/h3>\n<div class=\"tab-description pdp-tabs_description js-tab-description\">Toutes les nuances de 1 \u00e0 10 sont \u00e0 m\u00e9langer en proportions 1 + 1.5.Appliquez le m\u00e9lange sur la racine, puis sur les longueurs. Respectez le temps de pause indiqu\u00e9 par la marque, \u00e9mulsionnez et rincez. Compl\u00e9tez le rin\u00e7age avec un shampoing sp\u00e9cifique aux cheveux color\u00e9s. Avant toute coloration, il conseill\u00e9 d\u2019effectuer un test de sensibilit\u00e9.<\/div>\n<\/div>\n<div class=\"tab js-tab\">\n<h3 class=\"tab-title pdp-tabs_title js-tab-mobile-title\"><span>Ingr\u00e9dients<\/span><\/h3>\n<div class=\"tab-description pdp-tabs_description js-tab-description\">Aqua (Water), Cetearyl alcohol, Oleamide DEA, Oleic acid, C12-13 alkyl lactate, Chitin, Tridecyl salicylate, Oleyl alcohol, Ethanolamine, Sodium hydroxide, Tetrasodium EDTA, PCA, PEG-40 castor oil, Sodium cetearyl sulfate, TEA lauryl sulfate, Sodium laureth sulfate, Acrylates copolymer, Parfum (Fragrance). +\/- : 4-DIAMINOPHENOXYETHANOL, 2-AMINO-4-HYDROXYETHYLAMINO ANISOLE SULFATE, RESORCINOL, TOLUENE-2,5-DIAMINE SULFATE, m-AMINOPHENOL, p-AMINOPHENOL, p-METHYLAMINOPHENOL SULFATE, HC RED 3, 2-METHYLRESORCINOL, 4-AMINO-2-HYDROXYTOLUENE, 5-AMINO-6-CHLORO-o-CRESOL, N,N-bis-2-HYDROXYETHYL-p-PHENYLENEDIAMINE SULFATE, 1-NAPHTHOL, 4-CHLORO RESORCINOL, 4-AMINO-m-CRESOL, 2-AMINO-3-HYDROXYPYRIDINE, 2-METHYL-5-HYDROXYETHYLAMINO PHENOL, 2,6-DIHYDROXYETHYLAMINO TOLUENE, BASIC BROWN 16, 1-HYDROXYETHYL 4,5-DIAMINO PYRAZOLE SULFATE, BASIC BROWN 17, BASIC BLUE 99, BASIC RED 51, BASIC ORANGE 31, BASIC YELLOW 57<\/div>\n<\/div>\n<div class=\"tab js-tab\">\n<h3 class=\"tab-title pdp-tabs_title js-tab-mobile-title\"><span>Livraison et stock<\/span><\/h3>\n<div class=\"tab-description pdp-tabs_description js-tab-description\">\n<div class=\"pdp-delivery_info\">\n<div class=\"content-asset\"><a class=\"pdp-delivery_link\" href=\"\/livraison-delais\/\">Livraison et d\u00e9lais<\/a><a class=\"pdp-delivery_link\" href=\"\/retours-remboursements\/\">Retours et remboursements<\/a><\/div>\n<\/div>\n<\/div>\n<\/div>\n<\/div>\n<\/div>\n<\/div>\n","protected":false},"excerpt":{"rendered":"<p>Points cl\u00e9s Sans amoniaque Sans paraph\u00e9nyl\u00e8nediamine (PPD) depuis janvier 2017 100 % des cheveux blancs&hellip;<\/p>\n","protected":false},"featured_media":19997,"comment_status":"open","ping_status":"closed","template":"","meta":[],"pwb-brand":[651],"product_cat":[387],"product_tag":[317,216,333],"class_list":{"0":"post-38577","1":"product","2":"type-product","3":"status-publish","4":"has-post-thumbnail","6":"pwb-brand-vitalitys","7":"product_cat-coloration-sans-ammoniaque","8":"product_tag-coloration","9":"product_tag-coloration-sans-ammoniaque","10":"product_tag-vitalitys","12":"first","13":"instock","14":"taxable","15":"shipping-taxable","16":"purchasable","17":"product-type-variable","18":"layout-style-3","19":"col-md-4 col-sm-4 col-xs-6","20":"col-lg-3","21":"product-has-gallery","22":"product-style-default"},"aioseo_notices":[],"brands":[{"id":651,"name":"Vitality's","slug":"vitalitys"}],"_links":{"self":[{"href":"https:\/\/cheveuxluxe.com\/index.php\/wp-json\/wp\/v2\/product\/38577","targetHints":{"allow":["GET"]}}],"collection":[{"href":"https:\/\/cheveuxluxe.com\/index.php\/wp-json\/wp\/v2\/product"}],"about":[{"href":"https:\/\/cheveuxluxe.com\/index.php\/wp-json\/wp\/v2\/types\/product"}],"replies":[{"embeddable":true,"href":"https:\/\/cheveuxluxe.com\/index.php\/wp-json\/wp\/v2\/comments?post=38577"}],"version-history":[{"count":0,"href":"https:\/\/cheveuxluxe.com\/index.php\/wp-json\/wp\/v2\/product\/38577\/revisions"}],"wp:featuredmedia":[{"embeddable":true,"href":"https:\/\/cheveuxluxe.com\/index.php\/wp-json\/wp\/v2\/media\/19997"}],"wp:attachment":[{"href":"https:\/\/cheveuxluxe.com\/index.php\/wp-json\/wp\/v2\/media?parent=38577"}],"wp:term":[{"taxonomy":"pwb-brand","embeddable":true,"href":"https:\/\/cheveuxluxe.com\/index.php\/wp-json\/wp\/v2\/pwb-brand?post=38577"},{"taxonomy":"product_cat","embeddable":true,"href":"https:\/\/cheveuxluxe.com\/index.php\/wp-json\/wp\/v2\/product_cat?post=38577"},{"taxonomy":"product_tag","embeddable":true,"href":"https:\/\/cheveuxluxe.com\/index.php\/wp-json\/wp\/v2\/product_tag?post=38577"}],"curies":[{"name":"wp","href":"https:\/\/api.w.org\/{rel}","templated":true}]}}