{"id":38606,"date":"2024-04-14T14:44:26","date_gmt":"2024-04-14T14:44:26","guid":{"rendered":"https:\/\/cheveuxluxe.com\/?post_type=product&#038;p=38606"},"modified":"2024-04-14T14:44:53","modified_gmt":"2024-04-14T14:44:53","slug":"eugene-perma-carmen-rituel-creme-colorante-60ml-2","status":"publish","type":"product","link":"https:\/\/cheveuxluxe.com\/index.php\/product\/eugene-perma-carmen-rituel-creme-colorante-60ml-2\/","title":{"rendered":"Eug\u00e8ne Perma Carmen Rituel Cr\u00e8me Colorante 60ml"},"content":{"rendered":"<div class=\"product-content_bottom\">\n<div class=\"pdp-info\">\n<div class=\"pdp-tabs tab-container\">\n<div class=\"tab js-tab\">\n<h3 class=\"tab-title pdp-tabs_title js-tab-mobile-title open\"><span>Points cl\u00e9s<\/span><\/h3>\n<div class=\"tab-description pdp-tabs_description js-tab-description open\" itemprop=\"description\">\n<ul>\n<li>95% d\u2019ingr\u00e9dients d\u2019origine naturelle<\/li>\n<li>Couverture jusqu\u2019\u00e0 100% des cheveux blancs<\/li>\n<li>Huile de Sacha Inchi Bio, Huile de Coprah Bio, Huile de Jojoba Bio<\/li>\n<li>Sans odeur d\u00e9sagr\u00e9able<\/li>\n<li>Fabriqu\u00e9 en France<\/li>\n<\/ul>\n<\/div>\n<\/div>\n<div class=\"tab js-tab\">\n<h3 class=\"tab-title pdp-tabs_title js-tab-mobile-title\"><span>Description<\/span><\/h3>\n<div class=\"tab-description pdp-tabs_description js-tab-description\" itemprop=\"description\">La cr\u00e8me colorante CARMEN RITUEL d&rsquo;EUGENE PERMA Professionnel est une coloration formul\u00e9e \u00e0 95% d&rsquo;ingr\u00e9dients d&rsquo;origine naturelle*, sans ammoniaque, sans PPD**, sans r\u00e9sorcine et sans huiles min\u00e9rales.<br \/>C&rsquo;est une coloration multi-techniques qui permet un r\u00e9sultat sur mesure, une coloration permanente ou du ton sur ton, et qui couvre jusqu&rsquo;\u00e0 100% des cheveux blancs.<br \/>Elle garantit une couleur intense, pleine de reflets et de caract\u00e8re, en \u00e9claircissant jusqu&rsquo;\u00e0 3 tons.<br \/>Cette cr\u00e8me colorante fait partie du rituel CARMEN RITUEL en 3 \u00e9tapes, concentr\u00e9 en huiles v\u00e9g\u00e9tales biologiques pour un respect du cuir chevelu et du cheveu*** : Huile de Sacha Inchi Bio, Huile de Coprah Bio, Huile de Jojoba Bio.<\/p>\n<p>Fabrication en France dans notre usine \u00e0 Reims.<\/p>\n<p>*En moyenne sur l&rsquo;ensemble des rituels<br \/>**Les personnes allergiques aux colorations capillaires (dont notamment \u00e0 la PPD) sont n\u00e9anmoins toujours susceptibles de d\u00e9velopper une r\u00e9action allergique. R\u00e9aliser imp\u00e9rativement un test d&rsquo;allergie 48h avant utilisation<br \/>*** Pour 93% des femmes interrog\u00e9es, \u00e9valuation des qualit\u00e9s cosm\u00e9tiques et des performances apr\u00e8s une application unique de CARMEN RITUEL aupr\u00e8s de 29 sujets et de 10 coloristes<\/div>\n<\/div>\n<div class=\"tab js-tab\">\n<h3 class=\"tab-title pdp-tabs_title js-tab-mobile-title\"><span>Mode d&#8217;emploi<\/span><\/h3>\n<div class=\"tab-description pdp-tabs_description js-tab-description\">CHOIX DE LA NUANCE : de la pr\u00e9cision du diagnostic d\u00e9pend le r\u00e9sultat final. Le choix est \u00e0 faire au cas par cas, en fonction de la nuance naturelle ou color\u00e9e des cheveux, du pourcentage de cheveux blancs et du r\u00e9sultat final d\u00e9sir\u00e9.<\/p>\n<p>CHOIX DE LA CR\u00c8ME ACTIVATRICE : pour garantir un m\u00e9lange onctueux et un r\u00e9sultat optimal, il est recommand\u00e9 d\u2019utiliser exclusivement les cr\u00e8mes activatrices CARMEN RITUEL. Elles ont \u00e9t\u00e9 d\u00e9velop\u00e9es pour obtenir un r\u00e9sultat sur-mesure, en r\u00e9ponse aux besoins quotidiens du coloriste.<br \/>&#8211; 5 et 9 Volumes : pour un r\u00e9sultat de coloration ton sur ton sans \u00e9claircissement (m\u00e9lange 1+2, 1+1 possible)<br \/>&#8211; 20 et 30 Volumes : pour un r\u00e9sultat de coloration permanente et \u00e9claircir jusqu\u2019\u00e0 3 tons (m\u00e9lange 1+1)<\/p>\n<p>PR\u00c9PARATION : bol + pinceau \u00e0 privil\u00e9gier<br \/>&#8211; Coloration ton sur ton : m\u00e9lange 1+2 (ou 1+1 possible) &gt; 30 ml de la\/les nuance(s) + 60 ml de cr\u00e8me activatrice 5 ou 9 Volumes.<br \/>&#8211; Coloration permanente : m\u00e9lange 1+1 &gt; 60 ml de la\/les nuance(s) + 60 ml de cr\u00e8me activatrice 20 ou 30 Volumes.<br \/>Si vous souhaitez m\u00e9langer une nuance naturelle avec un reflet, nous recommandons d\u2019ajouter \u00bc \u00e0 \u00bd de la nuance naturelle au reflet en fonction du r\u00e9sultat recherch\u00e9.<br \/>NB : la couleur du m\u00e9lange et son oxydation sur t\u00eate n\u2019ont aucune incidence sur le r\u00e9sultat final.<\/p>\n<p>APPLICATION : au pinceau sur cheveux secs, non lav\u00e9s ou bien essor\u00e9s.<\/p>\n<p>TEMPS DE POSE :<br \/>&#8211; Coloration ton sur ton : 20 min<br \/>&#8211; Coloration permanente : 30 \u00e0 40 min (en cas de cheveux difficiles \u00e0 prendre).<\/p>\n<p>ALLONGEMENT :<br \/>&#8211; Sur cheveux peu et moyennement alt\u00e9r\u00e9s : les 15 derni\u00e8res minutes (m\u00e9lange sans base)<br \/>&#8211; Sur cheveux tr\u00e8s alt\u00e9r\u00e9s \/ nuances tr\u00e8s d\u00e9lav\u00e9es : allongement imm\u00e9diat<br \/>Pour un r\u00e9sultat optimal, l\u2019activateur n\u2019est pas recommand\u00e9.<br \/>Ne jamais d\u00e9passer le temps de pose total de 40 min.<\/p>\n<p>\u00c9MULSION\/RIN\u00c7AGE : \u00e9mulsionner soigneusement, rincer abondamment, laver les cheveux avec la gel\u00e9e lavante r\u00e9\u00e9quilibrante puis appliquer le baume de soin perfecteur en le laissant poser de 2 \u00e0 5 minutes avant de le rincer (lire et suivre les instructions d\u2019utilisations indiqu\u00e9es sur les packs).<\/p><\/div>\n<\/div>\n<div class=\"tab js-tab\">\n<h3 class=\"tab-title pdp-tabs_title js-tab-mobile-title\"><span>Ingr\u00e9dients<\/span><\/h3>\n<div class=\"tab-description pdp-tabs_description js-tab-description\">AQUA\/WATER\/EAU, GLYCERIN, CETEARYL ALCOHOL, STEARYL ALCOHOL, ETHANOLAMINE, GLYCERYL STEARATE, COCOS NUCIFERA (COCONUT) OIL, STEARIC ACID, ARGININE, PLUKENETIA VOLUBILIS (SACHA INCHI) SEED OIL, CETEARETH-20, PALMITIC ACID, SODIUM METABISULFITE, CAESALPINIA SPINOSA GUM, TOLUENE-2,5-DIAMINE SULFATE, ASCORBIC ACID, PHENYL METHYL PYRAZOLONE, 4-CHLORORESORCINOL, p-AMINOPHENOL, TETRASODIUM GLUTAMATE DIACETATE, TOCOPHEROL, 2,4-DIAMINOPHENOXYETHANOL HCL.<br \/>La liste des ingr\u00e9dients peut \u00eatre soumise \u00e0 des mises \u00e0 jour, nous vous conseillons de vous r\u00e9f\u00e9rer \u00e0 la liste des ingr\u00e9dients sur l\u2019emballage du produit.<\/div>\n<\/div>\n<div class=\"tab js-tab\">\n<h3 class=\"tab-title pdp-tabs_title js-tab-mobile-title\"><span>Livraison et stock<\/span><\/h3>\n<div class=\"tab-description pdp-tabs_description js-tab-description\">\n<div class=\"pdp-delivery_info\">\n<div class=\"content-asset\"><a class=\"pdp-delivery_link\" href=\"\/livraison-delais\/\">Livraison et d\u00e9lais<\/a><a class=\"pdp-delivery_link\" href=\"\/retours-remboursements\/\">Retours et remboursements<\/a><\/div>\n<\/div>\n<\/div>\n<\/div>\n<div class=\"tab js-tab\">\n<h3 class=\"tab-title pdp-tabs_title js-tab-mobile-title\"><span>Pr\u00e9cautions d&#8217;emploi<\/span><\/h3>\n<div class=\"tab-description pdp-tabs_description js-tab-description\">PR\u00c9CAUTIONS D\u2019EMPLOI : les colorants capillaires peuvent provoquer des r\u00e9actions allergiques s\u00e9v\u00e8res chez vous ou votre client. M\u00e9lange : 1+1 ou 1+2. Lire et suivre les instructions. R\u00e9serv\u00e9 aux professionnels. Ce produit n\u2019est pas destin\u00e9 \u00e0 \u00eatre utilis\u00e9 sur les personnes de moins de 16 ans. Les tatouages temporaires noirs \u00e0 base de henn\u00e9 peuvent augmenter le risque d\u2019allergie. Ne colorez pas les cheveux si votre client pr\u00e9sente une \u00e9ruption cutan\u00e9e sur le visage ou si son cuir chevelu est sensible, irrit\u00e9 ou ab\u00eem\u00e9, si votre client a d\u00e9j\u00e0 fait une r\u00e9action apr\u00e8s avoir color\u00e9 ses cheveux, si votre client a fait par le pass\u00e9 une r\u00e9action \u00e0 un tatouage temporaire noir \u00e0 base de henn\u00e9.<\/div>\n<\/div>\n<\/div>\n<\/div>\n<\/div>\n","protected":false},"excerpt":{"rendered":"<p>Points cl\u00e9s 95% d\u2019ingr\u00e9dients d\u2019origine naturelle Couverture jusqu\u2019\u00e0 100% des cheveux blancs Huile de Sacha&hellip;<\/p>\n","protected":false},"featured_media":34219,"comment_status":"open","ping_status":"closed","template":"","meta":[],"pwb-brand":[650],"product_cat":[387],"product_tag":[317,216,331],"class_list":{"0":"post-38606","1":"product","2":"type-product","3":"status-publish","4":"has-post-thumbnail","6":"pwb-brand-eugene-perma-professionnel","7":"product_cat-coloration-sans-ammoniaque","8":"product_tag-coloration","9":"product_tag-coloration-sans-ammoniaque","10":"product_tag-eugene-perma-professionnel","12":"first","13":"instock","14":"taxable","15":"shipping-taxable","16":"purchasable","17":"product-type-variable","18":"layout-style-3","19":"col-md-4 col-sm-4 col-xs-6","20":"col-lg-3","21":"product-has-gallery","22":"product-style-default"},"aioseo_notices":[],"brands":[{"id":650,"name":"Eugene Perma Professionnel","slug":"eugene-perma-professionnel"}],"_links":{"self":[{"href":"https:\/\/cheveuxluxe.com\/index.php\/wp-json\/wp\/v2\/product\/38606","targetHints":{"allow":["GET"]}}],"collection":[{"href":"https:\/\/cheveuxluxe.com\/index.php\/wp-json\/wp\/v2\/product"}],"about":[{"href":"https:\/\/cheveuxluxe.com\/index.php\/wp-json\/wp\/v2\/types\/product"}],"replies":[{"embeddable":true,"href":"https:\/\/cheveuxluxe.com\/index.php\/wp-json\/wp\/v2\/comments?post=38606"}],"version-history":[{"count":0,"href":"https:\/\/cheveuxluxe.com\/index.php\/wp-json\/wp\/v2\/product\/38606\/revisions"}],"wp:featuredmedia":[{"embeddable":true,"href":"https:\/\/cheveuxluxe.com\/index.php\/wp-json\/wp\/v2\/media\/34219"}],"wp:attachment":[{"href":"https:\/\/cheveuxluxe.com\/index.php\/wp-json\/wp\/v2\/media?parent=38606"}],"wp:term":[{"taxonomy":"pwb-brand","embeddable":true,"href":"https:\/\/cheveuxluxe.com\/index.php\/wp-json\/wp\/v2\/pwb-brand?post=38606"},{"taxonomy":"product_cat","embeddable":true,"href":"https:\/\/cheveuxluxe.com\/index.php\/wp-json\/wp\/v2\/product_cat?post=38606"},{"taxonomy":"product_tag","embeddable":true,"href":"https:\/\/cheveuxluxe.com\/index.php\/wp-json\/wp\/v2\/product_tag?post=38606"}],"curies":[{"name":"wp","href":"https:\/\/api.w.org\/{rel}","templated":true}]}}