{"id":38698,"date":"2024-04-14T14:45:15","date_gmt":"2024-04-14T14:45:15","guid":{"rendered":"https:\/\/cheveuxluxe.com\/?post_type=product&#038;p=38698"},"modified":"2024-04-14T14:45:59","modified_gmt":"2024-04-14T14:45:59","slug":"schwarzkopf-igora-vibrance-coloration-ton-sur-ton-60ml-2","status":"publish","type":"product","link":"https:\/\/cheveuxluxe.com\/index.php\/product\/schwarzkopf-igora-vibrance-coloration-ton-sur-ton-60ml-2\/","title":{"rendered":"Schwarzkopf Igora Vibrance Coloration Ton sur Ton 60ml"},"content":{"rendered":"<div class=\"product-content_bottom\">\n<div class=\"pdp-info\">\n<div class=\"pdp-delivery_information\"><span class=\"pdp-delivery_label\">Information importante :<\/span> Schwarzkopf est en train de changer l&#8217;emballage de Igora. Il se peut donc que vous receviez l&#8217;emballage actuel ou l&rsquo;ancien emballage.<br \/>Malheureusement, vous ne pourrez pas choisir lequel vous recevrez.<\/div>\n<div class=\"pdp-tabs tab-container\">\n<div class=\"tab js-tab\">\n<h3 class=\"tab-title pdp-tabs_title js-tab-mobile-title\"><span>Description<\/span><\/h3>\n<div class=\"tab-description pdp-tabs_description js-tab-description\" itemprop=\"description\">\n<p>M\u00e9langez IGORA VIBRANCE COLORATION TONE ON TONE 1:1 avec IGORA VIBRANCE Activator Gel 1,9% (6 Vol) pour une consistance gel ou IGORA VIBRANCE Activator Lotion 4% (13 Vol) &amp; 1,9% (6 Vol) pour une consistance cr\u00e8me.<\/p>\n<p>Toujours porter des gants appropri\u00e9s et appliquer sur les cheveux secs.<\/p>\n<p>Pour les cheveux fins : traitez la racine des cheveux autour du visage et du cou en dernier lieu.<\/p>\n<p>\u00c0 la fin du temps de traitement, ajoutez une petite quantit\u00e9 d&rsquo;eau chaude, massez doucement pour \u00e9mulsionner et rincez abondamment jusqu&rsquo;\u00e0 ce que l&rsquo;eau soit claire. Shampoing avec BC Bonacure pH 4,5 Color Freeze Shampoo. Apr\u00e8s le shampooing, pour des r\u00e9sultats de couleur intenses et durables, utilisez l&rsquo;apr\u00e8s-shampooing ou le traitement BC Bonacure pH 4,5 Color Freeze.<\/p>\n<p>Pour consulter le nuancier,\u00a0<a href=\"https:\/\/www.pro-duo.fr\/on\/demandware.static\/-\/Sites-ProDuo_Retail_FR-Library\/default\/dwf980435f\/pdf\/Igora-Vibrance-Chart-Digital.pdf\">cliquez ici<\/a>.<\/p>\n<\/div>\n<\/div>\n<div class=\"tab js-tab\">\n<h3 class=\"tab-title pdp-tabs_title js-tab-mobile-title\"><span>Mode d&#8217;emploi<\/span><\/h3>\n<div class=\"tab-description pdp-tabs_description js-tab-description\">A ajouter aux nuances d&rsquo;IGORA VIBRANCE.<\/p>\n<p>&#8211; Neutralisation en base 8 et 9 : ajouter jusqu&rsquo;\u00e0 5% de la cr\u00e8me colorante<br \/>&#8211; Neutralisation en base 6 et 7 : ajouter jusqu&rsquo;\u00e0 10% de la cr\u00e8me colorante <br \/>&#8211; Neutralisation sur la base 1 \u00e0 5 : ajouter jusqu&rsquo;\u00e0 25% de la cr\u00e8me colorante<\/p>\n<p>Exemple : 60ml 6-0 + 6ml 0-22 + 66ml de r\u00e9v\u00e9lateur d&rsquo;huile IGORA ROYAL<\/p>\n<p>Veuillez consulter \u00e0 nouveau l&rsquo;IFU pour obtenir des instructions d\u00e9taill\u00e9es.<\/p><\/div>\n<\/div>\n<div class=\"tab js-tab\">\n<h3 class=\"tab-title pdp-tabs_title js-tab-mobile-title\"><span>Ingr\u00e9dients<\/span><\/h3>\n<div class=\"tab-description pdp-tabs_description js-tab-description\">PEG-12, Etidronic Acid, Xylitol, Toluene-2, 5-Diamine Sulfate, 2, 4-Diaminophenoxyethanol HCl, 4-Amino-2-Hydroxytoluene, Ethanolamine, Propylene Glycol, PEG-12 Dimethicone, Acrylates, C10-30 Alkyl Acrylate Crosspolymer, Sulfuric Acid, Sodium Sulfite, PPG-1-PEG-9 Lauryl Glycol Ether, Xylitylglucoside, Ascorbic Acid, Niacinamide, Panthenol, Anhydroxylitol, PEG-12 Allyl Ether, Parfum, Xanthan Gum<\/div>\n<\/div>\n<div class=\"tab js-tab\">\n<h3 class=\"tab-title pdp-tabs_title js-tab-mobile-title\"><span>Livraison et stock<\/span><\/h3>\n<div class=\"tab-description pdp-tabs_description js-tab-description\">\n<div class=\"pdp-delivery_info\">\n<div class=\"content-asset\"><a class=\"pdp-delivery_link\" href=\"\/livraison-delais\/\">Livraison et d\u00e9lais<\/a><a class=\"pdp-delivery_link\" href=\"\/retours-remboursements\/\">Retours et remboursements<\/a><\/div>\n<\/div>\n<\/div>\n<\/div>\n<div class=\"tab js-tab\">\n<h3 class=\"tab-title pdp-tabs_title js-tab-mobile-title\"><span>Pr\u00e9cautions d&#8217;emploi<\/span><\/h3>\n<div class=\"tab-description pdp-tabs_description js-tab-description\">H319: Provoque une s\u00e9v\u00e8re irritation des yeux., H315: Provoque une irritation cutan\u00e9e.<\/div>\n<\/div>\n<\/div>\n<\/div>\n<\/div>\n","protected":false},"excerpt":{"rendered":"<p>Information importante : Schwarzkopf est en train de changer l&#8217;emballage de Igora. Il se peut&hellip;<\/p>\n","protected":false},"featured_media":35656,"comment_status":"open","ping_status":"closed","template":"","meta":[],"pwb-brand":[646],"product_cat":[387],"product_tag":[317,216,319],"class_list":{"0":"post-38698","1":"product","2":"type-product","3":"status-publish","4":"has-post-thumbnail","6":"pwb-brand-schwarzkopf-professional","7":"product_cat-coloration-sans-ammoniaque","8":"product_tag-coloration","9":"product_tag-coloration-sans-ammoniaque","10":"product_tag-schwarzkopf-professional","12":"first","13":"instock","14":"taxable","15":"shipping-taxable","16":"purchasable","17":"product-type-variable","18":"layout-style-3","19":"col-md-4 col-sm-4 col-xs-6","20":"col-lg-3","21":"product-has-gallery","22":"product-style-default"},"aioseo_notices":[],"brands":[{"id":646,"name":"Schwarzkopf Professional","slug":"schwarzkopf-professional"}],"_links":{"self":[{"href":"https:\/\/cheveuxluxe.com\/index.php\/wp-json\/wp\/v2\/product\/38698","targetHints":{"allow":["GET"]}}],"collection":[{"href":"https:\/\/cheveuxluxe.com\/index.php\/wp-json\/wp\/v2\/product"}],"about":[{"href":"https:\/\/cheveuxluxe.com\/index.php\/wp-json\/wp\/v2\/types\/product"}],"replies":[{"embeddable":true,"href":"https:\/\/cheveuxluxe.com\/index.php\/wp-json\/wp\/v2\/comments?post=38698"}],"version-history":[{"count":0,"href":"https:\/\/cheveuxluxe.com\/index.php\/wp-json\/wp\/v2\/product\/38698\/revisions"}],"wp:featuredmedia":[{"embeddable":true,"href":"https:\/\/cheveuxluxe.com\/index.php\/wp-json\/wp\/v2\/media\/35656"}],"wp:attachment":[{"href":"https:\/\/cheveuxluxe.com\/index.php\/wp-json\/wp\/v2\/media?parent=38698"}],"wp:term":[{"taxonomy":"pwb-brand","embeddable":true,"href":"https:\/\/cheveuxluxe.com\/index.php\/wp-json\/wp\/v2\/pwb-brand?post=38698"},{"taxonomy":"product_cat","embeddable":true,"href":"https:\/\/cheveuxluxe.com\/index.php\/wp-json\/wp\/v2\/product_cat?post=38698"},{"taxonomy":"product_tag","embeddable":true,"href":"https:\/\/cheveuxluxe.com\/index.php\/wp-json\/wp\/v2\/product_tag?post=38698"}],"curies":[{"name":"wp","href":"https:\/\/api.w.org\/{rel}","templated":true}]}}