{"id":38786,"date":"2024-04-14T14:46:02","date_gmt":"2024-04-14T14:46:02","guid":{"rendered":"https:\/\/cheveuxluxe.com\/?post_type=product&#038;p=38786"},"modified":"2024-04-14T14:46:17","modified_gmt":"2024-04-14T14:46:17","slug":"paul-mitchell-pop-xg-semi-permanent-color-180ml-3","status":"publish","type":"product","link":"https:\/\/cheveuxluxe.com\/index.php\/product\/paul-mitchell-pop-xg-semi-permanent-color-180ml-3\/","title":{"rendered":"Paul Mitchell POP XG Semi-Permanent Color, 180ml"},"content":{"rendered":"<div class=\"product-content_bottom\">\n<div class=\"pdp-info\">\n<div class=\"pdp-tabs tab-container\">\n<div class=\"tab js-tab\">\n<h3 class=\"tab-title pdp-tabs_title js-tab-mobile-title open\"><span>Points cl\u00e9s<\/span><\/h3>\n<div class=\"tab-description pdp-tabs_description js-tab-description open\" itemprop=\"description\">\n<ul>\n<li> Intensit\u00e9<\/li>\n<li>Brillance<\/li>\n<li>Nuances \u00e9lectriques<\/li>\n<li>Personnalisation<\/li>\n<li>Semi-permanent <\/li>\n<\/ul>\n<\/div>\n<\/div>\n<div class=\"tab js-tab\">\n<h3 class=\"tab-title pdp-tabs_title js-tab-mobile-title\"><span>Description<\/span><\/h3>\n<div class=\"tab-description pdp-tabs_description js-tab-description\" itemprop=\"description\">Avec la toute nouvelle gamme de Colorations Cr\u00e8mes semi-permanentes POP XG de Paul Mitchell, toutes les couleurs prennent toute leur ampleur ! 18 nuances \u00e9lectriques sp\u00e9cialement con\u00e7ues pour les coloristes professionnels.<\/p>\n<p>Ces teintes \u00e0 la mode viennent dans une base de conditionnement \u00e9paisse et riche pour laisser les cheveux doux et souples, d\u00e9tendant m\u00eame la cuticule et raffinant la texture des cheveux d\u00e9color\u00e9s.<br \/>Laissez libre court \u00e0 votre imagination et cr\u00e9ez des looks multicolores personnalis\u00e9s. M\u00e9langer Steele avec Bordeaux pour un rose poudr\u00e9 ou Opalescent et Purple pour une belle couleur lavande qui durera !<\/p>\n<p>Et pour les blondes ? M\u00e9langez Steele avec Clear pour un joli ton cendr\u00e9. Les possibilit\u00e9s sont infinies.<\/p><\/div>\n<\/div>\n<div class=\"tab js-tab\">\n<h3 class=\"tab-title pdp-tabs_title js-tab-mobile-title\"><span>Mode d&#8217;emploi<\/span><\/h3>\n<div class=\"tab-description pdp-tabs_description js-tab-description\">Appliquez directement sur les cheveux, des racines jusqu\u2019aux pointes, raie par raie.<br \/>Laissez pauser puis rincez.<br \/>Quand l\u2019eau de rin\u00e7age devient claire, passez au s\u00e9chage \u00e0 la serviette puis \u00e9ventuellement au s\u00e9che-cheveux.<br \/>Compl\u00e9tez par des soins sp\u00e9cifiques pour booster l\u2019hydratation des cheveux.<\/div>\n<\/div>\n<div class=\"tab js-tab\">\n<h3 class=\"tab-title pdp-tabs_title js-tab-mobile-title\"><span>Ingr\u00e9dients<\/span><\/h3>\n<div class=\"tab-description pdp-tabs_description js-tab-description\">Aqua (Water, Eau), Propylene Glycol, Cetearyl Alcohol, Ceteareth-30, Isodecyl Oleate, Synthetic Beeswax, Cetrimonium Chloride, Cyclopentasiloxane, Helianthus Annuus (Sunflower) Seed Extract, Imidazolidinyl Urea, Sodium Hydroxide, Cyclohexasiloxane, HC Blue no.15, Basic Red 51, Parfum (Fragrance).<\/div>\n<\/div>\n<div class=\"tab js-tab\">\n<h3 class=\"tab-title pdp-tabs_title js-tab-mobile-title\"><span>Livraison et stock<\/span><\/h3>\n<div class=\"tab-description pdp-tabs_description js-tab-description\">\n<div class=\"pdp-delivery_info\">\n<div class=\"content-asset\"><a class=\"pdp-delivery_link\" href=\"\/livraison-delais\/\">Livraison et d\u00e9lais<\/a><a class=\"pdp-delivery_link\" href=\"\/retours-remboursements\/\">Retours et remboursements<\/a><\/div>\n<\/div>\n<\/div>\n<\/div>\n<\/div>\n<\/div>\n<\/div>\n","protected":false},"excerpt":{"rendered":"<p>Points cl\u00e9s Intensit\u00e9 Brillance Nuances \u00e9lectriques Personnalisation Semi-permanent Description Avec la toute nouvelle gamme de&hellip;<\/p>\n","protected":false},"featured_media":19805,"comment_status":"open","ping_status":"closed","template":"","meta":[],"pwb-brand":[660],"product_cat":[387],"product_tag":[317,216,373],"class_list":{"0":"post-38786","1":"product","2":"type-product","3":"status-publish","4":"has-post-thumbnail","6":"pwb-brand-paul-mitchell","7":"product_cat-coloration-sans-ammoniaque","8":"product_tag-coloration","9":"product_tag-coloration-sans-ammoniaque","10":"product_tag-paul-mitchell","12":"first","13":"instock","14":"taxable","15":"shipping-taxable","16":"purchasable","17":"product-type-variable","18":"layout-style-3","19":"col-md-4 col-sm-4 col-xs-6","20":"col-lg-3","21":"product-has-gallery","22":"product-style-default"},"aioseo_notices":[],"brands":[{"id":660,"name":"Paul Mitchell","slug":"paul-mitchell"}],"_links":{"self":[{"href":"https:\/\/cheveuxluxe.com\/index.php\/wp-json\/wp\/v2\/product\/38786","targetHints":{"allow":["GET"]}}],"collection":[{"href":"https:\/\/cheveuxluxe.com\/index.php\/wp-json\/wp\/v2\/product"}],"about":[{"href":"https:\/\/cheveuxluxe.com\/index.php\/wp-json\/wp\/v2\/types\/product"}],"replies":[{"embeddable":true,"href":"https:\/\/cheveuxluxe.com\/index.php\/wp-json\/wp\/v2\/comments?post=38786"}],"version-history":[{"count":0,"href":"https:\/\/cheveuxluxe.com\/index.php\/wp-json\/wp\/v2\/product\/38786\/revisions"}],"wp:featuredmedia":[{"embeddable":true,"href":"https:\/\/cheveuxluxe.com\/index.php\/wp-json\/wp\/v2\/media\/19805"}],"wp:attachment":[{"href":"https:\/\/cheveuxluxe.com\/index.php\/wp-json\/wp\/v2\/media?parent=38786"}],"wp:term":[{"taxonomy":"pwb-brand","embeddable":true,"href":"https:\/\/cheveuxluxe.com\/index.php\/wp-json\/wp\/v2\/pwb-brand?post=38786"},{"taxonomy":"product_cat","embeddable":true,"href":"https:\/\/cheveuxluxe.com\/index.php\/wp-json\/wp\/v2\/product_cat?post=38786"},{"taxonomy":"product_tag","embeddable":true,"href":"https:\/\/cheveuxluxe.com\/index.php\/wp-json\/wp\/v2\/product_tag?post=38786"}],"curies":[{"name":"wp","href":"https:\/\/api.w.org\/{rel}","templated":true}]}}