{"id":38816,"date":"2024-04-14T14:46:21","date_gmt":"2024-04-14T14:46:21","guid":{"rendered":"https:\/\/cheveuxluxe.com\/?post_type=product&#038;p=38816"},"modified":"2024-04-14T14:46:40","modified_gmt":"2024-04-14T14:46:40","slug":"wella-professionals-color-touch-coloration-semi-permanente-60ml-2","status":"publish","type":"product","link":"https:\/\/cheveuxluxe.com\/index.php\/product\/wella-professionals-color-touch-coloration-semi-permanente-60ml-2\/","title":{"rendered":"Wella Professionals Color Touch Coloration semi-permanente 60ml"},"content":{"rendered":"<div class=\"product-content_bottom\">\n<div class=\"pdp-info\">\n<div class=\"pdp-tabs tab-container\">\n<div class=\"tab js-tab\">\n<h3 class=\"tab-title pdp-tabs_title js-tab-mobile-title open\"><span>Points cl\u00e9s<\/span><\/h3>\n<div class=\"tab-description pdp-tabs_description js-tab-description open\" itemprop=\"description\">\n<ul>\n<li>Coloration tendance, semi-permanente<\/li>\n<li>Des r\u00e9sultats brillants et naturels<\/li>\n<li>Couverture des cheveux gris jusqu&rsquo;\u00e0 70 pour cent<\/li>\n<li>Parfait pour rafra\u00eechir les couleurs\/m\u00e8ches<\/li>\n<\/ul>\n<\/div>\n<\/div>\n<div class=\"tab js-tab\">\n<h3 class=\"tab-title pdp-tabs_title js-tab-mobile-title\"><span>Description<\/span><\/h3>\n<div class=\"tab-description pdp-tabs_description js-tab-description\" itemprop=\"description\">Color Touch Relights est une gamme de colorants oxydants semi-permanents de Wella Professionals qui permet de couvrir 70\u00a0% des cheveux blancs avec des r\u00e9sultats plus riches et plus intenses. Pour des couleurs brillantes, naturelles et multi-tons. Flacon de 60\u00a0ml, \/47 Red Brunette<\/div>\n<\/div>\n<div class=\"tab js-tab\">\n<h3 class=\"tab-title pdp-tabs_title js-tab-mobile-title\"><span>Mode d&#8217;emploi<\/span><\/h3>\n<div class=\"tab-description pdp-tabs_description js-tab-description\">Pour une premi\u00e8re application ou une application compl\u00e8te\u00a0: portez des gants appropri\u00e9s. Appliquez avec un pinceau et un bol. Pour une application plus efficace, utilisez le flacon applicateur. Appliquez le m\u00e9lange Color Touch Relights sur les cheveux pr\u00e9-shampooin\u00e9s et s\u00e9ch\u00e9s \u00e0 la serviette, en r\u00e9partissant uniform\u00e9ment de la racine \u00e0 la pointe.<\/p>\n<p>Temps de d\u00e9veloppement\u00a0: 20\u00a0minutes sans chaleur (ou 15\u00a0minutes apr\u00e8s une permanente ou un service de lissage). 15\u00a0minutes avec chaleur suppl\u00e9mentaire (ou 10\u00a0minutes apr\u00e8s une permanente ou un service de lissage). Pour les teintes de blonde Relights\u00a0: 5-10\u00a0minutes sans chaleur. Si n\u00e9cessaire, le temps de d\u00e9veloppement peut \u00eatre prolong\u00e9 de 5\u00a0minutes.<\/p><\/div>\n<\/div>\n<div class=\"tab js-tab\">\n<h3 class=\"tab-title pdp-tabs_title js-tab-mobile-title\"><span>Ingr\u00e9dients<\/span><\/h3>\n<div class=\"tab-description pdp-tabs_description js-tab-description\">Fenilenodiaminas (diaminotoluenos), Diaminotoluenos, Fenylenodiaminy (Toluenodwuamin?, Fenylendiaminy (Toluendiaminy), Fenil\u00e9ndiaminok (Toluil\u00e9ndiaminok), Rezorcin, Fenil\u00e9ndiaminok, Amm\ufffdnia<\/div>\n<\/div>\n<div class=\"tab js-tab\">\n<h3 class=\"tab-title pdp-tabs_title js-tab-mobile-title\"><span>Livraison et stock<\/span><\/h3>\n<div class=\"tab-description pdp-tabs_description js-tab-description\">\n<div class=\"pdp-delivery_info\">\n<div class=\"content-asset\"><a class=\"pdp-delivery_link\" href=\"\/livraison-delais\/\">Livraison et d\u00e9lais<\/a><a class=\"pdp-delivery_link\" href=\"\/retours-remboursements\/\">Retours et remboursements<\/a><\/div>\n<\/div>\n<\/div>\n<\/div>\n<div class=\"tab js-tab\">\n<h3 class=\"tab-title pdp-tabs_title js-tab-mobile-title\"><span>Pr\u00e9cautions d&#8217;emploi<\/span><\/h3>\n<div class=\"tab-description pdp-tabs_description js-tab-description\">Ce produit n&rsquo;est pas destin\u00e9 \u00e0 \u00eatre utilis\u00e9 sur des personnes de moins de 16\u00a0ans. Contient des ph\u00e9nyl\u00e8nediamines. Ne pas utiliser pour teindre les cils ou les sourcils. Pour un usage professionnel uniquement. Portez des gants appropri\u00e9s. Les tatouages temporaires au \u00ab\u00a0henn\u00e9 noir\u00a0\u00bb peuvent augmenter le risque d&rsquo;allergie. Ne vous colorez pas les cheveux si\u00a0: vous avez une \u00e9ruption sur le visage\u00a0; votre cuir chevelu est sensible, irrit\u00e9 ou endommag\u00e9\u00a0; vous avez d\u00e9j\u00e0 eu une r\u00e9action apr\u00e8s avoir color\u00e9 vos cheveux\u00a0; vous avez d\u00e9j\u00e0 eu une r\u00e9action \u00e0 un tatouage temporaire au \u00ab\u00a0henn\u00e9 noir\u00a0\u00bb dans le pass\u00e9. Faites un test cutan\u00e9 sur une petite surface avant de l&rsquo;utiliser.<\/div>\n<\/div>\n<\/div>\n<\/div>\n<\/div>\n","protected":false},"excerpt":{"rendered":"<p>Points cl\u00e9s Coloration tendance, semi-permanente Des r\u00e9sultats brillants et naturels Couverture des cheveux gris jusqu&rsquo;\u00e0&hellip;<\/p>\n","protected":false},"featured_media":35795,"comment_status":"open","ping_status":"closed","template":"","meta":[],"pwb-brand":[648],"product_cat":[387],"product_tag":[317,216,323],"class_list":{"0":"post-38816","1":"product","2":"type-product","3":"status-publish","4":"has-post-thumbnail","6":"pwb-brand-wella-professionals","7":"product_cat-coloration-sans-ammoniaque","8":"product_tag-coloration","9":"product_tag-coloration-sans-ammoniaque","10":"product_tag-wella-professionals","12":"first","13":"instock","14":"taxable","15":"shipping-taxable","16":"purchasable","17":"product-type-variable","18":"layout-style-3","19":"col-md-4 col-sm-4 col-xs-6","20":"col-lg-3","21":"product-has-gallery","22":"product-style-default"},"aioseo_notices":[],"brands":[{"id":648,"name":"Wella Professionals","slug":"wella-professionals"}],"_links":{"self":[{"href":"https:\/\/cheveuxluxe.com\/index.php\/wp-json\/wp\/v2\/product\/38816","targetHints":{"allow":["GET"]}}],"collection":[{"href":"https:\/\/cheveuxluxe.com\/index.php\/wp-json\/wp\/v2\/product"}],"about":[{"href":"https:\/\/cheveuxluxe.com\/index.php\/wp-json\/wp\/v2\/types\/product"}],"replies":[{"embeddable":true,"href":"https:\/\/cheveuxluxe.com\/index.php\/wp-json\/wp\/v2\/comments?post=38816"}],"version-history":[{"count":0,"href":"https:\/\/cheveuxluxe.com\/index.php\/wp-json\/wp\/v2\/product\/38816\/revisions"}],"wp:featuredmedia":[{"embeddable":true,"href":"https:\/\/cheveuxluxe.com\/index.php\/wp-json\/wp\/v2\/media\/35795"}],"wp:attachment":[{"href":"https:\/\/cheveuxluxe.com\/index.php\/wp-json\/wp\/v2\/media?parent=38816"}],"wp:term":[{"taxonomy":"pwb-brand","embeddable":true,"href":"https:\/\/cheveuxluxe.com\/index.php\/wp-json\/wp\/v2\/pwb-brand?post=38816"},{"taxonomy":"product_cat","embeddable":true,"href":"https:\/\/cheveuxluxe.com\/index.php\/wp-json\/wp\/v2\/product_cat?post=38816"},{"taxonomy":"product_tag","embeddable":true,"href":"https:\/\/cheveuxluxe.com\/index.php\/wp-json\/wp\/v2\/product_tag?post=38816"}],"curies":[{"name":"wp","href":"https:\/\/api.w.org\/{rel}","templated":true}]}}