{"id":38877,"date":"2024-04-14T14:47:02","date_gmt":"2024-04-14T14:47:02","guid":{"rendered":"https:\/\/cheveuxluxe.com\/?post_type=product&#038;p=38877"},"modified":"2024-04-14T14:47:15","modified_gmt":"2024-04-14T14:47:15","slug":"schwarzkopf-chroma-id-intense-pigment-280ml-pink-4","status":"publish","type":"product","link":"https:\/\/cheveuxluxe.com\/index.php\/product\/schwarzkopf-chroma-id-intense-pigment-280ml-pink-4\/","title":{"rendered":"Schwarzkopf Chroma ID Intense Pigment 280ml Pink"},"content":{"rendered":"<div class=\"product-content_bottom\">\n<div class=\"pdp-info\">\n<div class=\"pdp-tabs tab-container\">\n<div class=\"tab js-tab\">\n<h3 class=\"tab-title pdp-tabs_title js-tab-mobile-title open\"><span>Points cl\u00e9s<\/span><\/h3>\n<div class=\"tab-description pdp-tabs_description js-tab-description open\" itemprop=\"description\">\n<ul>\n<li>Masque de coloration semi-permanente haute performance avec technologie qui renforce la fibre capillaire.<\/li>\n<li>Peux \u00eatre utilis\u00e9 pour des couleurs intenses, personnalis\u00e9es ou pastel.<\/li>\n<li>Revitalise les cheveux en profondeur<\/li>\n<li>Utilisation facile<\/li>\n<\/ul>\n<\/div>\n<\/div>\n<div class=\"tab js-tab\">\n<h3 class=\"tab-title pdp-tabs_title js-tab-mobile-title\"><span>Description<\/span><\/h3>\n<div class=\"tab-description pdp-tabs_description js-tab-description\" itemprop=\"description\">Schwarzkopf Chroma ID est un syst\u00e8me de coloration semi-permanente dot\u00e9 de la technologie \u00ab Bonding \u00bb qui renforce directement le cortex du cheveu. Donne des nuances subtiles \u00e0 audacieuses, pour une flexibilit\u00e9 de couleur int\u00e9grale qui n\u2019endommage pas les cheveux.<\/p>\n<p>Les Chroma ID Color Masks sont parfaits pour les colorations \u00e0 faible engagement. Offrant une excellente flexibilit\u00e9 de couleur, les masques pigmentant Intense Bonding Color Mask s\u2019utilisent seuls pour des tons audacieux et expressifs. Ils peuvent \u00e9galement \u00eatre m\u00e9lang\u00e9s \u00e0 des masques pigmentant Bonding Color Mask pour des nuances personnalis\u00e9es ou encore \u00e0 un masque pigmentant transparent Clear Bonding Mask pour des tons pastels.<\/p>\n<p>Coloration et soin en 1 \u00e9tape : En combinant une coloration haute performance avec un soin intense, ce traitement offre couleur parfaitement uniforme de mani\u00e8re simple et rapide, tandis que la technologie renfor\u00e7atrice revitalise profond\u00e9ment les cheveux.<\/p>\n<p>Utilisation facile : toutes les nuances peuvent \u00eatre appliqu\u00e9es directement, sans devoir effectuer de pr\u00e9-m\u00e9lange, pour un investissement en temps minimal et une efficacit\u00e9 maximale !<\/p>\n<p>Technologie : la teneur r\u00e9duite en sodium assure une pigmentation maximale des cheveux pour une coloration optimale, et la technologie renfor\u00e7atrice fortifie les liens structurels de la fibre capillaire pour des cheveux plus forts. Selon la nuance choisie, le temps de pose et la structure du cheveu, la couleur dure jusqu\u2019\u00e0 15 shampooings!<\/p>\n<p>Vous trouverez ici un<strong><a href=\"https:\/\/www.pro-duo.fr\/on\/demandware.static\/-\/Sites-ProDuo_Retail_FR-Library\/default\/dwde9ad1f2\/pdf\/CHROMA_ID_Colour_Guide.pdf\" target=\"_blank\" rel=\"noopener\">nuancier<\/a><\/strong>, qui vous aidera \u00e0 choisir la teinte parfaite.<\/div>\n<\/div>\n<div class=\"tab js-tab\">\n<h3 class=\"tab-title pdp-tabs_title js-tab-mobile-title\"><span>Mode d&#8217;emploi<\/span><\/h3>\n<div class=\"tab-description pdp-tabs_description js-tab-description\">Application : Utilisez des gants de protection jetables et \u00e9tanches vendus dans le commerce.<br \/>Prot\u00e9gez les v\u00eatements, la peau et les surfaces pour \u00e9viter les taches.<br \/>\u00c0 utiliser seul pour une coloration audacieuse, m\u00e9langer avec des masques pigmentant Bonding Color Mask pour des nuances personnalis\u00e9es ou \u00e0 diluer avec un masque pigmentant transparent Clear Bonding Mask pour des d\u00e9grad\u00e9s pastels.<br \/>Appliquez toujours les couleurs uniform\u00e9ment sur des cheveux pr\u00e9alablement lav\u00e9s et essor\u00e9s.<br \/>Rincez abondamment.<br \/>Temps de pose : jusqu\u2019\u00e0 20 minutes.<\/p>\n<p>Vous trouverez ici un<strong><a href=\"https:\/\/www.pro-duo.fr\/on\/demandware.static\/-\/Sites-ProDuo_Retail_FR-Library\/default\/dwde9ad1f2\/pdf\/CHROMA_ID_Colour_Guide.pdf\" target=\"_blank\" rel=\"noopener\">nuancier<\/a><\/strong>, qui vous aidera \u00e0 choisir la teinte parfaite.<\/div>\n<\/div>\n<div class=\"tab js-tab\">\n<h3 class=\"tab-title pdp-tabs_title js-tab-mobile-title\"><span>Ingr\u00e9dients<\/span><\/h3>\n<div class=\"tab-description pdp-tabs_description js-tab-description\">Aqua (Water, Eau)*Cetearyl Alcohol*Coconut Alcohol*PEG-8*Ceteareth-20*Cocamidopropyl Betaine*Dimethicone*Methylparaben*Parfum (Fragrance)*Hydrolyzed Keratin*Cocodimonium Hydroxypropyl Hydrolyzed Keratin*Polyquaternium-6*Sclerocarya Birrea Seed Oil*Propylparaben*Panthenol*Hexyl Cinnamal*Citric Acid*Etidronic Acid*4-Amino-3-Nitrophenol*Magnesium Chloride*Ethanolamine*Linalool*Limonene*Laureth-23*Laureth-4*Basic Violet 2*Alpha-Isomethyl Ionone*Benzyl Alcohol*Sodium Chloride*Sodium Sulfate<\/div>\n<\/div>\n<div class=\"tab js-tab\">\n<h3 class=\"tab-title pdp-tabs_title js-tab-mobile-title\"><span>Livraison et stock<\/span><\/h3>\n<div class=\"tab-description pdp-tabs_description js-tab-description\">\n<div class=\"pdp-delivery_info\">\n<div class=\"content-asset\"><a class=\"pdp-delivery_link\" href=\"\/livraison-delais\/\">Livraison et d\u00e9lais<\/a><a class=\"pdp-delivery_link\" href=\"\/retours-remboursements\/\">Retours et remboursements<\/a><\/div>\n<\/div>\n<\/div>\n<\/div>\n<div class=\"tab js-tab\">\n<h3 class=\"tab-title pdp-tabs_title js-tab-mobile-title\"><span>Pr\u00e9cautions d&#8217;emploi<\/span><\/h3>\n<div class=\"tab-description pdp-tabs_description js-tab-description\">Les teintures capillaires peuvent provoquer des r\u00e9actions allergiques graves. Lisez et suivez les instructions. Ce produit n&rsquo;est pas destin\u00e9 \u00e0 \u00eatre utilis\u00e9 sur des personnes de moins de 16 ans. Les tatouages temporaires au henn\u00e9 noir peuvent augmenter le risque d&rsquo;allergie. N&rsquo;utilisez pas de teinture pour cheveux si vous avez une \u00e9ruption cutan\u00e9e sur le visage ou si votre cuir chevelu est sensible, irrit\u00e9 ou ab\u00eem\u00e9, si vous avez d\u00e9j\u00e0 eu une r\u00e9action quelconque apr\u00e8s une coloration des cheveux ou si vous avez d\u00e9j\u00e0 eu une r\u00e9action aux tatouages temporaires au \u00ab\u00a0henn\u00e9 noir\u00a0\u00bb. Ne pas utiliser pour teindre les cils ou les sourcils. \u00c9viter tout contact avec les yeux. Rincer imm\u00e9diatement si le produit entre en contact avec les yeux. Tenir hors de port\u00e9e des enfants.<\/div>\n<\/div>\n<\/div>\n<\/div>\n<\/div>\n","protected":false},"excerpt":{"rendered":"<p>Points cl\u00e9s Masque de coloration semi-permanente haute performance avec technologie qui renforce la fibre capillaire.&hellip;<\/p>\n","protected":false},"featured_media":35783,"comment_status":"open","ping_status":"closed","template":"","meta":[],"pwb-brand":[646],"product_cat":[388],"product_tag":[317,262,319],"class_list":{"0":"post-38877","1":"product","2":"type-product","3":"status-publish","4":"has-post-thumbnail","6":"pwb-brand-schwarzkopf-professional","7":"product_cat-neutralisants-repigmentant-couleur","8":"product_tag-coloration","9":"product_tag-neutralisants-repigmentant-couleur","10":"product_tag-schwarzkopf-professional","12":"first","13":"instock","14":"taxable","15":"shipping-taxable","16":"purchasable","17":"product-type-variable","18":"layout-style-3","19":"col-md-4 col-sm-4 col-xs-6","20":"col-lg-3","21":"product-has-gallery","22":"product-style-default"},"aioseo_notices":[],"brands":[{"id":646,"name":"Schwarzkopf Professional","slug":"schwarzkopf-professional"}],"_links":{"self":[{"href":"https:\/\/cheveuxluxe.com\/index.php\/wp-json\/wp\/v2\/product\/38877","targetHints":{"allow":["GET"]}}],"collection":[{"href":"https:\/\/cheveuxluxe.com\/index.php\/wp-json\/wp\/v2\/product"}],"about":[{"href":"https:\/\/cheveuxluxe.com\/index.php\/wp-json\/wp\/v2\/types\/product"}],"replies":[{"embeddable":true,"href":"https:\/\/cheveuxluxe.com\/index.php\/wp-json\/wp\/v2\/comments?post=38877"}],"version-history":[{"count":0,"href":"https:\/\/cheveuxluxe.com\/index.php\/wp-json\/wp\/v2\/product\/38877\/revisions"}],"wp:featuredmedia":[{"embeddable":true,"href":"https:\/\/cheveuxluxe.com\/index.php\/wp-json\/wp\/v2\/media\/35783"}],"wp:attachment":[{"href":"https:\/\/cheveuxluxe.com\/index.php\/wp-json\/wp\/v2\/media?parent=38877"}],"wp:term":[{"taxonomy":"pwb-brand","embeddable":true,"href":"https:\/\/cheveuxluxe.com\/index.php\/wp-json\/wp\/v2\/pwb-brand?post=38877"},{"taxonomy":"product_cat","embeddable":true,"href":"https:\/\/cheveuxluxe.com\/index.php\/wp-json\/wp\/v2\/product_cat?post=38877"},{"taxonomy":"product_tag","embeddable":true,"href":"https:\/\/cheveuxluxe.com\/index.php\/wp-json\/wp\/v2\/product_tag?post=38877"}],"curies":[{"name":"wp","href":"https:\/\/api.w.org\/{rel}","templated":true}]}}