{"id":38878,"date":"2024-04-14T14:47:02","date_gmt":"2024-04-14T14:47:02","guid":{"rendered":"https:\/\/cheveuxluxe.com\/?post_type=product&#038;p=38878"},"modified":"2024-04-14T14:47:42","modified_gmt":"2024-04-14T14:47:42","slug":"crazy-color-creme-colorante-semi-permanente-100ml-4","status":"publish","type":"product","link":"https:\/\/cheveuxluxe.com\/index.php\/product\/crazy-color-creme-colorante-semi-permanente-100ml-4\/","title":{"rendered":"Crazy Color Cr\u00e8me colorante semi-permanente 100ml"},"content":{"rendered":"<div class=\"product-content_bottom\">\n<div class=\"pdp-info\">\n<div class=\"pdp-tabs tab-container\">\n<div class=\"tab js-tab\">\n<h3 class=\"tab-title pdp-tabs_title js-tab-mobile-title open\"><span>Points cl\u00e9s<\/span><\/h3>\n<div class=\"tab-description pdp-tabs_description js-tab-description open\" itemprop=\"description\">\n<ul>\n<li> Couleur temporaire <\/li>\n<li>Pionnier de la coloration<\/li>\n<li>Reflets vibrants<\/li>\n<li>Coloration directe <\/li>\n<\/ul>\n<\/div>\n<\/div>\n<div class=\"tab js-tab\">\n<h3 class=\"tab-title pdp-tabs_title js-tab-mobile-title\"><span>Description<\/span><\/h3>\n<div class=\"tab-description pdp-tabs_description js-tab-description\" itemprop=\"description\">Pour une teinte \u00e9clatante qui attire le regard, choisissez Crazy Color\u00ae?! Sp\u00e9cialiste des produits de coloration semi-permanente depuis 1977, la marque anglaise met au service de votre cr\u00e9ativit\u00e9 une gamme de couleurs rock\u2019n\u2019roll, pour des coiffures qui ont du pep\u2019s. Opter pour Crazy Color\u00ae, c\u2019est vous assurer une couleur vibrante aux reflets intenses, pour un look hors pair qui tient jusqu\u2019\u00e0 6 semaines, quel que soit le type de cheveux.Cette coloration temporaire s\u2019att\u00e9nue au fil de l\u2019eau. Pour une dur\u00e9e maximale, il est recommand\u00e9 d\u2019\u00e9viter les shampooings antipelliculaires, la piscine ainsi que les bains de soleil. Lavez vos cheveux 3 fois par semaine environ durant la coloration, et utilisez de l\u2019eau froide pour rincer la chevelure.<\/div>\n<\/div>\n<div class=\"tab js-tab\">\n<h3 class=\"tab-title pdp-tabs_title js-tab-mobile-title\"><span>Mode d&#8217;emploi<\/span><\/h3>\n<div class=\"tab-description pdp-tabs_description js-tab-description\">Pour un effet optimal, utilisez Crazy Color\u00ae sur des cheveux clairs ou d\u00e9color\u00e9s. Attention, avant d\u2019utiliser cette coloration pour la premi\u00e8re fois, il est recommand\u00e9 de r\u00e9aliser un test de sensibilit\u00e9 sur la peau.Utilisez cette couleur sur des cheveux propres. Appliquez la pr\u00e9paration de mani\u00e8re uniforme sur l\u2019ensemble du cr\u00e2ne. Laissez reposer entre 15 et 30 minutes, puis rincez abondamment jusqu\u2019\u00e0 ce que l\u2019eau soit claire, afin d\u2019\u00e9liminer tous r\u00e9sidus.<\/div>\n<\/div>\n<div class=\"tab js-tab\">\n<h3 class=\"tab-title pdp-tabs_title js-tab-mobile-title\"><span>Ingr\u00e9dients<\/span><\/h3>\n<div class=\"tab-description pdp-tabs_description js-tab-description\">Aqua, Cetearyl Alcohol, Ceteareth-20, Distearoylethyl Hydroxyethylmonium Methosulfate, Propylene Glycol, Ceteareth-30, Citric Acid, Formic Acid, Methylchloroisothiazolinone, Methylisothiazolinone, Basic Red 51, 1 Basic Orange 31, 1, Basic Yellow 87, 1, Basic Red 76<\/div>\n<\/div>\n<div class=\"tab js-tab\">\n<h3 class=\"tab-title pdp-tabs_title js-tab-mobile-title\"><span>Livraison et stock<\/span><\/h3>\n<div class=\"tab-description pdp-tabs_description js-tab-description\">\n<div class=\"pdp-delivery_info\">\n<div class=\"content-asset\"><a class=\"pdp-delivery_link\" href=\"\/livraison-delais\/\">Livraison et d\u00e9lais<\/a><a class=\"pdp-delivery_link\" href=\"\/retours-remboursements\/\">Retours et remboursements<\/a><\/div>\n<\/div>\n<\/div>\n<\/div>\n<\/div>\n<\/div>\n<\/div>\n","protected":false},"excerpt":{"rendered":"<p>Points cl\u00e9s Couleur temporaire Pionnier de la coloration Reflets vibrants Coloration directe Description Pour une&hellip;<\/p>\n","protected":false},"featured_media":34909,"comment_status":"open","ping_status":"closed","template":"","meta":[],"pwb-brand":[644],"product_cat":[388],"product_tag":[317,329,262],"class_list":{"0":"post-38878","1":"product","2":"type-product","3":"status-publish","4":"has-post-thumbnail","6":"pwb-brand-crazy-color","7":"product_cat-neutralisants-repigmentant-couleur","8":"product_tag-coloration","9":"product_tag-crazy-color","10":"product_tag-neutralisants-repigmentant-couleur","12":"first","13":"instock","14":"taxable","15":"shipping-taxable","16":"purchasable","17":"product-type-variable","18":"layout-style-3","19":"col-md-4 col-sm-4 col-xs-6","20":"col-lg-3","21":"product-has-gallery","22":"product-style-default"},"aioseo_notices":[],"brands":[{"id":644,"name":"Crazy Color","slug":"crazy-color"}],"_links":{"self":[{"href":"https:\/\/cheveuxluxe.com\/index.php\/wp-json\/wp\/v2\/product\/38878","targetHints":{"allow":["GET"]}}],"collection":[{"href":"https:\/\/cheveuxluxe.com\/index.php\/wp-json\/wp\/v2\/product"}],"about":[{"href":"https:\/\/cheveuxluxe.com\/index.php\/wp-json\/wp\/v2\/types\/product"}],"replies":[{"embeddable":true,"href":"https:\/\/cheveuxluxe.com\/index.php\/wp-json\/wp\/v2\/comments?post=38878"}],"version-history":[{"count":0,"href":"https:\/\/cheveuxluxe.com\/index.php\/wp-json\/wp\/v2\/product\/38878\/revisions"}],"wp:featuredmedia":[{"embeddable":true,"href":"https:\/\/cheveuxluxe.com\/index.php\/wp-json\/wp\/v2\/media\/34909"}],"wp:attachment":[{"href":"https:\/\/cheveuxluxe.com\/index.php\/wp-json\/wp\/v2\/media?parent=38878"}],"wp:term":[{"taxonomy":"pwb-brand","embeddable":true,"href":"https:\/\/cheveuxluxe.com\/index.php\/wp-json\/wp\/v2\/pwb-brand?post=38878"},{"taxonomy":"product_cat","embeddable":true,"href":"https:\/\/cheveuxluxe.com\/index.php\/wp-json\/wp\/v2\/product_cat?post=38878"},{"taxonomy":"product_tag","embeddable":true,"href":"https:\/\/cheveuxluxe.com\/index.php\/wp-json\/wp\/v2\/product_tag?post=38878"}],"curies":[{"name":"wp","href":"https:\/\/api.w.org\/{rel}","templated":true}]}}