{"id":38936,"date":"2024-04-14T14:47:31","date_gmt":"2024-04-14T14:47:31","guid":{"rendered":"https:\/\/cheveuxluxe.com\/?post_type=product&#038;p=38936"},"modified":"2024-04-14T14:47:59","modified_gmt":"2024-04-14T14:47:59","slug":"wella-professionals-color-fresh-coloration-temporaire-60ml-3","status":"publish","type":"product","link":"https:\/\/cheveuxluxe.com\/index.php\/product\/wella-professionals-color-fresh-coloration-temporaire-60ml-3\/","title":{"rendered":"Wella Professionals Color Fresh Coloration Temporaire 60ml"},"content":{"rendered":"<div class=\"product-content_bottom\">\n<div class=\"pdp-info\">\n<div class=\"pdp-tabs tab-container\">\n<div class=\"tab js-tab\">\n<h3 class=\"tab-title pdp-tabs_title js-tab-mobile-title open\"><span>Points cl\u00e9s<\/span><\/h3>\n<div class=\"tab-description pdp-tabs_description js-tab-description open\" itemprop=\"description\">\n<ul>\n<li>Coloration d\u00e9licate, simple et rapide<\/li>\n<li>Sans ammoniaque<\/li>\n<li>Tenue jusqu&rsquo;\u00e0 10 shampooings<\/li>\n<li>Id\u00e9al pour raviver la couleur entre deux services coloration<\/li>\n<\/ul>\n<\/div>\n<\/div>\n<div class=\"tab js-tab\">\n<h3 class=\"tab-title pdp-tabs_title js-tab-mobile-title\"><span>Description<\/span><\/h3>\n<div class=\"tab-description pdp-tabs_description js-tab-description\" itemprop=\"description\">Pour une couleur plus belle jour apr\u00e8s jour, choisissez Color Fresh ! Gr\u00e2ce \u00e0 sa technologie innovante Tone\u00b2 Shine, la gamme Color Fresh de Wella Professionals\u00ae combine des colorants directs avec un agent de soin traitant enrichi en vitamines : la fibre capillaire plus forte et plus douce.Parce que les cheveux color\u00e9s demandent une attention particuli\u00e8re, sa formule douce au pH de 6.5 sans ammoniaque, peroxyde ou alcool, respecte totalement la fibre capillaire R\u00e9sultat : 50 % de brillance suppl\u00e9mentaire par rapport \u00e0 des cheveux non trait\u00e9s, pour une couleur temporaire qui tient jusqu\u2019\u00e0 10 shampooings.On aime : son l\u00e9ger parfum sensuel et discret, qui en fait un produit tr\u00e8s agr\u00e9able \u00e0 utiliser.<\/div>\n<\/div>\n<div class=\"tab js-tab\">\n<h3 class=\"tab-title pdp-tabs_title js-tab-mobile-title\"><span>Mode d&#8217;emploi<\/span><\/h3>\n<div class=\"tab-description pdp-tabs_description js-tab-description\">Color Fresh est pr\u00eat \u00e0 l&#8217;emploi. Sa consistance liquide permet de l&rsquo;appliquer imm\u00e9diatement apr\u00e8s le shampooing, sur des cheveux s\u00e9ch\u00e9s \u00e0 la serviette.Portez des gants et appliquez directement sur le cheveu \u00e0 l\u2019aide du flacon, en r\u00e9partissant uniform\u00e9ment des racines jusqu\u2019aux pointes. Peignez et laissez reposer, avant d&rsquo;\u00e9mulsionner avec de l\u2019eau chaude.Rincez abondamment et coiffez. Sauf exception, vous n\u2019aurez pas besoin de refaire un shampooing apr\u00e8s application.<\/div>\n<\/div>\n<div class=\"tab js-tab\">\n<h3 class=\"tab-title pdp-tabs_title js-tab-mobile-title\"><span>Ingr\u00e9dients<\/span><\/h3>\n<div class=\"tab-description pdp-tabs_description js-tab-description\">Aqua, Propylene Glycol, Cocamidopropyl Betaine, Hydroxyethylcellulose, Phenoxyethanol, PEG-40 Hydrogenated Castor Oil, Methylparaben, Potassium Phosphate, Parfum, Polyquaternium-16 , Polysorbate 20, Basic Red 76, Hydroxyethyl-2-Nitro-p-Toluidine, HC Blue No. 16, Hexyldecanol, Hexyldecyl Laurate, HC Red No. 10, Basic Brown 17, Tocopheryl Acetate, HC Red No. 11, PEG-20 Glyceryl Laurate, Linalool, Hexyl Cinnamal, Sodium Hydroxide, Limonene, Citronellol, Benzyl Salicylate, Geraniol, Linoleic Acid, Tocopherol, Phosphoric Acid, Retinyl Palmitate, Diethylhexyl Syringylidenemalonate, Glyoxal, Caprylic, Capric Triglyceride<\/div>\n<\/div>\n<div class=\"tab js-tab\">\n<h3 class=\"tab-title pdp-tabs_title js-tab-mobile-title\"><span>Livraison et stock<\/span><\/h3>\n<div class=\"tab-description pdp-tabs_description js-tab-description\">\n<div class=\"pdp-delivery_info\">\n<div class=\"content-asset\"><a class=\"pdp-delivery_link\" href=\"\/livraison-delais\/\">Livraison et d\u00e9lais<\/a><a class=\"pdp-delivery_link\" href=\"\/retours-remboursements\/\">Retours et remboursements<\/a><\/div>\n<\/div>\n<\/div>\n<\/div>\n<\/div>\n<\/div>\n<\/div>\n","protected":false},"excerpt":{"rendered":"<p>Points cl\u00e9s Coloration d\u00e9licate, simple et rapide Sans ammoniaque Tenue jusqu&rsquo;\u00e0 10 shampooings Id\u00e9al pour&hellip;<\/p>\n","protected":false},"featured_media":35433,"comment_status":"open","ping_status":"closed","template":"","meta":[],"pwb-brand":[648],"product_cat":[388],"product_tag":[317,262,323],"class_list":{"0":"post-38936","1":"product","2":"type-product","3":"status-publish","4":"has-post-thumbnail","6":"pwb-brand-wella-professionals","7":"product_cat-neutralisants-repigmentant-couleur","8":"product_tag-coloration","9":"product_tag-neutralisants-repigmentant-couleur","10":"product_tag-wella-professionals","12":"first","13":"instock","14":"taxable","15":"shipping-taxable","16":"purchasable","17":"product-type-variable","18":"layout-style-3","19":"col-md-4 col-sm-4 col-xs-6","20":"col-lg-3","21":"product-has-gallery","22":"product-style-default"},"aioseo_notices":[],"brands":[{"id":648,"name":"Wella Professionals","slug":"wella-professionals"}],"_links":{"self":[{"href":"https:\/\/cheveuxluxe.com\/index.php\/wp-json\/wp\/v2\/product\/38936","targetHints":{"allow":["GET"]}}],"collection":[{"href":"https:\/\/cheveuxluxe.com\/index.php\/wp-json\/wp\/v2\/product"}],"about":[{"href":"https:\/\/cheveuxluxe.com\/index.php\/wp-json\/wp\/v2\/types\/product"}],"replies":[{"embeddable":true,"href":"https:\/\/cheveuxluxe.com\/index.php\/wp-json\/wp\/v2\/comments?post=38936"}],"version-history":[{"count":0,"href":"https:\/\/cheveuxluxe.com\/index.php\/wp-json\/wp\/v2\/product\/38936\/revisions"}],"wp:featuredmedia":[{"embeddable":true,"href":"https:\/\/cheveuxluxe.com\/index.php\/wp-json\/wp\/v2\/media\/35433"}],"wp:attachment":[{"href":"https:\/\/cheveuxluxe.com\/index.php\/wp-json\/wp\/v2\/media?parent=38936"}],"wp:term":[{"taxonomy":"pwb-brand","embeddable":true,"href":"https:\/\/cheveuxluxe.com\/index.php\/wp-json\/wp\/v2\/pwb-brand?post=38936"},{"taxonomy":"product_cat","embeddable":true,"href":"https:\/\/cheveuxluxe.com\/index.php\/wp-json\/wp\/v2\/product_cat?post=38936"},{"taxonomy":"product_tag","embeddable":true,"href":"https:\/\/cheveuxluxe.com\/index.php\/wp-json\/wp\/v2\/product_tag?post=38936"}],"curies":[{"name":"wp","href":"https:\/\/api.w.org\/{rel}","templated":true}]}}