{"id":38970,"date":"2024-04-14T14:47:45","date_gmt":"2024-04-14T14:47:45","guid":{"rendered":"https:\/\/cheveuxluxe.com\/?post_type=product&#038;p=38970"},"modified":"2024-04-14T14:48:42","modified_gmt":"2024-04-14T14:48:42","slug":"schwarzkopf-professional-blond-me-creme-blondeur-a-eclaircir-60ml-8","status":"publish","type":"product","link":"https:\/\/cheveuxluxe.com\/index.php\/product\/schwarzkopf-professional-blond-me-creme-blondeur-a-eclaircir-60ml-8\/","title":{"rendered":"Schwarzkopf Professional Blond Me- Cr\u00e8me Blondeur \u00e0 \u00c9claircir 60ml"},"content":{"rendered":"<div class=\"product-content_bottom\">\n<div class=\"pdp-info\">\n<div class=\"pdp-tabs tab-container\">\n<div class=\"tab js-tab\">\n<h3 class=\"tab-title pdp-tabs_title js-tab-mobile-title open\"><span>Points cl\u00e9s<\/span><\/h3>\n<div class=\"tab-description pdp-tabs_description js-tab-description open\" itemprop=\"description\">\n<ul>\n<li>Renforcement de ton sophistiqu\u00e9s sur les bases 5 \u00e0 8.<\/li>\n<\/ul>\n<\/div>\n<\/div>\n<div class=\"tab js-tab\">\n<h3 class=\"tab-title pdp-tabs_title js-tab-mobile-title\"><span>Description<\/span><\/h3>\n<div class=\"tab-description pdp-tabs_description js-tab-description\" itemprop=\"description\">\n<p>Pour une \u00e9tape de finition indispensable apr\u00e8s chaque service d&rsquo;\u00e9claircissement, Blond Me Deep Toning &#8211; avec la technologie int\u00e9gr\u00e9e Anti-Metal Bond Protection &#8211; est la gamme tonique essentielle pour les bases de cheveux 5 \u00e0 8. Pour un r\u00e9sultat blond parfait, elle enrichit les bases de cheveux pr\u00e9-\u00e9claircies, plus fonc\u00e9es, ou les cheveux naturellement blonds, pour une am\u00e9lioration sophistiqu\u00e9e du tonus. Toutes les nuances toniques peuvent \u00eatre m\u00e9lang\u00e9es, ce qui permet une cr\u00e9ativit\u00e9 infinie.<\/p>\n<\/div>\n<\/div>\n<div class=\"tab js-tab\">\n<h3 class=\"tab-title pdp-tabs_title js-tab-mobile-title\"><span>Mode d&#8217;emploi<\/span><\/h3>\n<div class=\"tab-description pdp-tabs_description js-tab-description\">\n<p>Appliquer sur les cheveux humides. Si vous utilisez Blond Me Pastel Toning apr\u00e8s une d\u00e9coloration ou une coloration highlift, terminez d&rsquo;abord le processus d&rsquo;oxydation avec Blond Me Mask. M\u00e9langez Blond Me Pastel Toning et Blond Me Premium Developer 2%|7 Vol. \u00e0 parts \u00e9gales : 1:1. M\u00e9langer soigneusement jusqu&rsquo;\u00e0 l&rsquo;obtention d&rsquo;un m\u00e9lange homog\u00e8ne. Appliquer le m\u00e9lange imm\u00e9diatement apr\u00e8s la pr\u00e9paration. Utiliser une grande quantit\u00e9 de produit pour obtenir un r\u00e9sultat de couleur uniforme. Temps de d\u00e9veloppement : Jusqu&rsquo;\u00e0 20 minutes. Permettre un contr\u00f4le visuel. Une chaleur suppl\u00e9mentaire n&rsquo;est PAS recommand\u00e9e.<\/p>\n<\/div>\n<\/div>\n<div class=\"tab js-tab\">\n<h3 class=\"tab-title pdp-tabs_title js-tab-mobile-title\"><span>Ingr\u00e9dients<\/span><\/h3>\n<div class=\"tab-description pdp-tabs_description js-tab-description\">Aqua (Water, Eau),Glycerin,PPG-1-PEG-9 Lauryl Glycol Ether,Phenoxyethanol,Xanthan Gum,Coco-Glucoside,Chondrus Crispus Powder (Carrageenan),Steareth-100,Parfum (Fragrance),Toluene-2,5-Diamine Sulfate,Sodium Sulfite,Potassium Phosphate,Ethanolamine,Caprylyl\/Capryl Glucoside,Potassium Hydroxide,Glycine,Arginine,Lysine HCl,Succinic Acid,Trisodium Ethylenediamine Disuccinate,2-Methylresorcinol,m-Aminophenol,N,N-Bis(2-Hydroxyethyl)-p-Phenylenediamine Sulfate,Geraniol,Sodium Hyaluronate,Benzyl Alcohol<\/div>\n<\/div>\n<div class=\"tab js-tab\">\n<h3 class=\"tab-title pdp-tabs_title js-tab-mobile-title\"><span>Livraison et stock<\/span><\/h3>\n<div class=\"tab-description pdp-tabs_description js-tab-description\">\n<div class=\"pdp-delivery_info\">\n<div class=\"content-asset\"><a class=\"pdp-delivery_link\" href=\"\/livraison-delais\/\">Livraison et d\u00e9lais<\/a><a class=\"pdp-delivery_link\" href=\"\/retours-remboursements\/\">Retours et remboursements<\/a><\/div>\n<\/div>\n<\/div>\n<\/div>\n<div class=\"tab js-tab\">\n<h3 class=\"tab-title pdp-tabs_title js-tab-mobile-title\"><span>Pr\u00e9cautions d&#8217;emploi<\/span><\/h3>\n<div class=\"tab-description pdp-tabs_description js-tab-description\">Pour usage professionnel seulement. Attention : les colorants pour les cheveux peuvent entra\u00eener des r\u00e9actions allergiques graves. Lire et suivre les consignes. Ce produit contient des ingr\u00e9dients pouvant irriter la peau de certaines personnes ; un test pr\u00e9liminaire doit d&rsquo;abord \u00eatre effectu\u00e9 conform\u00e9ment aux directives jointes. Ce produit n&rsquo;est pas pr\u00e9vu pour \u00eatre utilis\u00e9 sur des personnes \u00e2g\u00e9es de moins de 16 ans. Les tatouages temporaires au henn\u00e9 noir peuvent augmenter le risque d&rsquo;allergie. Ne colorez pas vos cheveux si : &#8211; vous avez des rougeurs sur le visage, un cuir chevelu sensible, irrit\u00e9 ou ab\u00eem\u00e9, &#8211; vous avez d\u00e9j\u00e0 eu une r\u00e9action apr\u00e8s avoir color\u00e9 vos cheveux, &#8211; vous avez eu une r\u00e9action \u00e0 un tatouage temporaire au henn\u00e9 noir par le pass\u00e9. Tenir hors de port\u00e9e des enfants. \u00c9viter tout contact avec les yeux. En cas de contact du produit avec les yeux, rincer imm\u00e9diatement. Ne pas utiliser pour colorer vos cils ou sourcils, cela pourrait entra\u00eener une c\u00e9cit\u00e9. Bien rincer les cheveux apr\u00e8s application. Porter des gants appropri\u00e9s.<\/div>\n<\/div>\n<\/div>\n<\/div>\n<\/div>\n","protected":false},"excerpt":{"rendered":"<p>Points cl\u00e9s Renforcement de ton sophistiqu\u00e9s sur les bases 5 \u00e0 8. Description Pour une&hellip;<\/p>\n","protected":false},"featured_media":34199,"comment_status":"open","ping_status":"closed","template":"","meta":[],"pwb-brand":[646],"product_cat":[503],"product_tag":[168,169,319],"class_list":{"0":"post-38970","1":"product","2":"type-product","3":"status-publish","4":"has-post-thumbnail","6":"pwb-brand-schwarzkopf-professional","7":"product_cat-materiel-de-coiffure-equipement-de-salon-22","8":"product_tag-equipement-de-salon","9":"product_tag-materiel-de-coiffure","10":"product_tag-schwarzkopf-professional","12":"first","13":"instock","14":"taxable","15":"shipping-taxable","16":"purchasable","17":"product-type-variable","18":"layout-style-3","19":"col-md-4 col-sm-4 col-xs-6","20":"col-lg-3","21":"product-has-gallery","22":"product-style-default"},"aioseo_notices":[],"brands":[{"id":646,"name":"Schwarzkopf Professional","slug":"schwarzkopf-professional"}],"_links":{"self":[{"href":"https:\/\/cheveuxluxe.com\/index.php\/wp-json\/wp\/v2\/product\/38970","targetHints":{"allow":["GET"]}}],"collection":[{"href":"https:\/\/cheveuxluxe.com\/index.php\/wp-json\/wp\/v2\/product"}],"about":[{"href":"https:\/\/cheveuxluxe.com\/index.php\/wp-json\/wp\/v2\/types\/product"}],"replies":[{"embeddable":true,"href":"https:\/\/cheveuxluxe.com\/index.php\/wp-json\/wp\/v2\/comments?post=38970"}],"version-history":[{"count":0,"href":"https:\/\/cheveuxluxe.com\/index.php\/wp-json\/wp\/v2\/product\/38970\/revisions"}],"wp:featuredmedia":[{"embeddable":true,"href":"https:\/\/cheveuxluxe.com\/index.php\/wp-json\/wp\/v2\/media\/34199"}],"wp:attachment":[{"href":"https:\/\/cheveuxluxe.com\/index.php\/wp-json\/wp\/v2\/media?parent=38970"}],"wp:term":[{"taxonomy":"pwb-brand","embeddable":true,"href":"https:\/\/cheveuxluxe.com\/index.php\/wp-json\/wp\/v2\/pwb-brand?post=38970"},{"taxonomy":"product_cat","embeddable":true,"href":"https:\/\/cheveuxluxe.com\/index.php\/wp-json\/wp\/v2\/product_cat?post=38970"},{"taxonomy":"product_tag","embeddable":true,"href":"https:\/\/cheveuxluxe.com\/index.php\/wp-json\/wp\/v2\/product_tag?post=38970"}],"curies":[{"name":"wp","href":"https:\/\/api.w.org\/{rel}","templated":true}]}}