{"id":38996,"date":"2024-04-14T14:48:03","date_gmt":"2024-04-14T14:48:03","guid":{"rendered":"https:\/\/cheveuxluxe.com\/?post_type=product&#038;p=38996"},"modified":"2024-04-14T14:48:42","modified_gmt":"2024-04-14T14:48:42","slug":"blond-me-lift-blend-60ml-4","status":"publish","type":"product","link":"https:\/\/cheveuxluxe.com\/index.php\/product\/blond-me-lift-blend-60ml-4\/","title":{"rendered":"Blond Me Lift &#038; Blend 60ml"},"content":{"rendered":"<div class=\"product-content_bottom\">\n<div class=\"pdp-info\">\n<div class=\"pdp-tabs tab-container\">\n<div class=\"tab js-tab\">\n<h3 class=\"tab-title pdp-tabs_title js-tab-mobile-title open\"><span>Points cl\u00e9s<\/span><\/h3>\n<div class=\"tab-description pdp-tabs_description js-tab-description open\" itemprop=\"description\">Pour des looks blonds sophistiqu\u00e9s avec jusqu&rsquo;\u00e0 4 tons d&rsquo;\u00e9claircissement et une nuance optimale des cheveux blancs<\/div>\n<\/div>\n<div class=\"tab js-tab\">\n<h3 class=\"tab-title pdp-tabs_title js-tab-mobile-title\"><span>Description<\/span><\/h3>\n<div class=\"tab-description pdp-tabs_description js-tab-description\" itemprop=\"description\">Id\u00e9al pour les clients d&rsquo;\u00e2ge m\u00fbr \u00e0 la recherche d&rsquo;un look blond sophistiqu\u00e9, Blond Me Lift &amp; Blend &#8211; avec la technologie int\u00e9gr\u00e9e de protection contre les liaisons m\u00e9talliques &#8211; permet de m\u00e9langer les cheveux blancs, de soulever les cheveux et de tonifier les cheveux blonds en un seul produit. Lorsqu&rsquo;il est m\u00e9lang\u00e9 au r\u00e9v\u00e9lateur Blond Me Premium, il permet d&rsquo;obtenir jusqu&rsquo;\u00e0 4 niveaux de rehaussement et des r\u00e9sultats optimaux de m\u00e9lange des blancs sur une base naturelle 6 et plus claire, avec 30 \u00e0 70 % de cheveux blancs.<\/div>\n<\/div>\n<div class=\"tab js-tab\">\n<h3 class=\"tab-title pdp-tabs_title js-tab-mobile-title\"><span>Mode d&#8217;emploi<\/span><\/h3>\n<div class=\"tab-description pdp-tabs_description js-tab-description\">Pr\u00e9paration\u00a0: appliquer sur cheveux secs, ne pas r\u00e9aliser de shampooing avant utilisation. Base d&rsquo;application recommand\u00e9e\u00a0: blonde fonc\u00e9e 6-0 et plus claire. Eclaircit jusqu&rsquo;\u00e0 4-5 tons sur cheveux naturels (p. ex.\u00a0: de blond fonc\u00e9 \u00e0 blond tr\u00e8s clair). Si la base naturelle est plus fonc\u00e9e que 6-0 ou si les cheveux ont \u00e9t\u00e9 pr\u00e9alablement color\u00e9s, utiliser la poudre compacte d\u00e9colorante PPL9+ Blond Me.<br \/>M\u00e9lange\u00a0: m\u00e9langer la Cr\u00e8me Blondeur \u00e0 \u00c9claircir et le R\u00e9v\u00e9lateur Soin Premium Blond Me avec un ratio 1:1. Concentration recommand\u00e9e de r\u00e9v\u00e9lateur\u00a0: 12 % \/ 40 vol. pour hauteurs de tons 6-0 et 7-0, 9 % \/ 30 vol. pour hauteurs de tons 8-0 et plus claires. Toujours m\u00e9langer soigneusement la Cr\u00e8me \u00e0 Eclaircir et le R\u00e9v\u00e9lateur jusqu&rsquo;\u00e0 obtention d&rsquo;une consistance lisse et cr\u00e9meuse.<br \/>Application\u00a0: appliquer le m\u00e9lange directement apr\u00e8s la pr\u00e9paration. Utiliser une quantit\u00e9 importante de produit pour garantir le meilleur effet d&rsquo;\u00e9claircissement possible et la meilleure \u00e9galisation possible.<br \/>Temps de pose : 30\u201345 min. \u00e0 temp\u00e9rature ambiante. L\u2018apport de chaleur n\u2018est pas recommand\u00e9.<br \/>Rin\u00e7age\u00a0: rincer soigneusement, shampouiner et soigner avec les produits de soin Blond Me.<br \/>Remarque\u00a0: les Cr\u00e8mes Blondeur \u00e0 Nuancer Blond Me peuvent \u00eatre ajout\u00e9s pour des cr\u00e9ations de nuances personnalis\u00e9es. Ratio de m\u00e9lange 1:1 avec le R\u00e9v\u00e9lateur (p. ex.\u00a0: 45 g\/1,58 oz. de Cr\u00e8me \u00e0 Eclaircir Glacier + 15g\/0,52 oz. de Cr\u00e8me Blondeur \u00e0 Nuancer Bleu Fum\u00e9 M\u00e9tallique : ajouter 60g \/2,11 oz. de R\u00e9v\u00e9lateur Soin Premium Blond Me.<\/div>\n<\/div>\n<div class=\"tab js-tab\">\n<h3 class=\"tab-title pdp-tabs_title js-tab-mobile-title\"><span>Ingr\u00e9dients<\/span><\/h3>\n<div class=\"tab-description pdp-tabs_description js-tab-description\">Aqua (Water, Eau),Cetearyl Alcohol,Ammonium Hydroxide,Ceteareth-20,Prunus Armeniaca (Apricot) Kernel Oil,Ammonium Sulfate,Succinic Acid,Potassium Hydroxide,Steareth-100,Glyceryl Stearate,Parfum (Fragrance),Trisodium Ethylenediamine Disuccinate,Glycine,Arginine,Lysine HCl,Toluene-2,5-Diamine Sulfate,Ethanolamine,Sodium Sulfite,Resorcinol,N,N-Bis(2-Hydroxyethyl)-p-Phenylenediamine Sulfate,Geraniol,Biotin,m-Aminophenol,4-Amino-2-Hydroxytoluene,5-Amino-6-Chloro-o-Cresol,Benzyl Alcohol<\/div>\n<\/div>\n<div class=\"tab js-tab\">\n<h3 class=\"tab-title pdp-tabs_title js-tab-mobile-title\"><span>Livraison et stock<\/span><\/h3>\n<div class=\"tab-description pdp-tabs_description js-tab-description\">\n<div class=\"pdp-delivery_info\">\n<div class=\"content-asset\"><a class=\"pdp-delivery_link\" href=\"\/livraison-delais\/\">Livraison et d\u00e9lais<\/a><a class=\"pdp-delivery_link\" href=\"\/retours-remboursements\/\">Retours et remboursements<\/a><\/div>\n<\/div>\n<\/div>\n<\/div>\n<div class=\"tab js-tab\">\n<h3 class=\"tab-title pdp-tabs_title js-tab-mobile-title\"><span>Pr\u00e9cautions d&#8217;emploi<\/span><\/h3>\n<div class=\"tab-description pdp-tabs_description js-tab-description\">Pour usage professionnel seulement. Les colorants pour les cheveux peuvent entra\u00eener des r\u00e9actions allergiques graves. Lire et suivre les consignes. Ce produit n&rsquo;est pas pr\u00e9vu pour \u00eatre utilis\u00e9 sur des personnes \u00e2g\u00e9es de moins de 16 ans. Les tatouages temporaires au henn\u00e9 noir peuvent augmenter le risque d&rsquo;allergie. Ne colorez pas vos cheveux si : \u2013 vous avez des rougeurs sur le visage, un cuir chevelu sensible, irrit\u00e9 ou ab\u00eem\u00e9, \u2013 vous avez d\u00e9j\u00e0 eu une r\u00e9action apr\u00e8s avoir color\u00e9 vos cheveux, \u2013 vous avez eu une r\u00e9action \u00e0 un tatouage temporaire au henn\u00e9 noir par le pass\u00e9. Tenir hors de port\u00e9e des enfants. \u00c9viter tout contact avec les yeux. En cas de contact du produit avec les yeux, rincer imm\u00e9diatement. Ne pas utiliser pour colorer vos cils ou sourcils. Bien rincer les cheveux apr\u00e8s application. Porter des gants appropri\u00e9s.<\/div>\n<\/div>\n<\/div>\n<\/div>\n<\/div>\n","protected":false},"excerpt":{"rendered":"<p>Points cl\u00e9s Pour des looks blonds sophistiqu\u00e9s avec jusqu&rsquo;\u00e0 4 tons d&rsquo;\u00e9claircissement et une nuance&hellip;<\/p>\n","protected":false},"featured_media":34382,"comment_status":"open","ping_status":"closed","template":"","meta":[],"pwb-brand":[646],"product_cat":[503],"product_tag":[168,169,319],"class_list":{"0":"post-38996","1":"product","2":"type-product","3":"status-publish","4":"has-post-thumbnail","6":"pwb-brand-schwarzkopf-professional","7":"product_cat-materiel-de-coiffure-equipement-de-salon-22","8":"product_tag-equipement-de-salon","9":"product_tag-materiel-de-coiffure","10":"product_tag-schwarzkopf-professional","12":"first","13":"instock","14":"taxable","15":"shipping-taxable","16":"purchasable","17":"product-type-variable","18":"layout-style-3","19":"col-md-4 col-sm-4 col-xs-6","20":"col-lg-3","21":"product-has-gallery","22":"product-style-default"},"aioseo_notices":[],"brands":[{"id":646,"name":"Schwarzkopf Professional","slug":"schwarzkopf-professional"}],"_links":{"self":[{"href":"https:\/\/cheveuxluxe.com\/index.php\/wp-json\/wp\/v2\/product\/38996","targetHints":{"allow":["GET"]}}],"collection":[{"href":"https:\/\/cheveuxluxe.com\/index.php\/wp-json\/wp\/v2\/product"}],"about":[{"href":"https:\/\/cheveuxluxe.com\/index.php\/wp-json\/wp\/v2\/types\/product"}],"replies":[{"embeddable":true,"href":"https:\/\/cheveuxluxe.com\/index.php\/wp-json\/wp\/v2\/comments?post=38996"}],"version-history":[{"count":0,"href":"https:\/\/cheveuxluxe.com\/index.php\/wp-json\/wp\/v2\/product\/38996\/revisions"}],"wp:featuredmedia":[{"embeddable":true,"href":"https:\/\/cheveuxluxe.com\/index.php\/wp-json\/wp\/v2\/media\/34382"}],"wp:attachment":[{"href":"https:\/\/cheveuxluxe.com\/index.php\/wp-json\/wp\/v2\/media?parent=38996"}],"wp:term":[{"taxonomy":"pwb-brand","embeddable":true,"href":"https:\/\/cheveuxluxe.com\/index.php\/wp-json\/wp\/v2\/pwb-brand?post=38996"},{"taxonomy":"product_cat","embeddable":true,"href":"https:\/\/cheveuxluxe.com\/index.php\/wp-json\/wp\/v2\/product_cat?post=38996"},{"taxonomy":"product_tag","embeddable":true,"href":"https:\/\/cheveuxluxe.com\/index.php\/wp-json\/wp\/v2\/product_tag?post=38996"}],"curies":[{"name":"wp","href":"https:\/\/api.w.org\/{rel}","templated":true}]}}