{"id":39086,"date":"2024-04-14T14:49:49","date_gmt":"2024-04-14T14:49:49","guid":{"rendered":"https:\/\/cheveuxluxe.com\/?post_type=product&#038;p=39086"},"modified":"2024-04-14T14:51:16","modified_gmt":"2024-04-14T14:51:16","slug":"wildest-dreams-hair-loop-boucle-elastique-de-cheveux-15cm","status":"publish","type":"product","link":"https:\/\/cheveuxluxe.com\/index.php\/product\/wildest-dreams-hair-loop-boucle-elastique-de-cheveux-15cm\/","title":{"rendered":"Wildest Dreams Hair Loop Boucle \u00c9lastique de Cheveux 15cm"},"content":{"rendered":"<div class=\"product-content_bottom\">\n<div class=\"pdp-info\">\n<div class=\"pdp-tabs tab-container\">\n<div class=\"tab js-tab\">\n<h3 class=\"tab-title pdp-tabs_title js-tab-mobile-title open\"><span>Points cl\u00e9s<\/span><\/h3>\n<div class=\"tab-description pdp-tabs_description js-tab-description open\" itemprop=\"description\">\n<ul>\n<li>\u00c9lastique recouvert de cheveux (cheveux humains)<\/li>\n<li>Change votre look en quelques secondes<\/li>\n<li>S&rsquo;harmonise parfaitement<\/li>\n<li>Disponible en 5 magnifiques teintes<\/li>\n<\/ul>\n<\/div>\n<\/div>\n<div class=\"tab js-tab\">\n<h3 class=\"tab-title pdp-tabs_title js-tab-mobile-title\"><span>Description<\/span><\/h3>\n<div class=\"tab-description pdp-tabs_description js-tab-description\" itemprop=\"description\">L&rsquo;\u00e9lastiques gain\u00e9 de cheveux Wildest Dreams est id\u00e9al pour cr\u00e9er des chignons parfaits ou des roul\u00e9s torsad\u00e9s en un rien de temps. Se fond parfaitement avec les cheveux naturels.<\/div>\n<\/div>\n<div class=\"tab js-tab\">\n<h3 class=\"tab-title pdp-tabs_title js-tab-mobile-title\"><span>Mode d&#8217;emploi<\/span><\/h3>\n<div class=\"tab-description pdp-tabs_description js-tab-description\">Attachez vos cheveux en queue de cheval ou en chignon. Enroulez la boucle du chignon environ 1 \u00e0 3 fois, en fonction de l\u2019\u00e9paisseur de vos propres cheveux. M\u00e9langez avec vos propres cheveux et pr\u00eat.<\/div>\n<\/div>\n<div class=\"tab js-tab\">\n<h3 class=\"tab-title pdp-tabs_title js-tab-mobile-title\"><span>Ingr\u00e9dients<\/span><\/h3>\n<div class=\"tab-description pdp-tabs_description js-tab-description\">Cheveux humains<\/div>\n<\/div>\n<div class=\"tab js-tab\">\n<h3 class=\"tab-title pdp-tabs_title js-tab-mobile-title\"><span>Livraison et stock<\/span><\/h3>\n<div class=\"tab-description pdp-tabs_description js-tab-description\">\n<div class=\"pdp-delivery_info\">\n<div class=\"content-asset\"><a class=\"pdp-delivery_link\" href=\"\/livraison-delais\/\">Livraison et d\u00e9lais<\/a><a class=\"pdp-delivery_link\" href=\"\/retours-remboursements\/\">Retours et remboursements<\/a><\/div>\n<\/div>\n<\/div>\n<\/div>\n<div class=\"tab js-tab\">\n<h3 class=\"tab-title pdp-tabs_title js-tab-mobile-title\"><span>Pr\u00e9cautions d&#8217;emploi<\/span><\/h3>\n<div class=\"tab-description pdp-tabs_description js-tab-description\">ATTENTION: Garder hors de port\u00e9e des enfants. Garder \u00e0 distance de flamme<\/div>\n<\/div>\n<\/div>\n<\/div>\n<\/div>\n","protected":false},"excerpt":{"rendered":"<p>Points cl\u00e9s \u00c9lastique recouvert de cheveux (cheveux humains) Change votre look en quelques secondes S&rsquo;harmonise&hellip;<\/p>\n","protected":false},"featured_media":39105,"comment_status":"open","ping_status":"closed","template":"","meta":[],"pwb-brand":[703],"product_cat":[602],"product_tag":[146,127,551],"class_list":{"0":"post-39086","1":"product","2":"type-product","3":"status-publish","4":"has-post-thumbnail","6":"pwb-brand-wildest-dreams","7":"product_cat-extensions-cheveux-perruques","8":"product_tag-extensions-cheveux-perruques","9":"product_tag-shampooing-et-coiffure","10":"product_tag-wildest-dreams","12":"first","13":"instock","14":"taxable","15":"shipping-taxable","16":"purchasable","17":"product-type-variable","18":"layout-style-3","19":"col-md-4 col-sm-4 col-xs-6","20":"col-lg-3","21":"product-has-gallery","22":"product-style-default"},"aioseo_notices":[],"brands":[{"id":703,"name":"Wildest Dreams","slug":"wildest-dreams"}],"_links":{"self":[{"href":"https:\/\/cheveuxluxe.com\/index.php\/wp-json\/wp\/v2\/product\/39086","targetHints":{"allow":["GET"]}}],"collection":[{"href":"https:\/\/cheveuxluxe.com\/index.php\/wp-json\/wp\/v2\/product"}],"about":[{"href":"https:\/\/cheveuxluxe.com\/index.php\/wp-json\/wp\/v2\/types\/product"}],"replies":[{"embeddable":true,"href":"https:\/\/cheveuxluxe.com\/index.php\/wp-json\/wp\/v2\/comments?post=39086"}],"version-history":[{"count":0,"href":"https:\/\/cheveuxluxe.com\/index.php\/wp-json\/wp\/v2\/product\/39086\/revisions"}],"wp:featuredmedia":[{"embeddable":true,"href":"https:\/\/cheveuxluxe.com\/index.php\/wp-json\/wp\/v2\/media\/39105"}],"wp:attachment":[{"href":"https:\/\/cheveuxluxe.com\/index.php\/wp-json\/wp\/v2\/media?parent=39086"}],"wp:term":[{"taxonomy":"pwb-brand","embeddable":true,"href":"https:\/\/cheveuxluxe.com\/index.php\/wp-json\/wp\/v2\/pwb-brand?post=39086"},{"taxonomy":"product_cat","embeddable":true,"href":"https:\/\/cheveuxluxe.com\/index.php\/wp-json\/wp\/v2\/product_cat?post=39086"},{"taxonomy":"product_tag","embeddable":true,"href":"https:\/\/cheveuxluxe.com\/index.php\/wp-json\/wp\/v2\/product_tag?post=39086"}],"curies":[{"name":"wp","href":"https:\/\/api.w.org\/{rel}","templated":true}]}}