{"id":39088,"date":"2024-04-14T14:49:49","date_gmt":"2024-04-14T14:49:49","guid":{"rendered":"https:\/\/cheveuxluxe.com\/?post_type=product&#038;p=39088"},"modified":"2024-04-14T14:53:21","modified_gmt":"2024-04-14T14:53:21","slug":"wildest-dreams-extensions-cheveux-lisses-humains-clip-in-1pc-46cm","status":"publish","type":"product","link":"https:\/\/cheveuxluxe.com\/index.php\/product\/wildest-dreams-extensions-cheveux-lisses-humains-clip-in-1pc-46cm\/","title":{"rendered":"Wildest Dreams Extensions Cheveux Lisses Humains Clip-In 1pc 46cm"},"content":{"rendered":"<div class=\"product-content_bottom\">\n<div class=\"pdp-info\">\n<div class=\"pdp-delivery_information\"><span class=\"pdp-delivery_label\">Information importante :<\/span> Nous avons \u00e9largi cette gamme &#8211; L&rsquo;aspect de l&#8217;emballage ext\u00e9rieur peut varier.<\/div>\n<div class=\"pdp-tabs tab-container\">\n<div class=\"tab js-tab\">\n<h3 class=\"tab-title pdp-tabs_title js-tab-mobile-title open\"><span>Points cl\u00e9s<\/span><\/h3>\n<div class=\"tab-description pdp-tabs_description js-tab-description open\" itemprop=\"description\">\n<ul>\n<li>1 trame de 12 \u00ab\u00a0\/ 30 cm de large avec 6 clips attach\u00e9s<\/li>\n<li>1-2 paquets pour la couleur<\/li>\n<li>2-3 paquets pour le volume<\/li>\n<li>3-4 packs pour un relooking complet de la t\u00eate<\/li>\n<li>18 \u00ab\u00a0de long<\/li>\n<li>Coupez-le, chauffez-le, nettoyez-le<\/li>\n<li>100% cheveux humains<\/li>\n<\/ul>\n<\/div>\n<\/div>\n<div class=\"tab js-tab\">\n<h3 class=\"tab-title pdp-tabs_title js-tab-mobile-title\"><span>Description<\/span><\/h3>\n<div class=\"tab-description pdp-tabs_description js-tab-description\" itemprop=\"description\">Fabriqu\u00e9 avec des cheveux humains purs, vous savez que les riches tons brillants continueront de para\u00eetre beaux.<br \/>Que vous souhaitiez des cheveux longs ou que vous cherchiez \u00e0 ajouter du volume \u00e0 vos cheveux; notre simple bande de cheveux est la r\u00e9ponse. Les clips sont d\u00e9j\u00e0 attach\u00e9s et l&rsquo;ensemble est pr\u00eat pour une utilisation instantan\u00e9e en seulement 5 minutes. Vous obtiendrez \u00e9galement des instructions avec des images montrant comment ajuster les extensions et comment les entretenir.<br \/>Ce clip dans la bande d&rsquo;extensions de cheveux est livr\u00e9 avec 6 clips m\u00e9talliques d\u00e9j\u00e0 attach\u00e9s aux trames avec un tube en silicone pour une prise en main s\u00fbre.<br \/>Nos extensions sont fabriqu\u00e9es \u00e0 partir de cheveux humains. cependant, ils doivent prendre soin l\u00e9g\u00e8rement diff\u00e9remment de vos propres cheveux. Nous avons fait un r\u00e9sum\u00e9 rapide des extensions de cheveux \u00e0 faire et \u00e0 ne pas faire pour vous.<br \/>Faire Vous pouvez vous courber. pincez et redressez-les<br \/>Vous pouvez utiliser vos GHD dessus sans aucun probl\u00e8me<br \/>Vous pouvez laver les extensions de cheveux<br \/>Vous pouvez les teindre \u00c0 ne pas faire<br \/>N&rsquo;utilisez pas de produits contenant de l&rsquo;alcool car ils peuvent dess\u00e9cher les extensions et vous ne voulez pas que cela se produise<br \/>N&rsquo;utilisez pas de shampooing con\u00e7u pour le volume ou pour les cheveux teints<br \/>Ne pas blanchir ou \u00e9claircir les extensions<br \/>Ne portez pas vos extensions au lit; sortez-les toujours en premier<br \/>Ne portez pas vos extensions pour nager et essayez de ne pas les mouiller sous la pluie<\/div>\n<\/div>\n<div class=\"tab js-tab\">\n<h3 class=\"tab-title pdp-tabs_title js-tab-mobile-title\"><span>Mode d&#8217;emploi<\/span><\/h3>\n<div class=\"tab-description pdp-tabs_description js-tab-description\">Comment utiliser:<br \/>1. Ouvrez chaque clip sur la trame.<br \/>2. Sectionnez vos cheveux.<br \/>3. Alignez la trame et glissez les clips dans vos cheveux.<br \/>4. Fermez les clips.<br \/>5. Laissez tomber vos cheveux pour couvrir la trame.<br \/>6. R\u00e9p\u00e9tez ce qui pr\u00e9c\u00e8de avec une autre trame pour ajouter du volume et de la longueur.<\/div>\n<\/div>\n<div class=\"tab js-tab\">\n<h3 class=\"tab-title pdp-tabs_title js-tab-mobile-title\"><span>Ingr\u00e9dients<\/span><\/h3>\n<div class=\"tab-description pdp-tabs_description js-tab-description\">Cheveux humains<\/div>\n<\/div>\n<div class=\"tab js-tab\">\n<h3 class=\"tab-title pdp-tabs_title js-tab-mobile-title\"><span>Livraison et stock<\/span><\/h3>\n<div class=\"tab-description pdp-tabs_description js-tab-description\">\n<div class=\"pdp-delivery_info\">\n<div class=\"content-asset\"><a class=\"pdp-delivery_link\" href=\"\/livraison-delais\/\">Livraison et d\u00e9lais<\/a><a class=\"pdp-delivery_link\" href=\"\/retours-remboursements\/\">Retours et remboursements<\/a><\/div>\n<\/div>\n<\/div>\n<\/div>\n<div class=\"tab js-tab\">\n<h3 class=\"tab-title pdp-tabs_title js-tab-mobile-title\"><span>Pr\u00e9cautions d&#8217;emploi<\/span><\/h3>\n<div class=\"tab-description pdp-tabs_description js-tab-description\">AVERTISSEMENTS!<br \/>Ne pas colorer les extensions de cheveux car elles ont d\u00e9j\u00e0 \u00e9t\u00e9 hautement trait\u00e9es, une coloration suppl\u00e9mentaire pourrait l&rsquo;endommager!<br \/>N&rsquo;utilisez pas de chaleur excessive sur vos extensions de cheveux!<br \/>Temp\u00e9rature maximale recommand\u00e9e: 210 \u00b0 C.<br \/>Ne pas utiliser par les personnes atteintes d&rsquo;alop\u00e9cie.<br \/>Tenir hors de port\u00e9e des enfants.<\/div>\n<\/div>\n<\/div>\n<\/div>\n<\/div>\n","protected":false},"excerpt":{"rendered":"<p>Information importante : Nous avons \u00e9largi cette gamme &#8211; L&rsquo;aspect de l&#8217;emballage ext\u00e9rieur peut varier.&hellip;<\/p>\n","protected":false},"featured_media":39141,"comment_status":"open","ping_status":"closed","template":"","meta":[],"pwb-brand":[703],"product_cat":[602],"product_tag":[146,127,551],"class_list":{"0":"post-39088","1":"product","2":"type-product","3":"status-publish","4":"has-post-thumbnail","6":"pwb-brand-wildest-dreams","7":"product_cat-extensions-cheveux-perruques","8":"product_tag-extensions-cheveux-perruques","9":"product_tag-shampooing-et-coiffure","10":"product_tag-wildest-dreams","12":"first","13":"instock","14":"taxable","15":"shipping-taxable","16":"purchasable","17":"product-type-variable","18":"layout-style-3","19":"col-md-4 col-sm-4 col-xs-6","20":"col-lg-3","21":"product-has-gallery","22":"product-style-default"},"aioseo_notices":[],"brands":[{"id":703,"name":"Wildest Dreams","slug":"wildest-dreams"}],"_links":{"self":[{"href":"https:\/\/cheveuxluxe.com\/index.php\/wp-json\/wp\/v2\/product\/39088","targetHints":{"allow":["GET"]}}],"collection":[{"href":"https:\/\/cheveuxluxe.com\/index.php\/wp-json\/wp\/v2\/product"}],"about":[{"href":"https:\/\/cheveuxluxe.com\/index.php\/wp-json\/wp\/v2\/types\/product"}],"replies":[{"embeddable":true,"href":"https:\/\/cheveuxluxe.com\/index.php\/wp-json\/wp\/v2\/comments?post=39088"}],"version-history":[{"count":0,"href":"https:\/\/cheveuxluxe.com\/index.php\/wp-json\/wp\/v2\/product\/39088\/revisions"}],"wp:featuredmedia":[{"embeddable":true,"href":"https:\/\/cheveuxluxe.com\/index.php\/wp-json\/wp\/v2\/media\/39141"}],"wp:attachment":[{"href":"https:\/\/cheveuxluxe.com\/index.php\/wp-json\/wp\/v2\/media?parent=39088"}],"wp:term":[{"taxonomy":"pwb-brand","embeddable":true,"href":"https:\/\/cheveuxluxe.com\/index.php\/wp-json\/wp\/v2\/pwb-brand?post=39088"},{"taxonomy":"product_cat","embeddable":true,"href":"https:\/\/cheveuxluxe.com\/index.php\/wp-json\/wp\/v2\/product_cat?post=39088"},{"taxonomy":"product_tag","embeddable":true,"href":"https:\/\/cheveuxluxe.com\/index.php\/wp-json\/wp\/v2\/product_tag?post=39088"}],"curies":[{"name":"wp","href":"https:\/\/api.w.org\/{rel}","templated":true}]}}