{"id":39138,"date":"2024-04-14T14:51:46","date_gmt":"2024-04-14T14:51:46","guid":{"rendered":"https:\/\/cheveuxluxe.com\/?post_type=product&#038;p=39138"},"modified":"2024-04-14T14:54:07","modified_gmt":"2024-04-14T14:54:07","slug":"wildest-dreams-extensions-a-clips-set-tete-complete-45cm","status":"publish","type":"product","link":"https:\/\/cheveuxluxe.com\/index.php\/product\/wildest-dreams-extensions-a-clips-set-tete-complete-45cm\/","title":{"rendered":"Wildest Dreams Extensions \u00e0 Clips &#8211; Set T\u00eate Compl\u00e8te 45cm"},"content":{"rendered":"<div class=\"product-content_bottom\">\n<div class=\"pdp-info\">\n<div class=\"pdp-tabs tab-container\">\n<div class=\"tab js-tab\">\n<h3 class=\"tab-title pdp-tabs_title js-tab-mobile-title open\"><span>Points cl\u00e9s<\/span><\/h3>\n<div class=\"tab-description pdp-tabs_description js-tab-description open\" itemprop=\"description\">\n<ul>\n<li>Syst\u00e8me de clipsage facile \u00e0 utiliser et tr\u00e8s rapide<\/li>\n<li>Cheveux humains 100% naturels<\/li>\n<li>Peut \u00eatre coiff\u00e9 avec des outils chauffants ordinaires<\/li>\n<li>Set t\u00eate coml\u00e8te, 45 cm<\/li>\n<li>Contient: 10 trames (1x grand, 3x moyen, 2x petit, 4x extra petit)<\/li>\n<li>Disponible en 5 teintes magnifiques<\/li>\n<\/ul>\n<\/div>\n<\/div>\n<div class=\"tab js-tab\">\n<h3 class=\"tab-title pdp-tabs_title js-tab-mobile-title\"><span>Description<\/span><\/h3>\n<div class=\"tab-description pdp-tabs_description js-tab-description\" itemprop=\"description\">Avec les extensions \u00e0 clips de Wildest Dreams vous pouvez profiter instantan\u00e9ment de votre nouvelle coupe de cheveux. Ajoutez de la longueur, du volume ou rafra\u00eechissez les couleurs de vos cheveux. Wildest Dreams peut \u00eatre s\u00e9ch\u00e9 au s\u00e8che-cheveux, liss\u00e9 et boucl\u00e9.<\/div>\n<\/div>\n<div class=\"tab js-tab\">\n<h3 class=\"tab-title pdp-tabs_title js-tab-mobile-title\"><span>Mode d&#8217;emploi<\/span><\/h3>\n<div class=\"tab-description pdp-tabs_description js-tab-description\">Comment attacher les extensions :<br \/>1) S\u00e9parez vos cheveux \u00e0 l\u2019endroit o\u00f9 l\u2019extension doit \u00eatre fix\u00e9e.<br \/>2) Ouvrez la pince en appuyant d\u00e9licatement au centre. Un d\u00e9clic retentit lorsque la pince s\u2019ouvre.<br \/>3) Attachez l\u2019extension pr\u00e8s de la ligne de s\u00e9paration de vos cheveux et fermez la pince en vous assurant que la bande est droite.<br \/>4) Couvrez d\u2019une couche sup\u00e9rieure de cheveux et m\u00ealez-les pour obtenir un effet naturel.<\/div>\n<\/div>\n<div class=\"tab js-tab\">\n<h3 class=\"tab-title pdp-tabs_title js-tab-mobile-title\"><span>Ingr\u00e9dients<\/span><\/h3>\n<div class=\"tab-description pdp-tabs_description js-tab-description\">Cheveux humains<\/div>\n<\/div>\n<div class=\"tab js-tab\">\n<h3 class=\"tab-title pdp-tabs_title js-tab-mobile-title\"><span>Livraison et stock<\/span><\/h3>\n<div class=\"tab-description pdp-tabs_description js-tab-description\">\n<div class=\"pdp-delivery_info\">\n<div class=\"content-asset\"><a class=\"pdp-delivery_link\" href=\"\/livraison-delais\/\">Livraison et d\u00e9lais<\/a><a class=\"pdp-delivery_link\" href=\"\/retours-remboursements\/\">Retours et remboursements<\/a><\/div>\n<\/div>\n<\/div>\n<\/div>\n<div class=\"tab js-tab\">\n<h3 class=\"tab-title pdp-tabs_title js-tab-mobile-title\"><span>Pr\u00e9cautions d&#8217;emploi<\/span><\/h3>\n<div class=\"tab-description pdp-tabs_description js-tab-description\">ATTENTION: Garder hors de port\u00e9e des enfants Garder \u00e0 distance de flammes. Pour un usage externe uniquement Temps de port recommand\u00e9 jusqu\u2019\u00e0 8 heures dans une p\u00e9riode de 24 Ne pas recommand\u00e9 aux personnes souffrant d\u2019une perte de cheveux, de la calvitie, de l\u2019alop\u00e9cie ou ayant des cheveux faibles.Ne pas peigner le cuir chevelu \u00e0 l\u2019endroit o\u00f9 les clips sont attach\u00e9s.<\/div>\n<\/div>\n<\/div>\n<\/div>\n<\/div>\n","protected":false},"excerpt":{"rendered":"<p>Points cl\u00e9s Syst\u00e8me de clipsage facile \u00e0 utiliser et tr\u00e8s rapide Cheveux humains 100% naturels&hellip;<\/p>\n","protected":false},"featured_media":39190,"comment_status":"open","ping_status":"closed","template":"","meta":[],"pwb-brand":[703],"product_cat":[602],"product_tag":[146,127,551],"class_list":{"0":"post-39138","1":"product","2":"type-product","3":"status-publish","4":"has-post-thumbnail","6":"pwb-brand-wildest-dreams","7":"product_cat-extensions-cheveux-perruques","8":"product_tag-extensions-cheveux-perruques","9":"product_tag-shampooing-et-coiffure","10":"product_tag-wildest-dreams","12":"first","13":"instock","14":"taxable","15":"shipping-taxable","16":"purchasable","17":"product-type-variable","18":"layout-style-3","19":"col-md-4 col-sm-4 col-xs-6","20":"col-lg-3","21":"product-has-gallery","22":"product-style-default"},"aioseo_notices":[],"brands":[{"id":703,"name":"Wildest Dreams","slug":"wildest-dreams"}],"_links":{"self":[{"href":"https:\/\/cheveuxluxe.com\/index.php\/wp-json\/wp\/v2\/product\/39138","targetHints":{"allow":["GET"]}}],"collection":[{"href":"https:\/\/cheveuxluxe.com\/index.php\/wp-json\/wp\/v2\/product"}],"about":[{"href":"https:\/\/cheveuxluxe.com\/index.php\/wp-json\/wp\/v2\/types\/product"}],"replies":[{"embeddable":true,"href":"https:\/\/cheveuxluxe.com\/index.php\/wp-json\/wp\/v2\/comments?post=39138"}],"version-history":[{"count":0,"href":"https:\/\/cheveuxluxe.com\/index.php\/wp-json\/wp\/v2\/product\/39138\/revisions"}],"wp:featuredmedia":[{"embeddable":true,"href":"https:\/\/cheveuxluxe.com\/index.php\/wp-json\/wp\/v2\/media\/39190"}],"wp:attachment":[{"href":"https:\/\/cheveuxluxe.com\/index.php\/wp-json\/wp\/v2\/media?parent=39138"}],"wp:term":[{"taxonomy":"pwb-brand","embeddable":true,"href":"https:\/\/cheveuxluxe.com\/index.php\/wp-json\/wp\/v2\/pwb-brand?post=39138"},{"taxonomy":"product_cat","embeddable":true,"href":"https:\/\/cheveuxluxe.com\/index.php\/wp-json\/wp\/v2\/product_cat?post=39138"},{"taxonomy":"product_tag","embeddable":true,"href":"https:\/\/cheveuxluxe.com\/index.php\/wp-json\/wp\/v2\/product_tag?post=39138"}],"curies":[{"name":"wp","href":"https:\/\/api.w.org\/{rel}","templated":true}]}}