{"id":39147,"date":"2024-04-14T14:52:11","date_gmt":"2024-04-14T14:52:11","guid":{"rendered":"https:\/\/cheveuxluxe.com\/?post_type=product&#038;p=39147"},"modified":"2024-04-14T14:54:07","modified_gmt":"2024-04-14T14:54:07","slug":"wella-professionals-color-fresh-masque-150ml-2","status":"publish","type":"product","link":"https:\/\/cheveuxluxe.com\/index.php\/product\/wella-professionals-color-fresh-masque-150ml-2\/","title":{"rendered":"Wella Professionals Color Fresh Masque 150ml"},"content":{"rendered":"<div class=\"product-content_bottom\">\n<div class=\"pdp-info\">\n<div class=\"pdp-tabs tab-container\">\n<div class=\"tab js-tab\">\n<h3 class=\"tab-title pdp-tabs_title js-tab-mobile-title open\"><span>Points cl\u00e9s<\/span><\/h3>\n<div class=\"tab-description pdp-tabs_description js-tab-description open\" itemprop=\"description\">\n<ul>\n<li>Masque colorant temporaire<\/li>\n<li>Formule z\u00e9ro dommage, pour entretenir ou transformer votre coloration \u00e0 la maison<\/li>\n<li>Aucun ingr\u00e9dient d&rsquo;origine animale et sans silicone<\/li>\n<li>Formule nourrissante pour une application facile et des cheveux doux et hydrat\u00e9s<\/li>\n<\/ul>\n<\/div>\n<\/div>\n<div class=\"tab js-tab\">\n<h3 class=\"tab-title pdp-tabs_title js-tab-mobile-title\"><span>Description<\/span><\/h3>\n<div class=\"tab-description pdp-tabs_description js-tab-description\" itemprop=\"description\">\n<p>Des masques colorants temporaires \u00e0 la formule z\u00e9ro dommage, pour entretenir ou transformer votre coloration \u00e0 la maison. De sublimes nuances qui s\u2019estompent naturellement.* Aucun ingr\u00e9dient d&rsquo;origine animale et sans silicone. Formule nourrissante pour une application facile et des cheveux doux et hydrat\u00e9s. Utilisation hebdomadaire avec des r\u00e9sultats visibles en 10 minutes.<\/p>\n<p>Pour consulter le nuancier,\u00a0<a href=\"https:\/\/www.pro-duo.fr\/on\/demandware.static\/-\/Sites-ProDuo_Trade_FR-Library\/default\/dw29f6e6de\/1-Navigation\/PDFs\/Colour-Charts\/Color-Fresh-Mask_Launch_Digital-Shades-Chart.pdf\">cliquez ici<\/a>.<\/p>\n<p>*En fonction de l&rsquo;intensit\u00e9 de la nuance, valable pour toutes les nuances sauf Pearl Blonde, Lilac Frost, Golden Gloss et Caramel Glaze.<\/p>\n<\/div>\n<\/div>\n<div class=\"tab js-tab\">\n<h3 class=\"tab-title pdp-tabs_title js-tab-mobile-title\"><span>Mode d&#8217;emploi<\/span><\/h3>\n<div class=\"tab-description pdp-tabs_description js-tab-description\">NEUTRALISER ET R\u00c9DUIRE LES REFLETS DOR\u00c9S :<br \/>&#8211; Essayer d&rsquo;appliquer le produit d&rsquo;abord sur les zones les plus chaudes<br \/>&#8211; Appliquer sur les zones les plus claires en dernier<br \/>&#8211; Plus les cheveux sont d\u00e9color\u00e9s et poreux, plus la nuance sera visible<br \/>&#8211; Utilisation hebdomadaire avec des r\u00e9sultats visibles en 10 minutes. Laisser agir jusqu&rsquo;\u00e0 20 minutes pour une intensit\u00e9 maximale<\/p>\n<p>RAVIVER ET RAFRA\u00ceCHIR :<br \/>&#8211; Appliquer g\u00e9n\u00e9reusement sur les longueurs et les pointes<br \/>&#8211; Passer le peigne pour obtenir un r\u00e9sultat uniforme<br \/>&#8211; Utilisation hebdomadaire avec des r\u00e9sultats visibles en 10 minutes. Laisser agir jusqu&rsquo;\u00e0 20 minutes pour une intensit\u00e9 maximale<br \/>Remarque : certains masques semblent plus fonc\u00e9s que le r\u00e9sultat, pas d&rsquo;inqui\u00e9tude !<\/p>\n<p>TRANSFORMER SON LOOK, SANS ENGAGEMENT :<br \/>&#8211; Travailler en petites sections<br \/>&#8211; Appliquer g\u00e9n\u00e9reusement sur chaque section<br \/>&#8211; Utilisation hebdomadaire avec des r\u00e9sultats visibles en 10 minutes. Laisser agir jusqu&rsquo;\u00e0 20 minutes pour une intensit\u00e9 maximale<\/div>\n<\/div>\n<div class=\"tab js-tab\">\n<h3 class=\"tab-title pdp-tabs_title js-tab-mobile-title\"><span>Ingr\u00e9dients<\/span><\/h3>\n<div class=\"tab-description pdp-tabs_description js-tab-description\">Aqua\/Water\/Eau, Propylene Glycol, Cetearyl Alcohol, Behentrimonium Chloride, Steareth-20, Phenoxyethanol, Parfum\/ Fragrance, Glycerin, Isopropyl Alcohol, Mica, Polyquaternium-37, Potassium Phosphate, Propylene Glycol Dicaprylate\/ Dicaprate, Basic Red 76, HC Yellow No. 2, Persea Gratissima (Avocado) Oil, Prunus Armeniaca (Apricot) Kernel Oil,Tocopheryl Acetate, 4-Hydroxypropylamino-3-Nitrophenol, Titanium Dioxide, Benzyl Salicylate, Basic Brown 17, PPG-1 Trideceth-6, Limonene, HC Red No. 10, Linalool, Sodium Hydroxide, HC Red No. 11, Acrylates\/Stearyl MethacrylateCopolymer, HC Blue No. 16, Citric Acid, Basic Violet 2.<\/div>\n<\/div>\n<div class=\"tab js-tab\">\n<h3 class=\"tab-title pdp-tabs_title js-tab-mobile-title\"><span>Livraison et stock<\/span><\/h3>\n<div class=\"tab-description pdp-tabs_description js-tab-description\">\n<div class=\"pdp-delivery_info\">\n<div class=\"content-asset\"><a class=\"pdp-delivery_link\" href=\"\/livraison-delais\/\">Livraison et d\u00e9lais<\/a><a class=\"pdp-delivery_link\" href=\"\/retours-remboursements\/\">Retours et remboursements<\/a><\/div>\n<\/div>\n<\/div>\n<\/div>\n<\/div>\n<\/div>\n<\/div>\n","protected":false},"excerpt":{"rendered":"<p>Points cl\u00e9s Masque colorant temporaire Formule z\u00e9ro dommage, pour entretenir ou transformer votre coloration \u00e0&hellip;<\/p>\n","protected":false},"featured_media":39017,"comment_status":"open","ping_status":"closed","template":"","meta":[],"pwb-brand":[648],"product_cat":[609],"product_tag":[278,127,323],"class_list":{"0":"post-39147","1":"product","2":"type-product","3":"status-publish","4":"has-post-thumbnail","6":"pwb-brand-wella-professionals","7":"product_cat-produits-de-coiffure-vegan","8":"product_tag-produits-de-coiffure-vegan","9":"product_tag-shampooing-et-coiffure","10":"product_tag-wella-professionals","12":"first","13":"instock","14":"taxable","15":"shipping-taxable","16":"purchasable","17":"product-type-variable","18":"layout-style-3","19":"col-md-4 col-sm-4 col-xs-6","20":"col-lg-3","21":"product-has-gallery","22":"product-style-default"},"aioseo_notices":[],"brands":[{"id":648,"name":"Wella Professionals","slug":"wella-professionals"}],"_links":{"self":[{"href":"https:\/\/cheveuxluxe.com\/index.php\/wp-json\/wp\/v2\/product\/39147","targetHints":{"allow":["GET"]}}],"collection":[{"href":"https:\/\/cheveuxluxe.com\/index.php\/wp-json\/wp\/v2\/product"}],"about":[{"href":"https:\/\/cheveuxluxe.com\/index.php\/wp-json\/wp\/v2\/types\/product"}],"replies":[{"embeddable":true,"href":"https:\/\/cheveuxluxe.com\/index.php\/wp-json\/wp\/v2\/comments?post=39147"}],"version-history":[{"count":0,"href":"https:\/\/cheveuxluxe.com\/index.php\/wp-json\/wp\/v2\/product\/39147\/revisions"}],"wp:featuredmedia":[{"embeddable":true,"href":"https:\/\/cheveuxluxe.com\/index.php\/wp-json\/wp\/v2\/media\/39017"}],"wp:attachment":[{"href":"https:\/\/cheveuxluxe.com\/index.php\/wp-json\/wp\/v2\/media?parent=39147"}],"wp:term":[{"taxonomy":"pwb-brand","embeddable":true,"href":"https:\/\/cheveuxluxe.com\/index.php\/wp-json\/wp\/v2\/pwb-brand?post=39147"},{"taxonomy":"product_cat","embeddable":true,"href":"https:\/\/cheveuxluxe.com\/index.php\/wp-json\/wp\/v2\/product_cat?post=39147"},{"taxonomy":"product_tag","embeddable":true,"href":"https:\/\/cheveuxluxe.com\/index.php\/wp-json\/wp\/v2\/product_tag?post=39147"}],"curies":[{"name":"wp","href":"https:\/\/api.w.org\/{rel}","templated":true}]}}