{"id":39221,"date":"2024-04-14T14:54:10","date_gmt":"2024-04-14T14:54:10","guid":{"rendered":"https:\/\/cheveuxluxe.com\/?post_type=product&#038;p=39221"},"modified":"2024-04-14T14:54:57","modified_gmt":"2024-04-14T14:54:57","slug":"osmo-color-revive-225ml","status":"publish","type":"product","link":"https:\/\/cheveuxluxe.com\/index.php\/product\/osmo-color-revive-225ml\/","title":{"rendered":"Osmo Color Revive 225ml"},"content":{"rendered":"<div class=\"product-content_bottom\">\n<div class=\"pdp-info\">\n<div class=\"pdp-tabs tab-container\">\n<div class=\"tab js-tab\">\n<h3 class=\"tab-title pdp-tabs_title js-tab-mobile-title open\"><span>Points cl\u00e9s<\/span><\/h3>\n<div class=\"tab-description pdp-tabs_description js-tab-description open\" itemprop=\"description\">\n<ul>\n<li>Temps de traitement ultrarapide de 3 minutes<\/li>\n<li>Formule intens\u00e9ment nourrissante<\/li>\n<li>Infusion d&rsquo;huile d&rsquo;avocat pour nourrir et prot\u00e9ger les cheveux tandis que l&rsquo;extrait de lin aide \u00e0 prot\u00e9ger la couleur contre la d\u00e9coloration<\/li>\n<li>Aide \u00e0 restaurer la vivacit\u00e9 et la brillance des couleurs<\/li>\n<li>Le parfait traitement d&rsquo;extension en salon pour un lavage et un s\u00e9chage<\/li>\n<\/ul>\n<\/div>\n<\/div>\n<div class=\"tab js-tab\">\n<h3 class=\"tab-title pdp-tabs_title js-tab-mobile-title\"><span>Description<\/span><\/h3>\n<div class=\"tab-description pdp-tabs_description js-tab-description\" itemprop=\"description\">Re-dynamisez la coloration dans votre salon et aidez \u00e0 combattre la d\u00e9coloration gr\u00e2ce \u00e0 ces traitements revitalisants intenses Osmo. Avec un temps de traitement ultra rapide de 3\u00a0minutes, la formule nourrissante de Colour Revive, infus\u00e9e d&rsquo;huile d&rsquo;avocat et de lin, aide \u00e0 restaurer l&rsquo;\u00e9clat et la brillance de vos cheveux pour que votre couleur reste plus forte plus longtemps.<\/div>\n<\/div>\n<div class=\"tab js-tab\">\n<h3 class=\"tab-title pdp-tabs_title js-tab-mobile-title\"><span>Mode d&#8217;emploi<\/span><\/h3>\n<div class=\"tab-description pdp-tabs_description js-tab-description\">Shampoinez et s\u00e9chez les cheveux avec une serviette. En portant des gants, appliquez Colour Revive sur les cheveux par sections et peignez-les. Laissez reposer pendant environ 3 \u00e0 10 minutes. Rincez abondamment. L&rsquo;ajout de chaleur intensifiera le traitement.<\/div>\n<\/div>\n<div class=\"tab js-tab\">\n<h3 class=\"tab-title pdp-tabs_title js-tab-mobile-title\"><span>Ingr\u00e9dients<\/span><\/h3>\n<div class=\"tab-description pdp-tabs_description js-tab-description\">Aqua (Water), Propylene Glycol, Cocoglycerides, CetearylAlcohol, Cetyl Alcohol, Distearoylethyl Dimonium Chloride, StearamidopropylDimethylamine, Aminopropyl Phenyl Trimethicone, Quaternium-91, HydrolyzedKeratin, Amodimethicone, Hydroxyethylcellulose, Persea Gratissima(Avocado) Oil, Bertholletia Excelsa Seed Oil, Linum Usitatissimum (Linseed)Oil, Cetrimonium Methosulfate, Oleth-5 Phosphate, Dioleyl Phosphate, Parfum (Fragrance), Linalool, Phenyl Trimethicone, Citric Acid, Trideceth-12, Cetrimonium Chloride, Phenoxyethanol, Triethylene Glycol, Sodium Benzoate, Potassium Sorbate, Basic Red 51<\/div>\n<\/div>\n<div class=\"tab js-tab\">\n<h3 class=\"tab-title pdp-tabs_title js-tab-mobile-title\"><span>Livraison et stock<\/span><\/h3>\n<div class=\"tab-description pdp-tabs_description js-tab-description\">\n<div class=\"pdp-delivery_info\">\n<div class=\"content-asset\"><a class=\"pdp-delivery_link\" href=\"\/livraison-delais\/\">Livraison et d\u00e9lais<\/a><a class=\"pdp-delivery_link\" href=\"\/retours-remboursements\/\">Retours et remboursements<\/a><\/div>\n<\/div>\n<\/div>\n<\/div>\n<div class=\"tab js-tab\">\n<h3 class=\"tab-title pdp-tabs_title js-tab-mobile-title\"><span>Pr\u00e9cautions d&#8217;emploi<\/span><\/h3>\n<div class=\"tab-description pdp-tabs_description js-tab-description\">Test d&rsquo;allergie cutan\u00e9e 48\u00a0h avant utilisation. Test sur une m\u00e8che avant utilisation. Ce produit peut rester sur la peau, les v\u00eatements et d&rsquo;autres surfaces. Usage externe uniquement. \u00c9vitez le contact avec les yeux. Usage professionnel uniquement.<\/div>\n<\/div>\n<\/div>\n<\/div>\n<\/div>\n","protected":false},"excerpt":{"rendered":"<p>Points cl\u00e9s Temps de traitement ultrarapide de 3 minutes Formule intens\u00e9ment nourrissante Infusion d&rsquo;huile d&rsquo;avocat&hellip;<\/p>\n","protected":false},"featured_media":19112,"comment_status":"open","ping_status":"closed","template":"","meta":[],"pwb-brand":[661],"product_cat":[609],"product_tag":[385,278,127],"class_list":{"0":"post-39221","1":"product","2":"type-product","3":"status-publish","4":"has-post-thumbnail","6":"pwb-brand-osmo","7":"product_cat-produits-de-coiffure-vegan","8":"product_tag-osmo","9":"product_tag-produits-de-coiffure-vegan","10":"product_tag-shampooing-et-coiffure","12":"first","13":"instock","14":"taxable","15":"shipping-taxable","16":"purchasable","17":"product-type-variable","18":"layout-style-3","19":"col-md-4 col-sm-4 col-xs-6","20":"col-lg-3","21":"product-has-gallery","22":"product-style-default"},"aioseo_notices":[],"brands":[{"id":661,"name":"Osmo","slug":"osmo"}],"_links":{"self":[{"href":"https:\/\/cheveuxluxe.com\/index.php\/wp-json\/wp\/v2\/product\/39221","targetHints":{"allow":["GET"]}}],"collection":[{"href":"https:\/\/cheveuxluxe.com\/index.php\/wp-json\/wp\/v2\/product"}],"about":[{"href":"https:\/\/cheveuxluxe.com\/index.php\/wp-json\/wp\/v2\/types\/product"}],"replies":[{"embeddable":true,"href":"https:\/\/cheveuxluxe.com\/index.php\/wp-json\/wp\/v2\/comments?post=39221"}],"version-history":[{"count":0,"href":"https:\/\/cheveuxluxe.com\/index.php\/wp-json\/wp\/v2\/product\/39221\/revisions"}],"wp:featuredmedia":[{"embeddable":true,"href":"https:\/\/cheveuxluxe.com\/index.php\/wp-json\/wp\/v2\/media\/19112"}],"wp:attachment":[{"href":"https:\/\/cheveuxluxe.com\/index.php\/wp-json\/wp\/v2\/media?parent=39221"}],"wp:term":[{"taxonomy":"pwb-brand","embeddable":true,"href":"https:\/\/cheveuxluxe.com\/index.php\/wp-json\/wp\/v2\/pwb-brand?post=39221"},{"taxonomy":"product_cat","embeddable":true,"href":"https:\/\/cheveuxluxe.com\/index.php\/wp-json\/wp\/v2\/product_cat?post=39221"},{"taxonomy":"product_tag","embeddable":true,"href":"https:\/\/cheveuxluxe.com\/index.php\/wp-json\/wp\/v2\/product_tag?post=39221"}],"curies":[{"name":"wp","href":"https:\/\/api.w.org\/{rel}","templated":true}]}}