{"id":39343,"date":"2024-04-14T14:55:49","date_gmt":"2024-04-14T14:55:49","guid":{"rendered":"https:\/\/cheveuxluxe.com\/?post_type=product&#038;p=39343"},"modified":"2024-04-14T14:57:16","modified_gmt":"2024-04-14T14:57:16","slug":"wella-professionals-koleston-perfect-coloration-permanente-60ml-3","status":"publish","type":"product","link":"https:\/\/cheveuxluxe.com\/index.php\/product\/wella-professionals-koleston-perfect-coloration-permanente-60ml-3\/","title":{"rendered":"Wella Professionals Koleston Perfect Coloration Permanente 60ml"},"content":{"rendered":"<div class=\"product-content_bottom\">\n<div class=\"pdp-info\">\n<div class=\"pdp-tabs tab-container\">\n<div class=\"tab js-tab\">\n<h3 class=\"tab-title pdp-tabs_title js-tab-mobile-title open\"><span>Points cl\u00e9s<\/span><\/h3>\n<div class=\"tab-description pdp-tabs_description js-tab-description open\" itemprop=\"description\">\n<ul>\n<li>Couleur professionnelle permanente pour des teintes d\u00e9licates et raffin\u00e9es<\/li>\n<li>Une technologie de coloration ultra-pr\u00e9cise<\/li>\n<li>Test\u00e9 dermatologiquement\u00b9<\/li>\n<li>Vegan\u00b2 (\u00b2\u00e0 l&rsquo;exception de Special Blonde)<\/li>\n<li>Jusqu\u2019\u00e0 85%* d\u2019ingr\u00e9dients d\u2019origine naturelle** (*de 80 \u00e0 85% selon les nuances \/ **\u00e0 l\u2019exception de Special Blonde)<\/li>\n<\/ul>\n<\/div>\n<\/div>\n<div class=\"tab js-tab\">\n<h3 class=\"tab-title pdp-tabs_title js-tab-mobile-title\"><span>Description<\/span><\/h3>\n<div class=\"tab-description pdp-tabs_description js-tab-description\" itemprop=\"description\">\n<p>LA COLORATION SUR LAQUELLE VOUS POUVEZ COMPTER :<br \/>Une technologie de coloration ultra-pr\u00e9cise\u00b3<br \/>\u00b3Pour plus d&rsquo;information sur la technologie ME+\/Metal Purifier, rendez-vous sur le site: www.wella.com\/kolestonperfect<\/p>\n<p>LA FORMULE SUR LAQUELLE VOUS POUVEZ COMPTER :<br \/>Test\u00e9 dermatologiquement\u00b9 (\u00b9test\u00e9 dermatologiquement pour l&rsquo;irritation de la peau &#8211; une r\u00e9action allergique peut toujours survenir &#8211; effectuez toujours un test d&rsquo;allergie)<br \/>Vegan\u00b2 (\u00b2\u00e0 l&rsquo;exception de Special Blonde)<br \/>Jusqu\u2019\u00e0 85%* d\u2019ingr\u00e9dients d\u2019origine naturelle** (*de 80 \u00e0 85% selon les nuances \/ **\u00e0 l\u2019exception de Special Blonde)<\/p>\n<p>LE PACKAGING SUR LEQUEL VOUS POUVEZ COMPTER :\u00a0<br \/>Chaque tube est fabriqu\u00e9 \u00e0 partir de mat\u00e9riaux 100% recycl\u00e9s : tube en aluminium* &amp; bouchon en plastique** 100% recycl\u00e9s (*95% d\u2019aluminium recycl\u00e9 post-consommation, 5% d\u2019aluminium recycl\u00e9 apr\u00e8s utilisation industrielle. **PP (PolyPropyl\u00e8ne) recycl\u00e9 post-consommation.)<br \/>\u2074Wella Company est membre de \u201cInternational Collaboration on Cosmetics Safety\u201d<\/p>\n<\/div>\n<\/div>\n<div class=\"tab js-tab\">\n<h3 class=\"tab-title pdp-tabs_title js-tab-mobile-title\"><span>Mode d&#8217;emploi<\/span><\/h3>\n<div class=\"tab-description pdp-tabs_description js-tab-description\">\n<p>Mode d&#8217;emploi: m\u00e9lange pour pures naturals, rich naturals, vibrant reds, deep brows &gt; 1+1 60g koleston perfect + 60g welloxon perfect &gt; 12% welloxon perfect &#8211; 40 vol. Pour un \u00e9claircissement de 3 tons. &gt;9% welloxon perfect- 30 vol.Pour un \u00e9claircissement de 2 tons &gt;6% welloxon perfect &#8211; 20 vol. Pour un \u00e9claircissement d\u20191 ton; pour la prise des cheveux blancs; pour une m\u00eame hauteur de ton ou pour foncer. &gt;4% welloxon perfect &#8211; 13 vol. M\u00eame hauteur de ton ou pour foncer. Service profond sur cheveux naturels sans cheveux blancs. &gt;1,9% welloxon perfect \u2013 6 vol. Id\u00e9al pour la r\u00e9alisation d\u2019une patine ou pour allonger une couleur sur des longueurs d\u00e9j\u00e0 oxid\u00e9es. Temps de pose: sans chaleur: 30-40 min avec chaleur: 15-25 min m\u00e9lange pour special blondes &gt; 1+2 60g koleston perfect + 120g welloxon perfect &gt;12% welloxon perfect &#8211; 40 vol.Pour un \u00e9claircissement de 4 \u00e0 5 tons &gt;9% welloxon perfect &#8211; 30 vol.Pour un \u00e9claircissement de 3 tons. Temps de pose: sans chaleur: 50-60 min avec chaleur: 25-35 min mode d&#8217;emploi: m\u00e9lange pour pures naturals, rich naturals, vibrant reds, deep brows &gt; 1+1 60g koleston perfect + 60g welloxon perfect &gt; 12% welloxon perfect &#8211; 40 vol. Pour un \u00e9claircissement de 3 tons. &gt;9% welloxon perfect- 30 vol.Pour un \u00e9claircissement de 2 tons &gt;6% welloxon perfect &#8211; 20 vol. Pour un \u00e9claircissement d\u20191 ton; pour la prise des cheveux blancs; pour une m\u00eame hauteur de ton ou pour foncer. &gt;4% welloxon perfect &#8211; 13 vol. M\u00eame hauteur de ton ou pour foncer. Service profond sur cheveux naturels sans cheveux blancs. &gt;1,9% welloxon perfect \u2013 6 vol. Id\u00e9al pour la r\u00e9alisation d\u2019une patine ou pour allonger une couleur sur des longueurs d\u00e9j\u00e0 oxid\u00e9es. Temps de pose: sans chaleur: 30-40 min avec chaleur: 15-25 min m\u00e9lange pour special blondes &gt; 1+2 60g koleston perfect + 120g welloxon perfect &gt;12% welloxon perfect &#8211; 40 vol.Pour un \u00e9claircissement de 4 \u00e0 5 tons &gt;9% welloxon perfect &#8211; 30 vol.Pour un \u00e9claircissement de 3 tons. Temps de pose: sans chaleur: 50-60 min avec chaleur: 25-35 min<\/p>\n<\/div>\n<\/div>\n<div class=\"tab js-tab\">\n<h3 class=\"tab-title pdp-tabs_title js-tab-mobile-title\"><span>Ingr\u00e9dients<\/span><\/h3>\n<div class=\"tab-description pdp-tabs_description js-tab-description\">Aqua, Water, Eau, Cetearyl Alcohol, Propylene Glycol, 2-Methoxymethyl-p-Phenylenediamine, Dicetyl Phosphate, Ammonia, Trisodium Ethylenediamine Disuccinate, Ceteth-10 Phosphate, Steareth-200, Resorcinol, Ammonium Sulfate, Sodium Sulfate, Xanthan Gum, Sodium Hydroxide, Sodium Sulfite, Ascorbic Acid, Parfum, Fragrance, 2-Methylresorcinol, CI 77891, Titanium Dioxide, Disodium EDTA, 1-Naphthol, p-Aminophenol<\/div>\n<\/div>\n<div class=\"tab js-tab\">\n<h3 class=\"tab-title pdp-tabs_title js-tab-mobile-title\"><span>Livraison et stock<\/span><\/h3>\n<div class=\"tab-description pdp-tabs_description js-tab-description\">\n<div class=\"pdp-delivery_info\">\n<div class=\"content-asset\"><a class=\"pdp-delivery_link\" href=\"\/livraison-delais\/\">Livraison et d\u00e9lais<\/a><a class=\"pdp-delivery_link\" href=\"\/retours-remboursements\/\">Retours et remboursements<\/a><\/div>\n<\/div>\n<\/div>\n<\/div>\n<div class=\"tab js-tab\">\n<h3 class=\"tab-title pdp-tabs_title js-tab-mobile-title\"><span>Pr\u00e9cautions d&#8217;emploi<\/span><\/h3>\n<div class=\"tab-description pdp-tabs_description js-tab-description\">A usage professionnel uniquement.<br \/>Ce produit de soin ou de cosm\u00e9tique est utilisable par les consommateurs et les autres utilisateurs sous r\u00e9serve d&rsquo;une utilisation raisonnable et respectueuse de la notice d&rsquo;utilisation.<br \/>Des informations suppl\u00e9mentaires sur les effets toxicologiques sont disponibles aupr\u00e8s du fabricant sur demande. Yeux: Eviter le contact avec les yeux.<br \/>Ce produit contient des ingr\u00e9dients qui peuvent provoquer des irritations oculaires s\u00e9v\u00e8res avec des risques de l\u00e9sions permanentes.<br \/>Peau: Peut causer des irritations cutan\u00e9es.<br \/>Selon la nature des exp\u00e9riences ant\u00e9rieures, une r\u00e9action identique peut-\u00eatre provoqu\u00e9e par l&rsquo;utilisation de ce produit de coloration. Inhalation: Eviter une inhalation prolong\u00e9e du produit. Ingestion: Le produit n&rsquo;est pas cens\u00e9 causer d&rsquo;irritation gastrointestinale.<br \/>Toutefois, le fait d&rsquo;ing\u00e9rer accidentellement le produit non dilu\u00e9 peut causer des irritations gastrointestinales l\u00e9g\u00e8res mais aussi des naus\u00e9es, des vomissants et la diarrh\u00e9e.<\/div>\n<\/div>\n<\/div>\n<\/div>\n<\/div>\n","protected":false},"excerpt":{"rendered":"<p>Points cl\u00e9s Couleur professionnelle permanente pour des teintes d\u00e9licates et raffin\u00e9es Une technologie de coloration&hellip;<\/p>\n","protected":false},"featured_media":18214,"comment_status":"open","ping_status":"closed","template":"","meta":[],"pwb-brand":[648],"product_cat":[617],"product_tag":[274,273,323],"class_list":{"0":"post-39343","1":"product","2":"type-product","3":"status-publish","4":"has-post-thumbnail","6":"pwb-brand-wella-professionals","7":"product_cat-coiffure","8":"product_tag-coiffure","9":"product_tag-vegan","10":"product_tag-wella-professionals","12":"first","13":"instock","14":"taxable","15":"shipping-taxable","16":"purchasable","17":"product-type-variable","18":"layout-style-3","19":"col-md-4 col-sm-4 col-xs-6","20":"col-lg-3","21":"product-has-gallery","22":"product-style-default"},"aioseo_notices":[],"brands":[{"id":648,"name":"Wella Professionals","slug":"wella-professionals"}],"_links":{"self":[{"href":"https:\/\/cheveuxluxe.com\/index.php\/wp-json\/wp\/v2\/product\/39343","targetHints":{"allow":["GET"]}}],"collection":[{"href":"https:\/\/cheveuxluxe.com\/index.php\/wp-json\/wp\/v2\/product"}],"about":[{"href":"https:\/\/cheveuxluxe.com\/index.php\/wp-json\/wp\/v2\/types\/product"}],"replies":[{"embeddable":true,"href":"https:\/\/cheveuxluxe.com\/index.php\/wp-json\/wp\/v2\/comments?post=39343"}],"version-history":[{"count":0,"href":"https:\/\/cheveuxluxe.com\/index.php\/wp-json\/wp\/v2\/product\/39343\/revisions"}],"wp:featuredmedia":[{"embeddable":true,"href":"https:\/\/cheveuxluxe.com\/index.php\/wp-json\/wp\/v2\/media\/18214"}],"wp:attachment":[{"href":"https:\/\/cheveuxluxe.com\/index.php\/wp-json\/wp\/v2\/media?parent=39343"}],"wp:term":[{"taxonomy":"pwb-brand","embeddable":true,"href":"https:\/\/cheveuxluxe.com\/index.php\/wp-json\/wp\/v2\/pwb-brand?post=39343"},{"taxonomy":"product_cat","embeddable":true,"href":"https:\/\/cheveuxluxe.com\/index.php\/wp-json\/wp\/v2\/product_cat?post=39343"},{"taxonomy":"product_tag","embeddable":true,"href":"https:\/\/cheveuxluxe.com\/index.php\/wp-json\/wp\/v2\/product_tag?post=39343"}],"curies":[{"name":"wp","href":"https:\/\/api.w.org\/{rel}","templated":true}]}}