{"id":39523,"date":"2024-04-14T14:57:19","date_gmt":"2024-04-14T14:57:19","guid":{"rendered":"https:\/\/cheveuxluxe.com\/?post_type=product&#038;p=39523"},"modified":"2024-04-14T14:57:58","modified_gmt":"2024-04-14T14:57:58","slug":"xp200-natural-flair-coloration-permanente-100ml-3","status":"publish","type":"product","link":"https:\/\/cheveuxluxe.com\/index.php\/product\/xp200-natural-flair-coloration-permanente-100ml-3\/","title":{"rendered":"XP200 Natural Flair Coloration Permanente 100ml"},"content":{"rendered":"<div class=\"product-content_bottom\">\n<div class=\"pdp-info\">\n<div class=\"pdp-tabs tab-container\">\n<div class=\"tab js-tab\">\n<h3 class=\"tab-title pdp-tabs_title js-tab-mobile-title open\"><span>Points cl\u00e9s<\/span><\/h3>\n<div class=\"tab-description pdp-tabs_description js-tab-description open\" itemprop=\"description\">\n<ul>\n<li> Meilleure p\u00e9n\u00e9tration gr\u00e2ce aux micropigments de couleur<\/li>\n<li>Jusqu&rsquo;\u00e0 100% de couverture des cheveux gris<\/li>\n<li>Tenue durable de la couleur, r\u00e9sultat naturel<\/li>\n<li>65 nuances, coloration permanente<\/li>\n<li>Formule douce \u00e0 base d&rsquo;extraits de plantes et de vitamine C<\/li>\n<li>Performance accrue en association avec les 4 oxydants cr\u00e8me XP200 (jusqu\u2019\u00e0 +4,5 tons d\u2019\u00e9claircissement) <\/li>\n<\/ul>\n<\/div>\n<\/div>\n<div class=\"tab js-tab\">\n<h3 class=\"tab-title pdp-tabs_title js-tab-mobile-title\"><span>Description<\/span><\/h3>\n<div class=\"tab-description pdp-tabs_description js-tab-description\" itemprop=\"description\">\n<p>XP200 Natural Flair est une cr\u00e8me de coloration permanente douce et qui comprend 60 teintes naturelles. Elle inclut les cuivres, les cendres, les rouges et les ors, contenant tous des pigments de micro-couleurs qui p\u00e9n\u00e8trent au c\u0153ur de la fibre capillaire.<\/p>\n<p>Sa formule \u00e0 base d&rsquo;extraits de plantes respecte les cheveux et cr\u00e9e de magnifiques r\u00e9sultats de coloration naturels et translucides. Les extraits naturels de p\u00e9pins de palme et de noix de coco prot\u00e8gent contre les agressions et garantissent la stabilit\u00e9 de la teinte. La cuticule du cheveu est prot\u00e9g\u00e9e et les lipides v\u00e9g\u00e9taux aident \u00e0 pr\u00e9server la fibre capillaire, ce qui \u00e9vite la casse des cheveux lors de la coloration.<\/p>\n<p>La s\u00e9rie Super \u00e9claircissant est enrichie en vitamine C pour une condition optimale lors de l\u2019\u00e9claircissement jusqu\u2019\u00e0 4,5 tons. Le XP200 cr\u00e9\u00e9e par des professionnels pour des professionnels, est dot\u00e9 d&rsquo;agents s\u00e9questrant, qui prot\u00e8gent les cheveux de la pollution quotidienne et offrent un meilleur rendement en mati\u00e8re d&rsquo;ombrage. Cette coloration est le choix parfait pour vous et pour vos clients \u00e0 la recherche de r\u00e9sultats permanents.<\/p>\n<p>Pour consulter le nuancier,\u00a0<a href=\"https:\/\/www.pro-duo.fr\/on\/demandware.static\/-\/Sites-ProDuo_Retail_FR-Library\/default\/dwf980435f\/pdf\/XPBrandBook_Aug19_WRF.pdf#page=15\">cliquez ici<\/a>.<\/p>\n<\/div>\n<\/div>\n<div class=\"tab js-tab\">\n<h3 class=\"tab-title pdp-tabs_title js-tab-mobile-title\"><span>Mode d&#8217;emploi<\/span><\/h3>\n<div class=\"tab-description pdp-tabs_description js-tab-description\">Une fois la teinte choisie, choisissez la cr\u00e8me oxydante adapt\u00e9e en fonction du niveau de couvrance requis.M\u00e9langez la Coloration Permanente Natural Flair de XP200 et la cr\u00e8me oxydante au ratio 1\u00a0: 1.Appliquez la coloration puis laissez poser pendant 30 minutes et sans jamais d\u00e9passer 45 minutes de pose.\u00c9mulsionnez puis rincez jusqu\u2019\u00e0 ce que l\u2019eau soit claire.Proc\u00e9dez au shampoing.Pour usage professionnel uniquement.<\/div>\n<\/div>\n<div class=\"tab js-tab\">\n<h3 class=\"tab-title pdp-tabs_title js-tab-mobile-title\"><span>Ingr\u00e9dients<\/span><\/h3>\n<div class=\"tab-description pdp-tabs_description js-tab-description\">AQUA\/WATER\/EAU, CETEARYL ALCOHOL, CETEARETH-12, UREA, AMMONIUM HYDROXIDE, SODIUM CETEARYL SULFATE, PEG-2 OLEAMINE, OLEYL ALCOHOL, TETRASODIUM GLUTAMATE DIACETATE, STEARIC ACID, PALMITIC ACID, SODIUM METABISULFITE, GLYCERIN, RESORCINOL, p-PHENYLENEDIAMINE, PARFUM (FRAGRANCE), ASCORBIC ACID, CETYL ALCOHOL, PHENYL METHYL PYRAZOLONE, m-AMINOPHENOL, p-AMINOPHENOL, 2,4-DIAMINOPHENOXYETHANOL HCL, LIMONENE, LINALOOL. Cont. : 1-3-6<\/div>\n<\/div>\n<div class=\"tab js-tab\">\n<h3 class=\"tab-title pdp-tabs_title js-tab-mobile-title\"><span>Livraison et stock<\/span><\/h3>\n<div class=\"tab-description pdp-tabs_description js-tab-description\">\n<div class=\"pdp-delivery_info\">\n<div class=\"content-asset\"><a class=\"pdp-delivery_link\" href=\"\/livraison-delais\/\">Livraison et d\u00e9lais<\/a><a class=\"pdp-delivery_link\" href=\"\/retours-remboursements\/\">Retours et remboursements<\/a><\/div>\n<\/div>\n<\/div>\n<\/div>\n<\/div>\n<\/div>\n<\/div>\n","protected":false},"excerpt":{"rendered":"<p>Points cl\u00e9s Meilleure p\u00e9n\u00e9tration gr\u00e2ce aux micropigments de couleur Jusqu&rsquo;\u00e0 100% de couverture des cheveux&hellip;<\/p>\n","protected":false},"featured_media":32535,"comment_status":"open","ping_status":"closed","template":"","meta":[],"pwb-brand":[657],"product_cat":[617],"product_tag":[274,273,363],"class_list":{"0":"post-39523","1":"product","2":"type-product","3":"status-publish","4":"has-post-thumbnail","6":"pwb-brand-xp200","7":"product_cat-coiffure","8":"product_tag-coiffure","9":"product_tag-vegan","10":"product_tag-xp200","12":"first","13":"instock","14":"taxable","15":"shipping-taxable","16":"purchasable","17":"product-type-variable","18":"layout-style-3","19":"col-md-4 col-sm-4 col-xs-6","20":"col-lg-3","21":"product-has-gallery","22":"product-style-default"},"aioseo_notices":[],"brands":[{"id":657,"name":"XP200","slug":"xp200"}],"_links":{"self":[{"href":"https:\/\/cheveuxluxe.com\/index.php\/wp-json\/wp\/v2\/product\/39523","targetHints":{"allow":["GET"]}}],"collection":[{"href":"https:\/\/cheveuxluxe.com\/index.php\/wp-json\/wp\/v2\/product"}],"about":[{"href":"https:\/\/cheveuxluxe.com\/index.php\/wp-json\/wp\/v2\/types\/product"}],"replies":[{"embeddable":true,"href":"https:\/\/cheveuxluxe.com\/index.php\/wp-json\/wp\/v2\/comments?post=39523"}],"version-history":[{"count":0,"href":"https:\/\/cheveuxluxe.com\/index.php\/wp-json\/wp\/v2\/product\/39523\/revisions"}],"wp:featuredmedia":[{"embeddable":true,"href":"https:\/\/cheveuxluxe.com\/index.php\/wp-json\/wp\/v2\/media\/32535"}],"wp:attachment":[{"href":"https:\/\/cheveuxluxe.com\/index.php\/wp-json\/wp\/v2\/media?parent=39523"}],"wp:term":[{"taxonomy":"pwb-brand","embeddable":true,"href":"https:\/\/cheveuxluxe.com\/index.php\/wp-json\/wp\/v2\/pwb-brand?post=39523"},{"taxonomy":"product_cat","embeddable":true,"href":"https:\/\/cheveuxluxe.com\/index.php\/wp-json\/wp\/v2\/product_cat?post=39523"},{"taxonomy":"product_tag","embeddable":true,"href":"https:\/\/cheveuxluxe.com\/index.php\/wp-json\/wp\/v2\/product_tag?post=39523"}],"curies":[{"name":"wp","href":"https:\/\/api.w.org\/{rel}","templated":true}]}}