{"id":39583,"date":"2024-04-14T14:57:47","date_gmt":"2024-04-14T14:57:47","guid":{"rendered":"https:\/\/cheveuxluxe.com\/?post_type=product&#038;p=39583"},"modified":"2024-04-14T14:58:12","modified_gmt":"2024-04-14T14:58:12","slug":"revlonissimo-colorsmetique-brunettes-60ml-3","status":"publish","type":"product","link":"https:\/\/cheveuxluxe.com\/index.php\/product\/revlonissimo-colorsmetique-brunettes-60ml-3\/","title":{"rendered":"Revlonissimo Colorsmetique Brunettes 60ml"},"content":{"rendered":"<div class=\"product-content_bottom\">\n<div class=\"pdp-info\">\n<div class=\"pdp-tabs tab-container\">\n<div class=\"tab js-tab\">\n<h3 class=\"tab-title pdp-tabs_title js-tab-mobile-title\"><span>Description<\/span><\/h3>\n<div class=\"tab-description pdp-tabs_description js-tab-description\" itemprop=\"description\">\n<p>Une double approche de la couleur : o\u00f9 science et beaut\u00e9 se rencontrent<\/p>\n<p>D\u00e9couvrez nos nouvelles formules Revlonissimo Colorsmetique\u2122 offrant une technologie avanc\u00e9e afin de vous proposer nos derni\u00e8res innovations pour une performance ultime. Profitez de notre expertise professionnelle avanc\u00e9e en coloration et en soins capillaires gr\u00e2ce \u00e0 nos ingr\u00e9dients cosm\u00e9tiques pour cr\u00e9er une nouvelle gamme de coloration formul\u00e9e comme si elle contenait un masque de soin.<\/p>\n<p>La Coloration permanente Revlonissimo Colorsmetique\u2122 Brunettes offre une s\u00e9lection de nuances marron chaudes et froides pour red\u00e9finir les ch\u00e2tains avec une profondeur multidimensionnelle.<\/p>\n<p><u>C\u2019est pour qui?<\/u><\/p>\n<p>Pour les coiffeurs \u00e0 la recherche d\u2019une coloration permanente sophistiqu\u00e9e aux tons marron, \u00e9labor\u00e9e gr\u00e2ce au parfait \u00e9quilibre entre couverture, transparence, pigments couleurs et brillance pour une coloration fiable et haute performance des racines aux pointes.\u00a0\u00bb<\/p>\n<\/div>\n<\/div>\n<div class=\"tab js-tab\">\n<h3 class=\"tab-title pdp-tabs_title js-tab-mobile-title\"><span>Ingr\u00e9dients<\/span><\/h3>\n<div class=\"tab-description pdp-tabs_description js-tab-description\">Aqua\/Water\/Eau Laureth-2, Isostearic Acid, Propylene Glycol, Glyceryl Stearate SE, Ethanolamine, Toluene-2,5-Diamine Sulfate, Ammonium Hydroxide, Cetearyl Alcohol, Ceteareth-20, Cocamidopropyl Betaine, Ammonium Lauryl Sulfate, Aminopropyl Phenyl Trimeth,icone, Dimethicone, Steartrimonium Chloride, Erythorbic Acid, Glycerin, Hydrolyzed Corn Protein, Hydrolyzed Hyaluronic Acid, Hydrolyzed Soy Protein, Hydrolyzed Wheat Protein, Isopropyl Alcohol, Panthenol, Polyquaternium-10, Polyquaternium-22, Polyquatern,ium-6, Saccharomyces Ferment Filtrate, Sodium Acetate, Sodium Chloride, Tetrasodium EDTA, Titanium Dioxide, Parfum (Fragrance), Sodium Sulfite, 2-Amino-3-Hydroxypyridine, 2-Methylresorcinol, m-Aminophenol, p-Aminophenol, Resorcinol. B02601<\/div>\n<\/div>\n<div class=\"tab js-tab\">\n<h3 class=\"tab-title pdp-tabs_title js-tab-mobile-title\"><span>Livraison et stock<\/span><\/h3>\n<div class=\"tab-description pdp-tabs_description js-tab-description\">\n<div class=\"pdp-delivery_info\">\n<div class=\"content-asset\"><a class=\"pdp-delivery_link\" href=\"\/livraison-delais\/\">Livraison et d\u00e9lais<\/a><a class=\"pdp-delivery_link\" href=\"\/retours-remboursements\/\">Retours et remboursements<\/a><\/div>\n<\/div>\n<\/div>\n<\/div>\n<\/div>\n<\/div>\n<\/div>\n","protected":false},"excerpt":{"rendered":"<p>Description Une double approche de la couleur : o\u00f9 science et beaut\u00e9 se rencontrent D\u00e9couvrez&hellip;<\/p>\n","protected":false},"featured_media":33056,"comment_status":"open","ping_status":"closed","template":"","meta":[],"pwb-brand":[659],"product_cat":[617],"product_tag":[274,372,273],"class_list":{"0":"post-39583","1":"product","2":"type-product","3":"status-publish","4":"has-post-thumbnail","6":"pwb-brand-revlon","7":"product_cat-coiffure","8":"product_tag-coiffure","9":"product_tag-revlon","10":"product_tag-vegan","12":"first","13":"instock","14":"taxable","15":"shipping-taxable","16":"purchasable","17":"product-type-variable","18":"layout-style-3","19":"col-md-4 col-sm-4 col-xs-6","20":"col-lg-3","21":"product-has-gallery","22":"product-style-default"},"aioseo_notices":[],"brands":[{"id":659,"name":"Revlon","slug":"revlon"}],"_links":{"self":[{"href":"https:\/\/cheveuxluxe.com\/index.php\/wp-json\/wp\/v2\/product\/39583","targetHints":{"allow":["GET"]}}],"collection":[{"href":"https:\/\/cheveuxluxe.com\/index.php\/wp-json\/wp\/v2\/product"}],"about":[{"href":"https:\/\/cheveuxluxe.com\/index.php\/wp-json\/wp\/v2\/types\/product"}],"replies":[{"embeddable":true,"href":"https:\/\/cheveuxluxe.com\/index.php\/wp-json\/wp\/v2\/comments?post=39583"}],"version-history":[{"count":0,"href":"https:\/\/cheveuxluxe.com\/index.php\/wp-json\/wp\/v2\/product\/39583\/revisions"}],"wp:featuredmedia":[{"embeddable":true,"href":"https:\/\/cheveuxluxe.com\/index.php\/wp-json\/wp\/v2\/media\/33056"}],"wp:attachment":[{"href":"https:\/\/cheveuxluxe.com\/index.php\/wp-json\/wp\/v2\/media?parent=39583"}],"wp:term":[{"taxonomy":"pwb-brand","embeddable":true,"href":"https:\/\/cheveuxluxe.com\/index.php\/wp-json\/wp\/v2\/pwb-brand?post=39583"},{"taxonomy":"product_cat","embeddable":true,"href":"https:\/\/cheveuxluxe.com\/index.php\/wp-json\/wp\/v2\/product_cat?post=39583"},{"taxonomy":"product_tag","embeddable":true,"href":"https:\/\/cheveuxluxe.com\/index.php\/wp-json\/wp\/v2\/product_tag?post=39583"}],"curies":[{"name":"wp","href":"https:\/\/api.w.org\/{rel}","templated":true}]}}