{"id":40301,"date":"2024-04-14T19:23:15","date_gmt":"2024-04-14T19:23:15","guid":{"rendered":"https:\/\/cheveuxluxe.com\/index.php\/product\/vitalitys-laque-professionnelle-effecto-prof-strong-500ml\/"},"modified":"2024-04-14T19:31:58","modified_gmt":"2024-04-14T19:31:58","slug":"vitalitys-laque-professionnelle-effecto-prof-strong-500ml","status":"publish","type":"product","link":"https:\/\/cheveuxluxe.com\/index.php\/product\/vitalitys-laque-professionnelle-effecto-prof-strong-500ml\/","title":{"rendered":"Vitality&rsquo;s Laque Professionnelle Effecto Prof Strong 500ml"},"content":{"rendered":"<div class=\"product-content_bottom\">\n<div class=\"pdp-info\">\n<div class=\"pdp-tabs tab-container\">\n<div class=\"tab js-tab\">\n<h3 class=\"tab-title pdp-tabs_title js-tab-mobile-title open\"><span>Points cl\u00e9s<\/span><\/h3>\n<div class=\"tab-description pdp-tabs_description js-tab-description open\" itemprop=\"description\">\n<ul>\n<li> S\u00e9chage rapide<\/li>\n<li>Sans r\u00e9sidus<\/li>\n<li>Antistatique<\/li>\n<li>Non grasse<\/li>\n<li>Tenue longue dur\u00e9e <\/li>\n<\/ul>\n<\/div>\n<\/div>\n<div class=\"tab js-tab\">\n<h3 class=\"tab-title pdp-tabs_title js-tab-mobile-title\"><span>Description<\/span><\/h3>\n<div class=\"tab-description pdp-tabs_description js-tab-description\" itemprop=\"description\">La laque professionnelle Effecto fixation normale de Vitality\u2019s est un produit indispensable pour tous coiffeurs professionnels. Elle offre une tenue longue dur\u00e9e \u00e0 la fois l\u00e9g\u00e8re et efficace. Son indice fixant est suffisamment puissant pour garder tous les looks en place, sans pour autant cr\u00e9er d\u2019effet collant ou durcissant. Elle permet de maintenir les ondulations du mouvement de la coiffure sans l\u2019alourdir. Les frisottis sont dompt\u00e9s, la chevelure se coiffe facilement sans effet d\u2019\u00e9lectricit\u00e9 statique.La texture l\u00e9g\u00e8re de cette laque est agr\u00e9able et ne laisse pas de r\u00e9sidus. Elle s\u00e8che rapidement et se fixe en quelques coups de brosse. Son grand format et sa texture spray sont bien adapt\u00e9s pour une utilisation en salon de coiffure.La marque italienne Vitality\u2019s propose toute une vari\u00e9t\u00e9 de produits professionnels de grande qualit\u00e9\u00a0: Effecto est la gamme de styling professionnel made in Italy.<\/div>\n<\/div>\n<div class=\"tab js-tab\">\n<h3 class=\"tab-title pdp-tabs_title js-tab-mobile-title\"><span>Mode d&#8217;emploi<\/span><\/h3>\n<div class=\"tab-description pdp-tabs_description js-tab-description\">Vaporisez une quantit\u00e9 g\u00e9n\u00e9reuse de laque professionnelle Effecto fixation normale de Vitality\u2019s sur cheveux coiff\u00e9s et secs.Utilisez cette laque en combinaison avec les autres produits de la gamme pour un effet d\u00e9cupl\u00e9\u00a0: le fluide soin fixant Effecto pour modeler la coiffure et d\u00e9finir les boucles, la mousse restructurante pour donner volume et tenue \u00e0 la chevelure, ou le gel fixant haute-d\u00e9finition pour des effets extr\u00eames.<\/div>\n<\/div>\n<div class=\"tab js-tab\">\n<h3 class=\"tab-title pdp-tabs_title js-tab-mobile-title\"><span>Ingr\u00e9dients<\/span><\/h3>\n<div class=\"tab-description pdp-tabs_description js-tab-description\">ALCOHOL DENAT., METHYLAL, BUTANE, ISOBUTANE, PROPANE, VA, CROTONATES, VINYL NEODECANOATE COPOLYMER, TOCOPHERYL ACETATE, AMINOMETHYL PROPANOL, PARFUM (FRAGRANCE).<\/div>\n<\/div>\n<div class=\"tab js-tab\">\n<h3 class=\"tab-title pdp-tabs_title js-tab-mobile-title\"><span>Livraison et stock<\/span><\/h3>\n<div class=\"tab-description pdp-tabs_description js-tab-description\">\n<div class=\"pdp-delivery_info\">\n<div class=\"content-asset\">Livraison et d\u00e9laisRetours et remboursements<\/div>\n<\/div>\n<\/div>\n<\/div>\n<\/div>\n<\/div>\n<\/div>\n","protected":false},"excerpt":{"rendered":"<p>Points cl\u00e9s S\u00e9chage rapide Sans r\u00e9sidus Antistatique Non grasse Tenue longue dur\u00e9e Description La laque&hellip;<\/p>\n","protected":false},"featured_media":40300,"comment_status":"open","ping_status":"closed","template":"","meta":[],"pwb-brand":[651],"product_cat":[572],"product_tag":[127,333],"class_list":{"0":"post-40301","1":"product","2":"type-product","3":"status-publish","4":"has-post-thumbnail","6":"pwb-brand-vitalitys","7":"product_cat-shampooing-et-coiffure","8":"product_tag-shampooing-et-coiffure","9":"product_tag-vitalitys","11":"first","12":"instock","13":"taxable","14":"shipping-taxable","15":"purchasable","16":"product-type-simple","17":"layout-style-3","18":"col-md-4 col-sm-4 col-xs-6","19":"col-lg-3","20":"product-style-default"},"aioseo_notices":[],"brands":[{"id":651,"name":"Vitality's","slug":"vitalitys"}],"_links":{"self":[{"href":"https:\/\/cheveuxluxe.com\/index.php\/wp-json\/wp\/v2\/product\/40301","targetHints":{"allow":["GET"]}}],"collection":[{"href":"https:\/\/cheveuxluxe.com\/index.php\/wp-json\/wp\/v2\/product"}],"about":[{"href":"https:\/\/cheveuxluxe.com\/index.php\/wp-json\/wp\/v2\/types\/product"}],"replies":[{"embeddable":true,"href":"https:\/\/cheveuxluxe.com\/index.php\/wp-json\/wp\/v2\/comments?post=40301"}],"version-history":[{"count":0,"href":"https:\/\/cheveuxluxe.com\/index.php\/wp-json\/wp\/v2\/product\/40301\/revisions"}],"wp:featuredmedia":[{"embeddable":true,"href":"https:\/\/cheveuxluxe.com\/index.php\/wp-json\/wp\/v2\/media\/40300"}],"wp:attachment":[{"href":"https:\/\/cheveuxluxe.com\/index.php\/wp-json\/wp\/v2\/media?parent=40301"}],"wp:term":[{"taxonomy":"pwb-brand","embeddable":true,"href":"https:\/\/cheveuxluxe.com\/index.php\/wp-json\/wp\/v2\/pwb-brand?post=40301"},{"taxonomy":"product_cat","embeddable":true,"href":"https:\/\/cheveuxluxe.com\/index.php\/wp-json\/wp\/v2\/product_cat?post=40301"},{"taxonomy":"product_tag","embeddable":true,"href":"https:\/\/cheveuxluxe.com\/index.php\/wp-json\/wp\/v2\/product_tag?post=40301"}],"curies":[{"name":"wp","href":"https:\/\/api.w.org\/{rel}","templated":true}]}}