{"id":40307,"date":"2024-04-14T19:23:18","date_gmt":"2024-04-14T19:23:18","guid":{"rendered":"https:\/\/cheveuxluxe.com\/index.php\/product\/sibel-brosse-thermique-ronde-anti-statique-214-o33mm\/"},"modified":"2024-04-14T19:31:17","modified_gmt":"2024-04-14T19:31:17","slug":"sibel-brosse-thermique-ronde-anti-statique-214-o33mm","status":"publish","type":"product","link":"https:\/\/cheveuxluxe.com\/index.php\/product\/sibel-brosse-thermique-ronde-anti-statique-214-o33mm\/","title":{"rendered":"Sibel Brosse Thermique Ronde Anti-Statique 214 \u00d833mm"},"content":{"rendered":"<div class=\"product-content_bottom\">\n<div class=\"pdp-info\">\n<div class=\"pdp-tabs tab-container\">\n<div class=\"tab js-tab\">\n<h3 class=\"tab-title pdp-tabs_title js-tab-mobile-title open\"><span>Points cl\u00e9s<\/span><\/h3>\n<div class=\"tab-description pdp-tabs_description js-tab-description open\" itemprop=\"description\">\n<ul>\n<li> Brosse ronde<\/li>\n<li>Accessoire de brushing<\/li>\n<li>Cheveux courts<\/li>\n<li>Tube en aluminium<\/li>\n<li>Brosse antistatique <\/li>\n<\/ul>\n<\/div>\n<\/div>\n<div class=\"tab js-tab\">\n<h3 class=\"tab-title pdp-tabs_title js-tab-mobile-title\"><span>Description<\/span><\/h3>\n<div class=\"tab-description pdp-tabs_description js-tab-description\" itemprop=\"description\">Le tube de la brosse Therm se remplit d\u2019air chaud pendant le brushing. Les trous ventil\u00e9s du barillet cr\u00e9ent une circulation d&rsquo;air, assurant une distribution uniforme de la chaleur aux m\u00e8ches de cheveux. Le tube chauffe autant qu\u2019un fer et peut donc \u00eatre utilis\u00e9 pour apprivoiser les cheveux les plus \u00e9pais. Cette brosse thermique est parfaite pour une utilisation intensive dans les salons de coiffure. Convient \u00e0 tous les types de cheveux gr\u00e2ce \u00e0 ses fibres nylon.<\/div>\n<\/div>\n<div class=\"tab js-tab\">\n<h3 class=\"tab-title pdp-tabs_title js-tab-mobile-title\"><span>Mode d&#8217;emploi<\/span><\/h3>\n<div class=\"tab-description pdp-tabs_description js-tab-description\">\u2013\u00a0Pr\u00e9s\u00e9chez l\u2019ensemble de la chevelure \u00e0 environ 75-80\u00a0%.\u2013\u00a0Proc\u00e9dez ensuite sur l\u2019ensemble de la chevelure,au travail des racines m\u00e8che par m\u00e8che, jusqu\u2019\u00e0 obtention du r\u00e9sultat attendu.<\/div>\n<\/div>\n<div class=\"tab js-tab\">\n<h3 class=\"tab-title pdp-tabs_title js-tab-mobile-title\"><span>Livraison et stock<\/span><\/h3>\n<div class=\"tab-description pdp-tabs_description js-tab-description\">\n<div class=\"pdp-delivery_info\">\n<div class=\"content-asset\">Livraison et d\u00e9laisRetours et remboursements<\/div>\n<\/div>\n<\/div>\n<\/div>\n<div class=\"tab js-tab\">\n<h3 class=\"tab-title pdp-tabs_title js-tab-mobile-title\"><span>Pr\u00e9cautions d&#8217;emploi<\/span><\/h3>\n<div class=\"tab-description pdp-tabs_description js-tab-description\">Conserver hors de la port\u00e9e des enfants.<\/div>\n<\/div>\n<\/div>\n<\/div>\n<\/div>\n","protected":false},"excerpt":{"rendered":"<p>Points cl\u00e9s Brosse ronde Accessoire de brushing Cheveux courts Tube en aluminium Brosse antistatique Description&hellip;<\/p>\n","protected":false},"featured_media":20265,"comment_status":"open","ping_status":"closed","template":"","meta":[],"pwb-brand":[652],"product_cat":[315],"product_tag":[317,342],"class_list":{"0":"post-40307","1":"product","2":"type-product","3":"status-publish","4":"has-post-thumbnail","6":"pwb-brand-sibel","7":"product_cat-coloration","8":"product_tag-coloration","9":"product_tag-sibel","11":"first","12":"instock","13":"taxable","14":"shipping-taxable","15":"purchasable","16":"product-type-simple","17":"layout-style-3","18":"col-md-4 col-sm-4 col-xs-6","19":"col-lg-3","20":"product-style-default"},"aioseo_notices":[],"brands":[{"id":652,"name":"Sibel","slug":"sibel"}],"_links":{"self":[{"href":"https:\/\/cheveuxluxe.com\/index.php\/wp-json\/wp\/v2\/product\/40307","targetHints":{"allow":["GET"]}}],"collection":[{"href":"https:\/\/cheveuxluxe.com\/index.php\/wp-json\/wp\/v2\/product"}],"about":[{"href":"https:\/\/cheveuxluxe.com\/index.php\/wp-json\/wp\/v2\/types\/product"}],"replies":[{"embeddable":true,"href":"https:\/\/cheveuxluxe.com\/index.php\/wp-json\/wp\/v2\/comments?post=40307"}],"version-history":[{"count":0,"href":"https:\/\/cheveuxluxe.com\/index.php\/wp-json\/wp\/v2\/product\/40307\/revisions"}],"wp:featuredmedia":[{"embeddable":true,"href":"https:\/\/cheveuxluxe.com\/index.php\/wp-json\/wp\/v2\/media\/20265"}],"wp:attachment":[{"href":"https:\/\/cheveuxluxe.com\/index.php\/wp-json\/wp\/v2\/media?parent=40307"}],"wp:term":[{"taxonomy":"pwb-brand","embeddable":true,"href":"https:\/\/cheveuxluxe.com\/index.php\/wp-json\/wp\/v2\/pwb-brand?post=40307"},{"taxonomy":"product_cat","embeddable":true,"href":"https:\/\/cheveuxluxe.com\/index.php\/wp-json\/wp\/v2\/product_cat?post=40307"},{"taxonomy":"product_tag","embeddable":true,"href":"https:\/\/cheveuxluxe.com\/index.php\/wp-json\/wp\/v2\/product_tag?post=40307"}],"curies":[{"name":"wp","href":"https:\/\/api.w.org\/{rel}","templated":true}]}}