{"id":40308,"date":"2024-04-14T19:23:18","date_gmt":"2024-04-14T19:23:18","guid":{"rendered":"https:\/\/cheveuxluxe.com\/index.php\/product\/sibel-crochet-a-meches-hook-petit-modele-06mm\/"},"modified":"2024-04-14T19:31:18","modified_gmt":"2024-04-14T19:31:18","slug":"sibel-crochet-a-meches-hook-petit-modele-06mm","status":"publish","type":"product","link":"https:\/\/cheveuxluxe.com\/index.php\/product\/sibel-crochet-a-meches-hook-petit-modele-06mm\/","title":{"rendered":"Sibel Crochet \u00e0 M\u00e8ches Hook Petit Mod\u00e8le 0,6mm"},"content":{"rendered":"<div class=\"product-content_bottom\">\n<div class=\"pdp-info\">\n<div class=\"pdp-tabs tab-container\">\n<div class=\"tab js-tab\">\n<h3 class=\"tab-title pdp-tabs_title js-tab-mobile-title open\"><span>Points cl\u00e9s<\/span><\/h3>\n<div class=\"tab-description pdp-tabs_description js-tab-description open\" itemprop=\"description\">\n<ul>\n<li>Crochet m\u00e8ches en m\u00e9tal<\/li>\n<li>Prise en main facile<\/li>\n<li>Taille: 0,6 mm<\/li>\n<li>Pour les m\u00e8ches au bonnet<\/li>\n<\/ul>\n<\/div>\n<\/div>\n<div class=\"tab js-tab\">\n<h3 class=\"tab-title pdp-tabs_title js-tab-mobile-title\"><span>Description<\/span><\/h3>\n<div class=\"tab-description pdp-tabs_description js-tab-description\" itemprop=\"description\">Faire des m\u00e8ches, c\u2019est tout un art. Il faut d\u00e9terminer lesquelles teindre pour r\u00e9aliser un joli mouvement ou un effet ombre et lumi\u00e8re. Pour s\u00e9parer les m\u00e8ches \u00e0 teindre des autres, vous obtiendrez un r\u00e9sultat plus net en utilisant un accessoire de pr\u00e9cision, comme le Crochet \u00e0 M\u00e8ches Hook Petit Mod\u00e8le de Sibel.<br \/>Le crochet se pr\u00e9sente sous la forme d\u2019une longue tige en m\u00e9tal plate en son centre, pour une meilleure prise en main de l\u2019outil. Vous n\u2019avez plus qu\u2019\u00e0 isoler la m\u00e8che du reste de la chevelure pour y d\u00e9poser les pigments de teinture. Le crochet peut servir \u00e9galement \u00e0 r\u00e9cup\u00e9rer une m\u00e8che par les trous des bonnets de coloration. Le crochet petit mod\u00e8le poss\u00e8de un diam\u00e8tre de 0,6 mm, id\u00e9al pour isoler de petites m\u00e8ches.<\/div>\n<\/div>\n<div class=\"tab js-tab\">\n<h3 class=\"tab-title pdp-tabs_title js-tab-mobile-title\"><span>Mode d&#8217;emploi<\/span><\/h3>\n<div class=\"tab-description pdp-tabs_description js-tab-description\">Prenez le crochet \u00e0 m\u00e8ches Hook de Sibel en main, en le tenant entre le pouce et l\u2019index \u00e0 l\u2019emplacement pr\u00e9vu \u00e0 cet effet.<\/div>\n<\/div>\n<div class=\"tab js-tab\">\n<h3 class=\"tab-title pdp-tabs_title js-tab-mobile-title\"><span>Livraison et stock<\/span><\/h3>\n<div class=\"tab-description pdp-tabs_description js-tab-description\">\n<div class=\"pdp-delivery_info\">\n<div class=\"content-asset\">Livraison et d\u00e9laisRetours et remboursements<\/div>\n<\/div>\n<\/div>\n<\/div>\n<\/div>\n<\/div>\n<\/div>\n","protected":false},"excerpt":{"rendered":"<p>Points cl\u00e9s Crochet m\u00e8ches en m\u00e9tal Prise en main facile Taille: 0,6 mm Pour les&hellip;<\/p>\n","protected":false},"featured_media":17982,"comment_status":"open","ping_status":"closed","template":"","meta":[],"pwb-brand":[652],"product_cat":[315],"product_tag":[317,342],"class_list":{"0":"post-40308","1":"product","2":"type-product","3":"status-publish","4":"has-post-thumbnail","6":"pwb-brand-sibel","7":"product_cat-coloration","8":"product_tag-coloration","9":"product_tag-sibel","11":"first","12":"instock","13":"taxable","14":"shipping-taxable","15":"purchasable","16":"product-type-simple","17":"layout-style-3","18":"col-md-4 col-sm-4 col-xs-6","19":"col-lg-3","20":"product-style-default"},"aioseo_notices":[],"brands":[{"id":652,"name":"Sibel","slug":"sibel"}],"_links":{"self":[{"href":"https:\/\/cheveuxluxe.com\/index.php\/wp-json\/wp\/v2\/product\/40308","targetHints":{"allow":["GET"]}}],"collection":[{"href":"https:\/\/cheveuxluxe.com\/index.php\/wp-json\/wp\/v2\/product"}],"about":[{"href":"https:\/\/cheveuxluxe.com\/index.php\/wp-json\/wp\/v2\/types\/product"}],"replies":[{"embeddable":true,"href":"https:\/\/cheveuxluxe.com\/index.php\/wp-json\/wp\/v2\/comments?post=40308"}],"version-history":[{"count":0,"href":"https:\/\/cheveuxluxe.com\/index.php\/wp-json\/wp\/v2\/product\/40308\/revisions"}],"wp:featuredmedia":[{"embeddable":true,"href":"https:\/\/cheveuxluxe.com\/index.php\/wp-json\/wp\/v2\/media\/17982"}],"wp:attachment":[{"href":"https:\/\/cheveuxluxe.com\/index.php\/wp-json\/wp\/v2\/media?parent=40308"}],"wp:term":[{"taxonomy":"pwb-brand","embeddable":true,"href":"https:\/\/cheveuxluxe.com\/index.php\/wp-json\/wp\/v2\/pwb-brand?post=40308"},{"taxonomy":"product_cat","embeddable":true,"href":"https:\/\/cheveuxluxe.com\/index.php\/wp-json\/wp\/v2\/product_cat?post=40308"},{"taxonomy":"product_tag","embeddable":true,"href":"https:\/\/cheveuxluxe.com\/index.php\/wp-json\/wp\/v2\/product_tag?post=40308"}],"curies":[{"name":"wp","href":"https:\/\/api.w.org\/{rel}","templated":true}]}}