{"id":40315,"date":"2024-04-14T19:24:31","date_gmt":"2024-04-14T19:24:31","guid":{"rendered":"https:\/\/cheveuxluxe.com\/index.php\/product\/sibel-lot-de-12-bigoudis-superflex-longs-gris\/"},"modified":"2024-04-14T19:31:20","modified_gmt":"2024-04-14T19:31:20","slug":"sibel-lot-de-12-bigoudis-superflex-longs-gris","status":"publish","type":"product","link":"https:\/\/cheveuxluxe.com\/index.php\/product\/sibel-lot-de-12-bigoudis-superflex-longs-gris\/","title":{"rendered":"Sibel Lot de 12 Bigoudis Superflex Longs Gris"},"content":{"rendered":"<div class=\"product-content_bottom\">\n<div class=\"pdp-info\">\n<div class=\"pdp-tabs tab-container\">\n<div class=\"tab js-tab\">\n<h3 class=\"tab-title pdp-tabs_title js-tab-mobile-title open\"><span>Points cl\u00e9s<\/span><\/h3>\n<div class=\"tab-description pdp-tabs_description js-tab-description open\" itemprop=\"description\">\n<ul>\n<li> Bigoudis mousse <\/li>\n<li>Boucles souples<\/li>\n<li>Permanente<\/li>\n<li>Rendu naturel<\/li>\n<li>Autobloquant <\/li>\n<\/ul>\n<\/div>\n<\/div>\n<div class=\"tab js-tab\">\n<h3 class=\"tab-title pdp-tabs_title js-tab-mobile-title\"><span>Description<\/span><\/h3>\n<div class=\"tab-description pdp-tabs_description js-tab-description\" itemprop=\"description\">Ces bigoudis Superflex Sibel pour usage professionnel sont tr\u00e8s bien adapt\u00e9s pour la mise en plis de cheveux mi-longs \u00e0 longs. Ils sont compos\u00e9s d\u2019un fil m\u00e9tallique interne et d\u2019une structure ext\u00e9rieure en mousse. La pr\u00e9sence du fil de m\u00e9tal les rend parfaitement autobloquants, pour r\u00e9aliser une permanente impeccable. La souplesse naturelle de la mousse permet d\u2019obtenir de belles boucles toniques et bien d\u00e9finies. Ces bigoudis sont faciles \u00e0 poser et confortables pour les clientes. Longs de 25 cm avec un diam\u00e8tre de 13mm \u00e0 19mm, ces bigoudis cr\u00e9ent des boucles souples au rendu naturel. Le lot de 12 permet d\u2019avoir \u00e0 disposition suffisamment de bigoudis pour une permanente. Sibel est une marque d\u2019accessoires de coiffure professionnelle \u00e9tablie en 1964, qui associe qualit\u00e9 et durabilit\u00e9.<\/div>\n<\/div>\n<div class=\"tab js-tab\">\n<h3 class=\"tab-title pdp-tabs_title js-tab-mobile-title\"><span>Mode d&#8217;emploi<\/span><\/h3>\n<div class=\"tab-description pdp-tabs_description js-tab-description\">Utilisez les bigoudis sur cheveux humides.Enroulez chaque m\u00e8che autour d\u2019un bigoudi selon la largeur de boucle souhait\u00e9e.Pliez les extr\u00e9mit\u00e9s du bigoudi Superflex Sibel pour fixer la m\u00e8che.R\u00e9p\u00e9tez l\u2019op\u00e9ration pour chaque m\u00e8che \u00e0 permanenter.S\u00e9chez les cheveux avant de retirer les bigoudis, puis fixez la mise en pli \u00e0 l\u2019aide d\u2019une laque ou autre produit fixant.<\/div>\n<\/div>\n<div class=\"tab js-tab\">\n<h3 class=\"tab-title pdp-tabs_title js-tab-mobile-title\"><span>Livraison et stock<\/span><\/h3>\n<div class=\"tab-description pdp-tabs_description js-tab-description\">\n<div class=\"pdp-delivery_info\">\n<div class=\"content-asset\">Livraison et d\u00e9laisRetours et remboursements<\/div>\n<\/div>\n<\/div>\n<\/div>\n<\/div>\n<\/div>\n<\/div>\n","protected":false},"excerpt":{"rendered":"<p>Points cl\u00e9s Bigoudis mousse Boucles souples Permanente Rendu naturel Autobloquant Description Ces bigoudis Superflex Sibel&hellip;<\/p>\n","protected":false},"featured_media":40311,"comment_status":"open","ping_status":"closed","template":"","meta":[],"pwb-brand":[652],"product_cat":[315],"product_tag":[317,342],"class_list":{"0":"post-40315","1":"product","2":"type-product","3":"status-publish","4":"has-post-thumbnail","6":"pwb-brand-sibel","7":"product_cat-coloration","8":"product_tag-coloration","9":"product_tag-sibel","11":"first","12":"instock","13":"taxable","14":"shipping-taxable","15":"purchasable","16":"product-type-simple","17":"layout-style-3","18":"col-md-4 col-sm-4 col-xs-6","19":"col-lg-3","20":"product-has-gallery","21":"product-style-default"},"aioseo_notices":[],"brands":[{"id":652,"name":"Sibel","slug":"sibel"}],"_links":{"self":[{"href":"https:\/\/cheveuxluxe.com\/index.php\/wp-json\/wp\/v2\/product\/40315","targetHints":{"allow":["GET"]}}],"collection":[{"href":"https:\/\/cheveuxluxe.com\/index.php\/wp-json\/wp\/v2\/product"}],"about":[{"href":"https:\/\/cheveuxluxe.com\/index.php\/wp-json\/wp\/v2\/types\/product"}],"replies":[{"embeddable":true,"href":"https:\/\/cheveuxluxe.com\/index.php\/wp-json\/wp\/v2\/comments?post=40315"}],"version-history":[{"count":0,"href":"https:\/\/cheveuxluxe.com\/index.php\/wp-json\/wp\/v2\/product\/40315\/revisions"}],"wp:featuredmedia":[{"embeddable":true,"href":"https:\/\/cheveuxluxe.com\/index.php\/wp-json\/wp\/v2\/media\/40311"}],"wp:attachment":[{"href":"https:\/\/cheveuxluxe.com\/index.php\/wp-json\/wp\/v2\/media?parent=40315"}],"wp:term":[{"taxonomy":"pwb-brand","embeddable":true,"href":"https:\/\/cheveuxluxe.com\/index.php\/wp-json\/wp\/v2\/pwb-brand?post=40315"},{"taxonomy":"product_cat","embeddable":true,"href":"https:\/\/cheveuxluxe.com\/index.php\/wp-json\/wp\/v2\/product_cat?post=40315"},{"taxonomy":"product_tag","embeddable":true,"href":"https:\/\/cheveuxluxe.com\/index.php\/wp-json\/wp\/v2\/product_tag?post=40315"}],"curies":[{"name":"wp","href":"https:\/\/api.w.org\/{rel}","templated":true}]}}