{"id":40335,"date":"2024-04-14T19:25:47","date_gmt":"2024-04-14T19:25:47","guid":{"rendered":"https:\/\/cheveuxluxe.com\/index.php\/product\/xp100-nuancier-coloration-light-radiance-2016\/"},"modified":"2024-04-14T19:31:32","modified_gmt":"2024-04-14T19:31:32","slug":"xp100-nuancier-coloration-light-radiance-2016","status":"publish","type":"product","link":"https:\/\/cheveuxluxe.com\/index.php\/product\/xp100-nuancier-coloration-light-radiance-2016\/","title":{"rendered":"XP100 Nuancier coloration Light Radiance 2016"},"content":{"rendered":"<div class=\"product-content_bottom\">\n<div class=\"pdp-info\">\n<div class=\"pdp-tabs tab-container\">\n<div class=\"tab js-tab\">\n<h3 class=\"tab-title pdp-tabs_title js-tab-mobile-title open\"><span>Points cl\u00e9s<\/span><\/h3>\n<div class=\"tab-description pdp-tabs_description js-tab-description open\" itemprop=\"description\">\n<ul>\n<li> Choix de la coloration<\/li>\n<li>Indications dosage agent oxydant<\/li>\n<li>Mode d&#8217;emploi coloration<\/li>\n<li>Petite taille<\/li>\n<li>Nuancier en six langues <\/li>\n<\/ul>\n<\/div>\n<\/div>\n<div class=\"tab js-tab\">\n<h3 class=\"tab-title pdp-tabs_title js-tab-mobile-title\"><span>Description<\/span><\/h3>\n<div class=\"tab-description pdp-tabs_description js-tab-description\" itemprop=\"description\">La gamme de teintures XP100 comporte 32 nuances, il vous faut donc savoir laquelle choisir. Le r\u00e9sultat d\u2019une teinture d\u00e9pend de bon nombre de crit\u00e8res. Vous devez conna\u00eetre avec pr\u00e9cision la famille de couleurs naturelles \u00e0 laquelle appartient la cliente, la proportion de cheveux blancs. Enfin, vous devez choisir ensemble la coloration \u00e0 laquelle elle souhaite aboutir.Le nuancier Light Radiance 2016 de XP 100 vous permet ainsi de d\u00e9terminer la bonne nuance de couleur. De la m\u00eame mani\u00e8re, il vous indique le volume d\u2019agent oxydant dont vous avez besoin en fonction du r\u00e9sultat escompt\u00e9.Enfin, le nuancier vous explique comment r\u00e9aliser la coloration, bien l\u2019appliquer ou encore combien de temps la laisser poser.Le document est r\u00e9alis\u00e9 sur un support petit format de 2 pages que vous pouvez emmener partout et il est traduit en six langues.<\/div>\n<\/div>\n<div class=\"tab js-tab\">\n<h3 class=\"tab-title pdp-tabs_title js-tab-mobile-title\"><span>Mode d&#8217;emploi<\/span><\/h3>\n<div class=\"tab-description pdp-tabs_description js-tab-description\">Avant chaque teinture, reportez-vous au nuancier Light Radiance 2016 de XP 100.D\u00e9terminez de quelle famille de couleurs fait partie la cliente et le pourcentage de cheveux blancs dans sa chevelure.Choisissez ensuite la coloration \u00e0 r\u00e9aliser, regardez sur le nuancier quel volume d\u2019agent oxydant est n\u00e9cessaire et suivez les instructions d\u2019application.<\/div>\n<\/div>\n<div class=\"tab js-tab\">\n<h3 class=\"tab-title pdp-tabs_title js-tab-mobile-title\"><span>Livraison et stock<\/span><\/h3>\n<div class=\"tab-description pdp-tabs_description js-tab-description\">\n<div class=\"pdp-delivery_info\">\n<div class=\"content-asset\">Livraison et d\u00e9laisRetours et remboursements<\/div>\n<\/div>\n<\/div>\n<\/div>\n<\/div>\n<\/div>\n<\/div>\n","protected":false},"excerpt":{"rendered":"<p>Points cl\u00e9s Choix de la coloration Indications dosage agent oxydant Mode d&#8217;emploi coloration Petite taille&hellip;<\/p>\n","protected":false},"featured_media":19859,"comment_status":"open","ping_status":"closed","template":"","meta":[],"pwb-brand":[627],"product_cat":[315],"product_tag":[317,360],"class_list":{"0":"post-40335","1":"product","2":"type-product","3":"status-publish","4":"has-post-thumbnail","6":"pwb-brand-xp100","7":"product_cat-coloration","8":"product_tag-coloration","9":"product_tag-xp100","11":"first","12":"instock","13":"taxable","14":"shipping-taxable","15":"purchasable","16":"product-type-simple","17":"layout-style-3","18":"col-md-4 col-sm-4 col-xs-6","19":"col-lg-3","20":"product-style-default"},"aioseo_notices":[],"brands":[{"id":627,"name":"XP100","slug":"xp100"}],"_links":{"self":[{"href":"https:\/\/cheveuxluxe.com\/index.php\/wp-json\/wp\/v2\/product\/40335","targetHints":{"allow":["GET"]}}],"collection":[{"href":"https:\/\/cheveuxluxe.com\/index.php\/wp-json\/wp\/v2\/product"}],"about":[{"href":"https:\/\/cheveuxluxe.com\/index.php\/wp-json\/wp\/v2\/types\/product"}],"replies":[{"embeddable":true,"href":"https:\/\/cheveuxluxe.com\/index.php\/wp-json\/wp\/v2\/comments?post=40335"}],"version-history":[{"count":0,"href":"https:\/\/cheveuxluxe.com\/index.php\/wp-json\/wp\/v2\/product\/40335\/revisions"}],"wp:featuredmedia":[{"embeddable":true,"href":"https:\/\/cheveuxluxe.com\/index.php\/wp-json\/wp\/v2\/media\/19859"}],"wp:attachment":[{"href":"https:\/\/cheveuxluxe.com\/index.php\/wp-json\/wp\/v2\/media?parent=40335"}],"wp:term":[{"taxonomy":"pwb-brand","embeddable":true,"href":"https:\/\/cheveuxluxe.com\/index.php\/wp-json\/wp\/v2\/pwb-brand?post=40335"},{"taxonomy":"product_cat","embeddable":true,"href":"https:\/\/cheveuxluxe.com\/index.php\/wp-json\/wp\/v2\/product_cat?post=40335"},{"taxonomy":"product_tag","embeddable":true,"href":"https:\/\/cheveuxluxe.com\/index.php\/wp-json\/wp\/v2\/product_tag?post=40335"}],"curies":[{"name":"wp","href":"https:\/\/api.w.org\/{rel}","templated":true}]}}