{"id":40355,"date":"2024-04-14T19:25:59","date_gmt":"2024-04-14T19:25:59","guid":{"rendered":"https:\/\/cheveuxluxe.com\/index.php\/product\/eugene-perma-oxycream-6-20vol-1l\/"},"modified":"2024-04-14T19:31:49","modified_gmt":"2024-04-14T19:31:49","slug":"eugene-perma-oxycream-6-20vol-1l","status":"publish","type":"product","link":"https:\/\/cheveuxluxe.com\/index.php\/product\/eugene-perma-oxycream-6-20vol-1l\/","title":{"rendered":"Eugene Perma Oxycream 6%-20Vol 1l"},"content":{"rendered":"<div class=\"product-content_bottom\">\n<div class=\"pdp-info\">\n<div class=\"pdp-tabs tab-container\">\n<div class=\"tab js-tab\">\n<h3 class=\"tab-title pdp-tabs_title js-tab-mobile-title open\"><span>Points cl\u00e9s<\/span><\/h3>\n<div class=\"tab-description pdp-tabs_description js-tab-description open\" itemprop=\"description\">\n<ul>\n<li> Eclaircissement jusqu\u2019\u00e0 2 tons<\/li>\n<li>20 volumes<\/li>\n<li>D\u00e9coloration<\/li>\n<li>Couverture optimale des cheveux blancs<\/li>\n<li>Coloration oxydation <\/li>\n<\/ul>\n<\/div>\n<\/div>\n<div class=\"tab js-tab\">\n<h3 class=\"tab-title pdp-tabs_title js-tab-mobile-title\"><span>Description<\/span><\/h3>\n<div class=\"tab-description pdp-tabs_description js-tab-description\" itemprop=\"description\">La cr\u00e8me oxydante Oxycrem d&rsquo;Eug\u00e8ne Perma d\u00e9colore efficacement les cheveux. Facile \u00e0 appliquer, ce produit \u00e0 base est formul\u00e9 \u00e0 6% ou 20 volumes, permettant donc d&rsquo;\u00e9claircir jusqu&rsquo;\u00e0 2 tons ou de couvrir jusqu&rsquo;\u00e0\u00a0 100% des cheveux blancs.<\/p>\n<p>On l&rsquo;utilise id\u00e9alement avec une pr\u00e9-pigmentation en bain de lumi\u00e8re pour optimiser la coloration \u00e0 venir. On l&rsquo;applique ensuite en diff\u00e9rentes proportions, selon que l&rsquo;on effectue une premi\u00e8re coloration sur base naturelle, ou qu&rsquo;il s&rsquo;agisse d&rsquo;un changement de couleur sur base color\u00e9e.<\/p>\n<p>Stabilisante et r\u00e9put\u00e9e pour son efficacit\u00e9, cette cr\u00e8me oxydante est un indispensable.<\/p><\/div>\n<\/div>\n<div class=\"tab js-tab\">\n<h3 class=\"tab-title pdp-tabs_title js-tab-mobile-title\"><span>Mode d&#8217;emploi<\/span><\/h3>\n<div class=\"tab-description pdp-tabs_description js-tab-description\">La cr\u00e8me s&rsquo;utilise avec toutes les gammes de coloration d&rsquo;oxydation, mais jamais avec les colorations sans ammoniaque. M\u00e9langez directement la nuance choisie avec la cr\u00e8me oxydante, puis appliquez sur toute la longueur. Laissez poser entre 30 et 35 minutes.<\/div>\n<\/div>\n<div class=\"tab js-tab\">\n<h3 class=\"tab-title pdp-tabs_title js-tab-mobile-title\"><span>Ingr\u00e9dients<\/span><\/h3>\n<div class=\"tab-description pdp-tabs_description js-tab-description\">3140100052350 OXYCREM 20 VOLUMES, WATER, EAU, HYDROGEN PEROXIDE, CETEARYL ALCOHOL, TRIDECETH-2 CARBOXAMIDE MEA, CETEARETH-33, GLYCERIN, PHOSPHORIC ACID, PENTASODIUM PENTETATE, SODIUM STANNATE, TETRASODIUM PYROPHOSPHATE. (F12)<\/div>\n<\/div>\n<div class=\"tab js-tab\">\n<h3 class=\"tab-title pdp-tabs_title js-tab-mobile-title\"><span>Livraison et stock<\/span><\/h3>\n<div class=\"tab-description pdp-tabs_description js-tab-description\">\n<div class=\"pdp-delivery_info\">\n<div class=\"content-asset\">Livraison et d\u00e9laisRetours et remboursements<\/div>\n<\/div>\n<\/div>\n<\/div>\n<\/div>\n<\/div>\n<\/div>\n","protected":false},"excerpt":{"rendered":"<p>Points cl\u00e9s Eclaircissement jusqu\u2019\u00e0 2 tons 20 volumes D\u00e9coloration Couverture optimale des cheveux blancs Coloration&hellip;<\/p>\n","protected":false},"featured_media":18726,"comment_status":"open","ping_status":"closed","template":"","meta":[],"pwb-brand":[650],"product_cat":[315],"product_tag":[317,331],"class_list":{"0":"post-40355","1":"product","2":"type-product","3":"status-publish","4":"has-post-thumbnail","6":"pwb-brand-eugene-perma-professionnel","7":"product_cat-coloration","8":"product_tag-coloration","9":"product_tag-eugene-perma-professionnel","11":"first","12":"instock","13":"taxable","14":"shipping-taxable","15":"purchasable","16":"product-type-simple","17":"layout-style-3","18":"col-md-4 col-sm-4 col-xs-6","19":"col-lg-3","20":"product-style-default"},"aioseo_notices":[],"brands":[{"id":650,"name":"Eugene Perma Professionnel","slug":"eugene-perma-professionnel"}],"_links":{"self":[{"href":"https:\/\/cheveuxluxe.com\/index.php\/wp-json\/wp\/v2\/product\/40355","targetHints":{"allow":["GET"]}}],"collection":[{"href":"https:\/\/cheveuxluxe.com\/index.php\/wp-json\/wp\/v2\/product"}],"about":[{"href":"https:\/\/cheveuxluxe.com\/index.php\/wp-json\/wp\/v2\/types\/product"}],"replies":[{"embeddable":true,"href":"https:\/\/cheveuxluxe.com\/index.php\/wp-json\/wp\/v2\/comments?post=40355"}],"version-history":[{"count":0,"href":"https:\/\/cheveuxluxe.com\/index.php\/wp-json\/wp\/v2\/product\/40355\/revisions"}],"wp:featuredmedia":[{"embeddable":true,"href":"https:\/\/cheveuxluxe.com\/index.php\/wp-json\/wp\/v2\/media\/18726"}],"wp:attachment":[{"href":"https:\/\/cheveuxluxe.com\/index.php\/wp-json\/wp\/v2\/media?parent=40355"}],"wp:term":[{"taxonomy":"pwb-brand","embeddable":true,"href":"https:\/\/cheveuxluxe.com\/index.php\/wp-json\/wp\/v2\/pwb-brand?post=40355"},{"taxonomy":"product_cat","embeddable":true,"href":"https:\/\/cheveuxluxe.com\/index.php\/wp-json\/wp\/v2\/product_cat?post=40355"},{"taxonomy":"product_tag","embeddable":true,"href":"https:\/\/cheveuxluxe.com\/index.php\/wp-json\/wp\/v2\/product_tag?post=40355"}],"curies":[{"name":"wp","href":"https:\/\/api.w.org\/{rel}","templated":true}]}}