{"id":40359,"date":"2024-04-14T19:26:06","date_gmt":"2024-04-14T19:26:06","guid":{"rendered":"https:\/\/cheveuxluxe.com\/index.php\/product\/triumph-master-peigne-gris-2\/"},"modified":"2024-04-14T19:32:45","modified_gmt":"2024-04-14T19:32:45","slug":"triumph-master-peigne-gris-2","status":"publish","type":"product","link":"https:\/\/cheveuxluxe.com\/index.php\/product\/triumph-master-peigne-gris-2\/","title":{"rendered":"Triumph Master Peigne Gris"},"content":{"rendered":"<div class=\"product-content_bottom\">\n<div class=\"pdp-info\">\n<div class=\"pdp-tabs tab-container\">\n<div class=\"tab js-tab\">\n<h3 class=\"tab-title pdp-tabs_title js-tab-mobile-title open\"><span>Points cl\u00e9s<\/span><\/h3>\n<div class=\"tab-description pdp-tabs_description js-tab-description open\" itemprop=\"description\">\n<ul>\n<li> Mise en plis<\/li>\n<li>Ergonomique<\/li>\n<li>Thermoplastique r\u00e9sistant<\/li>\n<li>Multi-usage<\/li>\n<li>Agr\u00e9able \u00e0 utiliser <\/li>\n<\/ul>\n<\/div>\n<\/div>\n<div class=\"tab js-tab\">\n<h3 class=\"tab-title pdp-tabs_title js-tab-mobile-title\"><span>Description<\/span><\/h3>\n<div class=\"tab-description pdp-tabs_description js-tab-description\" itemprop=\"description\">Sign\u00e9 Triumph Master, le peigne de coupe 250 est multi-usage. Il permet de d\u00e9m\u00ealer les cheveux, faciliter la r\u00e9alisation des coupes et effectuer le coiffage. Il est compos\u00e9 de deux parties\u00a0: les dents de la premi\u00e8re partie sont espac\u00e9es, tandis que celles de la seconde sont beaucoup plus resserr\u00e9es, pour un d\u00e9m\u00ealage et un lissage de pr\u00e9cision.Le peigne est con\u00e7u en thermoplastique r\u00e9sistant \u00e0 la chaleur et aux produits chimiques, il est donc id\u00e9al pour la coupe, le s\u00e9chage et la mise en plis. Suffisamment souple, il ne risque pas de casser et prot\u00e8ge le cuir chevelu. Ergonomique, le peigne est agr\u00e9able \u00e0 utiliser et permet de travailler avec pr\u00e9cision et rapidit\u00e9.Les peignes Triumph Master, par Hercules S\u00e4gemann, sont des accessoires professionnels \u00e0 l\u2019usage des coiffeurs. Ils sont fabriqu\u00e9s en Allemagne pour une qualit\u00e9 optimale.<\/div>\n<\/div>\n<div class=\"tab js-tab\">\n<h3 class=\"tab-title pdp-tabs_title js-tab-mobile-title\"><span>Mode d&#8217;emploi<\/span><\/h3>\n<div class=\"tab-description pdp-tabs_description js-tab-description\">Ce peigne peut \u00eatre utilis\u00e9 sur cheveux secs ou mouill\u00e9s.\u2013\u00a0S\u00e9parez une m\u00e8che de cheveux et faites glisser le peigne d\u00e9licatement pour le d\u00e9m\u00ealage.\u2013\u00a0Pour la coupe, faites glisser jusqu\u2019\u00e0 la longueur d\u00e9sir\u00e9e et coupez en prenant appui sur le peigne.D\u00e9couvrez \u00e9galement toute la gamme Triumph Master\u00a0: peignes \u00e0 queue, fourchette\u2026<\/div>\n<\/div>\n<div class=\"tab js-tab\">\n<h3 class=\"tab-title pdp-tabs_title js-tab-mobile-title\"><span>Ingr\u00e9dients<\/span><\/h3>\n<div class=\"tab-description pdp-tabs_description js-tab-description\">Polycarbonat<\/div>\n<\/div>\n<div class=\"tab js-tab\">\n<h3 class=\"tab-title pdp-tabs_title js-tab-mobile-title\"><span>Livraison et stock<\/span><\/h3>\n<div class=\"tab-description pdp-tabs_description js-tab-description\">\n<div class=\"pdp-delivery_info\">\n<div class=\"content-asset\">Livraison et d\u00e9laisRetours et remboursements<\/div>\n<\/div>\n<\/div>\n<\/div>\n<\/div>\n<\/div>\n<\/div>\n","protected":false},"excerpt":{"rendered":"<p>Points cl\u00e9s Mise en plis Ergonomique Thermoplastique r\u00e9sistant Multi-usage Agr\u00e9able \u00e0 utiliser Description Sign\u00e9 Triumph&hellip;<\/p>\n","protected":false},"featured_media":40358,"comment_status":"open","ping_status":"closed","template":"","meta":[],"pwb-brand":[693],"product_cat":[477],"product_tag":[168,518],"class_list":{"0":"post-40359","1":"product","2":"type-product","3":"status-publish","4":"has-post-thumbnail","6":"pwb-brand-triumph-master","7":"product_cat-equipement-de-salon","8":"product_tag-equipement-de-salon","9":"product_tag-triumph-master","11":"first","12":"instock","13":"taxable","14":"shipping-taxable","15":"purchasable","16":"product-type-simple","17":"layout-style-3","18":"col-md-4 col-sm-4 col-xs-6","19":"col-lg-3","20":"product-style-default"},"aioseo_notices":[],"brands":[{"id":693,"name":"Triumph Master","slug":"triumph-master"}],"_links":{"self":[{"href":"https:\/\/cheveuxluxe.com\/index.php\/wp-json\/wp\/v2\/product\/40359","targetHints":{"allow":["GET"]}}],"collection":[{"href":"https:\/\/cheveuxluxe.com\/index.php\/wp-json\/wp\/v2\/product"}],"about":[{"href":"https:\/\/cheveuxluxe.com\/index.php\/wp-json\/wp\/v2\/types\/product"}],"replies":[{"embeddable":true,"href":"https:\/\/cheveuxluxe.com\/index.php\/wp-json\/wp\/v2\/comments?post=40359"}],"version-history":[{"count":0,"href":"https:\/\/cheveuxluxe.com\/index.php\/wp-json\/wp\/v2\/product\/40359\/revisions"}],"wp:featuredmedia":[{"embeddable":true,"href":"https:\/\/cheveuxluxe.com\/index.php\/wp-json\/wp\/v2\/media\/40358"}],"wp:attachment":[{"href":"https:\/\/cheveuxluxe.com\/index.php\/wp-json\/wp\/v2\/media?parent=40359"}],"wp:term":[{"taxonomy":"pwb-brand","embeddable":true,"href":"https:\/\/cheveuxluxe.com\/index.php\/wp-json\/wp\/v2\/pwb-brand?post=40359"},{"taxonomy":"product_cat","embeddable":true,"href":"https:\/\/cheveuxluxe.com\/index.php\/wp-json\/wp\/v2\/product_cat?post=40359"},{"taxonomy":"product_tag","embeddable":true,"href":"https:\/\/cheveuxluxe.com\/index.php\/wp-json\/wp\/v2\/product_tag?post=40359"}],"curies":[{"name":"wp","href":"https:\/\/api.w.org\/{rel}","templated":true}]}}