{"id":40365,"date":"2024-04-14T19:26:18","date_gmt":"2024-04-14T19:26:18","guid":{"rendered":"https:\/\/cheveuxluxe.com\/index.php\/product\/cricket-brosse-amped-up-2\/"},"modified":"2024-04-14T19:32:46","modified_gmt":"2024-04-14T19:32:46","slug":"cricket-brosse-amped-up-2","status":"publish","type":"product","link":"https:\/\/cheveuxluxe.com\/index.php\/product\/cricket-brosse-amped-up-2\/","title":{"rendered":"Cricket Brosse Amped Up"},"content":{"rendered":"<div class=\"product-content_bottom\">\n<div class=\"pdp-info\">\n<div class=\"pdp-tabs tab-container\">\n<div class=\"tab js-tab\">\n<h3 class=\"tab-title pdp-tabs_title js-tab-mobile-title open\"><span>Points cl\u00e9s<\/span><\/h3>\n<div class=\"tab-description pdp-tabs_description js-tab-description open\" itemprop=\"description\">\n<ul>\n<li> Fibre de nylon<\/li>\n<li>Evite la casse des cheveux<\/li>\n<li>Volume<\/li>\n<li>Brillance<\/li>\n<li>Poils de sanglier <\/li>\n<\/ul>\n<\/div>\n<\/div>\n<div class=\"tab js-tab\">\n<h3 class=\"tab-title pdp-tabs_title js-tab-mobile-title\"><span>Description<\/span><\/h3>\n<div class=\"tab-description pdp-tabs_description js-tab-description\" itemprop=\"description\">La Brosse Amped Up de Cricket, fabriqu\u00e9e en poils de sanglier et fibres de nylon, est id\u00e9ale pour le lissage et le d\u00e9m\u00ealage, et l\u2019\u00e9laboration de coiffures de style updo. Elle est tr\u00e8s efficace pour cr\u00e9er des mod\u00e8les galb\u00e9s et pour densifier la masse capillaire des cheveux fins. Elle convient particuli\u00e8rement aux cuirs chevelus fragilis\u00e9s et redonne de la mati\u00e8re aux coiffures trop plates. Sa forme ergonomique permet d\u2019intervenir rapidement sur tous les types de textures.Id\u00e9ale pour le modelage et la finition des coiffures stylis\u00e9es ou classiques, cette brosse en poils de sanglier est aussi antistatique. R\u00e9sistante \u00e0 la chaleur, elle a \u00e9t\u00e9 con\u00e7ue pour durer longtemps. Sa texture douce pr\u00e9serve la fibre capillaire et \u00e9vite le cassage de la tige du cheveu.On aime la forme pratique du manche, qui permet de r\u00e9aliser des raies fines ou de tracer des d\u00e9limitations pendant le coiffage.<\/div>\n<\/div>\n<div class=\"tab js-tab\">\n<h3 class=\"tab-title pdp-tabs_title js-tab-mobile-title\"><span>Mode d&#8217;emploi<\/span><\/h3>\n<div class=\"tab-description pdp-tabs_description js-tab-description\">Nettoyez r\u00e9guli\u00e8rement la Brosse Antistatique Cricket avec un m\u00e9lange d\u2019eau ti\u00e8de et d\u2019une noisette de shampoing.Laissez s\u00e9cher \u00e0 l\u2019air libre.<\/div>\n<\/div>\n<div class=\"tab js-tab\">\n<h3 class=\"tab-title pdp-tabs_title js-tab-mobile-title\"><span>Livraison et stock<\/span><\/h3>\n<div class=\"tab-description pdp-tabs_description js-tab-description\">\n<div class=\"pdp-delivery_info\">\n<div class=\"content-asset\">Livraison et d\u00e9laisRetours et remboursements<\/div>\n<\/div>\n<\/div>\n<\/div>\n<\/div>\n<\/div>\n<\/div>\n","protected":false},"excerpt":{"rendered":"<p>Points cl\u00e9s Fibre de nylon Evite la casse des cheveux Volume Brillance Poils de sanglier&hellip;<\/p>\n","protected":false},"featured_media":17658,"comment_status":"open","ping_status":"closed","template":"","meta":[],"pwb-brand":[695],"product_cat":[477],"product_tag":[521,168],"class_list":{"0":"post-40365","1":"product","2":"type-product","3":"status-publish","4":"has-post-thumbnail","6":"pwb-brand-cricket","7":"product_cat-equipement-de-salon","8":"product_tag-cricket","9":"product_tag-equipement-de-salon","11":"first","12":"instock","13":"taxable","14":"shipping-taxable","15":"purchasable","16":"product-type-simple","17":"layout-style-3","18":"col-md-4 col-sm-4 col-xs-6","19":"col-lg-3","20":"product-style-default"},"aioseo_notices":[],"brands":[{"id":695,"name":"Cricket","slug":"cricket"}],"_links":{"self":[{"href":"https:\/\/cheveuxluxe.com\/index.php\/wp-json\/wp\/v2\/product\/40365","targetHints":{"allow":["GET"]}}],"collection":[{"href":"https:\/\/cheveuxluxe.com\/index.php\/wp-json\/wp\/v2\/product"}],"about":[{"href":"https:\/\/cheveuxluxe.com\/index.php\/wp-json\/wp\/v2\/types\/product"}],"replies":[{"embeddable":true,"href":"https:\/\/cheveuxluxe.com\/index.php\/wp-json\/wp\/v2\/comments?post=40365"}],"version-history":[{"count":0,"href":"https:\/\/cheveuxluxe.com\/index.php\/wp-json\/wp\/v2\/product\/40365\/revisions"}],"wp:featuredmedia":[{"embeddable":true,"href":"https:\/\/cheveuxluxe.com\/index.php\/wp-json\/wp\/v2\/media\/17658"}],"wp:attachment":[{"href":"https:\/\/cheveuxluxe.com\/index.php\/wp-json\/wp\/v2\/media?parent=40365"}],"wp:term":[{"taxonomy":"pwb-brand","embeddable":true,"href":"https:\/\/cheveuxluxe.com\/index.php\/wp-json\/wp\/v2\/pwb-brand?post=40365"},{"taxonomy":"product_cat","embeddable":true,"href":"https:\/\/cheveuxluxe.com\/index.php\/wp-json\/wp\/v2\/product_cat?post=40365"},{"taxonomy":"product_tag","embeddable":true,"href":"https:\/\/cheveuxluxe.com\/index.php\/wp-json\/wp\/v2\/product_tag?post=40365"}],"curies":[{"name":"wp","href":"https:\/\/api.w.org\/{rel}","templated":true}]}}