{"id":40374,"date":"2024-04-14T19:26:37","date_gmt":"2024-04-14T19:26:37","guid":{"rendered":"https:\/\/cheveuxluxe.com\/index.php\/product\/wella-professionals-oil-reflections-masque-500ml\/"},"modified":"2024-04-14T19:31:57","modified_gmt":"2024-04-14T19:31:57","slug":"wella-professionals-oil-reflections-masque-500ml","status":"publish","type":"product","link":"https:\/\/cheveuxluxe.com\/index.php\/product\/wella-professionals-oil-reflections-masque-500ml\/","title":{"rendered":"Wella Professionals Oil Reflections Masque 500ml"},"content":{"rendered":"<div class=\"product-content_bottom\">\n<div class=\"pdp-info\">\n<div class=\"pdp-tabs tab-container\">\n<div class=\"tab js-tab\">\n<h3 class=\"tab-title pdp-tabs_title js-tab-mobile-title open\"><span>Points cl\u00e9s<\/span><\/h3>\n<div class=\"tab-description pdp-tabs_description js-tab-description open\" itemprop=\"description\">\n<ul>\n<li> Hydratation profonde<\/li>\n<li>Brillance extr\u00eame<\/li>\n<li>Soin cheveux ternes<\/li>\n<li>Souplesse et douceur des cheveux<\/li>\n<li>D\u00e9m\u00ealage et coiffage plus faciles <\/li>\n<\/ul>\n<\/div>\n<\/div>\n<div class=\"tab js-tab\">\n<h3 class=\"tab-title pdp-tabs_title js-tab-mobile-title\"><span>Description<\/span><\/h3>\n<div class=\"tab-description pdp-tabs_description js-tab-description\" itemprop=\"description\">Masque Oil Reflections sublimateur de lumi\u00e8re pour tous les types de cheveux.<br \/>Un masque qui nourrit et reconstitue la structure des cheveux pour les rendre lisses et brillants.<\/div>\n<\/div>\n<div class=\"tab js-tab\">\n<h3 class=\"tab-title pdp-tabs_title js-tab-mobile-title\"><span>Mode d&#8217;emploi<\/span><\/h3>\n<div class=\"tab-description pdp-tabs_description js-tab-description\">\u2013\u00a0Appliquez une petite quantit\u00e9 de masque sublimateur de lumi\u00e8re Oil Reflections de Wella sur le cuir chevelu.\u2013\u00a0Massez d\u00e9licatement pour faire p\u00e9n\u00e9trer le produit.\u2013\u00a0Laissez agir quelques instants et rincez soigneusement \u00e0 l\u2019eau claire.<\/div>\n<\/div>\n<div class=\"tab js-tab\">\n<h3 class=\"tab-title pdp-tabs_title js-tab-mobile-title\"><span>Ingr\u00e9dients<\/span><\/h3>\n<div class=\"tab-description pdp-tabs_description js-tab-description\">Aqua, Stearyl Alcohol, Behentrimonium Chloride, Cetyl Alcohol, Bis-Aminopropyl Dimethicone, Panthenol, Isopropyl Alcohol, Parfum, BenzylAlcohol, Phenoxyethanol, PEG-2M, Methylparaben, Tocopheryl Acetate, Propylparaben, Disodium EDTA, Hexyl Cinnamal, Propylene Glycol, Linalool, Alpha-Isomethyl Ionone, Silica, Citric Acid, Camellia Sinensis Leaf Extract, Macadamia TernifoliaSeed Oil, Camellia Oleifera Seed Oil, BHT<\/div>\n<\/div>\n<div class=\"tab js-tab\">\n<h3 class=\"tab-title pdp-tabs_title js-tab-mobile-title\"><span>Livraison et stock<\/span><\/h3>\n<div class=\"tab-description pdp-tabs_description js-tab-description\">\n<div class=\"pdp-delivery_info\">\n<div class=\"content-asset\">Livraison et d\u00e9laisRetours et remboursements<\/div>\n<\/div>\n<\/div>\n<\/div>\n<\/div>\n<\/div>\n<\/div>\n","protected":false},"excerpt":{"rendered":"<p>Points cl\u00e9s Hydratation profonde Brillance extr\u00eame Soin cheveux ternes Souplesse et douceur des cheveux D\u00e9m\u00ealage&hellip;<\/p>\n","protected":false},"featured_media":40368,"comment_status":"open","ping_status":"closed","template":"","meta":[],"pwb-brand":[648],"product_cat":[572],"product_tag":[127,323],"class_list":{"0":"post-40374","1":"product","2":"type-product","3":"status-publish","4":"has-post-thumbnail","6":"pwb-brand-wella-professionals","7":"product_cat-shampooing-et-coiffure","8":"product_tag-shampooing-et-coiffure","9":"product_tag-wella-professionals","11":"first","12":"instock","13":"taxable","14":"shipping-taxable","15":"purchasable","16":"product-type-simple","17":"layout-style-3","18":"col-md-4 col-sm-4 col-xs-6","19":"col-lg-3","20":"product-has-gallery","21":"product-style-default"},"aioseo_notices":[],"brands":[{"id":648,"name":"Wella Professionals","slug":"wella-professionals"}],"_links":{"self":[{"href":"https:\/\/cheveuxluxe.com\/index.php\/wp-json\/wp\/v2\/product\/40374","targetHints":{"allow":["GET"]}}],"collection":[{"href":"https:\/\/cheveuxluxe.com\/index.php\/wp-json\/wp\/v2\/product"}],"about":[{"href":"https:\/\/cheveuxluxe.com\/index.php\/wp-json\/wp\/v2\/types\/product"}],"replies":[{"embeddable":true,"href":"https:\/\/cheveuxluxe.com\/index.php\/wp-json\/wp\/v2\/comments?post=40374"}],"version-history":[{"count":0,"href":"https:\/\/cheveuxluxe.com\/index.php\/wp-json\/wp\/v2\/product\/40374\/revisions"}],"wp:featuredmedia":[{"embeddable":true,"href":"https:\/\/cheveuxluxe.com\/index.php\/wp-json\/wp\/v2\/media\/40368"}],"wp:attachment":[{"href":"https:\/\/cheveuxluxe.com\/index.php\/wp-json\/wp\/v2\/media?parent=40374"}],"wp:term":[{"taxonomy":"pwb-brand","embeddable":true,"href":"https:\/\/cheveuxluxe.com\/index.php\/wp-json\/wp\/v2\/pwb-brand?post=40374"},{"taxonomy":"product_cat","embeddable":true,"href":"https:\/\/cheveuxluxe.com\/index.php\/wp-json\/wp\/v2\/product_cat?post=40374"},{"taxonomy":"product_tag","embeddable":true,"href":"https:\/\/cheveuxluxe.com\/index.php\/wp-json\/wp\/v2\/product_tag?post=40374"}],"curies":[{"name":"wp","href":"https:\/\/api.w.org\/{rel}","templated":true}]}}