{"id":40384,"date":"2024-04-14T19:27:37","date_gmt":"2024-04-14T19:27:37","guid":{"rendered":"https:\/\/cheveuxluxe.com\/index.php\/product\/schwarzkopf-professional-bonacure-color-freeze-traitement-2\/"},"modified":"2024-04-14T19:32:51","modified_gmt":"2024-04-14T19:32:51","slug":"schwarzkopf-professional-bonacure-color-freeze-traitement-2","status":"publish","type":"product","link":"https:\/\/cheveuxluxe.com\/index.php\/product\/schwarzkopf-professional-bonacure-color-freeze-traitement-2\/","title":{"rendered":"Schwarzkopf Professional Bonacure Color Freeze Traitement"},"content":{"rendered":"<div class=\"product-content_bottom\">\n<div class=\"pdp-info\">\n<div class=\"pdp-tabs tab-container\">\n<div class=\"tab js-tab\">\n<h3 class=\"tab-title pdp-tabs_title js-tab-mobile-title open\"><span>Points cl\u00e9s<\/span><\/h3>\n<div class=\"tab-description pdp-tabs_description js-tab-description open\" itemprop=\"description\">\n<ul>\n<li>Offre des soins approfondis.<\/li>\n<li>Le cheveu atteint son niveau de pH optimal de 4,5, ce qui permet de conserver 90 % de la couleur jusqu&rsquo;\u00e0 30 lavages.<\/li>\n<li>Aide \u00e0 r\u00e9duire les frisottis.<\/li>\n<li>Aide \u00e0 lisser la surface de chaque m\u00e8che pour des cheveux brillants.<\/li>\n<li>Formule v\u00e9gane**<\/li>\n<\/ul>\n<\/div>\n<\/div>\n<div class=\"tab js-tab\">\n<h3 class=\"tab-title pdp-tabs_title js-tab-mobile-title\"><span>Description<\/span><\/h3>\n<div class=\"tab-description pdp-tabs_description js-tab-description\" itemprop=\"description\">Un traitement capillaire cr\u00e9meux et r\u00e9parateur de Bonacure Color Freeze, sp\u00e9cialement formul\u00e9 pour les cheveux color\u00e9s. Sans silicones ni colorants artificiels, le traitement offre un soin en profondeur pour r\u00e9parer intensivement les cheveux color\u00e9s. Le cheveu retrouve son niveau de pH optimal pour geler parfaitement les pigments de couleur \u00e0 l&rsquo;int\u00e9rieur de la matrice capillaire, emp\u00eachant ainsi la d\u00e9coloration pour une couleur durable.<\/p>\n<p>Produit capillaire vegan*.<\/p><\/div>\n<\/div>\n<div class=\"tab js-tab\">\n<h3 class=\"tab-title pdp-tabs_title js-tab-mobile-title\"><span>Mode d&#8217;emploi<\/span><\/h3>\n<div class=\"tab-description pdp-tabs_description js-tab-description\">Appliquez le traitement capillaire r\u00e9parateur sur les cheveux essor\u00e9s et faites-le p\u00e9n\u00e9trer. Laissez agir jusqu&rsquo;\u00e0 10 minutes. Rincez abondamment.<\/div>\n<\/div>\n<div class=\"tab js-tab\">\n<h3 class=\"tab-title pdp-tabs_title js-tab-mobile-title\"><span>Ingr\u00e9dients<\/span><\/h3>\n<div class=\"tab-description pdp-tabs_description js-tab-description\">Aqua (Water, Eau) Cetearyl Alcohol Glycerin Behenamidopropyl Dimethylamine Isopropyl Myristate Distearoylethyl Hydroxyethylmonium Methosulfate Citric Acid Lactic Acid Calcium Hydroxide Soy Amino Acids Wheat Amino Acids Serine Threonine Arginine HCl Phenoxyethanol Parfum (Fragrance) Behentrimonium Chloride Butyrospermum Parkii (Shea) Butter Guar Hydroxypropyltrimonium Chloride Ceteareth-20 Ethylhexylglycerin Isopropyl Alcohol Linalool Benzyl Salicylate Hexyl Cinnamal Limonene Citronellol Geraniol Benzyl Alcohol Methyl Benzoate Sodium Benzoate Potassium Sorbate<\/div>\n<\/div>\n<div class=\"tab js-tab\">\n<h3 class=\"tab-title pdp-tabs_title js-tab-mobile-title\"><span>Livraison et stock<\/span><\/h3>\n<div class=\"tab-description pdp-tabs_description js-tab-description\">\n<div class=\"pdp-delivery_info\">\n<div class=\"content-asset\">Livraison et d\u00e9laisRetours et remboursements<\/div>\n<\/div>\n<\/div>\n<\/div>\n<div class=\"tab js-tab\">\n<h3 class=\"tab-title pdp-tabs_title js-tab-mobile-title\"><span>Pr\u00e9cautions d&#8217;emploi<\/span><\/h3>\n<div class=\"tab-description pdp-tabs_description js-tab-description\">\u00c9viter le contact avec les yeux. Rincer imm\u00e9diatement si le produit entre en contact avec les yeux. Tenir hors de port\u00e9e des enfants.<\/div>\n<\/div>\n<\/div>\n<\/div>\n<\/div>\n","protected":false},"excerpt":{"rendered":"<p>Points cl\u00e9s Offre des soins approfondis. Le cheveu atteint son niveau de pH optimal de&hellip;<\/p>\n","protected":false},"featured_media":40382,"comment_status":"open","ping_status":"closed","template":"","meta":[],"pwb-brand":[646],"product_cat":[616],"product_tag":[319,273],"class_list":{"0":"post-40384","1":"product","2":"type-product","3":"status-publish","4":"has-post-thumbnail","6":"pwb-brand-schwarzkopf-professional","7":"product_cat-vegan","8":"product_tag-schwarzkopf-professional","9":"product_tag-vegan","11":"first","12":"instock","13":"taxable","14":"shipping-taxable","15":"purchasable","16":"product-type-simple","17":"layout-style-3","18":"col-md-4 col-sm-4 col-xs-6","19":"col-lg-3","20":"product-has-gallery","21":"product-style-default"},"aioseo_notices":[],"brands":[{"id":646,"name":"Schwarzkopf Professional","slug":"schwarzkopf-professional"}],"_links":{"self":[{"href":"https:\/\/cheveuxluxe.com\/index.php\/wp-json\/wp\/v2\/product\/40384","targetHints":{"allow":["GET"]}}],"collection":[{"href":"https:\/\/cheveuxluxe.com\/index.php\/wp-json\/wp\/v2\/product"}],"about":[{"href":"https:\/\/cheveuxluxe.com\/index.php\/wp-json\/wp\/v2\/types\/product"}],"replies":[{"embeddable":true,"href":"https:\/\/cheveuxluxe.com\/index.php\/wp-json\/wp\/v2\/comments?post=40384"}],"version-history":[{"count":0,"href":"https:\/\/cheveuxluxe.com\/index.php\/wp-json\/wp\/v2\/product\/40384\/revisions"}],"wp:featuredmedia":[{"embeddable":true,"href":"https:\/\/cheveuxluxe.com\/index.php\/wp-json\/wp\/v2\/media\/40382"}],"wp:attachment":[{"href":"https:\/\/cheveuxluxe.com\/index.php\/wp-json\/wp\/v2\/media?parent=40384"}],"wp:term":[{"taxonomy":"pwb-brand","embeddable":true,"href":"https:\/\/cheveuxluxe.com\/index.php\/wp-json\/wp\/v2\/pwb-brand?post=40384"},{"taxonomy":"product_cat","embeddable":true,"href":"https:\/\/cheveuxluxe.com\/index.php\/wp-json\/wp\/v2\/product_cat?post=40384"},{"taxonomy":"product_tag","embeddable":true,"href":"https:\/\/cheveuxluxe.com\/index.php\/wp-json\/wp\/v2\/product_tag?post=40384"}],"curies":[{"name":"wp","href":"https:\/\/api.w.org\/{rel}","templated":true}]}}