{"id":40404,"date":"2024-04-14T19:28:32","date_gmt":"2024-04-14T19:28:32","guid":{"rendered":"https:\/\/cheveuxluxe.com\/index.php\/product\/paul-mitchell-awapuhi-nourishing-shampooing-250ml\/"},"modified":"2024-04-14T19:32:11","modified_gmt":"2024-04-14T19:32:11","slug":"paul-mitchell-awapuhi-nourishing-shampooing-250ml","status":"publish","type":"product","link":"https:\/\/cheveuxluxe.com\/index.php\/product\/paul-mitchell-awapuhi-nourishing-shampooing-250ml\/","title":{"rendered":"Paul Mitchell Awapuhi Nourishing Shampooing 250ml"},"content":{"rendered":"<div class=\"product-content_bottom\">\n<div class=\"pdp-info\">\n<div class=\"pdp-tabs tab-container\">\n<div class=\"tab js-tab\">\n<h3 class=\"tab-title pdp-tabs_title js-tab-mobile-title open\"><span>Points cl\u00e9s<\/span><\/h3>\n<div class=\"tab-description pdp-tabs_description js-tab-description open\" itemprop=\"description\">\n<ul>\n<li>Pour tous types de cheveux; parfait pour les cheveux color\u00e9s et trait\u00e9s chimiquement<\/li>\n<li>Faites mousser ce shampooing riche pour nettoyer en douceur, adoucir et prot\u00e9ger vos cheveux<\/li>\n<li>Formul\u00e9 avec KeraTriplex\u00ae, un m\u00e9lange exclusif de prot\u00e9ine de k\u00e9ratine, pour aider \u00e0 reconstruit et r\u00e9pare pour des cheveux en pleine forme<\/li>\n<li>L\u2019extrait d\u2019awapuhi naturel \u00e9quilibre l\u2019hydratation pour des cheveux brillants et faciles \u00e0 coiffer<\/li>\n<\/ul>\n<\/div>\n<\/div>\n<div class=\"tab js-tab\">\n<h3 class=\"tab-title pdp-tabs_title js-tab-mobile-title\"><span>Description<\/span><\/h3>\n<div class=\"tab-description pdp-tabs_description js-tab-description\" itemprop=\"description\">Le shampooing sans sulfate (sans SLS, SLES, ALS) et sans colorant nettoie en douceur, prot\u00e8ge et r\u00e9pare les cheveux secs et ab\u00eem\u00e9s.<\/div>\n<\/div>\n<div class=\"tab js-tab\">\n<h3 class=\"tab-title pdp-tabs_title js-tab-mobile-title\"><span>Mode d&#8217;emploi<\/span><\/h3>\n<div class=\"tab-description pdp-tabs_description js-tab-description\">Appliquez en massant sur les cheveux humides. Rincez. Pour de meilleurs r\u00e9sultats, suivre avec Cream Rinse.<\/div>\n<\/div>\n<div class=\"tab js-tab\">\n<h3 class=\"tab-title pdp-tabs_title js-tab-mobile-title\"><span>Ingr\u00e9dients<\/span><\/h3>\n<div class=\"tab-description pdp-tabs_description js-tab-description\">Aqua (Water, Eau), Sodium Cocoyl Isethionate, Cocamidopropyl Betaine, Disodium Laureth Sulfosuccinate, Laureth-23, Laureth-4, Trimethylsiloxyamodimethicone, Sodium Lauryl Sulfoacetate, Glycol Distearate, Polyquaternium-10, Hedychium Coronarium (White Ginger) Root Extract, Camellia Sinensis Leaf Extract, Citrus Aurantifolia Peel Extract, Keratin, Hydrolyzed Keratin, Oxidized Keratin, Hydrolyzed Wheat Protein, Glycerin, Sodium Chloride, Bioflavonoids, Polyquaternium-5, Sodium Sulfate, Guar Hydroxypropyltrimonium Chloride, Disodium EDTA, Magnesium Nitrate, Magnesium Chloride, Phenoxyethanol, Methylchloroiso thiazolinone, Methylisothiazolinone, Parfum (Fragrance), Limonene, Benzyl Salicylate, Hexyl Cinnamal, Linalool<\/div>\n<\/div>\n<div class=\"tab js-tab\">\n<h3 class=\"tab-title pdp-tabs_title js-tab-mobile-title\"><span>Livraison et stock<\/span><\/h3>\n<div class=\"tab-description pdp-tabs_description js-tab-description\">\n<div class=\"pdp-delivery_info\">\n<div class=\"content-asset\">Livraison et d\u00e9laisRetours et remboursements<\/div>\n<\/div>\n<\/div>\n<\/div>\n<div class=\"tab js-tab\">\n<h3 class=\"tab-title pdp-tabs_title js-tab-mobile-title\"><span>Pr\u00e9cautions d&#8217;emploi<\/span><\/h3>\n<div class=\"tab-description pdp-tabs_description js-tab-description\">Avertissement: \u00c9vitez le contact avec les yeux. En cas de contact avec les yeux, rincer soigneusement \u00e0 l\u2019eau. En cas de r\u00e9action ind\u00e9sirable, arr\u00eatez d\u2019utiliser ce produit. Consultez votre m\u00e9decin si les sympt\u00f4mes persistent. Contient du Chlorure de Behentrimonium comme adoucissant pour les cheveux.<\/div>\n<\/div>\n<\/div>\n<\/div>\n<\/div>\n","protected":false},"excerpt":{"rendered":"<p>Points cl\u00e9s Pour tous types de cheveux; parfait pour les cheveux color\u00e9s et trait\u00e9s chimiquement&hellip;<\/p>\n","protected":false},"featured_media":40399,"comment_status":"open","ping_status":"closed","template":"","meta":[],"pwb-brand":[660],"product_cat":[572],"product_tag":[373,127],"class_list":{"0":"post-40404","1":"product","2":"type-product","3":"status-publish","4":"has-post-thumbnail","6":"pwb-brand-paul-mitchell","7":"product_cat-shampooing-et-coiffure","8":"product_tag-paul-mitchell","9":"product_tag-shampooing-et-coiffure","11":"first","12":"instock","13":"taxable","14":"shipping-taxable","15":"purchasable","16":"product-type-simple","17":"layout-style-3","18":"col-md-4 col-sm-4 col-xs-6","19":"col-lg-3","20":"product-has-gallery","21":"product-style-default"},"aioseo_notices":[],"brands":[{"id":660,"name":"Paul Mitchell","slug":"paul-mitchell"}],"_links":{"self":[{"href":"https:\/\/cheveuxluxe.com\/index.php\/wp-json\/wp\/v2\/product\/40404","targetHints":{"allow":["GET"]}}],"collection":[{"href":"https:\/\/cheveuxluxe.com\/index.php\/wp-json\/wp\/v2\/product"}],"about":[{"href":"https:\/\/cheveuxluxe.com\/index.php\/wp-json\/wp\/v2\/types\/product"}],"replies":[{"embeddable":true,"href":"https:\/\/cheveuxluxe.com\/index.php\/wp-json\/wp\/v2\/comments?post=40404"}],"version-history":[{"count":0,"href":"https:\/\/cheveuxluxe.com\/index.php\/wp-json\/wp\/v2\/product\/40404\/revisions"}],"wp:featuredmedia":[{"embeddable":true,"href":"https:\/\/cheveuxluxe.com\/index.php\/wp-json\/wp\/v2\/media\/40399"}],"wp:attachment":[{"href":"https:\/\/cheveuxluxe.com\/index.php\/wp-json\/wp\/v2\/media?parent=40404"}],"wp:term":[{"taxonomy":"pwb-brand","embeddable":true,"href":"https:\/\/cheveuxluxe.com\/index.php\/wp-json\/wp\/v2\/pwb-brand?post=40404"},{"taxonomy":"product_cat","embeddable":true,"href":"https:\/\/cheveuxluxe.com\/index.php\/wp-json\/wp\/v2\/product_cat?post=40404"},{"taxonomy":"product_tag","embeddable":true,"href":"https:\/\/cheveuxluxe.com\/index.php\/wp-json\/wp\/v2\/product_tag?post=40404"}],"curies":[{"name":"wp","href":"https:\/\/api.w.org\/{rel}","templated":true}]}}