{"id":40406,"date":"2024-04-14T19:28:45","date_gmt":"2024-04-14T19:28:45","guid":{"rendered":"https:\/\/cheveuxluxe.com\/index.php\/product\/paul-mitchell-shampooing-et-apres-shampoing-double-hitter-2in1-1l\/"},"modified":"2024-04-14T19:32:12","modified_gmt":"2024-04-14T19:32:12","slug":"paul-mitchell-shampooing-et-apres-shampoing-double-hitter-2in1-1l","status":"publish","type":"product","link":"https:\/\/cheveuxluxe.com\/index.php\/product\/paul-mitchell-shampooing-et-apres-shampoing-double-hitter-2in1-1l\/","title":{"rendered":"Paul Mitchell Shampooing et Apr\u00e8s-Shampoing Double Hitter 2In1 1l"},"content":{"rendered":"<div class=\"product-content_bottom\">\n<div class=\"pdp-info\">\n<div class=\"pdp-tabs tab-container\">\n<div class=\"tab js-tab\">\n<h3 class=\"tab-title pdp-tabs_title js-tab-mobile-title open\"><span>Points cl\u00e9s<\/span><\/h3>\n<div class=\"tab-description pdp-tabs_description js-tab-description open\" itemprop=\"description\">\n<ul>\n<li> Formule douce<\/li>\n<li>2 en 1<\/li>\n<li>Eclat des cheveux<\/li>\n<li>D\u00e9m\u00ealage rapide<\/li>\n<li>Tous types de cheveux <\/li>\n<\/ul>\n<\/div>\n<\/div>\n<div class=\"tab js-tab\">\n<h3 class=\"tab-title pdp-tabs_title js-tab-mobile-title\"><span>Description<\/span><\/h3>\n<div class=\"tab-description pdp-tabs_description js-tab-description\" itemprop=\"description\">Ne perdez plus de temps en institut ou sous la douche avec le shampooing et apr\u00e8s-shampooing 2 en 1. En un seul geste, vous obtenez des cheveux nettoy\u00e9s en profondeur et parfaitement d\u00e9m\u00eal\u00e9s. <\/p>\n<p>La formule sans sulfates de ce shampooing\u00a02 en 1 mousse abondamment et laisse la chevelure propre et revitalis\u00e9e. Elle est brillante et saine, d\u00e9barrass\u00e9e des r\u00e9sidus li\u00e9s \u00e0 la pollution. <\/p>\n<p>Tr\u00e8s agr\u00e9able, son parfum l\u00e9g\u00e8rement menthol\u00e9 envelloppe les cheveux d\u2019un voile de fraicheur.<\/p>\n<p>Paul Mitchell est une marque de cosm\u00e9tiques cr\u00e9\u00e9e en 1980 qui fournit aux professionnels de la coiffure des produits performants au prix le plus juste. Ces derniers utilisent le moins possible d\u2019ingr\u00e9dients chimiques afin de respecter l\u2019environnement et la sant\u00e9 de l\u2019homme.<\/p><\/div>\n<\/div>\n<div class=\"tab js-tab\">\n<h3 class=\"tab-title pdp-tabs_title js-tab-mobile-title\"><span>Mode d&#8217;emploi<\/span><\/h3>\n<div class=\"tab-description pdp-tabs_description js-tab-description\">Appliquez une noix du shampooing et apr\u00e8s-shampooing\u00a02 en 1 Mitch Double Hitter de Paul Mitchell au creux de la paume et massez le cuir chevelu avec.<br \/>Faites mousser sur les longueurs.<br \/>Laissez agir quelques instants.<br \/>Rincez abondamment \u00e0 l\u2019eau claire puis proc\u00e9dez au coiffage habituel. <\/p>\n<p>Pour optimiser les r\u00e9sultats du shampooing, utilisez-le en compl\u00e9ment des autres produits de la gamme Paul Mitchell<\/p><\/div>\n<\/div>\n<div class=\"tab js-tab\">\n<h3 class=\"tab-title pdp-tabs_title js-tab-mobile-title\"><span>Ingr\u00e9dients<\/span><\/h3>\n<div class=\"tab-description pdp-tabs_description js-tab-description\">Aqua (Water, Eau), Sodium Cocoyl Isethionate, Cocamidopropyl Betaine, Sodium Lauroyl Methyl Isethionate, Disodium Lauroamphodiacetate, Coconut Acid, Glycol Distearate, Glycerin, Divinyldimethicone, Dimethicone Copolymer, Sodium Isethionate, Trisodium Ethylenediamine Disuccinate, Guar Hydroxypropyltrimonium Chloride, Glycol Stearate, Disodium EDTA, Benzyl Benzoate, Polyquaternium-7, C12-13 Pareth-23, C12-13 Pareth-3, Citric Acid, Magnesium Nitrate, Magnesium Chloride, Phenoxyethanol, Sodium Benzoate, Methylchloroisothiazolinone, Methylisothiazolinone, Parfum (Fragrance), Benzyl Salicylate, Linalool, Limonene, Hexyl Cinnamal, Geraniol<\/div>\n<\/div>\n<div class=\"tab js-tab\">\n<h3 class=\"tab-title pdp-tabs_title js-tab-mobile-title\"><span>Livraison et stock<\/span><\/h3>\n<div class=\"tab-description pdp-tabs_description js-tab-description\">\n<div class=\"pdp-delivery_info\">\n<div class=\"content-asset\">Livraison et d\u00e9laisRetours et remboursements<\/div>\n<\/div>\n<\/div>\n<\/div>\n<\/div>\n<\/div>\n<\/div>\n","protected":false},"excerpt":{"rendered":"<p>Points cl\u00e9s Formule douce 2 en 1 Eclat des cheveux D\u00e9m\u00ealage rapide Tous types de&hellip;<\/p>\n","protected":false},"featured_media":40405,"comment_status":"open","ping_status":"closed","template":"","meta":[],"pwb-brand":[660],"product_cat":[572],"product_tag":[373,127],"class_list":{"0":"post-40406","1":"product","2":"type-product","3":"status-publish","4":"has-post-thumbnail","6":"pwb-brand-paul-mitchell","7":"product_cat-shampooing-et-coiffure","8":"product_tag-paul-mitchell","9":"product_tag-shampooing-et-coiffure","11":"first","12":"instock","13":"taxable","14":"shipping-taxable","15":"purchasable","16":"product-type-simple","17":"layout-style-3","18":"col-md-4 col-sm-4 col-xs-6","19":"col-lg-3","20":"product-style-default"},"aioseo_notices":[],"brands":[{"id":660,"name":"Paul Mitchell","slug":"paul-mitchell"}],"_links":{"self":[{"href":"https:\/\/cheveuxluxe.com\/index.php\/wp-json\/wp\/v2\/product\/40406","targetHints":{"allow":["GET"]}}],"collection":[{"href":"https:\/\/cheveuxluxe.com\/index.php\/wp-json\/wp\/v2\/product"}],"about":[{"href":"https:\/\/cheveuxluxe.com\/index.php\/wp-json\/wp\/v2\/types\/product"}],"replies":[{"embeddable":true,"href":"https:\/\/cheveuxluxe.com\/index.php\/wp-json\/wp\/v2\/comments?post=40406"}],"version-history":[{"count":0,"href":"https:\/\/cheveuxluxe.com\/index.php\/wp-json\/wp\/v2\/product\/40406\/revisions"}],"wp:featuredmedia":[{"embeddable":true,"href":"https:\/\/cheveuxluxe.com\/index.php\/wp-json\/wp\/v2\/media\/40405"}],"wp:attachment":[{"href":"https:\/\/cheveuxluxe.com\/index.php\/wp-json\/wp\/v2\/media?parent=40406"}],"wp:term":[{"taxonomy":"pwb-brand","embeddable":true,"href":"https:\/\/cheveuxluxe.com\/index.php\/wp-json\/wp\/v2\/pwb-brand?post=40406"},{"taxonomy":"product_cat","embeddable":true,"href":"https:\/\/cheveuxluxe.com\/index.php\/wp-json\/wp\/v2\/product_cat?post=40406"},{"taxonomy":"product_tag","embeddable":true,"href":"https:\/\/cheveuxluxe.com\/index.php\/wp-json\/wp\/v2\/product_tag?post=40406"}],"curies":[{"name":"wp","href":"https:\/\/api.w.org\/{rel}","templated":true}]}}