{"id":40415,"date":"2024-04-14T19:29:07","date_gmt":"2024-04-14T19:29:07","guid":{"rendered":"https:\/\/cheveuxluxe.com\/index.php\/product\/osmo-shampooing-anti-jaunissement-2\/"},"modified":"2024-04-14T19:32:55","modified_gmt":"2024-04-14T19:32:55","slug":"osmo-shampooing-anti-jaunissement-2","status":"publish","type":"product","link":"https:\/\/cheveuxluxe.com\/index.php\/product\/osmo-shampooing-anti-jaunissement-2\/","title":{"rendered":"Osmo Shampooing anti-jaunissement"},"content":{"rendered":"<div class=\"product-content_bottom\">\n<div class=\"pdp-info\">\n<div class=\"pdp-tabs tab-container\">\n<div class=\"tab js-tab\">\n<h3 class=\"tab-title pdp-tabs_title js-tab-mobile-title open\"><span>Points cl\u00e9s<\/span><\/h3>\n<div class=\"tab-description pdp-tabs_description js-tab-description open\" itemprop=\"description\">\n<ul>\n<li>Sp\u00e9cifiquement formul\u00e9 pour \u00eatre utilis\u00e9 sur des cheveux super-\u00e9claircis, gris ou d\u00e9color\u00e9s<\/li>\n<li>Aide \u00e0 \u00e9liminer les teintes jaunes ind\u00e9sirables<\/li>\n<li>Change la couleur des cheveux pour des tons argent\u00e9s ou cendr\u00e9s<\/li>\n<li>Formul\u00e9 avec des pigments super-violets<\/li>\n<li>Convient pour les cheveux naturels et synth\u00e9tiques<\/li>\n<\/ul>\n<\/div>\n<\/div>\n<div class=\"tab js-tab\">\n<h3 class=\"tab-title pdp-tabs_title js-tab-mobile-title\"><span>Description<\/span><\/h3>\n<div class=\"tab-description pdp-tabs_description js-tab-description\" itemprop=\"description\">Le shampoing Osmo Super Silver No Yellow est l\u00e0 pour aider \u00e0 combattre la d\u00e9coloration et le d\u00e9lavage des beaux cheveux blonds. Contenant des pigments super-violets extr\u00eames, ce m\u00e9lange sans sulfate est sp\u00e9cifiquement formul\u00e9 pour cibler le jaunissement ind\u00e9sirable des cheveux \u00e9claircis, grisonnants et d\u00e9color\u00e9s. Parfaits pour les cheveux naturels et synth\u00e9tiques, les r\u00e9sultats laissent la couleur plus \u00e9quilibr\u00e9e qu&rsquo;auparavant, car les tons argent\u00e9s et cendr\u00e9s \u00e9clatants remplacent les tons cuivr\u00e9s ternes et fatigu\u00e9s. Pour obtenir les meilleurs r\u00e9sultats, faites suivre ce shampoing du Super Silver No Yellow Mask.<\/p>\n<p><b>Principaux avantages\u00a0:<\/b><\/p>\n<style>ul.kit li {list-style-type: disc; margin-left: 15px;}<\/style>\n<ul class=\"kit\">\n<li>Contient des pigments super-violets extr\u00eames<\/li>\n<li>Remplace les tons jaunes ind\u00e9sirables par des tons argent\u00e9s et cendr\u00e9s<\/li>\n<li>Formule sans sulfate<\/li>\n<li>Fonctionne sur les cheveux naturels et synth\u00e9tiques<\/li>\n<\/ul>\n<\/div>\n<\/div>\n<div class=\"tab js-tab\">\n<h3 class=\"tab-title pdp-tabs_title js-tab-mobile-title\"><span>Mode d&#8217;emploi<\/span><\/h3>\n<div class=\"tab-description pdp-tabs_description js-tab-description\">Appliquez directement sur les cheveux mouill\u00e9s, massez et laissez agir pendant environ 1 \u00e0 5\u00a0minutes. Rincez abondamment et r\u00e9p\u00e9tez si n\u00e9cessaire. Pour de meilleurs r\u00e9sultats, suivez avec le masque OSMO Silverising Violet Mask.<\/div>\n<\/div>\n<div class=\"tab js-tab\">\n<h3 class=\"tab-title pdp-tabs_title js-tab-mobile-title\"><span>Ingr\u00e9dients<\/span><\/h3>\n<div class=\"tab-description pdp-tabs_description js-tab-description\">Aqua (Water), Cocamidopropyl Betaine, Sodium C14-16 Olefin Sulfonate, Sodium Chloride, Glycerin, PEG-120 Methyl Glucose Trioleate, Amodimethicone, Propylene Glycol, Cetrimonium Chloride, Trideceth-12, Tocopheryl Acetate, Benzophenone-4, Parfum (Fragrance), Limonene, Hexyl Cinnamal, Citric Acid, Phenoxyethanol, Sodium Benzoate, Triethylene Glycol, Acid Violet 43<\/div>\n<\/div>\n<div class=\"tab js-tab\">\n<h3 class=\"tab-title pdp-tabs_title js-tab-mobile-title\"><span>Livraison et stock<\/span><\/h3>\n<div class=\"tab-description pdp-tabs_description js-tab-description\">\n<div class=\"pdp-delivery_info\">\n<div class=\"content-asset\">Livraison et d\u00e9laisRetours et remboursements<\/div>\n<\/div>\n<\/div>\n<\/div>\n<div class=\"tab js-tab\">\n<h3 class=\"tab-title pdp-tabs_title js-tab-mobile-title\"><span>Pr\u00e9cautions d&#8217;emploi<\/span><\/h3>\n<div class=\"tab-description pdp-tabs_description js-tab-description\">Ce produit peut tacher la peau, les v\u00eatements et les autres surfaces. Usage externe seulement. \u00c9viter tout contact avec les yeux.<\/div>\n<\/div>\n<\/div>\n<\/div>\n<\/div>\n","protected":false},"excerpt":{"rendered":"<p>Points cl\u00e9s Sp\u00e9cifiquement formul\u00e9 pour \u00eatre utilis\u00e9 sur des cheveux super-\u00e9claircis, gris ou d\u00e9color\u00e9s Aide&hellip;<\/p>\n","protected":false},"featured_media":21877,"comment_status":"open","ping_status":"closed","template":"","meta":[],"pwb-brand":[661],"product_cat":[616],"product_tag":[385,273],"class_list":{"0":"post-40415","1":"product","2":"type-product","3":"status-publish","4":"has-post-thumbnail","6":"pwb-brand-osmo","7":"product_cat-vegan","8":"product_tag-osmo","9":"product_tag-vegan","11":"first","12":"instock","13":"taxable","14":"shipping-taxable","15":"purchasable","16":"product-type-simple","17":"layout-style-3","18":"col-md-4 col-sm-4 col-xs-6","19":"col-lg-3","20":"product-style-default"},"aioseo_notices":[],"brands":[{"id":661,"name":"Osmo","slug":"osmo"}],"_links":{"self":[{"href":"https:\/\/cheveuxluxe.com\/index.php\/wp-json\/wp\/v2\/product\/40415","targetHints":{"allow":["GET"]}}],"collection":[{"href":"https:\/\/cheveuxluxe.com\/index.php\/wp-json\/wp\/v2\/product"}],"about":[{"href":"https:\/\/cheveuxluxe.com\/index.php\/wp-json\/wp\/v2\/types\/product"}],"replies":[{"embeddable":true,"href":"https:\/\/cheveuxluxe.com\/index.php\/wp-json\/wp\/v2\/comments?post=40415"}],"version-history":[{"count":0,"href":"https:\/\/cheveuxluxe.com\/index.php\/wp-json\/wp\/v2\/product\/40415\/revisions"}],"wp:featuredmedia":[{"embeddable":true,"href":"https:\/\/cheveuxluxe.com\/index.php\/wp-json\/wp\/v2\/media\/21877"}],"wp:attachment":[{"href":"https:\/\/cheveuxluxe.com\/index.php\/wp-json\/wp\/v2\/media?parent=40415"}],"wp:term":[{"taxonomy":"pwb-brand","embeddable":true,"href":"https:\/\/cheveuxluxe.com\/index.php\/wp-json\/wp\/v2\/pwb-brand?post=40415"},{"taxonomy":"product_cat","embeddable":true,"href":"https:\/\/cheveuxluxe.com\/index.php\/wp-json\/wp\/v2\/product_cat?post=40415"},{"taxonomy":"product_tag","embeddable":true,"href":"https:\/\/cheveuxluxe.com\/index.php\/wp-json\/wp\/v2\/product_tag?post=40415"}],"curies":[{"name":"wp","href":"https:\/\/api.w.org\/{rel}","templated":true}]}}