{"id":40428,"date":"2024-04-14T19:29:44","date_gmt":"2024-04-14T19:29:44","guid":{"rendered":"https:\/\/cheveuxluxe.com\/index.php\/product\/loreal-professionnel-serie-expert-scalp-advanced-shampooing-dermo-purifiant-1-5l\/"},"modified":"2024-04-14T19:32:35","modified_gmt":"2024-04-14T19:32:35","slug":"loreal-professionnel-serie-expert-scalp-advanced-shampooing-dermo-purifiant-1-5l","status":"publish","type":"product","link":"https:\/\/cheveuxluxe.com\/index.php\/product\/loreal-professionnel-serie-expert-scalp-advanced-shampooing-dermo-purifiant-1-5l\/","title":{"rendered":"L&rsquo;Or\u00e9al Professionnel Serie Expert Scalp Advanced Shampooing Dermo-purifiant 1.5L"},"content":{"rendered":"<div class=\"product-content_bottom\">\n<div class=\"pdp-info\">\n<div class=\"pdp-delivery_information\"><span class=\"pdp-delivery_label\">Information importante :<\/span> <\/p>\n<p>Ce format est compatible avec le pompe L&rsquo;Or\u00e9al Professionnel S\u00e9rie Expert Pomp 1.5L. Cliquez ici\u00a0\u00a0pour la commander<\/p>\n<\/div>\n<div class=\"pdp-tabs tab-container\">\n<div class=\"tab js-tab\">\n<h3 class=\"tab-title pdp-tabs_title js-tab-mobile-title open\"><span>Points cl\u00e9s<\/span><\/h3>\n<div class=\"tab-description pdp-tabs_description js-tab-description open\" itemprop=\"description\">\n<ul>\n<li>Purifie le cuir chevelu et la fibre des r\u00e9sidus<\/li>\n<li>Pour cuirs chevelus gras<\/li>\n<li>Contr\u00f4le du s\u00e9bum et nettoyage<\/li>\n<\/ul>\n<\/div>\n<\/div>\n<div class=\"tab js-tab\">\n<h3 class=\"tab-title pdp-tabs_title js-tab-mobile-title\"><span>Description<\/span><\/h3>\n<div class=\"tab-description pdp-tabs_description js-tab-description\" itemprop=\"description\">\n<p>PEAU GRASSE &amp; CONGESTION\u00a0: Le cuir chevelu c\u2019est de la peau, mais beaucoup plus complexe. L&rsquo;oxydation du s\u00e9bum et les microfissures \u00e0 la surface du cuir chevelu peuvent \u00eatre \u00e0 l\u2019origine de nombreux probl\u00e8mes. C&rsquo;est un cercle vicieux et vous voulez en sortir.<\/p>\n<p>SOULAGEMENT INSTANTAN\u00c9 DU CUIR CHEVELU\u00a0: Scalp Advanced Shampooing Dermo-purifiant pour cuirs chevelus gras a \u00e9t\u00e9 formul\u00e9 de mani\u00e8re cibl\u00e9e pour les cuirs chevelus gras. Ce gel l\u00e9ger purifie le cuir chevelu et la fibre des r\u00e9sidus, de la sueur et du s\u00e9bum pour une sensation plus fra\u00eeche et plus propre.<\/p>\n<p>ACTIFS ULTRA-PUISSANTS\u00a0: Concentr\u00e9 avec 3 % d&rsquo;AHA, un acide hydrosoluble. Il aide \u00e0 purifier la surface du cuir chevelu afin que de nouvelles cellules puissent se g\u00e9n\u00e9rer.<\/p>\n<p>APPROUV\u00c9 PAR LES DERMATOLOGUES\u00a0: Fabriqu\u00e9 avec des pros du cheveu, approuv\u00e9 par les dermatologues. 1\u00e8re co-innovation avec 3 experts professionnels du cuir chevelu : l&rsquo;expert en balayage et en coloration, Vivek Shyam Bhatia d&rsquo;Inde, l&rsquo;expert en cuir chevelu, Takku Orii du Japon et l&rsquo;expert en permanente et en services du cuir chevelu, Jimmy Jiang de Chine.<\/p>\n<p>EFFICACIT\u00c9 SCIENTIFIQUEMENT PROUV\u00c9E\u00a0: Apr\u00e8s seulement 1 utilisation, -78 % de s\u00e9bum du cuir chevelu*, *test instrumental, shampooing + argile.<\/p>\n<p>PARFUM FRAIS: Une composition fra\u00eeche, envelopp\u00e9e d&rsquo;une brise rafra\u00eechissante, avec un c\u0153ur propre et une base protectrice.<\/p>\n<p>\u00a0<\/p>\n<\/div>\n<\/div>\n<div class=\"tab js-tab\">\n<h3 class=\"tab-title pdp-tabs_title js-tab-mobile-title\"><span>Mode d&#8217;emploi<\/span><\/h3>\n<div class=\"tab-description pdp-tabs_description js-tab-description\">\n<p>COMMENT L&rsquo;UTILISER\u00a0: Appliquez uniform\u00e9ment sur le cuir chevelu et les cheveux mouill\u00e9s. Faites mousser d\u00e9licatement du bout des doigts et sans trop masser (pour ne pas activer excessivement les glandes s\u00e9bac\u00e9es). Rincer abondamment.<\/p>\n<p>CONSEILS DE PRO\u00a0: Pour compl\u00e9ter le shampooing, utilisez Scalp Advanced Shampooing &amp; masque 2-en-1 purifiant profond en pr\u00e9-shampooing pour un peeling doux (d\u00e9congestion suppl\u00e9mentaire) et apr\u00e8s le shampooing, en masque, pour une purification suppl\u00e9mentaire.<\/p>\n<\/div>\n<\/div>\n<div class=\"tab js-tab\">\n<h3 class=\"tab-title pdp-tabs_title js-tab-mobile-title\"><span>Ingr\u00e9dients<\/span><\/h3>\n<div class=\"tab-description pdp-tabs_description js-tab-description\">AQUA \/ WATER \u2022 SODIUM LAURETH SULFATE \u2022 CITRIC ACID \u2022 COCO-BETAINE \u2022 SODIUM CHLORIDE \u2022 AMMONIUM HYDROXIDE \u2022 HEXYLENE GLYCOL \u2022 SODIUM BENZOATE \u2022 SODIUM HYDROXIDE \u2022 SALICYLIC ACID \u2022 POLYQUATERNIUM-10 \u2022 LINALOOL \u2022 COUMARIN \u2022 LIMONENE \u2022 PARFUM \/ FRAGRANCE<\/div>\n<\/div>\n<div class=\"tab js-tab\">\n<h3 class=\"tab-title pdp-tabs_title js-tab-mobile-title\"><span>Livraison et stock<\/span><\/h3>\n<div class=\"tab-description pdp-tabs_description js-tab-description\">\n<div class=\"pdp-delivery_info\">\n<div class=\"content-asset\">Livraison et d\u00e9laisRetours et remboursements<\/div>\n<\/div>\n<\/div>\n<\/div>\n<div class=\"tab js-tab\">\n<h3 class=\"tab-title pdp-tabs_title js-tab-mobile-title\"><span>Pr\u00e9cautions d&#8217;emploi<\/span><\/h3>\n<div class=\"tab-description pdp-tabs_description js-tab-description\">En cas de contact avec les yeux, rincer imm\u00e9diatement et abondamment.<\/div>\n<\/div>\n<\/div>\n<\/div>\n<\/div>\n","protected":false},"excerpt":{"rendered":"<p>Information importante : Ce format est compatible avec le pompe L&rsquo;Or\u00e9al Professionnel S\u00e9rie Expert Pomp&hellip;<\/p>\n","protected":false},"featured_media":40426,"comment_status":"open","ping_status":"closed","template":"","meta":[],"pwb-brand":[649],"product_cat":[572],"product_tag":[325,127],"class_list":{"0":"post-40428","1":"product","2":"type-product","3":"status-publish","4":"has-post-thumbnail","6":"pwb-brand-loreal-professionnel","7":"product_cat-shampooing-et-coiffure","8":"product_tag-loreal-professionnel","9":"product_tag-shampooing-et-coiffure","11":"first","12":"instock","13":"taxable","14":"shipping-taxable","15":"purchasable","16":"product-type-simple","17":"layout-style-3","18":"col-md-4 col-sm-4 col-xs-6","19":"col-lg-3","20":"product-has-gallery","21":"product-style-default"},"aioseo_notices":[],"brands":[{"id":649,"name":"L'Or\u00e9al Professionnel","slug":"loreal-professionnel"}],"_links":{"self":[{"href":"https:\/\/cheveuxluxe.com\/index.php\/wp-json\/wp\/v2\/product\/40428","targetHints":{"allow":["GET"]}}],"collection":[{"href":"https:\/\/cheveuxluxe.com\/index.php\/wp-json\/wp\/v2\/product"}],"about":[{"href":"https:\/\/cheveuxluxe.com\/index.php\/wp-json\/wp\/v2\/types\/product"}],"replies":[{"embeddable":true,"href":"https:\/\/cheveuxluxe.com\/index.php\/wp-json\/wp\/v2\/comments?post=40428"}],"version-history":[{"count":0,"href":"https:\/\/cheveuxluxe.com\/index.php\/wp-json\/wp\/v2\/product\/40428\/revisions"}],"wp:featuredmedia":[{"embeddable":true,"href":"https:\/\/cheveuxluxe.com\/index.php\/wp-json\/wp\/v2\/media\/40426"}],"wp:attachment":[{"href":"https:\/\/cheveuxluxe.com\/index.php\/wp-json\/wp\/v2\/media?parent=40428"}],"wp:term":[{"taxonomy":"pwb-brand","embeddable":true,"href":"https:\/\/cheveuxluxe.com\/index.php\/wp-json\/wp\/v2\/pwb-brand?post=40428"},{"taxonomy":"product_cat","embeddable":true,"href":"https:\/\/cheveuxluxe.com\/index.php\/wp-json\/wp\/v2\/product_cat?post=40428"},{"taxonomy":"product_tag","embeddable":true,"href":"https:\/\/cheveuxluxe.com\/index.php\/wp-json\/wp\/v2\/product_tag?post=40428"}],"curies":[{"name":"wp","href":"https:\/\/api.w.org\/{rel}","templated":true}]}}