{"id":40433,"date":"2024-04-14T19:29:54","date_gmt":"2024-04-14T19:29:54","guid":{"rendered":"https:\/\/cheveuxluxe.com\/index.php\/product\/loreal-professionnel-serie-expert-scalp-advanced-shampooing-dermo-clarifiant-300-ml\/"},"modified":"2024-04-14T19:32:36","modified_gmt":"2024-04-14T19:32:36","slug":"loreal-professionnel-serie-expert-scalp-advanced-shampooing-dermo-clarifiant-300-ml","status":"publish","type":"product","link":"https:\/\/cheveuxluxe.com\/index.php\/product\/loreal-professionnel-serie-expert-scalp-advanced-shampooing-dermo-clarifiant-300-ml\/","title":{"rendered":"L\u2019Or\u00e9al Professionnel Serie Expert Scalp Advanced Shampooing Dermo-clarifiant 300 ml"},"content":{"rendered":"<div class=\"product-content_bottom\">\n<div class=\"pdp-info\">\n<div class=\"pdp-tabs tab-container\">\n<div class=\"tab js-tab\">\n<h3 class=\"tab-title pdp-tabs_title js-tab-mobile-title open\"><span>Points cl\u00e9s<\/span><\/h3>\n<div class=\"tab-description pdp-tabs_description js-tab-description open\" itemprop=\"description\">Clarifie en douceur et \u00e9limine efficacement les pellicules s\u00e8ches et grasses<br \/>Pour cuirs chevelus \u00e0 pellicules<br \/>Anti-pelliculaire<\/div>\n<\/div>\n<div class=\"tab js-tab\">\n<h3 class=\"tab-title pdp-tabs_title js-tab-mobile-title\"><span>Description<\/span><\/h3>\n<div class=\"tab-description pdp-tabs_description js-tab-description\" itemprop=\"description\">[PELLICULES S\u00c8CHES OU GRASSES] : Le cuir chevelu c\u2019est de la peau, mais une peau beaucoup plus complexe. L&rsquo;oxydation du s\u00e9bum et les microfissures \u00e0 la surface du cuir chevelu peuvent \u00eatre \u00e0 l\u2019origine de nombreux probl\u00e8mes. C&rsquo;est un cercle vicieux et vous voulez en sortir.[SOULAGEMENT INSTANTAN\u00c9 DU CUIR CHEVELU] : Scalp Advanced Shampooing Dermo-clarifiant a \u00e9t\u00e9 formul\u00e9 de mani\u00e8re cibl\u00e9e pour les cuirs chevelus \u00e0 pellicules. Cette cr\u00e8me l\u00e9g\u00e8re clarifie en douceur et \u00e9limine efficacement les pellicules s\u00e8ches et grasses, tout en calmant le cuir chevelu. D\u00e8s les premi\u00e8res applications, les squames sont moins visibles*.*Test clinique sur 44 personnes, 3 applications par semaine.[ACTIFS ULTRA-PUISSANTS] : Enrichi en Piroctone Olamine, convient aux peaux s\u00e8ches et grasses, principe actif antibact\u00e9rien et antifongique.[APPROUV\u00c9 PAR LES DERMATOLOGUES] : Fabriqu\u00e9 avec des pros du cheveu, approuv\u00e9 par les dermatologues. 1\u00e8re co-innovation avec 3 experts professionnels du cuir chevelu : l&rsquo;expert en balayage et en coloration, Vivek Shyam Bhatia d&rsquo;Inde, l&rsquo;expert en cuir chevelu, Takku Orii du Japon et l&rsquo;expert en permanente et en services du cuir chevelu, Jimmy Jiang de Chine.[EFFICACIT\u00c9 SCIENTIFIQUEMENT PROUV\u00c9E] : Apr\u00e8s une seule utilisation, jusqu&rsquo;\u00e0 100 % de pellicules visibles \u00e9limin\u00e9es* &amp; jusqu&rsquo;\u00e0 72h de protection contre les pellicules**. *Test consommateur. **Test clinique. [PARFUM NEUTRE] : Une composition neutre, envelopp\u00e9e d&rsquo;une brise rafra\u00eechissante avec un c\u0153ur propre et une base protectrice.[COMMENT L&rsquo;UTILISER] : Appliquez uniform\u00e9ment sur le cuir chevelu et les cheveux mouill\u00e9s. Faites mousser d\u00e9licatement du bout des doigts jusqu&rsquo;\u00e0 l&rsquo;obtention d&rsquo;une mousse l\u00e9g\u00e8re. Rincer abondamment.[CONSEILS DE PRO] : Pour les pellicules grasses, faites un pr\u00e9-shampooing avec Scalp Advanced Shampooing &amp; masque 2-en-1 purifiant profond pour cuirs chevelus gras, afin d&rsquo;exfolier les pellicules en douceur (d\u00e9congestion suppl\u00e9mentaire).<\/div>\n<\/div>\n<div class=\"tab js-tab\">\n<h3 class=\"tab-title pdp-tabs_title js-tab-mobile-title\"><span>Mode d&#8217;emploi<\/span><\/h3>\n<div class=\"tab-description pdp-tabs_description js-tab-description\">Appliquez uniform\u00e9ment sur le cuir chevelu et les cheveux mouill\u00e9s. Faites mousser d\u00e9licatement du bout des doigts et sans trop masser (pour ne pas activer excessivement les glandes s\u00e9bac\u00e9es). Rincer abondamment.<\/div>\n<\/div>\n<div class=\"tab js-tab\">\n<h3 class=\"tab-title pdp-tabs_title js-tab-mobile-title\"><span>Ingr\u00e9dients<\/span><\/h3>\n<div class=\"tab-description pdp-tabs_description js-tab-description\">AQUA \/ WATER \u2022 SODIUM LAURETH SULFATE \u2022 COCO-BETAINE \u2022 GLYCOL DISTEARATE \u2022 GLYCERIN \u2022 SODIUM CHLORIDE \u2022 PPG-5-CETETH-20 \u2022 CITRIC ACID \u2022 SODIUM BENZOATE \u2022 SODIUM HYDROXIDE \u2022 PIROCTONE OLAMINE \u2022 OCTYLDODECANOL \u2022 SALICYLIC ACID \u2022 GUAR HYDROXYPROPYLTRIMONIUM CHLORIDE \u2022 CARBOMER \u2022 PEG-55 PROPYLENE GLYCOL OLEATE \u2022 PROPYLENE GLYCOL \u2022 MENTHOXYPROPANEDIOL \u2022 LINALOOL \u2022 LIMONENE \u2022 BENZYL ALCOHOL \u2022 FUMARIC ACID \u2022 CI 42090 \/ BLUE 1 \u2022 PARFUM \/ FRAGRANCE<\/div>\n<\/div>\n<div class=\"tab js-tab\">\n<h3 class=\"tab-title pdp-tabs_title js-tab-mobile-title\"><span>Livraison et stock<\/span><\/h3>\n<div class=\"tab-description pdp-tabs_description js-tab-description\">\n<div class=\"pdp-delivery_info\">\n<div class=\"content-asset\">Livraison et d\u00e9laisRetours et remboursements<\/div>\n<\/div>\n<\/div>\n<\/div>\n<div class=\"tab js-tab\">\n<h3 class=\"tab-title pdp-tabs_title js-tab-mobile-title\"><span>Pr\u00e9cautions d&#8217;emploi<\/span><\/h3>\n<div class=\"tab-description pdp-tabs_description js-tab-description\">En cas de contact avec les yeux, rincer imm\u00e9diatement et abondamment.<\/div>\n<\/div>\n<\/div>\n<\/div>\n<\/div>\n","protected":false},"excerpt":{"rendered":"<p>Points cl\u00e9s Clarifie en douceur et \u00e9limine efficacement les pellicules s\u00e8ches et grassesPour cuirs chevelus&hellip;<\/p>\n","protected":false},"featured_media":40429,"comment_status":"open","ping_status":"closed","template":"","meta":[],"pwb-brand":[649],"product_cat":[572],"product_tag":[325,127],"class_list":{"0":"post-40433","1":"product","2":"type-product","3":"status-publish","4":"has-post-thumbnail","6":"pwb-brand-loreal-professionnel","7":"product_cat-shampooing-et-coiffure","8":"product_tag-loreal-professionnel","9":"product_tag-shampooing-et-coiffure","11":"first","12":"instock","13":"taxable","14":"shipping-taxable","15":"purchasable","16":"product-type-simple","17":"layout-style-3","18":"col-md-4 col-sm-4 col-xs-6","19":"col-lg-3","20":"product-has-gallery","21":"product-style-default"},"aioseo_notices":[],"brands":[{"id":649,"name":"L'Or\u00e9al Professionnel","slug":"loreal-professionnel"}],"_links":{"self":[{"href":"https:\/\/cheveuxluxe.com\/index.php\/wp-json\/wp\/v2\/product\/40433","targetHints":{"allow":["GET"]}}],"collection":[{"href":"https:\/\/cheveuxluxe.com\/index.php\/wp-json\/wp\/v2\/product"}],"about":[{"href":"https:\/\/cheveuxluxe.com\/index.php\/wp-json\/wp\/v2\/types\/product"}],"replies":[{"embeddable":true,"href":"https:\/\/cheveuxluxe.com\/index.php\/wp-json\/wp\/v2\/comments?post=40433"}],"version-history":[{"count":0,"href":"https:\/\/cheveuxluxe.com\/index.php\/wp-json\/wp\/v2\/product\/40433\/revisions"}],"wp:featuredmedia":[{"embeddable":true,"href":"https:\/\/cheveuxluxe.com\/index.php\/wp-json\/wp\/v2\/media\/40429"}],"wp:attachment":[{"href":"https:\/\/cheveuxluxe.com\/index.php\/wp-json\/wp\/v2\/media?parent=40433"}],"wp:term":[{"taxonomy":"pwb-brand","embeddable":true,"href":"https:\/\/cheveuxluxe.com\/index.php\/wp-json\/wp\/v2\/pwb-brand?post=40433"},{"taxonomy":"product_cat","embeddable":true,"href":"https:\/\/cheveuxluxe.com\/index.php\/wp-json\/wp\/v2\/product_cat?post=40433"},{"taxonomy":"product_tag","embeddable":true,"href":"https:\/\/cheveuxluxe.com\/index.php\/wp-json\/wp\/v2\/product_tag?post=40433"}],"curies":[{"name":"wp","href":"https:\/\/api.w.org\/{rel}","templated":true}]}}